{"id":3975,"date":"2024-11-21T00:49:17","date_gmt":"2024-11-21T00:49:17","guid":{"rendered":"https:\/\/astcartech.com\/?post_type=product&#038;p=3975"},"modified":"2024-11-21T00:49:17","modified_gmt":"2024-11-21T00:49:17","slug":"placa-asrock-b660m-pro-rs-lga-1700-ddr4-4800mhz-oc-m-2-pcie-gen4-x4-1-pcie-4-0","status":"publish","type":"product","link":"https:\/\/astcartech.com\/en\/product\/placa-asrock-b660m-pro-rs-lga-1700-ddr4-4800mhz-oc-m-2-pcie-gen4-x4-1-pcie-4-0\/","title":{"rendered":"PLACA ASROCK B660M PRO RS, LGA 1700, DDR4 4800MHZ (OC), M.2 (PCIE GEN4 X4), 1 PCIE 4.0."},"content":{"rendered":"<ul>\n<li>Procesadores Intel\u00ae Core\u2122 Soporta de 14\u00aa, 13\u00aa y 12\u00aa generaci\u00f3n (LGA1700)<\/li>\n<li>Dise\u00f1o de alimentaci\u00f3n de 8 fases<\/li>\n<li>4 x DIMM DDR4<\/li>\n<li>Soporta de doble canal, hasta 5333+ (OC)<\/li>\n<li>1 PCIe 4.0 x16, 1 PCIe 3.0 x16, 1 PCIe 3.0 x1<\/li>\n<li>1 M.2 Key-E Para el WiFi<\/li>\n<li>Opciones de salida gr\u00e1ficos: HDMI, DisplayPort<\/li>\n<li>Realtek ALC897 Audio 7.1 canales HD Codec, Nahimic Audio<\/li>\n<li>4 SATA3<\/li>\n<li>1 Hyper M.2 (PCIe Gen4 x4)<\/li>\n<li>1 Ultra M.2 (PCIe Gen3 x4 y SATA3)<\/li>\n<li>7 USB 3.2 Gen1 (4 traseros, 2 frontales, 1 frontal Tipo-C)<\/li>\n<li>6 USB 2.0 (2 traseros, 4 frontales)<\/li>\n<li>LAN Gigabit de Intel\u00ae<\/li>\n<\/ul>","protected":false},"excerpt":{"rendered":"<p>Procesadores Intel\u00ae Core\u2122 Soporta de 14\u00aa, 13\u00aa y 12\u00aa generaci\u00f3n (LGA1700) Dise\u00f1o de alimentaci\u00f3n de 8 fases 4 x DIMM DDR4 Soporta de doble canal, hasta 5333+ (OC) 1 PCIe 4.0 x16, 1 PCIe 3.0 x16, 1 PCIe 3.0 x1 1 M.2 Key-E Para el WiFi Opciones de salida gr\u00e1ficos: HDMI, DisplayPort Realtek ALC897 Audio [&hellip;]<\/p>","protected":false},"featured_media":3982,"comment_status":"open","ping_status":"closed","template":"","meta":[],"product_cat":[77],"product_tag":[],"class_list":{"0":"post-3975","1":"product","2":"type-product","3":"status-publish","4":"has-post-thumbnail","6":"product_cat-motherboards","8":"first","9":"instock","10":"shipping-taxable","11":"purchasable","12":"product-type-simple"},"yoast_head":"<!-- This site is optimized with the Yoast SEO Premium plugin v26.3 (Yoast SEO v26.3) - https:\/\/yoast.com\/wordpress\/plugins\/seo\/ -->\n<title>PLACA ASROCK B660M PRO RS, LGA 1700, DDR4 4800MHZ (OC), M.2 (PCIE GEN4 X4), 1 PCIE 4.0. - ASTCAR TECH<\/title>\n<meta name=\"robots\" content=\"index, follow, max-snippet:-1, max-image-preview:large, max-video-preview:-1\" \/>\n<link rel=\"canonical\" href=\"https:\/\/astcartech.com\/en\/product\/placa-asrock-b660m-pro-rs-lga-1700-ddr4-4800mhz-oc-m-2-pcie-gen4-x4-1-pcie-4-0\/\" \/>\n<meta property=\"og:locale\" content=\"en_US\" \/>\n<meta property=\"og:type\" content=\"article\" \/>\n<meta property=\"og:title\" content=\"PLACA ASROCK B660M PRO RS, LGA 1700, DDR4 4800MHZ (OC), M.2 (PCIE GEN4 X4), 1 PCIE 4.0.\" \/>\n<meta property=\"og:description\" content=\"Procesadores Intel\u00ae Core\u2122 Soporta de 14\u00aa, 13\u00aa y 12\u00aa generaci\u00f3n (LGA1700) Dise\u00f1o de alimentaci\u00f3n de 8 fases 4 x DIMM DDR4 Soporta de doble canal, hasta 5333+ (OC) 1 PCIe 4.0 x16, 1 PCIe 3.0 x16, 1 PCIe 3.0 x1 1 M.2 Key-E Para el WiFi Opciones de salida gr\u00e1ficos: HDMI, DisplayPort Realtek ALC897 Audio [&hellip;]\" \/>\n<meta property=\"og:url\" content=\"https:\/\/astcartech.com\/en\/product\/placa-asrock-b660m-pro-rs-lga-1700-ddr4-4800mhz-oc-m-2-pcie-gen4-x4-1-pcie-4-0\/\" \/>\n<meta property=\"og:site_name\" content=\"ASTCAR TECH\" \/>\n<meta property=\"article:publisher\" content=\"https:\/\/www.facebook.com\/AstCarTech\" \/>\n<meta property=\"og:image\" content=\"https:\/\/astcartech.com\/wp-content\/uploads\/2024\/11\/26-2.png\" \/>\n\t<meta property=\"og:image:width\" content=\"1024\" \/>\n\t<meta property=\"og:image:height\" content=\"853\" \/>\n\t<meta property=\"og:image:type\" content=\"image\/png\" \/>\n<meta name=\"twitter:card\" content=\"summary_large_image\" \/>\n<script type=\"application\/ld+json\" class=\"yoast-schema-graph\">{\"@context\":\"https:\/\/schema.org\",\"@graph\":[{\"@type\":\"WebPage\",\"@id\":\"https:\/\/astcartech.com\/product\/placa-asrock-b660m-pro-rs-lga-1700-ddr4-4800mhz-oc-m-2-pcie-gen4-x4-1-pcie-4-0\/\",\"url\":\"https:\/\/astcartech.com\/product\/placa-asrock-b660m-pro-rs-lga-1700-ddr4-4800mhz-oc-m-2-pcie-gen4-x4-1-pcie-4-0\/\",\"name\":\"PLACA ASROCK B660M PRO RS, LGA 1700, DDR4 4800MHZ (OC), M.2 (PCIE GEN4 X4), 1 PCIE 4.0. - ASTCAR TECH\",\"isPartOf\":{\"@id\":\"https:\/\/astcartech.com\/#website\"},\"primaryImageOfPage\":{\"@id\":\"https:\/\/astcartech.com\/product\/placa-asrock-b660m-pro-rs-lga-1700-ddr4-4800mhz-oc-m-2-pcie-gen4-x4-1-pcie-4-0\/#primaryimage\"},\"image\":{\"@id\":\"https:\/\/astcartech.com\/product\/placa-asrock-b660m-pro-rs-lga-1700-ddr4-4800mhz-oc-m-2-pcie-gen4-x4-1-pcie-4-0\/#primaryimage\"},\"thumbnailUrl\":\"https:\/\/astcartech.com\/wp-content\/uploads\/2024\/11\/26-2.png\",\"datePublished\":\"2024-11-21T00:49:17+00:00\",\"breadcrumb\":{\"@id\":\"https:\/\/astcartech.com\/product\/placa-asrock-b660m-pro-rs-lga-1700-ddr4-4800mhz-oc-m-2-pcie-gen4-x4-1-pcie-4-0\/#breadcrumb\"},\"inLanguage\":\"en-US\",\"potentialAction\":[{\"@type\":\"ReadAction\",\"target\":[\"https:\/\/astcartech.com\/product\/placa-asrock-b660m-pro-rs-lga-1700-ddr4-4800mhz-oc-m-2-pcie-gen4-x4-1-pcie-4-0\/\"]}]},{\"@type\":\"ImageObject\",\"inLanguage\":\"en-US\",\"@id\":\"https:\/\/astcartech.com\/product\/placa-asrock-b660m-pro-rs-lga-1700-ddr4-4800mhz-oc-m-2-pcie-gen4-x4-1-pcie-4-0\/#primaryimage\",\"url\":\"https:\/\/astcartech.com\/wp-content\/uploads\/2024\/11\/26-2.png\",\"contentUrl\":\"https:\/\/astcartech.com\/wp-content\/uploads\/2024\/11\/26-2.png\",\"width\":1024,\"height\":853},{\"@type\":\"BreadcrumbList\",\"@id\":\"https:\/\/astcartech.com\/product\/placa-asrock-b660m-pro-rs-lga-1700-ddr4-4800mhz-oc-m-2-pcie-gen4-x4-1-pcie-4-0\/#breadcrumb\",\"itemListElement\":[{\"@type\":\"ListItem\",\"position\":1,\"name\":\"Portada\",\"item\":\"https:\/\/astcartech.com\/\"},{\"@type\":\"ListItem\",\"position\":2,\"name\":\"Tienda\",\"item\":\"https:\/\/astcartech.com\/tienda\/\"},{\"@type\":\"ListItem\",\"position\":3,\"name\":\"PLACA ASROCK B660M PRO RS, LGA 1700, DDR4 4800MHZ (OC), M.2 (PCIE GEN4 X4), 1 PCIE 4.0.\"}]},{\"@type\":\"WebSite\",\"@id\":\"https:\/\/astcartech.com\/#website\",\"url\":\"https:\/\/astcartech.com\/\",\"name\":\"Astcar Tech\",\"description\":\"Suministros y Tecnologia\",\"publisher\":{\"@id\":\"https:\/\/astcartech.com\/#organization\"},\"alternateName\":\"astcar technology\",\"potentialAction\":[{\"@type\":\"SearchAction\",\"target\":{\"@type\":\"EntryPoint\",\"urlTemplate\":\"https:\/\/astcartech.com\/?s={search_term_string}\"},\"query-input\":{\"@type\":\"PropertyValueSpecification\",\"valueRequired\":true,\"valueName\":\"search_term_string\"}}],\"inLanguage\":\"en-US\"},{\"@type\":\"Organization\",\"@id\":\"https:\/\/astcartech.com\/#organization\",\"name\":\"Astcar Tech\",\"alternateName\":\"Astcar Tech\",\"url\":\"https:\/\/astcartech.com\/\",\"logo\":{\"@type\":\"ImageObject\",\"inLanguage\":\"en-US\",\"@id\":\"https:\/\/astcartech.com\/#\/schema\/logo\/image\/\",\"url\":\"https:\/\/astcartech.com\/wp-content\/uploads\/2024\/11\/logo-Astcar-Tech-new_Mesa-de-trabajo-1.png\",\"contentUrl\":\"https:\/\/astcartech.com\/wp-content\/uploads\/2024\/11\/logo-Astcar-Tech-new_Mesa-de-trabajo-1.png\",\"width\":5162,\"height\":2920,\"caption\":\"Astcar Tech\"},\"image\":{\"@id\":\"https:\/\/astcartech.com\/#\/schema\/logo\/image\/\"},\"sameAs\":[\"https:\/\/www.facebook.com\/AstCarTech\",\"https:\/\/www.instagram.com\/astcartech\",\"https:\/\/www.tiktok.com\/@astcartech\"],\"publishingPrinciples\":\"https:\/\/astcartech.com\/tienda\/\",\"ownershipFundingInfo\":\"https:\/\/astcartech.com\/nosotros\/\",\"actionableFeedbackPolicy\":\"https:\/\/astcartech.com\/politica-de-privacidad\/\",\"correctionsPolicy\":\"https:\/\/astcartech.com\/politica-de-privacidad\/\",\"ethicsPolicy\":\"https:\/\/astcartech.com\/politica-de-privacidad\/\",\"diversityPolicy\":\"https:\/\/astcartech.com\/politica-de-privacidad\/\",\"diversityStaffingReport\":\"https:\/\/astcartech.com\/politica-de-privacidad\/\"}]}<\/script>\n<!-- \/ Yoast SEO Premium plugin. -->","yoast_head_json":{"title":"PLACA ASROCK B660M PRO RS, LGA 1700, DDR4 4800MHZ (OC), M.2 (PCIE GEN4 X4), 1 PCIE 4.0. - ASTCAR TECH","robots":{"index":"index","follow":"follow","max-snippet":"max-snippet:-1","max-image-preview":"max-image-preview:large","max-video-preview":"max-video-preview:-1"},"canonical":"https:\/\/astcartech.com\/en\/product\/placa-asrock-b660m-pro-rs-lga-1700-ddr4-4800mhz-oc-m-2-pcie-gen4-x4-1-pcie-4-0\/","og_locale":"en_US","og_type":"article","og_title":"PLACA ASROCK B660M PRO RS, LGA 1700, DDR4 4800MHZ (OC), M.2 (PCIE GEN4 X4), 1 PCIE 4.0.","og_description":"Procesadores Intel\u00ae Core\u2122 Soporta de 14\u00aa, 13\u00aa y 12\u00aa generaci\u00f3n (LGA1700) Dise\u00f1o de alimentaci\u00f3n de 8 fases 4 x DIMM DDR4 Soporta de doble canal, hasta 5333+ (OC) 1 PCIe 4.0 x16, 1 PCIe 3.0 x16, 1 PCIe 3.0 x1 1 M.2 Key-E Para el WiFi Opciones de salida gr\u00e1ficos: HDMI, DisplayPort Realtek ALC897 Audio [&hellip;]","og_url":"https:\/\/astcartech.com\/en\/product\/placa-asrock-b660m-pro-rs-lga-1700-ddr4-4800mhz-oc-m-2-pcie-gen4-x4-1-pcie-4-0\/","og_site_name":"ASTCAR TECH","article_publisher":"https:\/\/www.facebook.com\/AstCarTech","og_image":[{"width":1024,"height":853,"url":"https:\/\/astcartech.com\/wp-content\/uploads\/2024\/11\/26-2.png","type":"image\/png"}],"twitter_card":"summary_large_image","schema":{"@context":"https:\/\/schema.org","@graph":[{"@type":"WebPage","@id":"https:\/\/astcartech.com\/product\/placa-asrock-b660m-pro-rs-lga-1700-ddr4-4800mhz-oc-m-2-pcie-gen4-x4-1-pcie-4-0\/","url":"https:\/\/astcartech.com\/product\/placa-asrock-b660m-pro-rs-lga-1700-ddr4-4800mhz-oc-m-2-pcie-gen4-x4-1-pcie-4-0\/","name":"PLACA ASROCK B660M PRO RS, LGA 1700, DDR4 4800MHZ (OC), M.2 (PCIE GEN4 X4), 1 PCIE 4.0. - ASTCAR TECH","isPartOf":{"@id":"https:\/\/astcartech.com\/#website"},"primaryImageOfPage":{"@id":"https:\/\/astcartech.com\/product\/placa-asrock-b660m-pro-rs-lga-1700-ddr4-4800mhz-oc-m-2-pcie-gen4-x4-1-pcie-4-0\/#primaryimage"},"image":{"@id":"https:\/\/astcartech.com\/product\/placa-asrock-b660m-pro-rs-lga-1700-ddr4-4800mhz-oc-m-2-pcie-gen4-x4-1-pcie-4-0\/#primaryimage"},"thumbnailUrl":"https:\/\/astcartech.com\/wp-content\/uploads\/2024\/11\/26-2.png","datePublished":"2024-11-21T00:49:17+00:00","breadcrumb":{"@id":"https:\/\/astcartech.com\/product\/placa-asrock-b660m-pro-rs-lga-1700-ddr4-4800mhz-oc-m-2-pcie-gen4-x4-1-pcie-4-0\/#breadcrumb"},"inLanguage":"en-US","potentialAction":[{"@type":"ReadAction","target":["https:\/\/astcartech.com\/product\/placa-asrock-b660m-pro-rs-lga-1700-ddr4-4800mhz-oc-m-2-pcie-gen4-x4-1-pcie-4-0\/"]}]},{"@type":"ImageObject","inLanguage":"en-US","@id":"https:\/\/astcartech.com\/product\/placa-asrock-b660m-pro-rs-lga-1700-ddr4-4800mhz-oc-m-2-pcie-gen4-x4-1-pcie-4-0\/#primaryimage","url":"https:\/\/astcartech.com\/wp-content\/uploads\/2024\/11\/26-2.png","contentUrl":"https:\/\/astcartech.com\/wp-content\/uploads\/2024\/11\/26-2.png","width":1024,"height":853},{"@type":"BreadcrumbList","@id":"https:\/\/astcartech.com\/product\/placa-asrock-b660m-pro-rs-lga-1700-ddr4-4800mhz-oc-m-2-pcie-gen4-x4-1-pcie-4-0\/#breadcrumb","itemListElement":[{"@type":"ListItem","position":1,"name":"Portada","item":"https:\/\/astcartech.com\/"},{"@type":"ListItem","position":2,"name":"Tienda","item":"https:\/\/astcartech.com\/tienda\/"},{"@type":"ListItem","position":3,"name":"PLACA ASROCK B660M PRO RS, LGA 1700, DDR4 4800MHZ (OC), M.2 (PCIE GEN4 X4), 1 PCIE 4.0."}]},{"@type":"WebSite","@id":"https:\/\/astcartech.com\/#website","url":"https:\/\/astcartech.com\/","name":"Astcar Tech","description":"Suministros y Tecnologia","publisher":{"@id":"https:\/\/astcartech.com\/#organization"},"alternateName":"astcar technology","potentialAction":[{"@type":"SearchAction","target":{"@type":"EntryPoint","urlTemplate":"https:\/\/astcartech.com\/?s={search_term_string}"},"query-input":{"@type":"PropertyValueSpecification","valueRequired":true,"valueName":"search_term_string"}}],"inLanguage":"en-US"},{"@type":"Organization","@id":"https:\/\/astcartech.com\/#organization","name":"Astcar Tech","alternateName":"Astcar Tech","url":"https:\/\/astcartech.com\/","logo":{"@type":"ImageObject","inLanguage":"en-US","@id":"https:\/\/astcartech.com\/#\/schema\/logo\/image\/","url":"https:\/\/astcartech.com\/wp-content\/uploads\/2024\/11\/logo-Astcar-Tech-new_Mesa-de-trabajo-1.png","contentUrl":"https:\/\/astcartech.com\/wp-content\/uploads\/2024\/11\/logo-Astcar-Tech-new_Mesa-de-trabajo-1.png","width":5162,"height":2920,"caption":"Astcar Tech"},"image":{"@id":"https:\/\/astcartech.com\/#\/schema\/logo\/image\/"},"sameAs":["https:\/\/www.facebook.com\/AstCarTech","https:\/\/www.instagram.com\/astcartech","https:\/\/www.tiktok.com\/@astcartech"],"publishingPrinciples":"https:\/\/astcartech.com\/tienda\/","ownershipFundingInfo":"https:\/\/astcartech.com\/nosotros\/","actionableFeedbackPolicy":"https:\/\/astcartech.com\/politica-de-privacidad\/","correctionsPolicy":"https:\/\/astcartech.com\/politica-de-privacidad\/","ethicsPolicy":"https:\/\/astcartech.com\/politica-de-privacidad\/","diversityPolicy":"https:\/\/astcartech.com\/politica-de-privacidad\/","diversityStaffingReport":"https:\/\/astcartech.com\/politica-de-privacidad\/"}]}},"_links":{"self":[{"href":"https:\/\/astcartech.com\/en\/wp-json\/wp\/v2\/product\/3975","targetHints":{"allow":["GET"]}}],"collection":[{"href":"https:\/\/astcartech.com\/en\/wp-json\/wp\/v2\/product"}],"about":[{"href":"https:\/\/astcartech.com\/en\/wp-json\/wp\/v2\/types\/product"}],"replies":[{"embeddable":true,"href":"https:\/\/astcartech.com\/en\/wp-json\/wp\/v2\/comments?post=3975"}],"wp:featuredmedia":[{"embeddable":true,"href":"https:\/\/astcartech.com\/en\/wp-json\/wp\/v2\/media\/3982"}],"wp:attachment":[{"href":"https:\/\/astcartech.com\/en\/wp-json\/wp\/v2\/media?parent=3975"}],"wp:term":[{"taxonomy":"product_cat","embeddable":true,"href":"https:\/\/astcartech.com\/en\/wp-json\/wp\/v2\/product_cat?post=3975"},{"taxonomy":"product_tag","embeddable":true,"href":"https:\/\/astcartech.com\/en\/wp-json\/wp\/v2\/product_tag?post=3975"}],"curies":[{"name":"wp","href":"https:\/\/api.w.org\/{rel}","templated":true}]}}