{"id":4034,"date":"2024-11-21T18:37:56","date_gmt":"2024-11-21T18:37:56","guid":{"rendered":"https:\/\/astcartech.com\/?post_type=product&#038;p=4034"},"modified":"2024-11-21T19:27:59","modified_gmt":"2024-11-21T19:27:59","slug":"proyector-powerlite-118-3lcd-xga-hdmi-x2-vga-x2-lan-rj-45-usb","status":"publish","type":"product","link":"https:\/\/astcartech.com\/en\/product\/proyector-powerlite-118-3lcd-xga-hdmi-x2-vga-x2-lan-rj-45-usb\/","title":{"rendered":"Proyector PowerLite 118 3LCD XGA, HDMI x2, VGA x2, LAN (RJ-45), USB"},"content":{"rendered":"<table border=\"1\" width=\"100%\" cellspacing=\"1\" cellpadding=\"1\">\n<tbody>\n<tr>\n<td rowspan=\"1\">MARCA<\/td>\n<td colspan=\"2\" height=\"21\">EPSON<\/td>\n<\/tr>\n<tr>\n<td rowspan=\"1\">MODELO<\/td>\n<td colspan=\"2\" rowspan=\"1\" height=\"21\">POWERLITE 118<\/td>\n<\/tr>\n<tr>\n<td rowspan=\"1\">NUMERO DE PARTE<\/td>\n<td colspan=\"2\" rowspan=\"1\" height=\"21\">V11HA03020<\/td>\n<\/tr>\n<tr>\n<td rowspan=\"19\">CARACTERISTICAS<\/td>\n<td colspan=\"2\" rowspan=\"1\" height=\"21\">SISTEMA DE PROYECCI\u00d3N: TECNOLOG\u00cdA EPSON 3LCD DE 3 CHIPS<\/td>\n<\/tr>\n<tr>\n<td colspan=\"2\" rowspan=\"1\" height=\"21\">MODO DE PROYECCI\u00d3N: FRONTAL\/TRASERA\/MONTAJE TECHO<\/td>\n<\/tr>\n<tr>\n<td colspan=\"2\" rowspan=\"1\" height=\"21\">M\u00c9TODO DE PROYECCI\u00d3N: POLY-SILICON TFT ACTIVE MATRIX<\/td>\n<\/tr>\n<tr>\n<td colspan=\"2\" rowspan=\"1\" height=\"21\">N\u00daMERO DE PIXELES: 786.432 PIXELES (1.024 px x 768 px) x 3<\/td>\n<\/tr>\n<tr>\n<td colspan=\"2\" rowspan=\"1\" height=\"21\">RESOLUCI\u00d3N NATIVA: XGA<\/td>\n<\/tr>\n<tr>\n<td colspan=\"2\" rowspan=\"1\" height=\"21\">RELACI\u00d3N DE ASPECTO: 4:3<\/td>\n<\/tr>\n<tr>\n<td colspan=\"2\" rowspan=\"1\" height=\"21\">LUMINOSIDAD (BLANCO\/COLOR): 3.800 L\u00daMENES<\/td>\n<\/tr>\n<tr>\n<td colspan=\"2\" rowspan=\"1\" height=\"21\">RELACI\u00d3N DE CONTRASTE: HASTA 16.000:1<\/td>\n<\/tr>\n<tr>\n<td colspan=\"2\" rowspan=\"1\" height=\"21\">PARLANTE: MONOAURAL: 16W X 1<\/td>\n<\/tr>\n<tr>\n<td colspan=\"2\" rowspan=\"1\" height=\"21\">LENTE DE PROYECCI\u00d3N:<\/td>\n<\/tr>\n<tr>\n<td colspan=\"2\" rowspan=\"1\" height=\"21\">TIPO: OPTICAL ZOOM (MANUAL) \/ FOCUS (MANUAL)<\/td>\n<\/tr>\n<tr>\n<td colspan=\"2\" rowspan=\"1\" height=\"21\">TAMA\u00d1O DE LA IMAGEN: 30&#8243; A 300&#8243; (0,89 M &#8211; 10,95 M)<\/td>\n<\/tr>\n<tr>\n<td colspan=\"2\" rowspan=\"1\" height=\"21\">DISTANCIA (DE PROYECCI\u00d3N PARA IMAGEN EST\u00c1NDAR 60&#8243;): 1,8 M &#8211; 2,17 M<\/td>\n<\/tr>\n<tr>\n<td colspan=\"2\" rowspan=\"1\" height=\"21\">CONECTIVIDAD DEL VIDEOPROYECTOR:<\/td>\n<\/tr>\n<tr>\n<td colspan=\"2\" rowspan=\"1\" height=\"21\">ENTRADA COMPUTADORA: x 2 D-SUB 15-PIN \/ 1 x RCA VIDEO IN: AMARILLO x 1 \/ HDMI x 2 \/ SALIDA COMPUTADORA: x 1 D-SUB 15-PIN \/ AUDIO ENTRADA RCA: X 2 RCA (BLANCO X 1, ROJO X 1) \/ STEREO MINI &#8211; ENTRADA X 2 \/ STEREO MINI &#8211; SALIDA X 1 \/ ENTRADA MICR\u00d3FONO X 1 \/ RS-232C X 1 \/ USB TIPO A (PARA M\u00d3DULO INAL\u00c1MBRICO) X 1 \/ USB TIPO B (PARA ACTUALIZACI\u00d3N FIRMWARE) X 1 \/ RJ45 X 1<\/td>\n<\/tr>\n<tr>\n<td colspan=\"2\" rowspan=\"1\" height=\"21\">VOLTAJE DE LA FUENTE DE PODER: 100V &#8211; 240V AC +\/- 10%, 50\/60 HZ<\/td>\n<\/tr>\n<tr>\n<td colspan=\"2\" rowspan=\"1\" height=\"21\">TIPO DE FUENTE DE ILUMINACI\u00d3N: L\u00c1MPARA 210 W UHE<\/td>\n<\/tr>\n<tr>\n<td colspan=\"2\" rowspan=\"1\" height=\"21\">DIMENSIONES: 302 mm X 87 mm X 249 mm (ANCHO X ALTO X PROFUNDIDAD)<\/td>\n<\/tr>\n<tr>\n<td colspan=\"2\" rowspan=\"1\" height=\"21\">PESO: 2.8kg<\/td>\n<\/tr>\n<\/tbody>\n<\/table>","protected":false},"excerpt":{"rendered":"<p>MARCA EPSON MODELO POWERLITE 118 NUMERO DE PARTE V11HA03020 CARACTERISTICAS SISTEMA DE PROYECCI\u00d3N: TECNOLOG\u00cdA EPSON 3LCD DE 3 CHIPS MODO DE PROYECCI\u00d3N: FRONTAL\/TRASERA\/MONTAJE TECHO M\u00c9TODO DE PROYECCI\u00d3N: POLY-SILICON TFT ACTIVE MATRIX N\u00daMERO DE PIXELES: 786.432 PIXELES (1.024 px x 768 px) x 3 RESOLUCI\u00d3N NATIVA: XGA RELACI\u00d3N DE ASPECTO: 4:3 LUMINOSIDAD (BLANCO\/COLOR): 3.800 L\u00daMENES RELACI\u00d3N [&hellip;]<\/p>","protected":false},"featured_media":4036,"comment_status":"open","ping_status":"closed","template":"","meta":[],"product_cat":[78],"product_tag":[],"class_list":{"0":"post-4034","1":"product","2":"type-product","3":"status-publish","4":"has-post-thumbnail","6":"product_cat-proyector","8":"first","9":"instock","10":"shipping-taxable","11":"purchasable","12":"product-type-simple"},"yoast_head":"<!-- This site is optimized with the Yoast SEO Premium plugin v26.3 (Yoast SEO v26.3) - https:\/\/yoast.com\/wordpress\/plugins\/seo\/ -->\n<title>Proyector PowerLite 118 3LCD XGA, HDMI x2, VGA x2, LAN (RJ-45), USB - ASTCAR TECH<\/title>\n<meta name=\"robots\" content=\"index, follow, max-snippet:-1, max-image-preview:large, max-video-preview:-1\" \/>\n<link rel=\"canonical\" href=\"https:\/\/astcartech.com\/en\/product\/proyector-powerlite-118-3lcd-xga-hdmi-x2-vga-x2-lan-rj-45-usb\/\" \/>\n<meta property=\"og:locale\" content=\"en_US\" \/>\n<meta property=\"og:type\" content=\"article\" \/>\n<meta property=\"og:title\" content=\"Proyector PowerLite 118 3LCD XGA, HDMI x2, VGA x2, LAN (RJ-45), USB\" \/>\n<meta property=\"og:description\" content=\"MARCA EPSON MODELO POWERLITE 118 NUMERO DE PARTE V11HA03020 CARACTERISTICAS SISTEMA DE PROYECCI\u00d3N: TECNOLOG\u00cdA EPSON 3LCD DE 3 CHIPS MODO DE PROYECCI\u00d3N: FRONTAL\/TRASERA\/MONTAJE TECHO M\u00c9TODO DE PROYECCI\u00d3N: POLY-SILICON TFT ACTIVE MATRIX N\u00daMERO DE PIXELES: 786.432 PIXELES (1.024 px x 768 px) x 3 RESOLUCI\u00d3N NATIVA: XGA RELACI\u00d3N DE ASPECTO: 4:3 LUMINOSIDAD (BLANCO\/COLOR): 3.800 L\u00daMENES RELACI\u00d3N [&hellip;]\" \/>\n<meta property=\"og:url\" content=\"https:\/\/astcartech.com\/en\/product\/proyector-powerlite-118-3lcd-xga-hdmi-x2-vga-x2-lan-rj-45-usb\/\" \/>\n<meta property=\"og:site_name\" content=\"ASTCAR TECH\" \/>\n<meta property=\"article:publisher\" content=\"https:\/\/www.facebook.com\/AstCarTech\" \/>\n<meta property=\"article:modified_time\" content=\"2024-11-21T19:27:59+00:00\" \/>\n<meta property=\"og:image\" content=\"https:\/\/astcartech.com\/wp-content\/uploads\/2024\/11\/38.jpg\" \/>\n\t<meta property=\"og:image:width\" content=\"800\" \/>\n\t<meta property=\"og:image:height\" content=\"800\" \/>\n\t<meta property=\"og:image:type\" content=\"image\/jpeg\" \/>\n<meta name=\"twitter:card\" content=\"summary_large_image\" \/>\n<meta name=\"twitter:label1\" content=\"Est. reading time\" \/>\n\t<meta name=\"twitter:data1\" content=\"1 minute\" \/>\n<script type=\"application\/ld+json\" class=\"yoast-schema-graph\">{\"@context\":\"https:\/\/schema.org\",\"@graph\":[{\"@type\":\"WebPage\",\"@id\":\"https:\/\/astcartech.com\/product\/proyector-powerlite-118-3lcd-xga-hdmi-x2-vga-x2-lan-rj-45-usb\/\",\"url\":\"https:\/\/astcartech.com\/product\/proyector-powerlite-118-3lcd-xga-hdmi-x2-vga-x2-lan-rj-45-usb\/\",\"name\":\"Proyector PowerLite 118 3LCD XGA, HDMI x2, VGA x2, LAN (RJ-45), USB - ASTCAR TECH\",\"isPartOf\":{\"@id\":\"https:\/\/astcartech.com\/#website\"},\"primaryImageOfPage\":{\"@id\":\"https:\/\/astcartech.com\/product\/proyector-powerlite-118-3lcd-xga-hdmi-x2-vga-x2-lan-rj-45-usb\/#primaryimage\"},\"image\":{\"@id\":\"https:\/\/astcartech.com\/product\/proyector-powerlite-118-3lcd-xga-hdmi-x2-vga-x2-lan-rj-45-usb\/#primaryimage\"},\"thumbnailUrl\":\"https:\/\/astcartech.com\/wp-content\/uploads\/2024\/11\/38.jpg\",\"datePublished\":\"2024-11-21T18:37:56+00:00\",\"dateModified\":\"2024-11-21T19:27:59+00:00\",\"breadcrumb\":{\"@id\":\"https:\/\/astcartech.com\/product\/proyector-powerlite-118-3lcd-xga-hdmi-x2-vga-x2-lan-rj-45-usb\/#breadcrumb\"},\"inLanguage\":\"en-US\",\"potentialAction\":[{\"@type\":\"ReadAction\",\"target\":[\"https:\/\/astcartech.com\/product\/proyector-powerlite-118-3lcd-xga-hdmi-x2-vga-x2-lan-rj-45-usb\/\"]}]},{\"@type\":\"ImageObject\",\"inLanguage\":\"en-US\",\"@id\":\"https:\/\/astcartech.com\/product\/proyector-powerlite-118-3lcd-xga-hdmi-x2-vga-x2-lan-rj-45-usb\/#primaryimage\",\"url\":\"https:\/\/astcartech.com\/wp-content\/uploads\/2024\/11\/38.jpg\",\"contentUrl\":\"https:\/\/astcartech.com\/wp-content\/uploads\/2024\/11\/38.jpg\",\"width\":800,\"height\":800},{\"@type\":\"BreadcrumbList\",\"@id\":\"https:\/\/astcartech.com\/product\/proyector-powerlite-118-3lcd-xga-hdmi-x2-vga-x2-lan-rj-45-usb\/#breadcrumb\",\"itemListElement\":[{\"@type\":\"ListItem\",\"position\":1,\"name\":\"Portada\",\"item\":\"https:\/\/astcartech.com\/\"},{\"@type\":\"ListItem\",\"position\":2,\"name\":\"Tienda\",\"item\":\"https:\/\/astcartech.com\/tienda\/\"},{\"@type\":\"ListItem\",\"position\":3,\"name\":\"Proyector PowerLite 118 3LCD XGA, HDMI x2, VGA x2, LAN (RJ-45), USB\"}]},{\"@type\":\"WebSite\",\"@id\":\"https:\/\/astcartech.com\/#website\",\"url\":\"https:\/\/astcartech.com\/\",\"name\":\"Astcar Tech\",\"description\":\"Suministros y Tecnologia\",\"publisher\":{\"@id\":\"https:\/\/astcartech.com\/#organization\"},\"alternateName\":\"astcar technology\",\"potentialAction\":[{\"@type\":\"SearchAction\",\"target\":{\"@type\":\"EntryPoint\",\"urlTemplate\":\"https:\/\/astcartech.com\/?s={search_term_string}\"},\"query-input\":{\"@type\":\"PropertyValueSpecification\",\"valueRequired\":true,\"valueName\":\"search_term_string\"}}],\"inLanguage\":\"en-US\"},{\"@type\":\"Organization\",\"@id\":\"https:\/\/astcartech.com\/#organization\",\"name\":\"Astcar Tech\",\"alternateName\":\"Astcar Tech\",\"url\":\"https:\/\/astcartech.com\/\",\"logo\":{\"@type\":\"ImageObject\",\"inLanguage\":\"en-US\",\"@id\":\"https:\/\/astcartech.com\/#\/schema\/logo\/image\/\",\"url\":\"https:\/\/astcartech.com\/wp-content\/uploads\/2024\/11\/logo-Astcar-Tech-new_Mesa-de-trabajo-1.png\",\"contentUrl\":\"https:\/\/astcartech.com\/wp-content\/uploads\/2024\/11\/logo-Astcar-Tech-new_Mesa-de-trabajo-1.png\",\"width\":5162,\"height\":2920,\"caption\":\"Astcar Tech\"},\"image\":{\"@id\":\"https:\/\/astcartech.com\/#\/schema\/logo\/image\/\"},\"sameAs\":[\"https:\/\/www.facebook.com\/AstCarTech\",\"https:\/\/www.instagram.com\/astcartech\",\"https:\/\/www.tiktok.com\/@astcartech\"],\"publishingPrinciples\":\"https:\/\/astcartech.com\/tienda\/\",\"ownershipFundingInfo\":\"https:\/\/astcartech.com\/nosotros\/\",\"actionableFeedbackPolicy\":\"https:\/\/astcartech.com\/politica-de-privacidad\/\",\"correctionsPolicy\":\"https:\/\/astcartech.com\/politica-de-privacidad\/\",\"ethicsPolicy\":\"https:\/\/astcartech.com\/politica-de-privacidad\/\",\"diversityPolicy\":\"https:\/\/astcartech.com\/politica-de-privacidad\/\",\"diversityStaffingReport\":\"https:\/\/astcartech.com\/politica-de-privacidad\/\"}]}<\/script>\n<!-- \/ Yoast SEO Premium plugin. -->","yoast_head_json":{"title":"Proyector PowerLite 118 3LCD XGA, HDMI x2, VGA x2, LAN (RJ-45), USB - ASTCAR TECH","robots":{"index":"index","follow":"follow","max-snippet":"max-snippet:-1","max-image-preview":"max-image-preview:large","max-video-preview":"max-video-preview:-1"},"canonical":"https:\/\/astcartech.com\/en\/product\/proyector-powerlite-118-3lcd-xga-hdmi-x2-vga-x2-lan-rj-45-usb\/","og_locale":"en_US","og_type":"article","og_title":"Proyector PowerLite 118 3LCD XGA, HDMI x2, VGA x2, LAN (RJ-45), USB","og_description":"MARCA EPSON MODELO POWERLITE 118 NUMERO DE PARTE V11HA03020 CARACTERISTICAS SISTEMA DE PROYECCI\u00d3N: TECNOLOG\u00cdA EPSON 3LCD DE 3 CHIPS MODO DE PROYECCI\u00d3N: FRONTAL\/TRASERA\/MONTAJE TECHO M\u00c9TODO DE PROYECCI\u00d3N: POLY-SILICON TFT ACTIVE MATRIX N\u00daMERO DE PIXELES: 786.432 PIXELES (1.024 px x 768 px) x 3 RESOLUCI\u00d3N NATIVA: XGA RELACI\u00d3N DE ASPECTO: 4:3 LUMINOSIDAD (BLANCO\/COLOR): 3.800 L\u00daMENES RELACI\u00d3N [&hellip;]","og_url":"https:\/\/astcartech.com\/en\/product\/proyector-powerlite-118-3lcd-xga-hdmi-x2-vga-x2-lan-rj-45-usb\/","og_site_name":"ASTCAR TECH","article_publisher":"https:\/\/www.facebook.com\/AstCarTech","article_modified_time":"2024-11-21T19:27:59+00:00","og_image":[{"width":800,"height":800,"url":"https:\/\/astcartech.com\/wp-content\/uploads\/2024\/11\/38.jpg","type":"image\/jpeg"}],"twitter_card":"summary_large_image","twitter_misc":{"Est. reading time":"1 minute"},"schema":{"@context":"https:\/\/schema.org","@graph":[{"@type":"WebPage","@id":"https:\/\/astcartech.com\/product\/proyector-powerlite-118-3lcd-xga-hdmi-x2-vga-x2-lan-rj-45-usb\/","url":"https:\/\/astcartech.com\/product\/proyector-powerlite-118-3lcd-xga-hdmi-x2-vga-x2-lan-rj-45-usb\/","name":"Proyector PowerLite 118 3LCD XGA, HDMI x2, VGA x2, LAN (RJ-45), USB - ASTCAR TECH","isPartOf":{"@id":"https:\/\/astcartech.com\/#website"},"primaryImageOfPage":{"@id":"https:\/\/astcartech.com\/product\/proyector-powerlite-118-3lcd-xga-hdmi-x2-vga-x2-lan-rj-45-usb\/#primaryimage"},"image":{"@id":"https:\/\/astcartech.com\/product\/proyector-powerlite-118-3lcd-xga-hdmi-x2-vga-x2-lan-rj-45-usb\/#primaryimage"},"thumbnailUrl":"https:\/\/astcartech.com\/wp-content\/uploads\/2024\/11\/38.jpg","datePublished":"2024-11-21T18:37:56+00:00","dateModified":"2024-11-21T19:27:59+00:00","breadcrumb":{"@id":"https:\/\/astcartech.com\/product\/proyector-powerlite-118-3lcd-xga-hdmi-x2-vga-x2-lan-rj-45-usb\/#breadcrumb"},"inLanguage":"en-US","potentialAction":[{"@type":"ReadAction","target":["https:\/\/astcartech.com\/product\/proyector-powerlite-118-3lcd-xga-hdmi-x2-vga-x2-lan-rj-45-usb\/"]}]},{"@type":"ImageObject","inLanguage":"en-US","@id":"https:\/\/astcartech.com\/product\/proyector-powerlite-118-3lcd-xga-hdmi-x2-vga-x2-lan-rj-45-usb\/#primaryimage","url":"https:\/\/astcartech.com\/wp-content\/uploads\/2024\/11\/38.jpg","contentUrl":"https:\/\/astcartech.com\/wp-content\/uploads\/2024\/11\/38.jpg","width":800,"height":800},{"@type":"BreadcrumbList","@id":"https:\/\/astcartech.com\/product\/proyector-powerlite-118-3lcd-xga-hdmi-x2-vga-x2-lan-rj-45-usb\/#breadcrumb","itemListElement":[{"@type":"ListItem","position":1,"name":"Portada","item":"https:\/\/astcartech.com\/"},{"@type":"ListItem","position":2,"name":"Tienda","item":"https:\/\/astcartech.com\/tienda\/"},{"@type":"ListItem","position":3,"name":"Proyector PowerLite 118 3LCD XGA, HDMI x2, VGA x2, LAN (RJ-45), USB"}]},{"@type":"WebSite","@id":"https:\/\/astcartech.com\/#website","url":"https:\/\/astcartech.com\/","name":"Astcar Tech","description":"Suministros y Tecnologia","publisher":{"@id":"https:\/\/astcartech.com\/#organization"},"alternateName":"astcar technology","potentialAction":[{"@type":"SearchAction","target":{"@type":"EntryPoint","urlTemplate":"https:\/\/astcartech.com\/?s={search_term_string}"},"query-input":{"@type":"PropertyValueSpecification","valueRequired":true,"valueName":"search_term_string"}}],"inLanguage":"en-US"},{"@type":"Organization","@id":"https:\/\/astcartech.com\/#organization","name":"Astcar Tech","alternateName":"Astcar Tech","url":"https:\/\/astcartech.com\/","logo":{"@type":"ImageObject","inLanguage":"en-US","@id":"https:\/\/astcartech.com\/#\/schema\/logo\/image\/","url":"https:\/\/astcartech.com\/wp-content\/uploads\/2024\/11\/logo-Astcar-Tech-new_Mesa-de-trabajo-1.png","contentUrl":"https:\/\/astcartech.com\/wp-content\/uploads\/2024\/11\/logo-Astcar-Tech-new_Mesa-de-trabajo-1.png","width":5162,"height":2920,"caption":"Astcar Tech"},"image":{"@id":"https:\/\/astcartech.com\/#\/schema\/logo\/image\/"},"sameAs":["https:\/\/www.facebook.com\/AstCarTech","https:\/\/www.instagram.com\/astcartech","https:\/\/www.tiktok.com\/@astcartech"],"publishingPrinciples":"https:\/\/astcartech.com\/tienda\/","ownershipFundingInfo":"https:\/\/astcartech.com\/nosotros\/","actionableFeedbackPolicy":"https:\/\/astcartech.com\/politica-de-privacidad\/","correctionsPolicy":"https:\/\/astcartech.com\/politica-de-privacidad\/","ethicsPolicy":"https:\/\/astcartech.com\/politica-de-privacidad\/","diversityPolicy":"https:\/\/astcartech.com\/politica-de-privacidad\/","diversityStaffingReport":"https:\/\/astcartech.com\/politica-de-privacidad\/"}]}},"_links":{"self":[{"href":"https:\/\/astcartech.com\/en\/wp-json\/wp\/v2\/product\/4034","targetHints":{"allow":["GET"]}}],"collection":[{"href":"https:\/\/astcartech.com\/en\/wp-json\/wp\/v2\/product"}],"about":[{"href":"https:\/\/astcartech.com\/en\/wp-json\/wp\/v2\/types\/product"}],"replies":[{"embeddable":true,"href":"https:\/\/astcartech.com\/en\/wp-json\/wp\/v2\/comments?post=4034"}],"wp:featuredmedia":[{"embeddable":true,"href":"https:\/\/astcartech.com\/en\/wp-json\/wp\/v2\/media\/4036"}],"wp:attachment":[{"href":"https:\/\/astcartech.com\/en\/wp-json\/wp\/v2\/media?parent=4034"}],"wp:term":[{"taxonomy":"product_cat","embeddable":true,"href":"https:\/\/astcartech.com\/en\/wp-json\/wp\/v2\/product_cat?post=4034"},{"taxonomy":"product_tag","embeddable":true,"href":"https:\/\/astcartech.com\/en\/wp-json\/wp\/v2\/product_tag?post=4034"}],"curies":[{"name":"wp","href":"https:\/\/api.w.org\/{rel}","templated":true}]}}