{"id":4186,"date":"2024-11-22T15:35:12","date_gmt":"2024-11-22T15:35:12","guid":{"rendered":"https:\/\/astcartech.com\/?post_type=product&#038;p=4186"},"modified":"2024-11-22T15:35:12","modified_gmt":"2024-11-22T15:35:12","slug":"impresora-multifuncional-de-tinta-epson-ecotank-l3210-imprime-escanea-copia-usb","status":"publish","type":"product","link":"https:\/\/astcartech.com\/en\/product\/impresora-multifuncional-de-tinta-epson-ecotank-l3210-imprime-escanea-copia-usb\/","title":{"rendered":"Impresora Multifuncional de tinta Epson EcoTank L3210, Imprime \/ Escanea \/ Copia \/ USB"},"content":{"rendered":"<table border=\"1\" width=\"100%\" cellspacing=\"1\" cellpadding=\"1\">\n<tbody>\n<tr>\n<td rowspan=\"5\">DESCRIPCION<\/td>\n<td rowspan=\"1\" height=\"21\">TIPO<\/td>\n<td colspan=\"2\" height=\"21\">IMPRESORA MULTIFUNCIONAL<\/td>\n<\/tr>\n<tr>\n<td rowspan=\"1\" height=\"21\">TECNOLOGIA DE IMPRESION<\/td>\n<td colspan=\"2\" height=\"21\">INYECCI\u00d3N DE TINTA<\/td>\n<\/tr>\n<tr>\n<td rowspan=\"1\" height=\"21\">MARCA<\/td>\n<td colspan=\"2\" height=\"21\">EPSON<\/td>\n<\/tr>\n<tr>\n<td rowspan=\"1\" height=\"21\">MODELO<\/td>\n<td colspan=\"2\" height=\"21\">EcoTank L3210<\/td>\n<\/tr>\n<tr>\n<td rowspan=\"1\" height=\"21\">NUMERO DE PARTE<\/td>\n<td colspan=\"2\" height=\"21\">C11CJ68303<\/td>\n<\/tr>\n<tr>\n<td rowspan=\"3\">FUNCIONES<\/td>\n<td colspan=\"3\" rowspan=\"1\" height=\"21\">IMPRESORA<\/td>\n<\/tr>\n<tr>\n<td colspan=\"3\" rowspan=\"1\" height=\"21\">ESCANER<\/td>\n<\/tr>\n<tr>\n<td colspan=\"3\" rowspan=\"1\" height=\"21\">COPIADORA<\/td>\n<\/tr>\n<tr>\n<td rowspan=\"2\">ESPECIFICACIONES DE LA IMPRESORA<\/td>\n<td rowspan=\"1\" height=\"21\">RESOLUCION DE IMPRESION<\/td>\n<td colspan=\"2\" rowspan=\"1\" height=\"21\">MAXIMA DE HASTA 5760 x 1440 dpi<\/td>\n<\/tr>\n<tr>\n<td rowspan=\"1\" height=\"21\">VELOCIDAD DE IMPRESION<\/td>\n<td colspan=\"2\" rowspan=\"1\" height=\"21\">MAXIMA DE HASTA:<br \/>\nNEGRO 33 ppm \/ COLOR 15 ppm (BORRADOR, A4\/CARTA)<br \/>\nISO: NEGRO 10 ppm \/ COLOR 5 ppm (A4\/CARTA)<\/td>\n<\/tr>\n<tr>\n<td rowspan=\"4\">MANEJO DE PAPEL<\/td>\n<td rowspan=\"1\" height=\"21\">CAPACIDAD DE HOJAS<\/td>\n<td colspan=\"2\" rowspan=\"1\" height=\"21\">ALIMENTACI\u00d3N TRASERA: HASTA 100 HOJAS (A4\/CARTA)<\/td>\n<\/tr>\n<tr>\n<td rowspan=\"3\" height=\"21\">SOPORTE DE PAPEL<\/td>\n<td rowspan=\"1\" height=\"21\">TAMA\u00d1O DE HOJAS<\/td>\n<td colspan=\"1\" height=\"21\">10 x 15 CM (4\u0094 x 6\u0094)<br \/>\n13 x 18 CM (5\u0094 x 7\u0094)<br \/>\nA4<br \/>\nA6<br \/>\nCARTA<br \/>\nOFICIO<\/td>\n<\/tr>\n<tr>\n<td rowspan=\"1\" height=\"21\">SOBRES<\/td>\n<td colspan=\"1\" height=\"21\">No. 10<\/td>\n<\/tr>\n<tr>\n<td colspan=\"2\" rowspan=\"1\" height=\"21\">PAPEL NORMAL<br \/>\nPAPEL ESPECIAL EPSON:<br \/>\n(PHOTO GLOSSY\/SEMI-GLOSS, PRESENTATION PAPER MATTE, HIGH QUALITY INK JET PAPER Y SOBRES)<\/td>\n<\/tr>\n<tr>\n<td rowspan=\"2\">ESPECIFICACIONES DE LA COPIADORA<\/td>\n<td rowspan=\"1\" height=\"21\">RESOLUCION DE COPIADO<\/td>\n<td colspan=\"2\" rowspan=\"1\" height=\"21\">MAXIMA: 600 dpi x 1,200 dpi<\/td>\n<\/tr>\n<tr>\n<td rowspan=\"1\" height=\"21\">VELOCIDAD DE COPIADO<\/td>\n<td colspan=\"2\" rowspan=\"1\" height=\"21\">NEGRO 7 cpm \/ COLOR 1,7 cpm (A4\/CARTA)<\/td>\n<\/tr>\n<tr>\n<td rowspan=\"6\">ESPECIFICACIONES DEL ESCANER<\/td>\n<td rowspan=\"2\" height=\"21\">TIPO DE ESCANER<\/td>\n<td rowspan=\"1\" height=\"21\">TECNOLOGIA DE EXPLORACION<\/td>\n<td colspan=\"1\" height=\"21\">SENSOR DE LINEAS DE COLOR (CIS)<\/td>\n<\/tr>\n<tr>\n<td colspan=\"2\" rowspan=\"1\" height=\"21\">SUPERFICIE PLANA<\/td>\n<\/tr>\n<tr>\n<td rowspan=\"1\" height=\"21\">RESOLUCION DE ESCANEO<\/td>\n<td colspan=\"2\" rowspan=\"1\" height=\"21\">OPTICA \/ MAXIMA: 600 dpi x 1.200 dpi<\/td>\n<\/tr>\n<tr>\n<td rowspan=\"3\" height=\"21\">OPCIONES DE ESCANEADO<\/td>\n<td rowspan=\"1\" height=\"21\">PROFUNDIDAD DE BITS<\/td>\n<td colspan=\"1\" height=\"21\">24 BITS<br \/>\n48 BITS<\/td>\n<\/tr>\n<tr>\n<td rowspan=\"1\" height=\"21\">NIVELES DE ESCALA DE GRISES<\/td>\n<td colspan=\"1\" height=\"21\">16<br \/>\n8<\/td>\n<\/tr>\n<tr>\n<td colspan=\"2\" rowspan=\"1\" height=\"21\">AREA MAXIMA DE ESCANEO: 216 mm x 297 mm<\/td>\n<\/tr>\n<tr>\n<td rowspan=\"1\">CONECTIVIDAD Y COMUNICACION<\/td>\n<td rowspan=\"1\" height=\"21\">INTERFACES<\/td>\n<td colspan=\"2\" rowspan=\"1\" height=\"21\">USB DE ALTA VELOCIDAD (COMPATIBLE CON USB 2.0)<\/td>\n<\/tr>\n<tr>\n<td rowspan=\"6\">REQUISITOS DE ENERGIA Y OPERACION<\/td>\n<td rowspan=\"2\" height=\"21\">VOLTAJE DE ALIMENTACION<\/td>\n<td rowspan=\"1\" height=\"21\">VOLTAJE DE ENTRADA<\/td>\n<td colspan=\"1\" height=\"21\">100 &#8211; 240 VAC<\/td>\n<\/tr>\n<tr>\n<td rowspan=\"1\" height=\"21\">CONSUMO DE ENERGIA<\/td>\n<td colspan=\"1\" height=\"21\">APROXIMADO DE14W (EN MODO OPERACION)<\/td>\n<\/tr>\n<tr>\n<td rowspan=\"3\" height=\"21\">DIMENSIONES Y PESO<\/td>\n<td rowspan=\"1\" height=\"21\">ALTO<\/td>\n<td colspan=\"1\" height=\"21\">25.3 CM<\/td>\n<\/tr>\n<tr>\n<td rowspan=\"1\" height=\"21\">ANCHO<\/td>\n<td colspan=\"1\" height=\"21\">37.5 CM<\/td>\n<\/tr>\n<tr>\n<td rowspan=\"1\" height=\"21\">PROFUNDIDAD<\/td>\n<td colspan=\"1\" height=\"21\">57.8 CM<\/td>\n<\/tr>\n<tr>\n<td rowspan=\"1\" height=\"21\">PESO<\/td>\n<td rowspan=\"1\" height=\"21\">PESO<\/td>\n<td colspan=\"1\" height=\"21\">3.9 KG<\/td>\n<\/tr>\n<tr>\n<td rowspan=\"1\">CONTENIDO DE LA CAJA<\/td>\n<td colspan=\"3\" rowspan=\"1\" height=\"21\">IMPRESORA EPSON ECOTANK L3210, GU\u00cdA DE INSTALACI\u00d3N, CD CON CONTROLADORES, CABLE DE ALIMENTACI\u00d3N, CABLE USB.<\/td>\n<\/tr>\n<tr>\n<td rowspan=\"2\">COMENTARIOS<\/td>\n<td colspan=\"3\" rowspan=\"1\" height=\"21\">SUMINISTROS COMPATIBLES:<\/td>\n<\/tr>\n<tr>\n<td colspan=\"3\" rowspan=\"1\" height=\"21\">BOTELLA TINTA NEGRA T544120-AL<br \/>\nBOTELLA TINTA CIAN T544220-AL<br \/>\nBOTELLA TINTA AMARILLA T544320-AL<br \/>\nBOTELLA TINTA MAGENTA T544420 \u0096AL<\/td>\n<\/tr>\n<\/tbody>\n<\/table>","protected":false},"excerpt":{"rendered":"<p>DESCRIPCION TIPO IMPRESORA MULTIFUNCIONAL TECNOLOGIA DE IMPRESION INYECCI\u00d3N DE TINTA MARCA EPSON MODELO EcoTank L3210 NUMERO DE PARTE C11CJ68303 FUNCIONES IMPRESORA ESCANER COPIADORA ESPECIFICACIONES DE LA IMPRESORA RESOLUCION DE IMPRESION MAXIMA DE HASTA 5760 x 1440 dpi VELOCIDAD DE IMPRESION MAXIMA DE HASTA: NEGRO 33 ppm \/ COLOR 15 ppm (BORRADOR, A4\/CARTA) ISO: NEGRO 10 [&hellip;]<\/p>","protected":false},"featured_media":4188,"comment_status":"open","ping_status":"closed","template":"","meta":[],"product_cat":[80],"product_tag":[],"class_list":{"0":"post-4186","1":"product","2":"type-product","3":"status-publish","4":"has-post-thumbnail","6":"product_cat-impresoras","8":"first","9":"instock","10":"shipping-taxable","11":"purchasable","12":"product-type-simple"},"yoast_head":"<!-- This site is optimized with the Yoast SEO Premium plugin v26.3 (Yoast SEO v26.3) - https:\/\/yoast.com\/wordpress\/plugins\/seo\/ -->\n<title>Impresora Multifuncional de tinta Epson EcoTank L3210, Imprime \/ Escanea \/ Copia \/ USB - ASTCAR TECH<\/title>\n<meta name=\"robots\" content=\"index, follow, max-snippet:-1, max-image-preview:large, max-video-preview:-1\" \/>\n<link rel=\"canonical\" href=\"https:\/\/astcartech.com\/en\/product\/impresora-multifuncional-de-tinta-epson-ecotank-l3210-imprime-escanea-copia-usb\/\" \/>\n<meta property=\"og:locale\" content=\"en_US\" \/>\n<meta property=\"og:type\" content=\"article\" \/>\n<meta property=\"og:title\" content=\"Impresora Multifuncional de tinta Epson EcoTank L3210, Imprime \/ Escanea \/ Copia \/ USB\" \/>\n<meta property=\"og:description\" content=\"DESCRIPCION TIPO IMPRESORA MULTIFUNCIONAL TECNOLOGIA DE IMPRESION INYECCI\u00d3N DE TINTA MARCA EPSON MODELO EcoTank L3210 NUMERO DE PARTE C11CJ68303 FUNCIONES IMPRESORA ESCANER COPIADORA ESPECIFICACIONES DE LA IMPRESORA RESOLUCION DE IMPRESION MAXIMA DE HASTA 5760 x 1440 dpi VELOCIDAD DE IMPRESION MAXIMA DE HASTA: NEGRO 33 ppm \/ COLOR 15 ppm (BORRADOR, A4\/CARTA) ISO: NEGRO 10 [&hellip;]\" \/>\n<meta property=\"og:url\" content=\"https:\/\/astcartech.com\/en\/product\/impresora-multifuncional-de-tinta-epson-ecotank-l3210-imprime-escanea-copia-usb\/\" \/>\n<meta property=\"og:site_name\" content=\"ASTCAR TECH\" \/>\n<meta property=\"article:publisher\" content=\"https:\/\/www.facebook.com\/AstCarTech\" \/>\n<meta property=\"og:image\" content=\"https:\/\/astcartech.com\/wp-content\/uploads\/2024\/11\/71.jpg\" \/>\n\t<meta property=\"og:image:width\" content=\"800\" \/>\n\t<meta property=\"og:image:height\" content=\"800\" \/>\n\t<meta property=\"og:image:type\" content=\"image\/jpeg\" \/>\n<meta name=\"twitter:card\" content=\"summary_large_image\" \/>\n<meta name=\"twitter:label1\" content=\"Est. reading time\" \/>\n\t<meta name=\"twitter:data1\" content=\"1 minute\" \/>\n<script type=\"application\/ld+json\" class=\"yoast-schema-graph\">{\"@context\":\"https:\/\/schema.org\",\"@graph\":[{\"@type\":\"WebPage\",\"@id\":\"https:\/\/astcartech.com\/product\/impresora-multifuncional-de-tinta-epson-ecotank-l3210-imprime-escanea-copia-usb\/\",\"url\":\"https:\/\/astcartech.com\/product\/impresora-multifuncional-de-tinta-epson-ecotank-l3210-imprime-escanea-copia-usb\/\",\"name\":\"Impresora Multifuncional de tinta Epson EcoTank L3210, Imprime \/ Escanea \/ Copia \/ USB - ASTCAR TECH\",\"isPartOf\":{\"@id\":\"https:\/\/astcartech.com\/#website\"},\"primaryImageOfPage\":{\"@id\":\"https:\/\/astcartech.com\/product\/impresora-multifuncional-de-tinta-epson-ecotank-l3210-imprime-escanea-copia-usb\/#primaryimage\"},\"image\":{\"@id\":\"https:\/\/astcartech.com\/product\/impresora-multifuncional-de-tinta-epson-ecotank-l3210-imprime-escanea-copia-usb\/#primaryimage\"},\"thumbnailUrl\":\"https:\/\/astcartech.com\/wp-content\/uploads\/2024\/11\/71.jpg\",\"datePublished\":\"2024-11-22T15:35:12+00:00\",\"breadcrumb\":{\"@id\":\"https:\/\/astcartech.com\/product\/impresora-multifuncional-de-tinta-epson-ecotank-l3210-imprime-escanea-copia-usb\/#breadcrumb\"},\"inLanguage\":\"en-US\",\"potentialAction\":[{\"@type\":\"ReadAction\",\"target\":[\"https:\/\/astcartech.com\/product\/impresora-multifuncional-de-tinta-epson-ecotank-l3210-imprime-escanea-copia-usb\/\"]}]},{\"@type\":\"ImageObject\",\"inLanguage\":\"en-US\",\"@id\":\"https:\/\/astcartech.com\/product\/impresora-multifuncional-de-tinta-epson-ecotank-l3210-imprime-escanea-copia-usb\/#primaryimage\",\"url\":\"https:\/\/astcartech.com\/wp-content\/uploads\/2024\/11\/71.jpg\",\"contentUrl\":\"https:\/\/astcartech.com\/wp-content\/uploads\/2024\/11\/71.jpg\",\"width\":800,\"height\":800},{\"@type\":\"BreadcrumbList\",\"@id\":\"https:\/\/astcartech.com\/product\/impresora-multifuncional-de-tinta-epson-ecotank-l3210-imprime-escanea-copia-usb\/#breadcrumb\",\"itemListElement\":[{\"@type\":\"ListItem\",\"position\":1,\"name\":\"Portada\",\"item\":\"https:\/\/astcartech.com\/\"},{\"@type\":\"ListItem\",\"position\":2,\"name\":\"Tienda\",\"item\":\"https:\/\/astcartech.com\/tienda\/\"},{\"@type\":\"ListItem\",\"position\":3,\"name\":\"Impresora Multifuncional de tinta Epson EcoTank L3210, Imprime \/ Escanea \/ Copia \/ USB\"}]},{\"@type\":\"WebSite\",\"@id\":\"https:\/\/astcartech.com\/#website\",\"url\":\"https:\/\/astcartech.com\/\",\"name\":\"Astcar Tech\",\"description\":\"Suministros y Tecnologia\",\"publisher\":{\"@id\":\"https:\/\/astcartech.com\/#organization\"},\"alternateName\":\"astcar technology\",\"potentialAction\":[{\"@type\":\"SearchAction\",\"target\":{\"@type\":\"EntryPoint\",\"urlTemplate\":\"https:\/\/astcartech.com\/?s={search_term_string}\"},\"query-input\":{\"@type\":\"PropertyValueSpecification\",\"valueRequired\":true,\"valueName\":\"search_term_string\"}}],\"inLanguage\":\"en-US\"},{\"@type\":\"Organization\",\"@id\":\"https:\/\/astcartech.com\/#organization\",\"name\":\"Astcar Tech\",\"alternateName\":\"Astcar Tech\",\"url\":\"https:\/\/astcartech.com\/\",\"logo\":{\"@type\":\"ImageObject\",\"inLanguage\":\"en-US\",\"@id\":\"https:\/\/astcartech.com\/#\/schema\/logo\/image\/\",\"url\":\"https:\/\/astcartech.com\/wp-content\/uploads\/2024\/11\/logo-Astcar-Tech-new_Mesa-de-trabajo-1.png\",\"contentUrl\":\"https:\/\/astcartech.com\/wp-content\/uploads\/2024\/11\/logo-Astcar-Tech-new_Mesa-de-trabajo-1.png\",\"width\":5162,\"height\":2920,\"caption\":\"Astcar Tech\"},\"image\":{\"@id\":\"https:\/\/astcartech.com\/#\/schema\/logo\/image\/\"},\"sameAs\":[\"https:\/\/www.facebook.com\/AstCarTech\",\"https:\/\/www.instagram.com\/astcartech\",\"https:\/\/www.tiktok.com\/@astcartech\"],\"publishingPrinciples\":\"https:\/\/astcartech.com\/tienda\/\",\"ownershipFundingInfo\":\"https:\/\/astcartech.com\/nosotros\/\",\"actionableFeedbackPolicy\":\"https:\/\/astcartech.com\/politica-de-privacidad\/\",\"correctionsPolicy\":\"https:\/\/astcartech.com\/politica-de-privacidad\/\",\"ethicsPolicy\":\"https:\/\/astcartech.com\/politica-de-privacidad\/\",\"diversityPolicy\":\"https:\/\/astcartech.com\/politica-de-privacidad\/\",\"diversityStaffingReport\":\"https:\/\/astcartech.com\/politica-de-privacidad\/\"}]}<\/script>\n<!-- \/ Yoast SEO Premium plugin. -->","yoast_head_json":{"title":"Impresora Multifuncional de tinta Epson EcoTank L3210, Imprime \/ Escanea \/ Copia \/ USB - ASTCAR TECH","robots":{"index":"index","follow":"follow","max-snippet":"max-snippet:-1","max-image-preview":"max-image-preview:large","max-video-preview":"max-video-preview:-1"},"canonical":"https:\/\/astcartech.com\/en\/product\/impresora-multifuncional-de-tinta-epson-ecotank-l3210-imprime-escanea-copia-usb\/","og_locale":"en_US","og_type":"article","og_title":"Impresora Multifuncional de tinta Epson EcoTank L3210, Imprime \/ Escanea \/ Copia \/ USB","og_description":"DESCRIPCION TIPO IMPRESORA MULTIFUNCIONAL TECNOLOGIA DE IMPRESION INYECCI\u00d3N DE TINTA MARCA EPSON MODELO EcoTank L3210 NUMERO DE PARTE C11CJ68303 FUNCIONES IMPRESORA ESCANER COPIADORA ESPECIFICACIONES DE LA IMPRESORA RESOLUCION DE IMPRESION MAXIMA DE HASTA 5760 x 1440 dpi VELOCIDAD DE IMPRESION MAXIMA DE HASTA: NEGRO 33 ppm \/ COLOR 15 ppm (BORRADOR, A4\/CARTA) ISO: NEGRO 10 [&hellip;]","og_url":"https:\/\/astcartech.com\/en\/product\/impresora-multifuncional-de-tinta-epson-ecotank-l3210-imprime-escanea-copia-usb\/","og_site_name":"ASTCAR TECH","article_publisher":"https:\/\/www.facebook.com\/AstCarTech","og_image":[{"width":800,"height":800,"url":"https:\/\/astcartech.com\/wp-content\/uploads\/2024\/11\/71.jpg","type":"image\/jpeg"}],"twitter_card":"summary_large_image","twitter_misc":{"Est. reading time":"1 minute"},"schema":{"@context":"https:\/\/schema.org","@graph":[{"@type":"WebPage","@id":"https:\/\/astcartech.com\/product\/impresora-multifuncional-de-tinta-epson-ecotank-l3210-imprime-escanea-copia-usb\/","url":"https:\/\/astcartech.com\/product\/impresora-multifuncional-de-tinta-epson-ecotank-l3210-imprime-escanea-copia-usb\/","name":"Impresora Multifuncional de tinta Epson EcoTank L3210, Imprime \/ Escanea \/ Copia \/ USB - ASTCAR TECH","isPartOf":{"@id":"https:\/\/astcartech.com\/#website"},"primaryImageOfPage":{"@id":"https:\/\/astcartech.com\/product\/impresora-multifuncional-de-tinta-epson-ecotank-l3210-imprime-escanea-copia-usb\/#primaryimage"},"image":{"@id":"https:\/\/astcartech.com\/product\/impresora-multifuncional-de-tinta-epson-ecotank-l3210-imprime-escanea-copia-usb\/#primaryimage"},"thumbnailUrl":"https:\/\/astcartech.com\/wp-content\/uploads\/2024\/11\/71.jpg","datePublished":"2024-11-22T15:35:12+00:00","breadcrumb":{"@id":"https:\/\/astcartech.com\/product\/impresora-multifuncional-de-tinta-epson-ecotank-l3210-imprime-escanea-copia-usb\/#breadcrumb"},"inLanguage":"en-US","potentialAction":[{"@type":"ReadAction","target":["https:\/\/astcartech.com\/product\/impresora-multifuncional-de-tinta-epson-ecotank-l3210-imprime-escanea-copia-usb\/"]}]},{"@type":"ImageObject","inLanguage":"en-US","@id":"https:\/\/astcartech.com\/product\/impresora-multifuncional-de-tinta-epson-ecotank-l3210-imprime-escanea-copia-usb\/#primaryimage","url":"https:\/\/astcartech.com\/wp-content\/uploads\/2024\/11\/71.jpg","contentUrl":"https:\/\/astcartech.com\/wp-content\/uploads\/2024\/11\/71.jpg","width":800,"height":800},{"@type":"BreadcrumbList","@id":"https:\/\/astcartech.com\/product\/impresora-multifuncional-de-tinta-epson-ecotank-l3210-imprime-escanea-copia-usb\/#breadcrumb","itemListElement":[{"@type":"ListItem","position":1,"name":"Portada","item":"https:\/\/astcartech.com\/"},{"@type":"ListItem","position":2,"name":"Tienda","item":"https:\/\/astcartech.com\/tienda\/"},{"@type":"ListItem","position":3,"name":"Impresora Multifuncional de tinta Epson EcoTank L3210, Imprime \/ Escanea \/ Copia \/ USB"}]},{"@type":"WebSite","@id":"https:\/\/astcartech.com\/#website","url":"https:\/\/astcartech.com\/","name":"Astcar Tech","description":"Suministros y Tecnologia","publisher":{"@id":"https:\/\/astcartech.com\/#organization"},"alternateName":"astcar technology","potentialAction":[{"@type":"SearchAction","target":{"@type":"EntryPoint","urlTemplate":"https:\/\/astcartech.com\/?s={search_term_string}"},"query-input":{"@type":"PropertyValueSpecification","valueRequired":true,"valueName":"search_term_string"}}],"inLanguage":"en-US"},{"@type":"Organization","@id":"https:\/\/astcartech.com\/#organization","name":"Astcar Tech","alternateName":"Astcar Tech","url":"https:\/\/astcartech.com\/","logo":{"@type":"ImageObject","inLanguage":"en-US","@id":"https:\/\/astcartech.com\/#\/schema\/logo\/image\/","url":"https:\/\/astcartech.com\/wp-content\/uploads\/2024\/11\/logo-Astcar-Tech-new_Mesa-de-trabajo-1.png","contentUrl":"https:\/\/astcartech.com\/wp-content\/uploads\/2024\/11\/logo-Astcar-Tech-new_Mesa-de-trabajo-1.png","width":5162,"height":2920,"caption":"Astcar Tech"},"image":{"@id":"https:\/\/astcartech.com\/#\/schema\/logo\/image\/"},"sameAs":["https:\/\/www.facebook.com\/AstCarTech","https:\/\/www.instagram.com\/astcartech","https:\/\/www.tiktok.com\/@astcartech"],"publishingPrinciples":"https:\/\/astcartech.com\/tienda\/","ownershipFundingInfo":"https:\/\/astcartech.com\/nosotros\/","actionableFeedbackPolicy":"https:\/\/astcartech.com\/politica-de-privacidad\/","correctionsPolicy":"https:\/\/astcartech.com\/politica-de-privacidad\/","ethicsPolicy":"https:\/\/astcartech.com\/politica-de-privacidad\/","diversityPolicy":"https:\/\/astcartech.com\/politica-de-privacidad\/","diversityStaffingReport":"https:\/\/astcartech.com\/politica-de-privacidad\/"}]}},"_links":{"self":[{"href":"https:\/\/astcartech.com\/en\/wp-json\/wp\/v2\/product\/4186","targetHints":{"allow":["GET"]}}],"collection":[{"href":"https:\/\/astcartech.com\/en\/wp-json\/wp\/v2\/product"}],"about":[{"href":"https:\/\/astcartech.com\/en\/wp-json\/wp\/v2\/types\/product"}],"replies":[{"embeddable":true,"href":"https:\/\/astcartech.com\/en\/wp-json\/wp\/v2\/comments?post=4186"}],"wp:featuredmedia":[{"embeddable":true,"href":"https:\/\/astcartech.com\/en\/wp-json\/wp\/v2\/media\/4188"}],"wp:attachment":[{"href":"https:\/\/astcartech.com\/en\/wp-json\/wp\/v2\/media?parent=4186"}],"wp:term":[{"taxonomy":"product_cat","embeddable":true,"href":"https:\/\/astcartech.com\/en\/wp-json\/wp\/v2\/product_cat?post=4186"},{"taxonomy":"product_tag","embeddable":true,"href":"https:\/\/astcartech.com\/en\/wp-json\/wp\/v2\/product_tag?post=4186"}],"curies":[{"name":"wp","href":"https:\/\/api.w.org\/{rel}","templated":true}]}}