{"id":4196,"date":"2024-11-22T16:03:12","date_gmt":"2024-11-22T16:03:12","guid":{"rendered":"https:\/\/astcartech.com\/?post_type=product&#038;p=4196"},"modified":"2024-11-22T16:03:12","modified_gmt":"2024-11-22T16:03:12","slug":"impresora-epson-multifuncional-ecotank-l3560","status":"publish","type":"product","link":"https:\/\/astcartech.com\/en\/product\/impresora-epson-multifuncional-ecotank-l3560\/","title":{"rendered":"IMPRESORA EPSON MULTIFUNCIONAL ECOTANK L3560"},"content":{"rendered":"<div class=\"row\">\n<div class=\"simple-responsive-banner-component module-overview-list container-fluid container-main-content__aligned\">\n<div class=\"module-content\">\n<div class=\"category-list\">\n<div class=\"category-item\">\n<div class=\"info-block\">\n<div class=\"item-name\">Conectividad Avanzada<\/div>\n<div class=\"item-information\">Conectividad avanzada Wi-Fi<sup>\u00ae<\/sup>\u00a0y Wi-Fi Direct<sup>\u00ae<\/sup><\/div>\n<\/div>\n<\/div>\n<div class=\"category-item\">\n<div class=\"thumb\"><\/div>\n<div class=\"info-block\">\n<div class=\"item-name\">Smart Panel<\/div>\n<div class=\"item-information\">Compatible con Epson Smart Panel<\/div>\n<\/div>\n<\/div>\n<div class=\"category-item\">\n<div class=\"thumb\"><\/div>\n<div class=\"info-block\">\n<div class=\"item-name\">Garant\u00eda limitada de hasta 2 a\u00f1os<\/div>\n<div class=\"item-information\">Con registro de producto.<\/div>\n<\/div>\n<\/div>\n<div class=\"category-item\">\n<div class=\"thumb\"><\/div>\n<div class=\"info-block\">\n<div class=\"item-name\">F\u00e1cil control desde el panel frontal<\/div>\n<div class=\"item-information\">Pantalla LCD a color de 1,44 Pulgadas<\/div>\n<\/div>\n<\/div>\n<div class=\"category-item\">\n<div class=\"thumb\"><\/div>\n<div class=\"info-block\">\n<div class=\"item-name\">Una decisi\u00f3n inteligente<\/div>\n<div class=\"item-information\">Fabricada hasta con 30% de pl\u00e1stico reciclado<\/div>\n<\/div>\n<\/div>\n<div class=\"category-item\">\n<div class=\"thumb\"><\/div>\n<div class=\"info-block\">\n<div class=\"item-name\">PrecisionCore<\/div>\n<div class=\"item-information\">Imprime m\u00e1s y m\u00e1s r\u00e1pido con alt\u00edsima calidad<\/div>\n<\/div>\n<\/div>\n<\/div>\n<\/div>\n<\/div>\n<\/div>\n<section class=\"row\">\n<div class=\"simple-responsive-banner-component module-text-list js-tl-rte container-fluid container-main-content__aligned\" data-cpt-id=\"8796105999420\">\n<div class=\"module-content\">\n<ul>\n<li><strong>Totalmente conectada:<\/strong>\u00a0Compatible con la aplicaci\u00f3n Epson Smart Panel, Control s\u00faper intuitivo conexi\u00f3n Wi-Fi, Wi-Fi Direct tm<\/li>\n<li><strong>Econ\u00f3mica:<\/strong>\u00a0Impresi\u00f3n 100% sin cartuchos o cartuchos de cabezal de impresi\u00f3n o Botellas de tinta de alto rendimiento (4500 p\u00e1gs. BK \/ 7500 p\u00e1gs. CL con cada juego de reemplazo<sup>1<\/sup>\u00a0o Botellas de tinta de reemplazo de costo de impresi\u00f3n ultra bajo<sup>2<\/sup>.<\/li>\n<li><strong>Si\u00e9ntase mejor con su decisi\u00f3n:<\/strong>\u00a0Fabricada con 30% de pl\u00e1stico reciclado<\/li>\n<li>Garant\u00eda limitada y extendida de 2 a\u00f1os con registro<sup>1<\/sup><\/li>\n<\/ul>\n<\/div>\n<\/div>\n<\/section>","protected":false},"excerpt":{"rendered":"<p>Conectividad Avanzada Conectividad avanzada Wi-Fi\u00ae\u00a0y Wi-Fi Direct\u00ae Smart Panel Compatible con Epson Smart Panel Garant\u00eda limitada de hasta 2 a\u00f1os Con registro de producto. F\u00e1cil control desde el panel frontal Pantalla LCD a color de 1,44 Pulgadas Una decisi\u00f3n inteligente Fabricada hasta con 30% de pl\u00e1stico reciclado PrecisionCore Imprime m\u00e1s y m\u00e1s r\u00e1pido con alt\u00edsima [&hellip;]<\/p>","protected":false},"featured_media":4198,"comment_status":"open","ping_status":"closed","template":"","meta":[],"product_cat":[80],"product_tag":[],"class_list":{"0":"post-4196","1":"product","2":"type-product","3":"status-publish","4":"has-post-thumbnail","6":"product_cat-impresoras","8":"first","9":"instock","10":"shipping-taxable","11":"purchasable","12":"product-type-simple"},"yoast_head":"<!-- This site is optimized with the Yoast SEO Premium plugin v26.3 (Yoast SEO v26.3) - https:\/\/yoast.com\/wordpress\/plugins\/seo\/ -->\n<title>IMPRESORA EPSON MULTIFUNCIONAL ECOTANK L3560 - ASTCAR TECH<\/title>\n<meta name=\"robots\" content=\"index, follow, max-snippet:-1, max-image-preview:large, max-video-preview:-1\" \/>\n<link rel=\"canonical\" href=\"https:\/\/astcartech.com\/en\/product\/impresora-epson-multifuncional-ecotank-l3560\/\" \/>\n<meta property=\"og:locale\" content=\"en_US\" \/>\n<meta property=\"og:type\" content=\"article\" \/>\n<meta property=\"og:title\" content=\"IMPRESORA EPSON MULTIFUNCIONAL ECOTANK L3560\" \/>\n<meta property=\"og:description\" content=\"Conectividad Avanzada Conectividad avanzada Wi-Fi\u00ae\u00a0y Wi-Fi Direct\u00ae Smart Panel Compatible con Epson Smart Panel Garant\u00eda limitada de hasta 2 a\u00f1os Con registro de producto. F\u00e1cil control desde el panel frontal Pantalla LCD a color de 1,44 Pulgadas Una decisi\u00f3n inteligente Fabricada hasta con 30% de pl\u00e1stico reciclado PrecisionCore Imprime m\u00e1s y m\u00e1s r\u00e1pido con alt\u00edsima [&hellip;]\" \/>\n<meta property=\"og:url\" content=\"https:\/\/astcartech.com\/en\/product\/impresora-epson-multifuncional-ecotank-l3560\/\" \/>\n<meta property=\"og:site_name\" content=\"ASTCAR TECH\" \/>\n<meta property=\"article:publisher\" content=\"https:\/\/www.facebook.com\/AstCarTech\" \/>\n<meta property=\"og:image\" content=\"https:\/\/astcartech.com\/wp-content\/uploads\/2024\/11\/78.jpg\" \/>\n\t<meta property=\"og:image:width\" content=\"800\" \/>\n\t<meta property=\"og:image:height\" content=\"800\" \/>\n\t<meta property=\"og:image:type\" content=\"image\/jpeg\" \/>\n<meta name=\"twitter:card\" content=\"summary_large_image\" \/>\n<meta name=\"twitter:label1\" content=\"Est. reading time\" \/>\n\t<meta name=\"twitter:data1\" content=\"1 minute\" \/>\n<script type=\"application\/ld+json\" class=\"yoast-schema-graph\">{\"@context\":\"https:\/\/schema.org\",\"@graph\":[{\"@type\":\"WebPage\",\"@id\":\"https:\/\/astcartech.com\/product\/impresora-epson-multifuncional-ecotank-l3560\/\",\"url\":\"https:\/\/astcartech.com\/product\/impresora-epson-multifuncional-ecotank-l3560\/\",\"name\":\"IMPRESORA EPSON MULTIFUNCIONAL ECOTANK L3560 - ASTCAR TECH\",\"isPartOf\":{\"@id\":\"https:\/\/astcartech.com\/#website\"},\"primaryImageOfPage\":{\"@id\":\"https:\/\/astcartech.com\/product\/impresora-epson-multifuncional-ecotank-l3560\/#primaryimage\"},\"image\":{\"@id\":\"https:\/\/astcartech.com\/product\/impresora-epson-multifuncional-ecotank-l3560\/#primaryimage\"},\"thumbnailUrl\":\"https:\/\/astcartech.com\/wp-content\/uploads\/2024\/11\/78.jpg\",\"datePublished\":\"2024-11-22T16:03:12+00:00\",\"breadcrumb\":{\"@id\":\"https:\/\/astcartech.com\/product\/impresora-epson-multifuncional-ecotank-l3560\/#breadcrumb\"},\"inLanguage\":\"en-US\",\"potentialAction\":[{\"@type\":\"ReadAction\",\"target\":[\"https:\/\/astcartech.com\/product\/impresora-epson-multifuncional-ecotank-l3560\/\"]}]},{\"@type\":\"ImageObject\",\"inLanguage\":\"en-US\",\"@id\":\"https:\/\/astcartech.com\/product\/impresora-epson-multifuncional-ecotank-l3560\/#primaryimage\",\"url\":\"https:\/\/astcartech.com\/wp-content\/uploads\/2024\/11\/78.jpg\",\"contentUrl\":\"https:\/\/astcartech.com\/wp-content\/uploads\/2024\/11\/78.jpg\",\"width\":800,\"height\":800},{\"@type\":\"BreadcrumbList\",\"@id\":\"https:\/\/astcartech.com\/product\/impresora-epson-multifuncional-ecotank-l3560\/#breadcrumb\",\"itemListElement\":[{\"@type\":\"ListItem\",\"position\":1,\"name\":\"Portada\",\"item\":\"https:\/\/astcartech.com\/\"},{\"@type\":\"ListItem\",\"position\":2,\"name\":\"Tienda\",\"item\":\"https:\/\/astcartech.com\/tienda\/\"},{\"@type\":\"ListItem\",\"position\":3,\"name\":\"IMPRESORA EPSON MULTIFUNCIONAL ECOTANK L3560\"}]},{\"@type\":\"WebSite\",\"@id\":\"https:\/\/astcartech.com\/#website\",\"url\":\"https:\/\/astcartech.com\/\",\"name\":\"Astcar Tech\",\"description\":\"Suministros y Tecnologia\",\"publisher\":{\"@id\":\"https:\/\/astcartech.com\/#organization\"},\"alternateName\":\"astcar technology\",\"potentialAction\":[{\"@type\":\"SearchAction\",\"target\":{\"@type\":\"EntryPoint\",\"urlTemplate\":\"https:\/\/astcartech.com\/?s={search_term_string}\"},\"query-input\":{\"@type\":\"PropertyValueSpecification\",\"valueRequired\":true,\"valueName\":\"search_term_string\"}}],\"inLanguage\":\"en-US\"},{\"@type\":\"Organization\",\"@id\":\"https:\/\/astcartech.com\/#organization\",\"name\":\"Astcar Tech\",\"alternateName\":\"Astcar Tech\",\"url\":\"https:\/\/astcartech.com\/\",\"logo\":{\"@type\":\"ImageObject\",\"inLanguage\":\"en-US\",\"@id\":\"https:\/\/astcartech.com\/#\/schema\/logo\/image\/\",\"url\":\"https:\/\/astcartech.com\/wp-content\/uploads\/2024\/11\/logo-Astcar-Tech-new_Mesa-de-trabajo-1.png\",\"contentUrl\":\"https:\/\/astcartech.com\/wp-content\/uploads\/2024\/11\/logo-Astcar-Tech-new_Mesa-de-trabajo-1.png\",\"width\":5162,\"height\":2920,\"caption\":\"Astcar Tech\"},\"image\":{\"@id\":\"https:\/\/astcartech.com\/#\/schema\/logo\/image\/\"},\"sameAs\":[\"https:\/\/www.facebook.com\/AstCarTech\",\"https:\/\/www.instagram.com\/astcartech\",\"https:\/\/www.tiktok.com\/@astcartech\"],\"publishingPrinciples\":\"https:\/\/astcartech.com\/tienda\/\",\"ownershipFundingInfo\":\"https:\/\/astcartech.com\/nosotros\/\",\"actionableFeedbackPolicy\":\"https:\/\/astcartech.com\/politica-de-privacidad\/\",\"correctionsPolicy\":\"https:\/\/astcartech.com\/politica-de-privacidad\/\",\"ethicsPolicy\":\"https:\/\/astcartech.com\/politica-de-privacidad\/\",\"diversityPolicy\":\"https:\/\/astcartech.com\/politica-de-privacidad\/\",\"diversityStaffingReport\":\"https:\/\/astcartech.com\/politica-de-privacidad\/\"}]}<\/script>\n<!-- \/ Yoast SEO Premium plugin. -->","yoast_head_json":{"title":"IMPRESORA EPSON MULTIFUNCIONAL ECOTANK L3560 - ASTCAR TECH","robots":{"index":"index","follow":"follow","max-snippet":"max-snippet:-1","max-image-preview":"max-image-preview:large","max-video-preview":"max-video-preview:-1"},"canonical":"https:\/\/astcartech.com\/en\/product\/impresora-epson-multifuncional-ecotank-l3560\/","og_locale":"en_US","og_type":"article","og_title":"IMPRESORA EPSON MULTIFUNCIONAL ECOTANK L3560","og_description":"Conectividad Avanzada Conectividad avanzada Wi-Fi\u00ae\u00a0y Wi-Fi Direct\u00ae Smart Panel Compatible con Epson Smart Panel Garant\u00eda limitada de hasta 2 a\u00f1os Con registro de producto. F\u00e1cil control desde el panel frontal Pantalla LCD a color de 1,44 Pulgadas Una decisi\u00f3n inteligente Fabricada hasta con 30% de pl\u00e1stico reciclado PrecisionCore Imprime m\u00e1s y m\u00e1s r\u00e1pido con alt\u00edsima [&hellip;]","og_url":"https:\/\/astcartech.com\/en\/product\/impresora-epson-multifuncional-ecotank-l3560\/","og_site_name":"ASTCAR TECH","article_publisher":"https:\/\/www.facebook.com\/AstCarTech","og_image":[{"width":800,"height":800,"url":"https:\/\/astcartech.com\/wp-content\/uploads\/2024\/11\/78.jpg","type":"image\/jpeg"}],"twitter_card":"summary_large_image","twitter_misc":{"Est. reading time":"1 minute"},"schema":{"@context":"https:\/\/schema.org","@graph":[{"@type":"WebPage","@id":"https:\/\/astcartech.com\/product\/impresora-epson-multifuncional-ecotank-l3560\/","url":"https:\/\/astcartech.com\/product\/impresora-epson-multifuncional-ecotank-l3560\/","name":"IMPRESORA EPSON MULTIFUNCIONAL ECOTANK L3560 - ASTCAR TECH","isPartOf":{"@id":"https:\/\/astcartech.com\/#website"},"primaryImageOfPage":{"@id":"https:\/\/astcartech.com\/product\/impresora-epson-multifuncional-ecotank-l3560\/#primaryimage"},"image":{"@id":"https:\/\/astcartech.com\/product\/impresora-epson-multifuncional-ecotank-l3560\/#primaryimage"},"thumbnailUrl":"https:\/\/astcartech.com\/wp-content\/uploads\/2024\/11\/78.jpg","datePublished":"2024-11-22T16:03:12+00:00","breadcrumb":{"@id":"https:\/\/astcartech.com\/product\/impresora-epson-multifuncional-ecotank-l3560\/#breadcrumb"},"inLanguage":"en-US","potentialAction":[{"@type":"ReadAction","target":["https:\/\/astcartech.com\/product\/impresora-epson-multifuncional-ecotank-l3560\/"]}]},{"@type":"ImageObject","inLanguage":"en-US","@id":"https:\/\/astcartech.com\/product\/impresora-epson-multifuncional-ecotank-l3560\/#primaryimage","url":"https:\/\/astcartech.com\/wp-content\/uploads\/2024\/11\/78.jpg","contentUrl":"https:\/\/astcartech.com\/wp-content\/uploads\/2024\/11\/78.jpg","width":800,"height":800},{"@type":"BreadcrumbList","@id":"https:\/\/astcartech.com\/product\/impresora-epson-multifuncional-ecotank-l3560\/#breadcrumb","itemListElement":[{"@type":"ListItem","position":1,"name":"Portada","item":"https:\/\/astcartech.com\/"},{"@type":"ListItem","position":2,"name":"Tienda","item":"https:\/\/astcartech.com\/tienda\/"},{"@type":"ListItem","position":3,"name":"IMPRESORA EPSON MULTIFUNCIONAL ECOTANK L3560"}]},{"@type":"WebSite","@id":"https:\/\/astcartech.com\/#website","url":"https:\/\/astcartech.com\/","name":"Astcar Tech","description":"Suministros y Tecnologia","publisher":{"@id":"https:\/\/astcartech.com\/#organization"},"alternateName":"astcar technology","potentialAction":[{"@type":"SearchAction","target":{"@type":"EntryPoint","urlTemplate":"https:\/\/astcartech.com\/?s={search_term_string}"},"query-input":{"@type":"PropertyValueSpecification","valueRequired":true,"valueName":"search_term_string"}}],"inLanguage":"en-US"},{"@type":"Organization","@id":"https:\/\/astcartech.com\/#organization","name":"Astcar Tech","alternateName":"Astcar Tech","url":"https:\/\/astcartech.com\/","logo":{"@type":"ImageObject","inLanguage":"en-US","@id":"https:\/\/astcartech.com\/#\/schema\/logo\/image\/","url":"https:\/\/astcartech.com\/wp-content\/uploads\/2024\/11\/logo-Astcar-Tech-new_Mesa-de-trabajo-1.png","contentUrl":"https:\/\/astcartech.com\/wp-content\/uploads\/2024\/11\/logo-Astcar-Tech-new_Mesa-de-trabajo-1.png","width":5162,"height":2920,"caption":"Astcar Tech"},"image":{"@id":"https:\/\/astcartech.com\/#\/schema\/logo\/image\/"},"sameAs":["https:\/\/www.facebook.com\/AstCarTech","https:\/\/www.instagram.com\/astcartech","https:\/\/www.tiktok.com\/@astcartech"],"publishingPrinciples":"https:\/\/astcartech.com\/tienda\/","ownershipFundingInfo":"https:\/\/astcartech.com\/nosotros\/","actionableFeedbackPolicy":"https:\/\/astcartech.com\/politica-de-privacidad\/","correctionsPolicy":"https:\/\/astcartech.com\/politica-de-privacidad\/","ethicsPolicy":"https:\/\/astcartech.com\/politica-de-privacidad\/","diversityPolicy":"https:\/\/astcartech.com\/politica-de-privacidad\/","diversityStaffingReport":"https:\/\/astcartech.com\/politica-de-privacidad\/"}]}},"_links":{"self":[{"href":"https:\/\/astcartech.com\/en\/wp-json\/wp\/v2\/product\/4196","targetHints":{"allow":["GET"]}}],"collection":[{"href":"https:\/\/astcartech.com\/en\/wp-json\/wp\/v2\/product"}],"about":[{"href":"https:\/\/astcartech.com\/en\/wp-json\/wp\/v2\/types\/product"}],"replies":[{"embeddable":true,"href":"https:\/\/astcartech.com\/en\/wp-json\/wp\/v2\/comments?post=4196"}],"wp:featuredmedia":[{"embeddable":true,"href":"https:\/\/astcartech.com\/en\/wp-json\/wp\/v2\/media\/4198"}],"wp:attachment":[{"href":"https:\/\/astcartech.com\/en\/wp-json\/wp\/v2\/media?parent=4196"}],"wp:term":[{"taxonomy":"product_cat","embeddable":true,"href":"https:\/\/astcartech.com\/en\/wp-json\/wp\/v2\/product_cat?post=4196"},{"taxonomy":"product_tag","embeddable":true,"href":"https:\/\/astcartech.com\/en\/wp-json\/wp\/v2\/product_tag?post=4196"}],"curies":[{"name":"wp","href":"https:\/\/api.w.org\/{rel}","templated":true}]}}