{"id":4202,"date":"2024-11-22T16:07:05","date_gmt":"2024-11-22T16:07:05","guid":{"rendered":"https:\/\/astcartech.com\/?post_type=product&#038;p=4202"},"modified":"2025-06-01T09:28:16","modified_gmt":"2025-06-01T09:28:16","slug":"impresora-multifuncional-epson-ecotank-l6270-imprime-escanea-copia-lan-wi-fi","status":"publish","type":"product","link":"https:\/\/astcartech.com\/en\/product\/impresora-multifuncional-epson-ecotank-l6270-imprime-escanea-copia-lan-wi-fi\/","title":{"rendered":"Epson EcoTank L6270 Multifunction Printer, Prints\/Scans\/Copies\/LAN\/Wi-Fi"},"content":{"rendered":"<table border=\"1\" width=\"100%\" cellspacing=\"1\" cellpadding=\"1\">\n<tbody>\n<tr>\n<td rowspan=\"1\">MARCA<\/td>\n<td colspan=\"2\" rowspan=\"1\" height=\"21\">EPSON<\/td>\n<\/tr>\n<tr>\n<td rowspan=\"1\">MODELO<\/td>\n<td colspan=\"2\" rowspan=\"1\" height=\"21\">ECOTANK L6270 (MULTIFUNCIONAL)<\/td>\n<\/tr>\n<tr>\n<td rowspan=\"1\">NUMERO DE PARTE<\/td>\n<td colspan=\"2\" rowspan=\"1\" height=\"21\">C11CJ61301<\/td>\n<\/tr>\n<tr>\n<td rowspan=\"1\">TECNOLOGIA DE IMPRESION<\/td>\n<td colspan=\"2\" rowspan=\"1\" height=\"21\">INYECCI\u00d3N DE TINTA HEAT-FREE MICROPIEZO DE 4 COLORES (CMYK)<\/td>\n<\/tr>\n<tr>\n<td rowspan=\"3\">ESPECIFICACION IMPRESORA<\/td>\n<td rowspan=\"1\" height=\"21\">RESOLUCION MAX COLOR:<\/td>\n<td colspan=\"1\" height=\"21\">4800 x 1200 dpi<\/td>\n<\/tr>\n<tr>\n<td rowspan=\"1\" height=\"21\">VELOCIDAD MAX COLOR:<\/td>\n<td colspan=\"1\" height=\"21\">20 PPM (BORRADOR, A4\/CARTA)<\/td>\n<\/tr>\n<tr>\n<td rowspan=\"1\" height=\"21\">VELOCIDAD MAX COLOR NEGRO:<\/td>\n<td colspan=\"1\" height=\"21\">33 PPM (BORRADOR, A4\/CARTA)<\/td>\n<\/tr>\n<tr>\n<td rowspan=\"2\">CONECTIVIDAD<\/td>\n<td colspan=\"2\" rowspan=\"1\" height=\"21\">USB DE ALTA VELOCIDAD (COMPATIBLE CON USB 2.0)<\/td>\n<\/tr>\n<tr>\n<td colspan=\"2\" rowspan=\"1\" height=\"21\">ETHERNET 10\/100, WI-FI (IEEE 802.11 b\/g\/n), WI-FI DIRECT<\/td>\n<\/tr>\n<tr>\n<td rowspan=\"1\">PLATAFORMA DE TRABAJO<\/td>\n<td colspan=\"2\" rowspan=\"1\" height=\"21\">WINDOWS VISTA 7 \/ 8 \/ 8.1 \/ 10 O M\u00c1S RECIENTE (32-BIT, 64-BIT)<br \/>\nWINDOWS SERVER 2003 (SP2) O M\u00c1S RECIENTE<br \/>\nMAC OS X 10.7.5 O M\u00c1S RECIENTE<br \/>\nMAC OS 11 O M\u00c1S RECIENTE<\/td>\n<\/tr>\n<tr>\n<td rowspan=\"1\">MEDIOS SOPORTADOS<\/td>\n<td colspan=\"2\" rowspan=\"1\" height=\"21\">TIPOS DE PAPELES SOPORTADOS:<\/p>\n<p>PAPEL NORMAL, PAPEL ESPECIAL EPSON (PHOTO GLOSSY\/SEMI-GLOSS, PRESENTATION PAPER MATTE, HIGH QUALITY INK JET PAPER Y SOBRES)<\/p>\n<p>TAMA\u00d1OS DE PAPELES SOPORTADOS:<\/p>\n<p>EST\u00c1NDAR:<br \/>\n4A, CARTA, OFICIO (21.59CM x 35.56CM), M\u00c9XICO-OFICIO (21.59CM x 34.04CM), OFICIO 9 (21.49CM x 31.5CM), FOLIO (21.59 x 33.02CM), EJECUTIVO, MEDIA CARTA, A6<br \/>\nFOTO:<br \/>\n4&#8243; x 6&#8243; (10CM x 15CM), 5&#8243; x 7&#8243; (13CM x 18CM), 8&#8243; x 10&#8243;.<br \/>\nSOBRES: #10 &#8211; DEFINIDO POR EL USUARIO<\/td>\n<\/tr>\n<tr>\n<td rowspan=\"4\">ESPECIFICACIONES ADICIONALES<\/td>\n<td colspan=\"2\" rowspan=\"1\" height=\"21\">ESCANEADO:<br \/>\nTIPO DE ESC\u00c1NER: CAMA PLANA CON SENSOR DE L\u00cdNEAS CIS DE COLOR<br \/>\n\u00c1REA DE ESCANEO M\u00c1XIMA: 21.6CM x 29.7CM<br \/>\nRESOLUCI\u00d3N \u00d3PTICA M\u00c1XIMA: 1.200 dpi x 2.400 dpi<\/p>\n<p>COPIADO:<br \/>\nVELOCIDAD DE COPIAS: HASTA 11 COPIAS POR MINUTO EN NEGRO Y 5.5 EN COLOR (A4\/CARTA)<br \/>\nRESOLUCION MAXIMA DE COPIADO: 600 dpi x 600 dpi<\/td>\n<\/tr>\n<tr>\n<td colspan=\"2\" rowspan=\"1\" height=\"21\">SUMINISTROS COMPATIBLES:<br \/>\nBOTELLA DE TINTA NEGRA T504120-AL<br \/>\nBOTELLA DE TINTA CIAN T504220-AL<br \/>\nBOTELLA DE TINTA MAGENTA T504320-AL<br \/>\nBOTELLA DE TINTA AMARILLA T504420-AL<\/td>\n<\/tr>\n<tr>\n<td colspan=\"2\" rowspan=\"1\" height=\"21\">TENSI\u00d3N Y FRECUENCIA NOMINAL: AC 100 &#8211; 240 V\/50 Hz &#8211; 60 Hz<\/td>\n<\/tr>\n<tr>\n<td colspan=\"2\" rowspan=\"1\" height=\"21\">CONSUMO DE ENERG\u00cdA (APROXIMADO): 12W (EN MODO OPERACI\u00d3N)<\/td>\n<\/tr>\n<tr>\n<td rowspan=\"2\">CARACTERISTICAS FISICAS<\/td>\n<td rowspan=\"1\" height=\"21\">DIMENSIONES (CM):<\/td>\n<td colspan=\"1\" height=\"21\">(ANCHO x PROFUNDIDAD x ALTURA): 41.7 CM x 50.3 CM x 25.5 CM<\/td>\n<\/tr>\n<tr>\n<td rowspan=\"1\" height=\"21\">PESO (KG):<\/td>\n<td colspan=\"1\" height=\"21\">6.7 KG<\/td>\n<\/tr>\n<tr>\n<td rowspan=\"2\">COMENTARIO<\/td>\n<td colspan=\"2\" rowspan=\"1\" height=\"21\">PANTALLA LCD: 2.4&#8243; A COLOR<\/td>\n<\/tr>\n<tr>\n<td colspan=\"2\" rowspan=\"1\" height=\"21\">MAYOR CAPACIDAD DE PAPEL: HASTA 250 HOJAS<br \/>\nACTIVACI\u00d3N DE VOZ: ALEXA<\/td>\n<\/tr>\n<\/tbody>\n<\/table>","protected":false},"excerpt":{"rendered":"<p>MARCA EPSON MODELO ECOTANK L6270 (MULTIFUNCIONAL) NUMERO DE PARTE C11CJ61301 TECNOLOGIA DE IMPRESION INYECCI\u00d3N DE TINTA HEAT-FREE MICROPIEZO DE 4 COLORES (CMYK) ESPECIFICACION IMPRESORA RESOLUCION MAX COLOR: 4800 x 1200 dpi VELOCIDAD MAX COLOR: 20 PPM (BORRADOR, A4\/CARTA) VELOCIDAD MAX COLOR NEGRO: 33 PPM (BORRADOR, A4\/CARTA) CONECTIVIDAD USB DE ALTA VELOCIDAD (COMPATIBLE CON USB 2.0) [&hellip;]<\/p>","protected":false},"featured_media":4204,"comment_status":"open","ping_status":"closed","template":"","meta":[],"product_cat":[80],"product_tag":[],"class_list":{"0":"post-4202","1":"product","2":"type-product","3":"status-publish","4":"has-post-thumbnail","6":"product_cat-impresoras","8":"first","9":"instock","10":"shipping-taxable","11":"purchasable","12":"product-type-simple"},"yoast_head":"<!-- This site is optimized with the Yoast SEO Premium plugin v26.3 (Yoast SEO v26.3) - https:\/\/yoast.com\/wordpress\/plugins\/seo\/ -->\n<title>Impresora Multifuncional Epson EcoTank L6270, Imprime\/Escanea\/Copia\/LAN\/Wi-Fi - ASTCAR TECH<\/title>\n<meta name=\"robots\" content=\"index, follow, max-snippet:-1, max-image-preview:large, max-video-preview:-1\" \/>\n<link rel=\"canonical\" href=\"https:\/\/astcartech.com\/en\/product\/impresora-multifuncional-epson-ecotank-l6270-imprime-escanea-copia-lan-wi-fi\/\" \/>\n<meta property=\"og:locale\" content=\"en_US\" \/>\n<meta property=\"og:type\" content=\"article\" \/>\n<meta property=\"og:title\" content=\"Impresora Multifuncional Epson EcoTank L6270, Imprime\/Escanea\/Copia\/LAN\/Wi-Fi\" \/>\n<meta property=\"og:description\" content=\"MARCA EPSON MODELO ECOTANK L6270 (MULTIFUNCIONAL) NUMERO DE PARTE C11CJ61301 TECNOLOGIA DE IMPRESION INYECCI\u00d3N DE TINTA HEAT-FREE MICROPIEZO DE 4 COLORES (CMYK) ESPECIFICACION IMPRESORA RESOLUCION MAX COLOR: 4800 x 1200 dpi VELOCIDAD MAX COLOR: 20 PPM (BORRADOR, A4\/CARTA) VELOCIDAD MAX COLOR NEGRO: 33 PPM (BORRADOR, A4\/CARTA) CONECTIVIDAD USB DE ALTA VELOCIDAD (COMPATIBLE CON USB 2.0) [&hellip;]\" \/>\n<meta property=\"og:url\" content=\"https:\/\/astcartech.com\/en\/product\/impresora-multifuncional-epson-ecotank-l6270-imprime-escanea-copia-lan-wi-fi\/\" \/>\n<meta property=\"og:site_name\" content=\"ASTCAR TECH\" \/>\n<meta property=\"article:publisher\" content=\"https:\/\/www.facebook.com\/AstCarTech\" \/>\n<meta property=\"article:modified_time\" content=\"2025-06-01T09:28:16+00:00\" \/>\n<meta property=\"og:image\" content=\"https:\/\/astcartech.com\/wp-content\/uploads\/2024\/11\/82.jpg\" \/>\n\t<meta property=\"og:image:width\" content=\"800\" \/>\n\t<meta property=\"og:image:height\" content=\"800\" \/>\n\t<meta property=\"og:image:type\" content=\"image\/jpeg\" \/>\n<meta name=\"twitter:card\" content=\"summary_large_image\" \/>\n<meta name=\"twitter:label1\" content=\"Est. reading time\" \/>\n\t<meta name=\"twitter:data1\" content=\"1 minute\" \/>\n<script type=\"application\/ld+json\" class=\"yoast-schema-graph\">{\"@context\":\"https:\/\/schema.org\",\"@graph\":[{\"@type\":\"WebPage\",\"@id\":\"https:\/\/astcartech.com\/product\/impresora-multifuncional-epson-ecotank-l6270-imprime-escanea-copia-lan-wi-fi\/\",\"url\":\"https:\/\/astcartech.com\/product\/impresora-multifuncional-epson-ecotank-l6270-imprime-escanea-copia-lan-wi-fi\/\",\"name\":\"Impresora Multifuncional Epson EcoTank L6270, Imprime\/Escanea\/Copia\/LAN\/Wi-Fi - ASTCAR TECH\",\"isPartOf\":{\"@id\":\"https:\/\/astcartech.com\/#website\"},\"primaryImageOfPage\":{\"@id\":\"https:\/\/astcartech.com\/product\/impresora-multifuncional-epson-ecotank-l6270-imprime-escanea-copia-lan-wi-fi\/#primaryimage\"},\"image\":{\"@id\":\"https:\/\/astcartech.com\/product\/impresora-multifuncional-epson-ecotank-l6270-imprime-escanea-copia-lan-wi-fi\/#primaryimage\"},\"thumbnailUrl\":\"https:\/\/astcartech.com\/wp-content\/uploads\/2024\/11\/82.jpg\",\"datePublished\":\"2024-11-22T16:07:05+00:00\",\"dateModified\":\"2025-06-01T09:28:16+00:00\",\"breadcrumb\":{\"@id\":\"https:\/\/astcartech.com\/product\/impresora-multifuncional-epson-ecotank-l6270-imprime-escanea-copia-lan-wi-fi\/#breadcrumb\"},\"inLanguage\":\"en-US\",\"potentialAction\":[{\"@type\":\"ReadAction\",\"target\":[\"https:\/\/astcartech.com\/product\/impresora-multifuncional-epson-ecotank-l6270-imprime-escanea-copia-lan-wi-fi\/\"]}]},{\"@type\":\"ImageObject\",\"inLanguage\":\"en-US\",\"@id\":\"https:\/\/astcartech.com\/product\/impresora-multifuncional-epson-ecotank-l6270-imprime-escanea-copia-lan-wi-fi\/#primaryimage\",\"url\":\"https:\/\/astcartech.com\/wp-content\/uploads\/2024\/11\/82.jpg\",\"contentUrl\":\"https:\/\/astcartech.com\/wp-content\/uploads\/2024\/11\/82.jpg\",\"width\":800,\"height\":800},{\"@type\":\"BreadcrumbList\",\"@id\":\"https:\/\/astcartech.com\/product\/impresora-multifuncional-epson-ecotank-l6270-imprime-escanea-copia-lan-wi-fi\/#breadcrumb\",\"itemListElement\":[{\"@type\":\"ListItem\",\"position\":1,\"name\":\"Portada\",\"item\":\"https:\/\/astcartech.com\/\"},{\"@type\":\"ListItem\",\"position\":2,\"name\":\"Tienda\",\"item\":\"https:\/\/astcartech.com\/tienda\/\"},{\"@type\":\"ListItem\",\"position\":3,\"name\":\"Impresora Multifuncional Epson EcoTank L6270, Imprime\/Escanea\/Copia\/LAN\/Wi-Fi\"}]},{\"@type\":\"WebSite\",\"@id\":\"https:\/\/astcartech.com\/#website\",\"url\":\"https:\/\/astcartech.com\/\",\"name\":\"Astcar Tech\",\"description\":\"Suministros y Tecnologia\",\"publisher\":{\"@id\":\"https:\/\/astcartech.com\/#organization\"},\"alternateName\":\"astcar technology\",\"potentialAction\":[{\"@type\":\"SearchAction\",\"target\":{\"@type\":\"EntryPoint\",\"urlTemplate\":\"https:\/\/astcartech.com\/?s={search_term_string}\"},\"query-input\":{\"@type\":\"PropertyValueSpecification\",\"valueRequired\":true,\"valueName\":\"search_term_string\"}}],\"inLanguage\":\"en-US\"},{\"@type\":\"Organization\",\"@id\":\"https:\/\/astcartech.com\/#organization\",\"name\":\"Astcar Tech\",\"alternateName\":\"Astcar Tech\",\"url\":\"https:\/\/astcartech.com\/\",\"logo\":{\"@type\":\"ImageObject\",\"inLanguage\":\"en-US\",\"@id\":\"https:\/\/astcartech.com\/#\/schema\/logo\/image\/\",\"url\":\"https:\/\/astcartech.com\/wp-content\/uploads\/2024\/11\/logo-Astcar-Tech-new_Mesa-de-trabajo-1.png\",\"contentUrl\":\"https:\/\/astcartech.com\/wp-content\/uploads\/2024\/11\/logo-Astcar-Tech-new_Mesa-de-trabajo-1.png\",\"width\":5162,\"height\":2920,\"caption\":\"Astcar Tech\"},\"image\":{\"@id\":\"https:\/\/astcartech.com\/#\/schema\/logo\/image\/\"},\"sameAs\":[\"https:\/\/www.facebook.com\/AstCarTech\",\"https:\/\/www.instagram.com\/astcartech\",\"https:\/\/www.tiktok.com\/@astcartech\"],\"publishingPrinciples\":\"https:\/\/astcartech.com\/tienda\/\",\"ownershipFundingInfo\":\"https:\/\/astcartech.com\/nosotros\/\",\"actionableFeedbackPolicy\":\"https:\/\/astcartech.com\/politica-de-privacidad\/\",\"correctionsPolicy\":\"https:\/\/astcartech.com\/politica-de-privacidad\/\",\"ethicsPolicy\":\"https:\/\/astcartech.com\/politica-de-privacidad\/\",\"diversityPolicy\":\"https:\/\/astcartech.com\/politica-de-privacidad\/\",\"diversityStaffingReport\":\"https:\/\/astcartech.com\/politica-de-privacidad\/\"}]}<\/script>\n<!-- \/ Yoast SEO Premium plugin. -->","yoast_head_json":{"title":"Impresora Multifuncional Epson EcoTank L6270, Imprime\/Escanea\/Copia\/LAN\/Wi-Fi - ASTCAR TECH","robots":{"index":"index","follow":"follow","max-snippet":"max-snippet:-1","max-image-preview":"max-image-preview:large","max-video-preview":"max-video-preview:-1"},"canonical":"https:\/\/astcartech.com\/en\/product\/impresora-multifuncional-epson-ecotank-l6270-imprime-escanea-copia-lan-wi-fi\/","og_locale":"en_US","og_type":"article","og_title":"Impresora Multifuncional Epson EcoTank L6270, Imprime\/Escanea\/Copia\/LAN\/Wi-Fi","og_description":"MARCA EPSON MODELO ECOTANK L6270 (MULTIFUNCIONAL) NUMERO DE PARTE C11CJ61301 TECNOLOGIA DE IMPRESION INYECCI\u00d3N DE TINTA HEAT-FREE MICROPIEZO DE 4 COLORES (CMYK) ESPECIFICACION IMPRESORA RESOLUCION MAX COLOR: 4800 x 1200 dpi VELOCIDAD MAX COLOR: 20 PPM (BORRADOR, A4\/CARTA) VELOCIDAD MAX COLOR NEGRO: 33 PPM (BORRADOR, A4\/CARTA) CONECTIVIDAD USB DE ALTA VELOCIDAD (COMPATIBLE CON USB 2.0) [&hellip;]","og_url":"https:\/\/astcartech.com\/en\/product\/impresora-multifuncional-epson-ecotank-l6270-imprime-escanea-copia-lan-wi-fi\/","og_site_name":"ASTCAR TECH","article_publisher":"https:\/\/www.facebook.com\/AstCarTech","article_modified_time":"2025-06-01T09:28:16+00:00","og_image":[{"width":800,"height":800,"url":"https:\/\/astcartech.com\/wp-content\/uploads\/2024\/11\/82.jpg","type":"image\/jpeg"}],"twitter_card":"summary_large_image","twitter_misc":{"Est. reading time":"1 minute"},"schema":{"@context":"https:\/\/schema.org","@graph":[{"@type":"WebPage","@id":"https:\/\/astcartech.com\/product\/impresora-multifuncional-epson-ecotank-l6270-imprime-escanea-copia-lan-wi-fi\/","url":"https:\/\/astcartech.com\/product\/impresora-multifuncional-epson-ecotank-l6270-imprime-escanea-copia-lan-wi-fi\/","name":"Impresora Multifuncional Epson EcoTank L6270, Imprime\/Escanea\/Copia\/LAN\/Wi-Fi - ASTCAR TECH","isPartOf":{"@id":"https:\/\/astcartech.com\/#website"},"primaryImageOfPage":{"@id":"https:\/\/astcartech.com\/product\/impresora-multifuncional-epson-ecotank-l6270-imprime-escanea-copia-lan-wi-fi\/#primaryimage"},"image":{"@id":"https:\/\/astcartech.com\/product\/impresora-multifuncional-epson-ecotank-l6270-imprime-escanea-copia-lan-wi-fi\/#primaryimage"},"thumbnailUrl":"https:\/\/astcartech.com\/wp-content\/uploads\/2024\/11\/82.jpg","datePublished":"2024-11-22T16:07:05+00:00","dateModified":"2025-06-01T09:28:16+00:00","breadcrumb":{"@id":"https:\/\/astcartech.com\/product\/impresora-multifuncional-epson-ecotank-l6270-imprime-escanea-copia-lan-wi-fi\/#breadcrumb"},"inLanguage":"en-US","potentialAction":[{"@type":"ReadAction","target":["https:\/\/astcartech.com\/product\/impresora-multifuncional-epson-ecotank-l6270-imprime-escanea-copia-lan-wi-fi\/"]}]},{"@type":"ImageObject","inLanguage":"en-US","@id":"https:\/\/astcartech.com\/product\/impresora-multifuncional-epson-ecotank-l6270-imprime-escanea-copia-lan-wi-fi\/#primaryimage","url":"https:\/\/astcartech.com\/wp-content\/uploads\/2024\/11\/82.jpg","contentUrl":"https:\/\/astcartech.com\/wp-content\/uploads\/2024\/11\/82.jpg","width":800,"height":800},{"@type":"BreadcrumbList","@id":"https:\/\/astcartech.com\/product\/impresora-multifuncional-epson-ecotank-l6270-imprime-escanea-copia-lan-wi-fi\/#breadcrumb","itemListElement":[{"@type":"ListItem","position":1,"name":"Portada","item":"https:\/\/astcartech.com\/"},{"@type":"ListItem","position":2,"name":"Tienda","item":"https:\/\/astcartech.com\/tienda\/"},{"@type":"ListItem","position":3,"name":"Impresora Multifuncional Epson EcoTank L6270, Imprime\/Escanea\/Copia\/LAN\/Wi-Fi"}]},{"@type":"WebSite","@id":"https:\/\/astcartech.com\/#website","url":"https:\/\/astcartech.com\/","name":"Astcar Tech","description":"Suministros y Tecnologia","publisher":{"@id":"https:\/\/astcartech.com\/#organization"},"alternateName":"astcar technology","potentialAction":[{"@type":"SearchAction","target":{"@type":"EntryPoint","urlTemplate":"https:\/\/astcartech.com\/?s={search_term_string}"},"query-input":{"@type":"PropertyValueSpecification","valueRequired":true,"valueName":"search_term_string"}}],"inLanguage":"en-US"},{"@type":"Organization","@id":"https:\/\/astcartech.com\/#organization","name":"Astcar Tech","alternateName":"Astcar Tech","url":"https:\/\/astcartech.com\/","logo":{"@type":"ImageObject","inLanguage":"en-US","@id":"https:\/\/astcartech.com\/#\/schema\/logo\/image\/","url":"https:\/\/astcartech.com\/wp-content\/uploads\/2024\/11\/logo-Astcar-Tech-new_Mesa-de-trabajo-1.png","contentUrl":"https:\/\/astcartech.com\/wp-content\/uploads\/2024\/11\/logo-Astcar-Tech-new_Mesa-de-trabajo-1.png","width":5162,"height":2920,"caption":"Astcar Tech"},"image":{"@id":"https:\/\/astcartech.com\/#\/schema\/logo\/image\/"},"sameAs":["https:\/\/www.facebook.com\/AstCarTech","https:\/\/www.instagram.com\/astcartech","https:\/\/www.tiktok.com\/@astcartech"],"publishingPrinciples":"https:\/\/astcartech.com\/tienda\/","ownershipFundingInfo":"https:\/\/astcartech.com\/nosotros\/","actionableFeedbackPolicy":"https:\/\/astcartech.com\/politica-de-privacidad\/","correctionsPolicy":"https:\/\/astcartech.com\/politica-de-privacidad\/","ethicsPolicy":"https:\/\/astcartech.com\/politica-de-privacidad\/","diversityPolicy":"https:\/\/astcartech.com\/politica-de-privacidad\/","diversityStaffingReport":"https:\/\/astcartech.com\/politica-de-privacidad\/"}]}},"_links":{"self":[{"href":"https:\/\/astcartech.com\/en\/wp-json\/wp\/v2\/product\/4202","targetHints":{"allow":["GET"]}}],"collection":[{"href":"https:\/\/astcartech.com\/en\/wp-json\/wp\/v2\/product"}],"about":[{"href":"https:\/\/astcartech.com\/en\/wp-json\/wp\/v2\/types\/product"}],"replies":[{"embeddable":true,"href":"https:\/\/astcartech.com\/en\/wp-json\/wp\/v2\/comments?post=4202"}],"wp:featuredmedia":[{"embeddable":true,"href":"https:\/\/astcartech.com\/en\/wp-json\/wp\/v2\/media\/4204"}],"wp:attachment":[{"href":"https:\/\/astcartech.com\/en\/wp-json\/wp\/v2\/media?parent=4202"}],"wp:term":[{"taxonomy":"product_cat","embeddable":true,"href":"https:\/\/astcartech.com\/en\/wp-json\/wp\/v2\/product_cat?post=4202"},{"taxonomy":"product_tag","embeddable":true,"href":"https:\/\/astcartech.com\/en\/wp-json\/wp\/v2\/product_tag?post=4202"}],"curies":[{"name":"wp","href":"https:\/\/api.w.org\/{rel}","templated":true}]}}