{"id":4219,"date":"2024-11-23T16:24:21","date_gmt":"2024-11-23T16:24:21","guid":{"rendered":"https:\/\/astcartech.com\/?post_type=product&#038;p=4219"},"modified":"2024-11-23T16:24:21","modified_gmt":"2024-11-23T16:24:21","slug":"impresora-multifuncional-canon-pixma-g3110-imprime-copia-escaneo-usbwifi","status":"publish","type":"product","link":"https:\/\/astcartech.com\/en\/product\/impresora-multifuncional-canon-pixma-g3110-imprime-copia-escaneo-usbwifi\/","title":{"rendered":"IMPRESORA MULTIFUNCIONAL CANON PIXMA G3110 \/IMPRIME ,COPIA ,ESCANEO, USB,WIFI"},"content":{"rendered":"<table class=\"table mb-0 border\">\n<tbody>\n<tr class=\"clickable shadow-sm\" data-toggle=\"collapse\" data-target=\".o_ws_category_1\">\n<th class=\"text-left\" colspan=\"2\">\n<div class=\"d-flex justify-content-between align-items-center\">Caracter\u00edsticas Generales<i class=\"fa fa-chevron-down\"><\/i><\/div>\n<\/th>\n<\/tr>\n<tr class=\"collapse show o_ws_category_1\">\n<td>Procedencia<\/td>\n<td><\/td>\n<\/tr>\n<tr class=\"collapse show o_ws_category_1\">\n<td>Ancho (cm)<\/td>\n<td>48<\/td>\n<\/tr>\n<tr class=\"collapse show o_ws_category_1\">\n<td>Largo (cm)<\/td>\n<td>52<\/td>\n<\/tr>\n<tr class=\"collapse show o_ws_category_1\">\n<td>Alto (cm)<\/td>\n<td>25<\/td>\n<\/tr>\n<tr class=\"collapse show o_ws_category_1\">\n<td>Peso Completo (Utilizado para Flete) (gr)<\/td>\n<td>17<\/td>\n<\/tr>\n<tr class=\"clickable shadow-sm\" data-toggle=\"collapse\" data-target=\".o_ws_category_2\">\n<th class=\"text-left\" colspan=\"2\">\n<div class=\"d-flex justify-content-between align-items-center\">Caracter\u00edsticas Especificas<i class=\"fa fa-chevron-down\"><\/i><\/div>\n<\/th>\n<\/tr>\n<tr class=\"collapse show o_ws_category_2\">\n<td>Tama\u00f1o de Pantalla<\/td>\n<td>pantalla LCD de 3.05 cm<\/td>\n<\/tr>\n<tr class=\"collapse show o_ws_category_2\">\n<td>Compatibilidad<\/td>\n<td>Com\u00ed\u00ban: Papel Com\u00ed\u00ban, Papel de Alta Resoluci\u00ed\u00b3n; Brilloso: Papel Fotogr\u00e1fico Brilloso Plus II, Papel Fotogr\u00e1fico Brilloso; Papel Mate: Papel Fotogr\u00e1fico Mate; Sobres: Sobres U.S. N\u00ed\u00bam. 10<\/td>\n<\/tr>\n<\/tbody>\n<\/table>","protected":false},"excerpt":{"rendered":"<p>Caracter\u00edsticas Generales Procedencia Ancho (cm) 48 Largo (cm) 52 Alto (cm) 25 Peso Completo (Utilizado para Flete) (gr) 17 Caracter\u00edsticas Especificas Tama\u00f1o de Pantalla pantalla LCD de 3.05 cm Compatibilidad Com\u00ed\u00ban: Papel Com\u00ed\u00ban, Papel de Alta Resoluci\u00ed\u00b3n; Brilloso: Papel Fotogr\u00e1fico Brilloso Plus II, Papel Fotogr\u00e1fico Brilloso; Papel Mate: Papel Fotogr\u00e1fico Mate; Sobres: Sobres U.S. N\u00ed\u00bam. [&hellip;]<\/p>","protected":false},"featured_media":4221,"comment_status":"open","ping_status":"closed","template":"","meta":[],"product_cat":[80],"product_tag":[],"class_list":{"0":"post-4219","1":"product","2":"type-product","3":"status-publish","4":"has-post-thumbnail","6":"product_cat-impresoras","8":"first","9":"instock","10":"shipping-taxable","11":"purchasable","12":"product-type-simple"},"yoast_head":"<!-- This site is optimized with the Yoast SEO Premium plugin v26.3 (Yoast SEO v26.3) - https:\/\/yoast.com\/wordpress\/plugins\/seo\/ -->\n<title>IMPRESORA MULTIFUNCIONAL CANON PIXMA G3110 \/IMPRIME ,COPIA ,ESCANEO, USB,WIFI - ASTCAR TECH<\/title>\n<meta name=\"robots\" content=\"index, follow, max-snippet:-1, max-image-preview:large, max-video-preview:-1\" \/>\n<link rel=\"canonical\" href=\"https:\/\/astcartech.com\/en\/product\/impresora-multifuncional-canon-pixma-g3110-imprime-copia-escaneo-usbwifi\/\" \/>\n<meta property=\"og:locale\" content=\"en_US\" \/>\n<meta property=\"og:type\" content=\"article\" \/>\n<meta property=\"og:title\" content=\"IMPRESORA MULTIFUNCIONAL CANON PIXMA G3110 \/IMPRIME ,COPIA ,ESCANEO, USB,WIFI\" \/>\n<meta property=\"og:description\" content=\"Caracter\u00edsticas Generales Procedencia Ancho (cm) 48 Largo (cm) 52 Alto (cm) 25 Peso Completo (Utilizado para Flete) (gr) 17 Caracter\u00edsticas Especificas Tama\u00f1o de Pantalla pantalla LCD de 3.05 cm Compatibilidad Com\u00ed\u00ban: Papel Com\u00ed\u00ban, Papel de Alta Resoluci\u00ed\u00b3n; Brilloso: Papel Fotogr\u00e1fico Brilloso Plus II, Papel Fotogr\u00e1fico Brilloso; Papel Mate: Papel Fotogr\u00e1fico Mate; Sobres: Sobres U.S. N\u00ed\u00bam. [&hellip;]\" \/>\n<meta property=\"og:url\" content=\"https:\/\/astcartech.com\/en\/product\/impresora-multifuncional-canon-pixma-g3110-imprime-copia-escaneo-usbwifi\/\" \/>\n<meta property=\"og:site_name\" content=\"ASTCAR TECH\" \/>\n<meta property=\"article:publisher\" content=\"https:\/\/www.facebook.com\/AstCarTech\" \/>\n<meta property=\"og:image\" content=\"https:\/\/astcartech.com\/wp-content\/uploads\/2024\/11\/61-1.png\" \/>\n\t<meta property=\"og:image:width\" content=\"1024\" \/>\n\t<meta property=\"og:image:height\" content=\"1024\" \/>\n\t<meta property=\"og:image:type\" content=\"image\/png\" \/>\n<meta name=\"twitter:card\" content=\"summary_large_image\" \/>\n<script type=\"application\/ld+json\" class=\"yoast-schema-graph\">{\"@context\":\"https:\/\/schema.org\",\"@graph\":[{\"@type\":\"WebPage\",\"@id\":\"https:\/\/astcartech.com\/product\/impresora-multifuncional-canon-pixma-g3110-imprime-copia-escaneo-usbwifi\/\",\"url\":\"https:\/\/astcartech.com\/product\/impresora-multifuncional-canon-pixma-g3110-imprime-copia-escaneo-usbwifi\/\",\"name\":\"IMPRESORA MULTIFUNCIONAL CANON PIXMA G3110 \/IMPRIME ,COPIA ,ESCANEO, USB,WIFI - ASTCAR TECH\",\"isPartOf\":{\"@id\":\"https:\/\/astcartech.com\/#website\"},\"primaryImageOfPage\":{\"@id\":\"https:\/\/astcartech.com\/product\/impresora-multifuncional-canon-pixma-g3110-imprime-copia-escaneo-usbwifi\/#primaryimage\"},\"image\":{\"@id\":\"https:\/\/astcartech.com\/product\/impresora-multifuncional-canon-pixma-g3110-imprime-copia-escaneo-usbwifi\/#primaryimage\"},\"thumbnailUrl\":\"https:\/\/astcartech.com\/wp-content\/uploads\/2024\/11\/61-1.png\",\"datePublished\":\"2024-11-23T16:24:21+00:00\",\"breadcrumb\":{\"@id\":\"https:\/\/astcartech.com\/product\/impresora-multifuncional-canon-pixma-g3110-imprime-copia-escaneo-usbwifi\/#breadcrumb\"},\"inLanguage\":\"en-US\",\"potentialAction\":[{\"@type\":\"ReadAction\",\"target\":[\"https:\/\/astcartech.com\/product\/impresora-multifuncional-canon-pixma-g3110-imprime-copia-escaneo-usbwifi\/\"]}]},{\"@type\":\"ImageObject\",\"inLanguage\":\"en-US\",\"@id\":\"https:\/\/astcartech.com\/product\/impresora-multifuncional-canon-pixma-g3110-imprime-copia-escaneo-usbwifi\/#primaryimage\",\"url\":\"https:\/\/astcartech.com\/wp-content\/uploads\/2024\/11\/61-1.png\",\"contentUrl\":\"https:\/\/astcartech.com\/wp-content\/uploads\/2024\/11\/61-1.png\",\"width\":1024,\"height\":1024},{\"@type\":\"BreadcrumbList\",\"@id\":\"https:\/\/astcartech.com\/product\/impresora-multifuncional-canon-pixma-g3110-imprime-copia-escaneo-usbwifi\/#breadcrumb\",\"itemListElement\":[{\"@type\":\"ListItem\",\"position\":1,\"name\":\"Portada\",\"item\":\"https:\/\/astcartech.com\/\"},{\"@type\":\"ListItem\",\"position\":2,\"name\":\"Tienda\",\"item\":\"https:\/\/astcartech.com\/tienda\/\"},{\"@type\":\"ListItem\",\"position\":3,\"name\":\"IMPRESORA MULTIFUNCIONAL CANON PIXMA G3110 \/IMPRIME ,COPIA ,ESCANEO, USB,WIFI\"}]},{\"@type\":\"WebSite\",\"@id\":\"https:\/\/astcartech.com\/#website\",\"url\":\"https:\/\/astcartech.com\/\",\"name\":\"Astcar Tech\",\"description\":\"Suministros y Tecnologia\",\"publisher\":{\"@id\":\"https:\/\/astcartech.com\/#organization\"},\"alternateName\":\"astcar technology\",\"potentialAction\":[{\"@type\":\"SearchAction\",\"target\":{\"@type\":\"EntryPoint\",\"urlTemplate\":\"https:\/\/astcartech.com\/?s={search_term_string}\"},\"query-input\":{\"@type\":\"PropertyValueSpecification\",\"valueRequired\":true,\"valueName\":\"search_term_string\"}}],\"inLanguage\":\"en-US\"},{\"@type\":\"Organization\",\"@id\":\"https:\/\/astcartech.com\/#organization\",\"name\":\"Astcar Tech\",\"alternateName\":\"Astcar Tech\",\"url\":\"https:\/\/astcartech.com\/\",\"logo\":{\"@type\":\"ImageObject\",\"inLanguage\":\"en-US\",\"@id\":\"https:\/\/astcartech.com\/#\/schema\/logo\/image\/\",\"url\":\"https:\/\/astcartech.com\/wp-content\/uploads\/2024\/11\/logo-Astcar-Tech-new_Mesa-de-trabajo-1.png\",\"contentUrl\":\"https:\/\/astcartech.com\/wp-content\/uploads\/2024\/11\/logo-Astcar-Tech-new_Mesa-de-trabajo-1.png\",\"width\":5162,\"height\":2920,\"caption\":\"Astcar Tech\"},\"image\":{\"@id\":\"https:\/\/astcartech.com\/#\/schema\/logo\/image\/\"},\"sameAs\":[\"https:\/\/www.facebook.com\/AstCarTech\",\"https:\/\/www.instagram.com\/astcartech\",\"https:\/\/www.tiktok.com\/@astcartech\"],\"publishingPrinciples\":\"https:\/\/astcartech.com\/tienda\/\",\"ownershipFundingInfo\":\"https:\/\/astcartech.com\/nosotros\/\",\"actionableFeedbackPolicy\":\"https:\/\/astcartech.com\/politica-de-privacidad\/\",\"correctionsPolicy\":\"https:\/\/astcartech.com\/politica-de-privacidad\/\",\"ethicsPolicy\":\"https:\/\/astcartech.com\/politica-de-privacidad\/\",\"diversityPolicy\":\"https:\/\/astcartech.com\/politica-de-privacidad\/\",\"diversityStaffingReport\":\"https:\/\/astcartech.com\/politica-de-privacidad\/\"}]}<\/script>\n<!-- \/ Yoast SEO Premium plugin. -->","yoast_head_json":{"title":"IMPRESORA MULTIFUNCIONAL CANON PIXMA G3110 \/IMPRIME ,COPIA ,ESCANEO, USB,WIFI - ASTCAR TECH","robots":{"index":"index","follow":"follow","max-snippet":"max-snippet:-1","max-image-preview":"max-image-preview:large","max-video-preview":"max-video-preview:-1"},"canonical":"https:\/\/astcartech.com\/en\/product\/impresora-multifuncional-canon-pixma-g3110-imprime-copia-escaneo-usbwifi\/","og_locale":"en_US","og_type":"article","og_title":"IMPRESORA MULTIFUNCIONAL CANON PIXMA G3110 \/IMPRIME ,COPIA ,ESCANEO, USB,WIFI","og_description":"Caracter\u00edsticas Generales Procedencia Ancho (cm) 48 Largo (cm) 52 Alto (cm) 25 Peso Completo (Utilizado para Flete) (gr) 17 Caracter\u00edsticas Especificas Tama\u00f1o de Pantalla pantalla LCD de 3.05 cm Compatibilidad Com\u00ed\u00ban: Papel Com\u00ed\u00ban, Papel de Alta Resoluci\u00ed\u00b3n; Brilloso: Papel Fotogr\u00e1fico Brilloso Plus II, Papel Fotogr\u00e1fico Brilloso; Papel Mate: Papel Fotogr\u00e1fico Mate; Sobres: Sobres U.S. N\u00ed\u00bam. [&hellip;]","og_url":"https:\/\/astcartech.com\/en\/product\/impresora-multifuncional-canon-pixma-g3110-imprime-copia-escaneo-usbwifi\/","og_site_name":"ASTCAR TECH","article_publisher":"https:\/\/www.facebook.com\/AstCarTech","og_image":[{"width":1024,"height":1024,"url":"https:\/\/astcartech.com\/wp-content\/uploads\/2024\/11\/61-1.png","type":"image\/png"}],"twitter_card":"summary_large_image","schema":{"@context":"https:\/\/schema.org","@graph":[{"@type":"WebPage","@id":"https:\/\/astcartech.com\/product\/impresora-multifuncional-canon-pixma-g3110-imprime-copia-escaneo-usbwifi\/","url":"https:\/\/astcartech.com\/product\/impresora-multifuncional-canon-pixma-g3110-imprime-copia-escaneo-usbwifi\/","name":"IMPRESORA MULTIFUNCIONAL CANON PIXMA G3110 \/IMPRIME ,COPIA ,ESCANEO, USB,WIFI - ASTCAR TECH","isPartOf":{"@id":"https:\/\/astcartech.com\/#website"},"primaryImageOfPage":{"@id":"https:\/\/astcartech.com\/product\/impresora-multifuncional-canon-pixma-g3110-imprime-copia-escaneo-usbwifi\/#primaryimage"},"image":{"@id":"https:\/\/astcartech.com\/product\/impresora-multifuncional-canon-pixma-g3110-imprime-copia-escaneo-usbwifi\/#primaryimage"},"thumbnailUrl":"https:\/\/astcartech.com\/wp-content\/uploads\/2024\/11\/61-1.png","datePublished":"2024-11-23T16:24:21+00:00","breadcrumb":{"@id":"https:\/\/astcartech.com\/product\/impresora-multifuncional-canon-pixma-g3110-imprime-copia-escaneo-usbwifi\/#breadcrumb"},"inLanguage":"en-US","potentialAction":[{"@type":"ReadAction","target":["https:\/\/astcartech.com\/product\/impresora-multifuncional-canon-pixma-g3110-imprime-copia-escaneo-usbwifi\/"]}]},{"@type":"ImageObject","inLanguage":"en-US","@id":"https:\/\/astcartech.com\/product\/impresora-multifuncional-canon-pixma-g3110-imprime-copia-escaneo-usbwifi\/#primaryimage","url":"https:\/\/astcartech.com\/wp-content\/uploads\/2024\/11\/61-1.png","contentUrl":"https:\/\/astcartech.com\/wp-content\/uploads\/2024\/11\/61-1.png","width":1024,"height":1024},{"@type":"BreadcrumbList","@id":"https:\/\/astcartech.com\/product\/impresora-multifuncional-canon-pixma-g3110-imprime-copia-escaneo-usbwifi\/#breadcrumb","itemListElement":[{"@type":"ListItem","position":1,"name":"Portada","item":"https:\/\/astcartech.com\/"},{"@type":"ListItem","position":2,"name":"Tienda","item":"https:\/\/astcartech.com\/tienda\/"},{"@type":"ListItem","position":3,"name":"IMPRESORA MULTIFUNCIONAL CANON PIXMA G3110 \/IMPRIME ,COPIA ,ESCANEO, USB,WIFI"}]},{"@type":"WebSite","@id":"https:\/\/astcartech.com\/#website","url":"https:\/\/astcartech.com\/","name":"Astcar Tech","description":"Suministros y Tecnologia","publisher":{"@id":"https:\/\/astcartech.com\/#organization"},"alternateName":"astcar technology","potentialAction":[{"@type":"SearchAction","target":{"@type":"EntryPoint","urlTemplate":"https:\/\/astcartech.com\/?s={search_term_string}"},"query-input":{"@type":"PropertyValueSpecification","valueRequired":true,"valueName":"search_term_string"}}],"inLanguage":"en-US"},{"@type":"Organization","@id":"https:\/\/astcartech.com\/#organization","name":"Astcar Tech","alternateName":"Astcar Tech","url":"https:\/\/astcartech.com\/","logo":{"@type":"ImageObject","inLanguage":"en-US","@id":"https:\/\/astcartech.com\/#\/schema\/logo\/image\/","url":"https:\/\/astcartech.com\/wp-content\/uploads\/2024\/11\/logo-Astcar-Tech-new_Mesa-de-trabajo-1.png","contentUrl":"https:\/\/astcartech.com\/wp-content\/uploads\/2024\/11\/logo-Astcar-Tech-new_Mesa-de-trabajo-1.png","width":5162,"height":2920,"caption":"Astcar Tech"},"image":{"@id":"https:\/\/astcartech.com\/#\/schema\/logo\/image\/"},"sameAs":["https:\/\/www.facebook.com\/AstCarTech","https:\/\/www.instagram.com\/astcartech","https:\/\/www.tiktok.com\/@astcartech"],"publishingPrinciples":"https:\/\/astcartech.com\/tienda\/","ownershipFundingInfo":"https:\/\/astcartech.com\/nosotros\/","actionableFeedbackPolicy":"https:\/\/astcartech.com\/politica-de-privacidad\/","correctionsPolicy":"https:\/\/astcartech.com\/politica-de-privacidad\/","ethicsPolicy":"https:\/\/astcartech.com\/politica-de-privacidad\/","diversityPolicy":"https:\/\/astcartech.com\/politica-de-privacidad\/","diversityStaffingReport":"https:\/\/astcartech.com\/politica-de-privacidad\/"}]}},"_links":{"self":[{"href":"https:\/\/astcartech.com\/en\/wp-json\/wp\/v2\/product\/4219","targetHints":{"allow":["GET"]}}],"collection":[{"href":"https:\/\/astcartech.com\/en\/wp-json\/wp\/v2\/product"}],"about":[{"href":"https:\/\/astcartech.com\/en\/wp-json\/wp\/v2\/types\/product"}],"replies":[{"embeddable":true,"href":"https:\/\/astcartech.com\/en\/wp-json\/wp\/v2\/comments?post=4219"}],"wp:featuredmedia":[{"embeddable":true,"href":"https:\/\/astcartech.com\/en\/wp-json\/wp\/v2\/media\/4221"}],"wp:attachment":[{"href":"https:\/\/astcartech.com\/en\/wp-json\/wp\/v2\/media?parent=4219"}],"wp:term":[{"taxonomy":"product_cat","embeddable":true,"href":"https:\/\/astcartech.com\/en\/wp-json\/wp\/v2\/product_cat?post=4219"},{"taxonomy":"product_tag","embeddable":true,"href":"https:\/\/astcartech.com\/en\/wp-json\/wp\/v2\/product_tag?post=4219"}],"curies":[{"name":"wp","href":"https:\/\/api.w.org\/{rel}","templated":true}]}}