{"id":4231,"date":"2024-11-23T16:35:08","date_gmt":"2024-11-23T16:35:08","guid":{"rendered":"https:\/\/astcartech.com\/?post_type=product&#038;p=4231"},"modified":"2024-11-23T16:35:08","modified_gmt":"2024-11-23T16:35:08","slug":"impresora-canon-pixma-g6010-multifuncional-de-sistema-continuo-usb-wifi","status":"publish","type":"product","link":"https:\/\/astcartech.com\/en\/product\/impresora-canon-pixma-g6010-multifuncional-de-sistema-continuo-usb-wifi\/","title":{"rendered":"Impresora Canon Pixma G6010 Multifuncional de Sistema Continuo USB Wifi"},"content":{"rendered":"<table>\n<tbody>\n<tr>\n<td><strong>SUBCATEGORIA<\/strong><\/td>\n<td>Impresoras<\/td>\n<\/tr>\n<tr>\n<td><strong>MARCA<\/strong><\/td>\n<td>CANON<\/td>\n<\/tr>\n<tr>\n<td><strong>MODELO<\/strong><\/td>\n<td>Pixma G6010<\/td>\n<\/tr>\n<tr>\n<td><strong>PART NUMBER<\/strong><\/td>\n<td>3113C004AA<\/td>\n<\/tr>\n<tr>\n<td><strong>TIPO<\/strong><\/td>\n<td>Multifuncional<\/td>\n<\/tr>\n<tr>\n<td><strong>TIPO DE TINTA<\/strong><\/td>\n<td>Botella de tinta<\/td>\n<\/tr>\n<tr>\n<td><strong>CONEXION<\/strong><\/td>\n<td>USB<\/td>\n<\/tr>\n<tr>\n<td><strong>CARACTERISTICA ADICIONAL<\/strong><\/td>\n<td>Conexi\u00f3n Wifi<\/td>\n<\/tr>\n<tr>\n<td><strong>IMPRESORA<\/strong><\/td>\n<td>\n<ul>\n<li>Tiempo de salida de la primera impresi\u00f3n: documento en negro: aprox. 9 segundos\/Documento en color: aprox. 14 segundos11<\/li>\n<li>Fotograf\u00eda sin bordes de 4&#8243; x 6&#8243; (PP-201): aprox. 37 segundos11<\/li>\n<li>Documento en negro (Carta\/una cara): aprox. 13.0 ipm11<\/li>\n<li>Documento en color (Carta\/una cara): aprox. 6.8 ipm11<\/li>\n<li>Cantidad de boquillas Color: 1,152\/Negra a base de pigmentos: 640\/Total: 1,792<\/li>\n<li>Resoluci\u00f3n de impresi\u00f3n (hasta) Hasta 4800 x 1200 ppp12<\/li>\n<\/ul>\n<\/td>\n<\/tr>\n<tr>\n<td><strong>COPIADORA<\/strong><\/td>\n<td>\n<ul>\n<li>Velocidad de copiado (hasta) FCOT (Color): Aprox. 20 segundos11<\/li>\n<li>Tipo Alto, Est\u00e1ndar, Econ\u00f3mico<\/li>\n<li>Cantidad de copias Hasta 99 copias<\/li>\n<li>Caracter\u00edsticas de copiado Copiado 2 en 1\/4 en 1, Sin Bordes, Copiado a dos caras, Recordatorio de Remoci\u00f3n de Documento, Copiado de Tarjeta de Identificaci\u00f3n, Copiado Est\u00e1ndar<\/li>\n<\/ul>\n<\/td>\n<\/tr>\n<tr>\n<td><strong>ESCANER<\/strong><\/td>\n<td>\n<ul>\n<li>Tipo de esc\u00e1ner Esc\u00e1ner plano<\/li>\n<li>Elemento de escaneo Sensor de Imagen por Contacto (CIS)<\/li>\n<li>Resoluci\u00f3n m\u00e1xima 1200 x 2400 ppp (\u00f3ptica)15<\/li>\n<li>Caracter\u00edsticas del esc\u00e1ner Modo de Escaneo Autom\u00e1tico14, Recordatorio de Remoci\u00f3n de Documentos, Escaneo en Red, Escaneo Inal\u00e1mbrico5, Escaneo hacia PC, Escaneo hacia la aplicaci\u00f3n Canon PRINT3, PDF de varias p\u00e1ginas<\/li>\n<li>Profundidad de color M\u00e1xima profundidad de bits de escaneo en color<\/li>\n<li>Escala de grises: 16 bits\/8 bits<\/li>\n<li>Color: 16 bits\/8 bits por color<\/li>\n<li>Tama\u00f1o m\u00e1ximo del documento Platina plana: 8.5&#8243; x 11.7&#8243;<\/li>\n<\/ul>\n<\/td>\n<\/tr>\n<tr>\n<td><strong>INTERFAZ<\/strong><\/td>\n<td>\n<ul>\n<li>Hi-Speed USB<\/li>\n<li>PictBridge\/PictBridge Inal\u00e1mbrico<sup>16<\/sup><\/li>\n<li>Wi-Fi\u00ae<sup>3<\/sup>\u00a0(Red inal\u00e1mbrica 802.11b\/g\/n, 2.4 GHz)<sup>5<\/sup><\/li>\n<li>Ethernet (100\/10 Base-T)<\/li>\n<\/ul>\n<\/td>\n<\/tr>\n<\/tbody>\n<\/table>","protected":false},"excerpt":{"rendered":"<p>SUBCATEGORIA Impresoras MARCA CANON MODELO Pixma G6010 PART NUMBER 3113C004AA TIPO Multifuncional TIPO DE TINTA Botella de tinta CONEXION USB CARACTERISTICA ADICIONAL Conexi\u00f3n Wifi IMPRESORA Tiempo de salida de la primera impresi\u00f3n: documento en negro: aprox. 9 segundos\/Documento en color: aprox. 14 segundos11 Fotograf\u00eda sin bordes de 4&#8243; x 6&#8243; (PP-201): aprox. 37 segundos11 Documento [&hellip;]<\/p>","protected":false},"featured_media":4233,"comment_status":"open","ping_status":"closed","template":"","meta":[],"product_cat":[80],"product_tag":[],"class_list":{"0":"post-4231","1":"product","2":"type-product","3":"status-publish","4":"has-post-thumbnail","6":"product_cat-impresoras","8":"first","9":"instock","10":"shipping-taxable","11":"purchasable","12":"product-type-simple"},"yoast_head":"<!-- This site is optimized with the Yoast SEO Premium plugin v26.3 (Yoast SEO v26.3) - https:\/\/yoast.com\/wordpress\/plugins\/seo\/ -->\n<title>Impresora Canon Pixma G6010 Multifuncional de Sistema Continuo USB Wifi - ASTCAR TECH<\/title>\n<meta name=\"robots\" content=\"index, follow, max-snippet:-1, max-image-preview:large, max-video-preview:-1\" \/>\n<link rel=\"canonical\" href=\"https:\/\/astcartech.com\/en\/product\/impresora-canon-pixma-g6010-multifuncional-de-sistema-continuo-usb-wifi\/\" \/>\n<meta property=\"og:locale\" content=\"en_US\" \/>\n<meta property=\"og:type\" content=\"article\" \/>\n<meta property=\"og:title\" content=\"Impresora Canon Pixma G6010 Multifuncional de Sistema Continuo USB Wifi\" \/>\n<meta property=\"og:description\" content=\"SUBCATEGORIA Impresoras MARCA CANON MODELO Pixma G6010 PART NUMBER 3113C004AA TIPO Multifuncional TIPO DE TINTA Botella de tinta CONEXION USB CARACTERISTICA ADICIONAL Conexi\u00f3n Wifi IMPRESORA Tiempo de salida de la primera impresi\u00f3n: documento en negro: aprox. 9 segundos\/Documento en color: aprox. 14 segundos11 Fotograf\u00eda sin bordes de 4&#8243; x 6&#8243; (PP-201): aprox. 37 segundos11 Documento [&hellip;]\" \/>\n<meta property=\"og:url\" content=\"https:\/\/astcartech.com\/en\/product\/impresora-canon-pixma-g6010-multifuncional-de-sistema-continuo-usb-wifi\/\" \/>\n<meta property=\"og:site_name\" content=\"ASTCAR TECH\" \/>\n<meta property=\"article:publisher\" content=\"https:\/\/www.facebook.com\/AstCarTech\" \/>\n<meta property=\"og:image\" content=\"https:\/\/astcartech.com\/wp-content\/uploads\/2024\/11\/69-2.png\" \/>\n\t<meta property=\"og:image:width\" content=\"1024\" \/>\n\t<meta property=\"og:image:height\" content=\"1024\" \/>\n\t<meta property=\"og:image:type\" content=\"image\/png\" \/>\n<meta name=\"twitter:card\" content=\"summary_large_image\" \/>\n<meta name=\"twitter:label1\" content=\"Est. reading time\" \/>\n\t<meta name=\"twitter:data1\" content=\"1 minute\" \/>\n<script type=\"application\/ld+json\" class=\"yoast-schema-graph\">{\"@context\":\"https:\/\/schema.org\",\"@graph\":[{\"@type\":\"WebPage\",\"@id\":\"https:\/\/astcartech.com\/product\/impresora-canon-pixma-g6010-multifuncional-de-sistema-continuo-usb-wifi\/\",\"url\":\"https:\/\/astcartech.com\/product\/impresora-canon-pixma-g6010-multifuncional-de-sistema-continuo-usb-wifi\/\",\"name\":\"Impresora Canon Pixma G6010 Multifuncional de Sistema Continuo USB Wifi - ASTCAR TECH\",\"isPartOf\":{\"@id\":\"https:\/\/astcartech.com\/#website\"},\"primaryImageOfPage\":{\"@id\":\"https:\/\/astcartech.com\/product\/impresora-canon-pixma-g6010-multifuncional-de-sistema-continuo-usb-wifi\/#primaryimage\"},\"image\":{\"@id\":\"https:\/\/astcartech.com\/product\/impresora-canon-pixma-g6010-multifuncional-de-sistema-continuo-usb-wifi\/#primaryimage\"},\"thumbnailUrl\":\"https:\/\/astcartech.com\/wp-content\/uploads\/2024\/11\/69-2.png\",\"datePublished\":\"2024-11-23T16:35:08+00:00\",\"breadcrumb\":{\"@id\":\"https:\/\/astcartech.com\/product\/impresora-canon-pixma-g6010-multifuncional-de-sistema-continuo-usb-wifi\/#breadcrumb\"},\"inLanguage\":\"en-US\",\"potentialAction\":[{\"@type\":\"ReadAction\",\"target\":[\"https:\/\/astcartech.com\/product\/impresora-canon-pixma-g6010-multifuncional-de-sistema-continuo-usb-wifi\/\"]}]},{\"@type\":\"ImageObject\",\"inLanguage\":\"en-US\",\"@id\":\"https:\/\/astcartech.com\/product\/impresora-canon-pixma-g6010-multifuncional-de-sistema-continuo-usb-wifi\/#primaryimage\",\"url\":\"https:\/\/astcartech.com\/wp-content\/uploads\/2024\/11\/69-2.png\",\"contentUrl\":\"https:\/\/astcartech.com\/wp-content\/uploads\/2024\/11\/69-2.png\",\"width\":1024,\"height\":1024},{\"@type\":\"BreadcrumbList\",\"@id\":\"https:\/\/astcartech.com\/product\/impresora-canon-pixma-g6010-multifuncional-de-sistema-continuo-usb-wifi\/#breadcrumb\",\"itemListElement\":[{\"@type\":\"ListItem\",\"position\":1,\"name\":\"Portada\",\"item\":\"https:\/\/astcartech.com\/\"},{\"@type\":\"ListItem\",\"position\":2,\"name\":\"Tienda\",\"item\":\"https:\/\/astcartech.com\/tienda\/\"},{\"@type\":\"ListItem\",\"position\":3,\"name\":\"Impresora Canon Pixma G6010 Multifuncional de Sistema Continuo USB Wifi\"}]},{\"@type\":\"WebSite\",\"@id\":\"https:\/\/astcartech.com\/#website\",\"url\":\"https:\/\/astcartech.com\/\",\"name\":\"Astcar Tech\",\"description\":\"Suministros y Tecnologia\",\"publisher\":{\"@id\":\"https:\/\/astcartech.com\/#organization\"},\"alternateName\":\"astcar technology\",\"potentialAction\":[{\"@type\":\"SearchAction\",\"target\":{\"@type\":\"EntryPoint\",\"urlTemplate\":\"https:\/\/astcartech.com\/?s={search_term_string}\"},\"query-input\":{\"@type\":\"PropertyValueSpecification\",\"valueRequired\":true,\"valueName\":\"search_term_string\"}}],\"inLanguage\":\"en-US\"},{\"@type\":\"Organization\",\"@id\":\"https:\/\/astcartech.com\/#organization\",\"name\":\"Astcar Tech\",\"alternateName\":\"Astcar Tech\",\"url\":\"https:\/\/astcartech.com\/\",\"logo\":{\"@type\":\"ImageObject\",\"inLanguage\":\"en-US\",\"@id\":\"https:\/\/astcartech.com\/#\/schema\/logo\/image\/\",\"url\":\"https:\/\/astcartech.com\/wp-content\/uploads\/2024\/11\/logo-Astcar-Tech-new_Mesa-de-trabajo-1.png\",\"contentUrl\":\"https:\/\/astcartech.com\/wp-content\/uploads\/2024\/11\/logo-Astcar-Tech-new_Mesa-de-trabajo-1.png\",\"width\":5162,\"height\":2920,\"caption\":\"Astcar Tech\"},\"image\":{\"@id\":\"https:\/\/astcartech.com\/#\/schema\/logo\/image\/\"},\"sameAs\":[\"https:\/\/www.facebook.com\/AstCarTech\",\"https:\/\/www.instagram.com\/astcartech\",\"https:\/\/www.tiktok.com\/@astcartech\"],\"publishingPrinciples\":\"https:\/\/astcartech.com\/tienda\/\",\"ownershipFundingInfo\":\"https:\/\/astcartech.com\/nosotros\/\",\"actionableFeedbackPolicy\":\"https:\/\/astcartech.com\/politica-de-privacidad\/\",\"correctionsPolicy\":\"https:\/\/astcartech.com\/politica-de-privacidad\/\",\"ethicsPolicy\":\"https:\/\/astcartech.com\/politica-de-privacidad\/\",\"diversityPolicy\":\"https:\/\/astcartech.com\/politica-de-privacidad\/\",\"diversityStaffingReport\":\"https:\/\/astcartech.com\/politica-de-privacidad\/\"}]}<\/script>\n<!-- \/ Yoast SEO Premium plugin. -->","yoast_head_json":{"title":"Impresora Canon Pixma G6010 Multifuncional de Sistema Continuo USB Wifi - ASTCAR TECH","robots":{"index":"index","follow":"follow","max-snippet":"max-snippet:-1","max-image-preview":"max-image-preview:large","max-video-preview":"max-video-preview:-1"},"canonical":"https:\/\/astcartech.com\/en\/product\/impresora-canon-pixma-g6010-multifuncional-de-sistema-continuo-usb-wifi\/","og_locale":"en_US","og_type":"article","og_title":"Impresora Canon Pixma G6010 Multifuncional de Sistema Continuo USB Wifi","og_description":"SUBCATEGORIA Impresoras MARCA CANON MODELO Pixma G6010 PART NUMBER 3113C004AA TIPO Multifuncional TIPO DE TINTA Botella de tinta CONEXION USB CARACTERISTICA ADICIONAL Conexi\u00f3n Wifi IMPRESORA Tiempo de salida de la primera impresi\u00f3n: documento en negro: aprox. 9 segundos\/Documento en color: aprox. 14 segundos11 Fotograf\u00eda sin bordes de 4&#8243; x 6&#8243; (PP-201): aprox. 37 segundos11 Documento [&hellip;]","og_url":"https:\/\/astcartech.com\/en\/product\/impresora-canon-pixma-g6010-multifuncional-de-sistema-continuo-usb-wifi\/","og_site_name":"ASTCAR TECH","article_publisher":"https:\/\/www.facebook.com\/AstCarTech","og_image":[{"width":1024,"height":1024,"url":"https:\/\/astcartech.com\/wp-content\/uploads\/2024\/11\/69-2.png","type":"image\/png"}],"twitter_card":"summary_large_image","twitter_misc":{"Est. reading time":"1 minute"},"schema":{"@context":"https:\/\/schema.org","@graph":[{"@type":"WebPage","@id":"https:\/\/astcartech.com\/product\/impresora-canon-pixma-g6010-multifuncional-de-sistema-continuo-usb-wifi\/","url":"https:\/\/astcartech.com\/product\/impresora-canon-pixma-g6010-multifuncional-de-sistema-continuo-usb-wifi\/","name":"Impresora Canon Pixma G6010 Multifuncional de Sistema Continuo USB Wifi - ASTCAR TECH","isPartOf":{"@id":"https:\/\/astcartech.com\/#website"},"primaryImageOfPage":{"@id":"https:\/\/astcartech.com\/product\/impresora-canon-pixma-g6010-multifuncional-de-sistema-continuo-usb-wifi\/#primaryimage"},"image":{"@id":"https:\/\/astcartech.com\/product\/impresora-canon-pixma-g6010-multifuncional-de-sistema-continuo-usb-wifi\/#primaryimage"},"thumbnailUrl":"https:\/\/astcartech.com\/wp-content\/uploads\/2024\/11\/69-2.png","datePublished":"2024-11-23T16:35:08+00:00","breadcrumb":{"@id":"https:\/\/astcartech.com\/product\/impresora-canon-pixma-g6010-multifuncional-de-sistema-continuo-usb-wifi\/#breadcrumb"},"inLanguage":"en-US","potentialAction":[{"@type":"ReadAction","target":["https:\/\/astcartech.com\/product\/impresora-canon-pixma-g6010-multifuncional-de-sistema-continuo-usb-wifi\/"]}]},{"@type":"ImageObject","inLanguage":"en-US","@id":"https:\/\/astcartech.com\/product\/impresora-canon-pixma-g6010-multifuncional-de-sistema-continuo-usb-wifi\/#primaryimage","url":"https:\/\/astcartech.com\/wp-content\/uploads\/2024\/11\/69-2.png","contentUrl":"https:\/\/astcartech.com\/wp-content\/uploads\/2024\/11\/69-2.png","width":1024,"height":1024},{"@type":"BreadcrumbList","@id":"https:\/\/astcartech.com\/product\/impresora-canon-pixma-g6010-multifuncional-de-sistema-continuo-usb-wifi\/#breadcrumb","itemListElement":[{"@type":"ListItem","position":1,"name":"Portada","item":"https:\/\/astcartech.com\/"},{"@type":"ListItem","position":2,"name":"Tienda","item":"https:\/\/astcartech.com\/tienda\/"},{"@type":"ListItem","position":3,"name":"Impresora Canon Pixma G6010 Multifuncional de Sistema Continuo USB Wifi"}]},{"@type":"WebSite","@id":"https:\/\/astcartech.com\/#website","url":"https:\/\/astcartech.com\/","name":"Astcar Tech","description":"Suministros y Tecnologia","publisher":{"@id":"https:\/\/astcartech.com\/#organization"},"alternateName":"astcar technology","potentialAction":[{"@type":"SearchAction","target":{"@type":"EntryPoint","urlTemplate":"https:\/\/astcartech.com\/?s={search_term_string}"},"query-input":{"@type":"PropertyValueSpecification","valueRequired":true,"valueName":"search_term_string"}}],"inLanguage":"en-US"},{"@type":"Organization","@id":"https:\/\/astcartech.com\/#organization","name":"Astcar Tech","alternateName":"Astcar Tech","url":"https:\/\/astcartech.com\/","logo":{"@type":"ImageObject","inLanguage":"en-US","@id":"https:\/\/astcartech.com\/#\/schema\/logo\/image\/","url":"https:\/\/astcartech.com\/wp-content\/uploads\/2024\/11\/logo-Astcar-Tech-new_Mesa-de-trabajo-1.png","contentUrl":"https:\/\/astcartech.com\/wp-content\/uploads\/2024\/11\/logo-Astcar-Tech-new_Mesa-de-trabajo-1.png","width":5162,"height":2920,"caption":"Astcar Tech"},"image":{"@id":"https:\/\/astcartech.com\/#\/schema\/logo\/image\/"},"sameAs":["https:\/\/www.facebook.com\/AstCarTech","https:\/\/www.instagram.com\/astcartech","https:\/\/www.tiktok.com\/@astcartech"],"publishingPrinciples":"https:\/\/astcartech.com\/tienda\/","ownershipFundingInfo":"https:\/\/astcartech.com\/nosotros\/","actionableFeedbackPolicy":"https:\/\/astcartech.com\/politica-de-privacidad\/","correctionsPolicy":"https:\/\/astcartech.com\/politica-de-privacidad\/","ethicsPolicy":"https:\/\/astcartech.com\/politica-de-privacidad\/","diversityPolicy":"https:\/\/astcartech.com\/politica-de-privacidad\/","diversityStaffingReport":"https:\/\/astcartech.com\/politica-de-privacidad\/"}]}},"_links":{"self":[{"href":"https:\/\/astcartech.com\/en\/wp-json\/wp\/v2\/product\/4231","targetHints":{"allow":["GET"]}}],"collection":[{"href":"https:\/\/astcartech.com\/en\/wp-json\/wp\/v2\/product"}],"about":[{"href":"https:\/\/astcartech.com\/en\/wp-json\/wp\/v2\/types\/product"}],"replies":[{"embeddable":true,"href":"https:\/\/astcartech.com\/en\/wp-json\/wp\/v2\/comments?post=4231"}],"wp:featuredmedia":[{"embeddable":true,"href":"https:\/\/astcartech.com\/en\/wp-json\/wp\/v2\/media\/4233"}],"wp:attachment":[{"href":"https:\/\/astcartech.com\/en\/wp-json\/wp\/v2\/media?parent=4231"}],"wp:term":[{"taxonomy":"product_cat","embeddable":true,"href":"https:\/\/astcartech.com\/en\/wp-json\/wp\/v2\/product_cat?post=4231"},{"taxonomy":"product_tag","embeddable":true,"href":"https:\/\/astcartech.com\/en\/wp-json\/wp\/v2\/product_tag?post=4231"}],"curies":[{"name":"wp","href":"https:\/\/api.w.org\/{rel}","templated":true}]}}