{"id":4235,"date":"2024-11-23T16:45:39","date_gmt":"2024-11-23T16:45:39","guid":{"rendered":"https:\/\/astcartech.com\/?post_type=product&#038;p=4235"},"modified":"2024-11-23T16:45:39","modified_gmt":"2024-11-23T16:45:39","slug":"impresora-multifuncional-canon-maxify-gx6010-imprime-copia-escaneo-usb-duplexwifiethernet","status":"publish","type":"product","link":"https:\/\/astcartech.com\/en\/product\/impresora-multifuncional-canon-maxify-gx6010-imprime-copia-escaneo-usb-duplexwifiethernet\/","title":{"rendered":"IMPRESORA MULTIFUNCIONAL CANON MAXIFY GX6010 \/IMPRIME ,COPIA ,ESCANEO ,USB, DUPLEX,WIFI,ETHERNET"},"content":{"rendered":"<table class=\"table mb-0 border\">\n<tbody>\n<tr class=\"clickable shadow-sm\" data-toggle=\"collapse\" data-target=\".o_ws_category_1\">\n<th class=\"text-left\" colspan=\"2\">\n<div class=\"d-flex justify-content-between align-items-center\">Caracter\u00edsticas Generales<i class=\"fa fa-chevron-down\"><\/i><\/div>\n<\/th>\n<\/tr>\n<tr class=\"collapse show o_ws_category_1\">\n<td>Procedencia<\/td>\n<td>VIETNAM<\/td>\n<\/tr>\n<tr class=\"collapse show o_ws_category_1\">\n<td>Peso solo de producto<\/td>\n<td>0.000000<\/td>\n<\/tr>\n<tr class=\"collapse show o_ws_category_1\">\n<td>Ancho (cm)<\/td>\n<td>49<\/td>\n<\/tr>\n<tr class=\"collapse show o_ws_category_1\">\n<td>Largo (cm)<\/td>\n<td>56<\/td>\n<\/tr>\n<tr class=\"collapse show o_ws_category_1\">\n<td>Alto (cm)<\/td>\n<td>34<\/td>\n<\/tr>\n<tr class=\"collapse show o_ws_category_1\">\n<td>Peso Completo (Utilizado para Flete) (gr)<\/td>\n<td>1700<\/td>\n<\/tr>\n<tr class=\"clickable shadow-sm\" data-toggle=\"collapse\" data-target=\".o_ws_category_2\">\n<th class=\"text-left\" colspan=\"2\">\n<div class=\"d-flex justify-content-between align-items-center\">Caracter\u00edsticas Especificas<i class=\"fa fa-chevron-down\"><\/i><\/div>\n<\/th>\n<\/tr>\n<tr class=\"collapse show o_ws_category_2\">\n<td>Tama\u00f1o de Pantalla<\/td>\n<td>pantalla t\u00e1ctil a color inclinable de 6,7 cm<\/td>\n<\/tr>\n<tr class=\"collapse show o_ws_category_2\">\n<td>Compatibilidad<\/td>\n<td>Papel com\u00fan, papel alta resoluci\u00ed\u00b3n, papel fotogr\u00e1fico Plus brillante II, Papel foto Pro Luster, papel foto plus semi-brillante, papel foto \u00e2\u0080\u009cuso diarios\u0080\u009c, papel foto brillante, papel foto matte, sobres, papel foto magn\u00e9tico, foto autoadhesivo removible, papel foto autoadhesivo removible, tarjetas, fotos autoadhesivas, Tela clara para transferencia por plancha, papel matte doble cara.<\/td>\n<\/tr>\n<\/tbody>\n<\/table>\n<ul>\n<li>Impresora, copiadora y scaner<\/li>\n<li>Rendimiento de hasta 9000 pag en B\/n y 21000 a color<\/li>\n<li>Alta velocidad: 45ppm B\/N y 25ppm color<\/li>\n<li>Alimentador de hojas (ADF): 50 hojas<\/li>\n<li>Interfaz est\u00e1ndar: Hi-Speed USB Wi-Fi\u00ae (LAN inal\u00e1mbrica, 2,4\/5 GHz, IEEE 802.11a\/b\/g\/n)1 LAN por cable (100BASE-TX)\/(10BASE-T)<\/li>\n<li>Resoluci\u00f3n de impresi\u00f3n\u00a0 (dpi): 600 x 1200 dpi<\/li>\n<li>\u00a0Ciclo de trabajo: hasta 45000 paginas\/mes<\/li>\n<\/ul>","protected":false},"excerpt":{"rendered":"<p>Caracter\u00edsticas Generales Procedencia VIETNAM Peso solo de producto 0.000000 Ancho (cm) 49 Largo (cm) 56 Alto (cm) 34 Peso Completo (Utilizado para Flete) (gr) 1700 Caracter\u00edsticas Especificas Tama\u00f1o de Pantalla pantalla t\u00e1ctil a color inclinable de 6,7 cm Compatibilidad Papel com\u00fan, papel alta resoluci\u00ed\u00b3n, papel fotogr\u00e1fico Plus brillante II, Papel foto Pro Luster, papel foto [&hellip;]<\/p>","protected":false},"featured_media":4236,"comment_status":"open","ping_status":"closed","template":"","meta":[],"product_cat":[80],"product_tag":[],"class_list":{"0":"post-4235","1":"product","2":"type-product","3":"status-publish","4":"has-post-thumbnail","6":"product_cat-impresoras","8":"first","9":"instock","10":"shipping-taxable","11":"purchasable","12":"product-type-simple"},"yoast_head":"<!-- This site is optimized with the Yoast SEO Premium plugin v26.3 (Yoast SEO v26.3) - https:\/\/yoast.com\/wordpress\/plugins\/seo\/ -->\n<title>IMPRESORA MULTIFUNCIONAL CANON MAXIFY GX6010 \/IMPRIME ,COPIA ,ESCANEO ,USB, DUPLEX,WIFI,ETHERNET - ASTCAR TECH<\/title>\n<meta name=\"robots\" content=\"index, follow, max-snippet:-1, max-image-preview:large, max-video-preview:-1\" \/>\n<link rel=\"canonical\" href=\"https:\/\/astcartech.com\/en\/product\/impresora-multifuncional-canon-maxify-gx6010-imprime-copia-escaneo-usb-duplexwifiethernet\/\" \/>\n<meta property=\"og:locale\" content=\"en_US\" \/>\n<meta property=\"og:type\" content=\"article\" \/>\n<meta property=\"og:title\" content=\"IMPRESORA MULTIFUNCIONAL CANON MAXIFY GX6010 \/IMPRIME ,COPIA ,ESCANEO ,USB, DUPLEX,WIFI,ETHERNET\" \/>\n<meta property=\"og:description\" content=\"Caracter\u00edsticas Generales Procedencia VIETNAM Peso solo de producto 0.000000 Ancho (cm) 49 Largo (cm) 56 Alto (cm) 34 Peso Completo (Utilizado para Flete) (gr) 1700 Caracter\u00edsticas Especificas Tama\u00f1o de Pantalla pantalla t\u00e1ctil a color inclinable de 6,7 cm Compatibilidad Papel com\u00fan, papel alta resoluci\u00ed\u00b3n, papel fotogr\u00e1fico Plus brillante II, Papel foto Pro Luster, papel foto [&hellip;]\" \/>\n<meta property=\"og:url\" content=\"https:\/\/astcartech.com\/en\/product\/impresora-multifuncional-canon-maxify-gx6010-imprime-copia-escaneo-usb-duplexwifiethernet\/\" \/>\n<meta property=\"og:site_name\" content=\"ASTCAR TECH\" \/>\n<meta property=\"article:publisher\" content=\"https:\/\/www.facebook.com\/AstCarTech\" \/>\n<meta property=\"og:image\" content=\"https:\/\/astcartech.com\/wp-content\/uploads\/2024\/11\/74.png\" \/>\n\t<meta property=\"og:image:width\" content=\"690\" \/>\n\t<meta property=\"og:image:height\" content=\"690\" \/>\n\t<meta property=\"og:image:type\" content=\"image\/png\" \/>\n<meta name=\"twitter:card\" content=\"summary_large_image\" \/>\n<meta name=\"twitter:label1\" content=\"Est. reading time\" \/>\n\t<meta name=\"twitter:data1\" content=\"1 minute\" \/>\n<script type=\"application\/ld+json\" class=\"yoast-schema-graph\">{\"@context\":\"https:\/\/schema.org\",\"@graph\":[{\"@type\":\"WebPage\",\"@id\":\"https:\/\/astcartech.com\/product\/impresora-multifuncional-canon-maxify-gx6010-imprime-copia-escaneo-usb-duplexwifiethernet\/\",\"url\":\"https:\/\/astcartech.com\/product\/impresora-multifuncional-canon-maxify-gx6010-imprime-copia-escaneo-usb-duplexwifiethernet\/\",\"name\":\"IMPRESORA MULTIFUNCIONAL CANON MAXIFY GX6010 \/IMPRIME ,COPIA ,ESCANEO ,USB, DUPLEX,WIFI,ETHERNET - ASTCAR TECH\",\"isPartOf\":{\"@id\":\"https:\/\/astcartech.com\/#website\"},\"primaryImageOfPage\":{\"@id\":\"https:\/\/astcartech.com\/product\/impresora-multifuncional-canon-maxify-gx6010-imprime-copia-escaneo-usb-duplexwifiethernet\/#primaryimage\"},\"image\":{\"@id\":\"https:\/\/astcartech.com\/product\/impresora-multifuncional-canon-maxify-gx6010-imprime-copia-escaneo-usb-duplexwifiethernet\/#primaryimage\"},\"thumbnailUrl\":\"https:\/\/astcartech.com\/wp-content\/uploads\/2024\/11\/74.png\",\"datePublished\":\"2024-11-23T16:45:39+00:00\",\"breadcrumb\":{\"@id\":\"https:\/\/astcartech.com\/product\/impresora-multifuncional-canon-maxify-gx6010-imprime-copia-escaneo-usb-duplexwifiethernet\/#breadcrumb\"},\"inLanguage\":\"en-US\",\"potentialAction\":[{\"@type\":\"ReadAction\",\"target\":[\"https:\/\/astcartech.com\/product\/impresora-multifuncional-canon-maxify-gx6010-imprime-copia-escaneo-usb-duplexwifiethernet\/\"]}]},{\"@type\":\"ImageObject\",\"inLanguage\":\"en-US\",\"@id\":\"https:\/\/astcartech.com\/product\/impresora-multifuncional-canon-maxify-gx6010-imprime-copia-escaneo-usb-duplexwifiethernet\/#primaryimage\",\"url\":\"https:\/\/astcartech.com\/wp-content\/uploads\/2024\/11\/74.png\",\"contentUrl\":\"https:\/\/astcartech.com\/wp-content\/uploads\/2024\/11\/74.png\",\"width\":690,\"height\":690},{\"@type\":\"BreadcrumbList\",\"@id\":\"https:\/\/astcartech.com\/product\/impresora-multifuncional-canon-maxify-gx6010-imprime-copia-escaneo-usb-duplexwifiethernet\/#breadcrumb\",\"itemListElement\":[{\"@type\":\"ListItem\",\"position\":1,\"name\":\"Portada\",\"item\":\"https:\/\/astcartech.com\/\"},{\"@type\":\"ListItem\",\"position\":2,\"name\":\"Tienda\",\"item\":\"https:\/\/astcartech.com\/tienda\/\"},{\"@type\":\"ListItem\",\"position\":3,\"name\":\"IMPRESORA MULTIFUNCIONAL CANON MAXIFY GX6010 \/IMPRIME ,COPIA ,ESCANEO ,USB, DUPLEX,WIFI,ETHERNET\"}]},{\"@type\":\"WebSite\",\"@id\":\"https:\/\/astcartech.com\/#website\",\"url\":\"https:\/\/astcartech.com\/\",\"name\":\"Astcar Tech\",\"description\":\"Suministros y Tecnologia\",\"publisher\":{\"@id\":\"https:\/\/astcartech.com\/#organization\"},\"alternateName\":\"astcar technology\",\"potentialAction\":[{\"@type\":\"SearchAction\",\"target\":{\"@type\":\"EntryPoint\",\"urlTemplate\":\"https:\/\/astcartech.com\/?s={search_term_string}\"},\"query-input\":{\"@type\":\"PropertyValueSpecification\",\"valueRequired\":true,\"valueName\":\"search_term_string\"}}],\"inLanguage\":\"en-US\"},{\"@type\":\"Organization\",\"@id\":\"https:\/\/astcartech.com\/#organization\",\"name\":\"Astcar Tech\",\"alternateName\":\"Astcar Tech\",\"url\":\"https:\/\/astcartech.com\/\",\"logo\":{\"@type\":\"ImageObject\",\"inLanguage\":\"en-US\",\"@id\":\"https:\/\/astcartech.com\/#\/schema\/logo\/image\/\",\"url\":\"https:\/\/astcartech.com\/wp-content\/uploads\/2024\/11\/logo-Astcar-Tech-new_Mesa-de-trabajo-1.png\",\"contentUrl\":\"https:\/\/astcartech.com\/wp-content\/uploads\/2024\/11\/logo-Astcar-Tech-new_Mesa-de-trabajo-1.png\",\"width\":5162,\"height\":2920,\"caption\":\"Astcar Tech\"},\"image\":{\"@id\":\"https:\/\/astcartech.com\/#\/schema\/logo\/image\/\"},\"sameAs\":[\"https:\/\/www.facebook.com\/AstCarTech\",\"https:\/\/www.instagram.com\/astcartech\",\"https:\/\/www.tiktok.com\/@astcartech\"],\"publishingPrinciples\":\"https:\/\/astcartech.com\/tienda\/\",\"ownershipFundingInfo\":\"https:\/\/astcartech.com\/nosotros\/\",\"actionableFeedbackPolicy\":\"https:\/\/astcartech.com\/politica-de-privacidad\/\",\"correctionsPolicy\":\"https:\/\/astcartech.com\/politica-de-privacidad\/\",\"ethicsPolicy\":\"https:\/\/astcartech.com\/politica-de-privacidad\/\",\"diversityPolicy\":\"https:\/\/astcartech.com\/politica-de-privacidad\/\",\"diversityStaffingReport\":\"https:\/\/astcartech.com\/politica-de-privacidad\/\"}]}<\/script>\n<!-- \/ Yoast SEO Premium plugin. -->","yoast_head_json":{"title":"IMPRESORA MULTIFUNCIONAL CANON MAXIFY GX6010 \/IMPRIME ,COPIA ,ESCANEO ,USB, DUPLEX,WIFI,ETHERNET - ASTCAR TECH","robots":{"index":"index","follow":"follow","max-snippet":"max-snippet:-1","max-image-preview":"max-image-preview:large","max-video-preview":"max-video-preview:-1"},"canonical":"https:\/\/astcartech.com\/en\/product\/impresora-multifuncional-canon-maxify-gx6010-imprime-copia-escaneo-usb-duplexwifiethernet\/","og_locale":"en_US","og_type":"article","og_title":"IMPRESORA MULTIFUNCIONAL CANON MAXIFY GX6010 \/IMPRIME ,COPIA ,ESCANEO ,USB, DUPLEX,WIFI,ETHERNET","og_description":"Caracter\u00edsticas Generales Procedencia VIETNAM Peso solo de producto 0.000000 Ancho (cm) 49 Largo (cm) 56 Alto (cm) 34 Peso Completo (Utilizado para Flete) (gr) 1700 Caracter\u00edsticas Especificas Tama\u00f1o de Pantalla pantalla t\u00e1ctil a color inclinable de 6,7 cm Compatibilidad Papel com\u00fan, papel alta resoluci\u00ed\u00b3n, papel fotogr\u00e1fico Plus brillante II, Papel foto Pro Luster, papel foto [&hellip;]","og_url":"https:\/\/astcartech.com\/en\/product\/impresora-multifuncional-canon-maxify-gx6010-imprime-copia-escaneo-usb-duplexwifiethernet\/","og_site_name":"ASTCAR TECH","article_publisher":"https:\/\/www.facebook.com\/AstCarTech","og_image":[{"width":690,"height":690,"url":"https:\/\/astcartech.com\/wp-content\/uploads\/2024\/11\/74.png","type":"image\/png"}],"twitter_card":"summary_large_image","twitter_misc":{"Est. reading time":"1 minute"},"schema":{"@context":"https:\/\/schema.org","@graph":[{"@type":"WebPage","@id":"https:\/\/astcartech.com\/product\/impresora-multifuncional-canon-maxify-gx6010-imprime-copia-escaneo-usb-duplexwifiethernet\/","url":"https:\/\/astcartech.com\/product\/impresora-multifuncional-canon-maxify-gx6010-imprime-copia-escaneo-usb-duplexwifiethernet\/","name":"IMPRESORA MULTIFUNCIONAL CANON MAXIFY GX6010 \/IMPRIME ,COPIA ,ESCANEO ,USB, DUPLEX,WIFI,ETHERNET - ASTCAR TECH","isPartOf":{"@id":"https:\/\/astcartech.com\/#website"},"primaryImageOfPage":{"@id":"https:\/\/astcartech.com\/product\/impresora-multifuncional-canon-maxify-gx6010-imprime-copia-escaneo-usb-duplexwifiethernet\/#primaryimage"},"image":{"@id":"https:\/\/astcartech.com\/product\/impresora-multifuncional-canon-maxify-gx6010-imprime-copia-escaneo-usb-duplexwifiethernet\/#primaryimage"},"thumbnailUrl":"https:\/\/astcartech.com\/wp-content\/uploads\/2024\/11\/74.png","datePublished":"2024-11-23T16:45:39+00:00","breadcrumb":{"@id":"https:\/\/astcartech.com\/product\/impresora-multifuncional-canon-maxify-gx6010-imprime-copia-escaneo-usb-duplexwifiethernet\/#breadcrumb"},"inLanguage":"en-US","potentialAction":[{"@type":"ReadAction","target":["https:\/\/astcartech.com\/product\/impresora-multifuncional-canon-maxify-gx6010-imprime-copia-escaneo-usb-duplexwifiethernet\/"]}]},{"@type":"ImageObject","inLanguage":"en-US","@id":"https:\/\/astcartech.com\/product\/impresora-multifuncional-canon-maxify-gx6010-imprime-copia-escaneo-usb-duplexwifiethernet\/#primaryimage","url":"https:\/\/astcartech.com\/wp-content\/uploads\/2024\/11\/74.png","contentUrl":"https:\/\/astcartech.com\/wp-content\/uploads\/2024\/11\/74.png","width":690,"height":690},{"@type":"BreadcrumbList","@id":"https:\/\/astcartech.com\/product\/impresora-multifuncional-canon-maxify-gx6010-imprime-copia-escaneo-usb-duplexwifiethernet\/#breadcrumb","itemListElement":[{"@type":"ListItem","position":1,"name":"Portada","item":"https:\/\/astcartech.com\/"},{"@type":"ListItem","position":2,"name":"Tienda","item":"https:\/\/astcartech.com\/tienda\/"},{"@type":"ListItem","position":3,"name":"IMPRESORA MULTIFUNCIONAL CANON MAXIFY GX6010 \/IMPRIME ,COPIA ,ESCANEO ,USB, DUPLEX,WIFI,ETHERNET"}]},{"@type":"WebSite","@id":"https:\/\/astcartech.com\/#website","url":"https:\/\/astcartech.com\/","name":"Astcar Tech","description":"Suministros y Tecnologia","publisher":{"@id":"https:\/\/astcartech.com\/#organization"},"alternateName":"astcar technology","potentialAction":[{"@type":"SearchAction","target":{"@type":"EntryPoint","urlTemplate":"https:\/\/astcartech.com\/?s={search_term_string}"},"query-input":{"@type":"PropertyValueSpecification","valueRequired":true,"valueName":"search_term_string"}}],"inLanguage":"en-US"},{"@type":"Organization","@id":"https:\/\/astcartech.com\/#organization","name":"Astcar Tech","alternateName":"Astcar Tech","url":"https:\/\/astcartech.com\/","logo":{"@type":"ImageObject","inLanguage":"en-US","@id":"https:\/\/astcartech.com\/#\/schema\/logo\/image\/","url":"https:\/\/astcartech.com\/wp-content\/uploads\/2024\/11\/logo-Astcar-Tech-new_Mesa-de-trabajo-1.png","contentUrl":"https:\/\/astcartech.com\/wp-content\/uploads\/2024\/11\/logo-Astcar-Tech-new_Mesa-de-trabajo-1.png","width":5162,"height":2920,"caption":"Astcar Tech"},"image":{"@id":"https:\/\/astcartech.com\/#\/schema\/logo\/image\/"},"sameAs":["https:\/\/www.facebook.com\/AstCarTech","https:\/\/www.instagram.com\/astcartech","https:\/\/www.tiktok.com\/@astcartech"],"publishingPrinciples":"https:\/\/astcartech.com\/tienda\/","ownershipFundingInfo":"https:\/\/astcartech.com\/nosotros\/","actionableFeedbackPolicy":"https:\/\/astcartech.com\/politica-de-privacidad\/","correctionsPolicy":"https:\/\/astcartech.com\/politica-de-privacidad\/","ethicsPolicy":"https:\/\/astcartech.com\/politica-de-privacidad\/","diversityPolicy":"https:\/\/astcartech.com\/politica-de-privacidad\/","diversityStaffingReport":"https:\/\/astcartech.com\/politica-de-privacidad\/"}]}},"_links":{"self":[{"href":"https:\/\/astcartech.com\/en\/wp-json\/wp\/v2\/product\/4235","targetHints":{"allow":["GET"]}}],"collection":[{"href":"https:\/\/astcartech.com\/en\/wp-json\/wp\/v2\/product"}],"about":[{"href":"https:\/\/astcartech.com\/en\/wp-json\/wp\/v2\/types\/product"}],"replies":[{"embeddable":true,"href":"https:\/\/astcartech.com\/en\/wp-json\/wp\/v2\/comments?post=4235"}],"wp:featuredmedia":[{"embeddable":true,"href":"https:\/\/astcartech.com\/en\/wp-json\/wp\/v2\/media\/4236"}],"wp:attachment":[{"href":"https:\/\/astcartech.com\/en\/wp-json\/wp\/v2\/media?parent=4235"}],"wp:term":[{"taxonomy":"product_cat","embeddable":true,"href":"https:\/\/astcartech.com\/en\/wp-json\/wp\/v2\/product_cat?post=4235"},{"taxonomy":"product_tag","embeddable":true,"href":"https:\/\/astcartech.com\/en\/wp-json\/wp\/v2\/product_tag?post=4235"}],"curies":[{"name":"wp","href":"https:\/\/api.w.org\/{rel}","templated":true}]}}