{"id":4240,"date":"2024-11-23T20:10:47","date_gmt":"2024-11-23T20:10:47","guid":{"rendered":"https:\/\/astcartech.com\/?post_type=product&#038;p=4240"},"modified":"2025-08-17T03:25:08","modified_gmt":"2025-08-17T03:25:08","slug":"impresora-multifuncional-canon-maxify-gx7010-imprime-copia-escaneo-doble-cara-usb-duplexwifiethernet-puerto-usb-pantalla-lcd-touch","status":"publish","type":"product","link":"https:\/\/astcartech.com\/en\/product\/impresora-multifuncional-canon-maxify-gx7010-imprime-copia-escaneo-doble-cara-usb-duplexwifiethernet-puerto-usb-pantalla-lcd-touch\/","title":{"rendered":"CANON MAXIFY GX7010 MULTIFUNCTION PRINTER \/ PRINTS, COPIES, DOUBLE-SIDED SCANNING, USB, DUPLEX, WIFI, ETHERNET, USB PORT, TOUCH LCD SCREEN"},"content":{"rendered":"<table class=\"table mb-0 border\">\n<tbody>\n<tr class=\"clickable shadow-sm\" data-toggle=\"collapse\" data-target=\".o_ws_category_1\">\n<th class=\"text-left\" colspan=\"2\">\n<div class=\"d-flex justify-content-between align-items-center\">Caracter\u00edsticas Generales<i class=\"fa fa-chevron-down\"><\/i><\/div>\n<\/th>\n<\/tr>\n<tr class=\"collapse show o_ws_category_1\">\n<td>Procedencia<\/td>\n<td><\/td>\n<\/tr>\n<tr class=\"collapse show o_ws_category_1\">\n<td>Peso solo de producto<\/td>\n<td>10kg<\/td>\n<\/tr>\n<tr class=\"collapse show o_ws_category_1\">\n<td>Ancho (cm)<\/td>\n<td>49<\/td>\n<\/tr>\n<tr class=\"collapse show o_ws_category_1\">\n<td>Largo (cm)<\/td>\n<td>56<\/td>\n<\/tr>\n<tr class=\"collapse show o_ws_category_1\">\n<td>Alto (cm)<\/td>\n<td>42<\/td>\n<\/tr>\n<tr class=\"collapse show o_ws_category_1\">\n<td>Peso Completo (Utilizado para Flete) (gr)<\/td>\n<td>18<\/td>\n<\/tr>\n<tr class=\"clickable shadow-sm\" data-toggle=\"collapse\" data-target=\".o_ws_category_2\">\n<th class=\"text-left\" colspan=\"2\">\n<div class=\"d-flex justify-content-between align-items-center\">Caracter\u00edsticas Especificas<i class=\"fa fa-chevron-down\"><\/i><\/div>\n<\/th>\n<\/tr>\n<tr class=\"collapse show o_ws_category_2\">\n<td>Tama\u00f1o de Pantalla<\/td>\n<td>pantalla t\u00e1ctil a color inclinable de 6,7 cm<\/td>\n<\/tr>\n<tr class=\"collapse show o_ws_category_2\">\n<td>Compatibilidad<\/td>\n<td>Papel com\u00fan, papel alta resoluci\u00f3n, papel fotogr\u00e1fico Plus brillante II, Papel foto Pro Luster, papel foto plus semi-brillante, papel foto \u201cuso diario\u201c, papel foto brillante, papel foto matte, sobres, papel foto magn\u00e9tico, foto autoadhesivo removible, papel foto autoadhesivo removible, tarjetas, fotos autoadhesivas, Tela clara para transferencia por plancha, papel matte doble cara.<\/td>\n<\/tr>\n<\/tbody>\n<\/table>","protected":false},"excerpt":{"rendered":"<p>Caracter\u00edsticas Generales Procedencia Peso solo de producto 10kg Ancho (cm) 49 Largo (cm) 56 Alto (cm) 42 Peso Completo (Utilizado para Flete) (gr) 18 Caracter\u00edsticas Especificas Tama\u00f1o de Pantalla pantalla t\u00e1ctil a color inclinable de 6,7 cm Compatibilidad Papel com\u00fan, papel alta resoluci\u00f3n, papel fotogr\u00e1fico Plus brillante II, Papel foto Pro Luster, papel foto plus [&hellip;]<\/p>","protected":false},"featured_media":4246,"comment_status":"open","ping_status":"closed","template":"","meta":[],"product_cat":[80],"product_tag":[],"class_list":{"0":"post-4240","1":"product","2":"type-product","3":"status-publish","4":"has-post-thumbnail","6":"product_cat-impresoras","8":"first","9":"instock","10":"shipping-taxable","11":"purchasable","12":"product-type-simple"},"yoast_head":"<!-- This site is optimized with the Yoast SEO Premium plugin v26.3 (Yoast SEO v26.3) - https:\/\/yoast.com\/wordpress\/plugins\/seo\/ -->\n<title>IMPRESORA MULTIFUNCIONAL CANON MAXIFY GX7010 \/IMPRIME ,COPIA ,ESCANEO DOBLE CARA ,USB, DUPLEX,WIFI,ETHERNET, PUERTO USB, PANTALLA LCD TOUCH - ASTCAR TECH<\/title>\n<meta name=\"robots\" content=\"index, follow, max-snippet:-1, max-image-preview:large, max-video-preview:-1\" \/>\n<link rel=\"canonical\" href=\"https:\/\/astcartech.com\/en\/product\/impresora-multifuncional-canon-maxify-gx7010-imprime-copia-escaneo-doble-cara-usb-duplexwifiethernet-puerto-usb-pantalla-lcd-touch\/\" \/>\n<meta property=\"og:locale\" content=\"en_US\" \/>\n<meta property=\"og:type\" content=\"article\" \/>\n<meta property=\"og:title\" content=\"IMPRESORA MULTIFUNCIONAL CANON MAXIFY GX7010 \/IMPRIME ,COPIA ,ESCANEO DOBLE CARA ,USB, DUPLEX,WIFI,ETHERNET, PUERTO USB, PANTALLA LCD TOUCH\" \/>\n<meta property=\"og:description\" content=\"Caracter\u00edsticas Generales Procedencia Peso solo de producto 10kg Ancho (cm) 49 Largo (cm) 56 Alto (cm) 42 Peso Completo (Utilizado para Flete) (gr) 18 Caracter\u00edsticas Especificas Tama\u00f1o de Pantalla pantalla t\u00e1ctil a color inclinable de 6,7 cm Compatibilidad Papel com\u00fan, papel alta resoluci\u00f3n, papel fotogr\u00e1fico Plus brillante II, Papel foto Pro Luster, papel foto plus [&hellip;]\" \/>\n<meta property=\"og:url\" content=\"https:\/\/astcartech.com\/en\/product\/impresora-multifuncional-canon-maxify-gx7010-imprime-copia-escaneo-doble-cara-usb-duplexwifiethernet-puerto-usb-pantalla-lcd-touch\/\" \/>\n<meta property=\"og:site_name\" content=\"ASTCAR TECH\" \/>\n<meta property=\"article:publisher\" content=\"https:\/\/www.facebook.com\/AstCarTech\" \/>\n<meta property=\"article:modified_time\" content=\"2025-08-17T03:25:08+00:00\" \/>\n<meta property=\"og:image\" content=\"https:\/\/astcartech.com\/wp-content\/uploads\/2024\/11\/5-2.jpg\" \/>\n\t<meta property=\"og:image:width\" content=\"690\" \/>\n\t<meta property=\"og:image:height\" content=\"690\" \/>\n\t<meta property=\"og:image:type\" content=\"image\/jpeg\" \/>\n<meta name=\"twitter:card\" content=\"summary_large_image\" \/>\n<script type=\"application\/ld+json\" class=\"yoast-schema-graph\">{\"@context\":\"https:\/\/schema.org\",\"@graph\":[{\"@type\":\"WebPage\",\"@id\":\"https:\/\/astcartech.com\/product\/impresora-multifuncional-canon-maxify-gx7010-imprime-copia-escaneo-doble-cara-usb-duplexwifiethernet-puerto-usb-pantalla-lcd-touch\/\",\"url\":\"https:\/\/astcartech.com\/product\/impresora-multifuncional-canon-maxify-gx7010-imprime-copia-escaneo-doble-cara-usb-duplexwifiethernet-puerto-usb-pantalla-lcd-touch\/\",\"name\":\"IMPRESORA MULTIFUNCIONAL CANON MAXIFY GX7010 \/IMPRIME ,COPIA ,ESCANEO DOBLE CARA ,USB, DUPLEX,WIFI,ETHERNET, PUERTO USB, PANTALLA LCD TOUCH - ASTCAR TECH\",\"isPartOf\":{\"@id\":\"https:\/\/astcartech.com\/#website\"},\"primaryImageOfPage\":{\"@id\":\"https:\/\/astcartech.com\/product\/impresora-multifuncional-canon-maxify-gx7010-imprime-copia-escaneo-doble-cara-usb-duplexwifiethernet-puerto-usb-pantalla-lcd-touch\/#primaryimage\"},\"image\":{\"@id\":\"https:\/\/astcartech.com\/product\/impresora-multifuncional-canon-maxify-gx7010-imprime-copia-escaneo-doble-cara-usb-duplexwifiethernet-puerto-usb-pantalla-lcd-touch\/#primaryimage\"},\"thumbnailUrl\":\"https:\/\/astcartech.com\/wp-content\/uploads\/2024\/11\/5-2.jpg\",\"datePublished\":\"2024-11-23T20:10:47+00:00\",\"dateModified\":\"2025-08-17T03:25:08+00:00\",\"breadcrumb\":{\"@id\":\"https:\/\/astcartech.com\/product\/impresora-multifuncional-canon-maxify-gx7010-imprime-copia-escaneo-doble-cara-usb-duplexwifiethernet-puerto-usb-pantalla-lcd-touch\/#breadcrumb\"},\"inLanguage\":\"en-US\",\"potentialAction\":[{\"@type\":\"ReadAction\",\"target\":[\"https:\/\/astcartech.com\/product\/impresora-multifuncional-canon-maxify-gx7010-imprime-copia-escaneo-doble-cara-usb-duplexwifiethernet-puerto-usb-pantalla-lcd-touch\/\"]}]},{\"@type\":\"ImageObject\",\"inLanguage\":\"en-US\",\"@id\":\"https:\/\/astcartech.com\/product\/impresora-multifuncional-canon-maxify-gx7010-imprime-copia-escaneo-doble-cara-usb-duplexwifiethernet-puerto-usb-pantalla-lcd-touch\/#primaryimage\",\"url\":\"https:\/\/astcartech.com\/wp-content\/uploads\/2024\/11\/5-2.jpg\",\"contentUrl\":\"https:\/\/astcartech.com\/wp-content\/uploads\/2024\/11\/5-2.jpg\",\"width\":690,\"height\":690},{\"@type\":\"BreadcrumbList\",\"@id\":\"https:\/\/astcartech.com\/product\/impresora-multifuncional-canon-maxify-gx7010-imprime-copia-escaneo-doble-cara-usb-duplexwifiethernet-puerto-usb-pantalla-lcd-touch\/#breadcrumb\",\"itemListElement\":[{\"@type\":\"ListItem\",\"position\":1,\"name\":\"Portada\",\"item\":\"https:\/\/astcartech.com\/\"},{\"@type\":\"ListItem\",\"position\":2,\"name\":\"Tienda\",\"item\":\"https:\/\/astcartech.com\/tienda\/\"},{\"@type\":\"ListItem\",\"position\":3,\"name\":\"IMPRESORA MULTIFUNCIONAL CANON MAXIFY GX7010 \/IMPRIME ,COPIA ,ESCANEO DOBLE CARA ,USB, DUPLEX,WIFI,ETHERNET, PUERTO USB, PANTALLA LCD TOUCH\"}]},{\"@type\":\"WebSite\",\"@id\":\"https:\/\/astcartech.com\/#website\",\"url\":\"https:\/\/astcartech.com\/\",\"name\":\"Astcar Tech\",\"description\":\"Suministros y Tecnologia\",\"publisher\":{\"@id\":\"https:\/\/astcartech.com\/#organization\"},\"alternateName\":\"astcar technology\",\"potentialAction\":[{\"@type\":\"SearchAction\",\"target\":{\"@type\":\"EntryPoint\",\"urlTemplate\":\"https:\/\/astcartech.com\/?s={search_term_string}\"},\"query-input\":{\"@type\":\"PropertyValueSpecification\",\"valueRequired\":true,\"valueName\":\"search_term_string\"}}],\"inLanguage\":\"en-US\"},{\"@type\":\"Organization\",\"@id\":\"https:\/\/astcartech.com\/#organization\",\"name\":\"Astcar Tech\",\"alternateName\":\"Astcar Tech\",\"url\":\"https:\/\/astcartech.com\/\",\"logo\":{\"@type\":\"ImageObject\",\"inLanguage\":\"en-US\",\"@id\":\"https:\/\/astcartech.com\/#\/schema\/logo\/image\/\",\"url\":\"https:\/\/astcartech.com\/wp-content\/uploads\/2024\/11\/logo-Astcar-Tech-new_Mesa-de-trabajo-1.png\",\"contentUrl\":\"https:\/\/astcartech.com\/wp-content\/uploads\/2024\/11\/logo-Astcar-Tech-new_Mesa-de-trabajo-1.png\",\"width\":5162,\"height\":2920,\"caption\":\"Astcar Tech\"},\"image\":{\"@id\":\"https:\/\/astcartech.com\/#\/schema\/logo\/image\/\"},\"sameAs\":[\"https:\/\/www.facebook.com\/AstCarTech\",\"https:\/\/www.instagram.com\/astcartech\",\"https:\/\/www.tiktok.com\/@astcartech\"],\"publishingPrinciples\":\"https:\/\/astcartech.com\/tienda\/\",\"ownershipFundingInfo\":\"https:\/\/astcartech.com\/nosotros\/\",\"actionableFeedbackPolicy\":\"https:\/\/astcartech.com\/politica-de-privacidad\/\",\"correctionsPolicy\":\"https:\/\/astcartech.com\/politica-de-privacidad\/\",\"ethicsPolicy\":\"https:\/\/astcartech.com\/politica-de-privacidad\/\",\"diversityPolicy\":\"https:\/\/astcartech.com\/politica-de-privacidad\/\",\"diversityStaffingReport\":\"https:\/\/astcartech.com\/politica-de-privacidad\/\"}]}<\/script>\n<!-- \/ Yoast SEO Premium plugin. -->","yoast_head_json":{"title":"IMPRESORA MULTIFUNCIONAL CANON MAXIFY GX7010 \/IMPRIME ,COPIA ,ESCANEO DOBLE CARA ,USB, DUPLEX,WIFI,ETHERNET, PUERTO USB, PANTALLA LCD TOUCH - ASTCAR TECH","robots":{"index":"index","follow":"follow","max-snippet":"max-snippet:-1","max-image-preview":"max-image-preview:large","max-video-preview":"max-video-preview:-1"},"canonical":"https:\/\/astcartech.com\/en\/product\/impresora-multifuncional-canon-maxify-gx7010-imprime-copia-escaneo-doble-cara-usb-duplexwifiethernet-puerto-usb-pantalla-lcd-touch\/","og_locale":"en_US","og_type":"article","og_title":"IMPRESORA MULTIFUNCIONAL CANON MAXIFY GX7010 \/IMPRIME ,COPIA ,ESCANEO DOBLE CARA ,USB, DUPLEX,WIFI,ETHERNET, PUERTO USB, PANTALLA LCD TOUCH","og_description":"Caracter\u00edsticas Generales Procedencia Peso solo de producto 10kg Ancho (cm) 49 Largo (cm) 56 Alto (cm) 42 Peso Completo (Utilizado para Flete) (gr) 18 Caracter\u00edsticas Especificas Tama\u00f1o de Pantalla pantalla t\u00e1ctil a color inclinable de 6,7 cm Compatibilidad Papel com\u00fan, papel alta resoluci\u00f3n, papel fotogr\u00e1fico Plus brillante II, Papel foto Pro Luster, papel foto plus [&hellip;]","og_url":"https:\/\/astcartech.com\/en\/product\/impresora-multifuncional-canon-maxify-gx7010-imprime-copia-escaneo-doble-cara-usb-duplexwifiethernet-puerto-usb-pantalla-lcd-touch\/","og_site_name":"ASTCAR TECH","article_publisher":"https:\/\/www.facebook.com\/AstCarTech","article_modified_time":"2025-08-17T03:25:08+00:00","og_image":[{"width":690,"height":690,"url":"https:\/\/astcartech.com\/wp-content\/uploads\/2024\/11\/5-2.jpg","type":"image\/jpeg"}],"twitter_card":"summary_large_image","schema":{"@context":"https:\/\/schema.org","@graph":[{"@type":"WebPage","@id":"https:\/\/astcartech.com\/product\/impresora-multifuncional-canon-maxify-gx7010-imprime-copia-escaneo-doble-cara-usb-duplexwifiethernet-puerto-usb-pantalla-lcd-touch\/","url":"https:\/\/astcartech.com\/product\/impresora-multifuncional-canon-maxify-gx7010-imprime-copia-escaneo-doble-cara-usb-duplexwifiethernet-puerto-usb-pantalla-lcd-touch\/","name":"IMPRESORA MULTIFUNCIONAL CANON MAXIFY GX7010 \/IMPRIME ,COPIA ,ESCANEO DOBLE CARA ,USB, DUPLEX,WIFI,ETHERNET, PUERTO USB, PANTALLA LCD TOUCH - ASTCAR TECH","isPartOf":{"@id":"https:\/\/astcartech.com\/#website"},"primaryImageOfPage":{"@id":"https:\/\/astcartech.com\/product\/impresora-multifuncional-canon-maxify-gx7010-imprime-copia-escaneo-doble-cara-usb-duplexwifiethernet-puerto-usb-pantalla-lcd-touch\/#primaryimage"},"image":{"@id":"https:\/\/astcartech.com\/product\/impresora-multifuncional-canon-maxify-gx7010-imprime-copia-escaneo-doble-cara-usb-duplexwifiethernet-puerto-usb-pantalla-lcd-touch\/#primaryimage"},"thumbnailUrl":"https:\/\/astcartech.com\/wp-content\/uploads\/2024\/11\/5-2.jpg","datePublished":"2024-11-23T20:10:47+00:00","dateModified":"2025-08-17T03:25:08+00:00","breadcrumb":{"@id":"https:\/\/astcartech.com\/product\/impresora-multifuncional-canon-maxify-gx7010-imprime-copia-escaneo-doble-cara-usb-duplexwifiethernet-puerto-usb-pantalla-lcd-touch\/#breadcrumb"},"inLanguage":"en-US","potentialAction":[{"@type":"ReadAction","target":["https:\/\/astcartech.com\/product\/impresora-multifuncional-canon-maxify-gx7010-imprime-copia-escaneo-doble-cara-usb-duplexwifiethernet-puerto-usb-pantalla-lcd-touch\/"]}]},{"@type":"ImageObject","inLanguage":"en-US","@id":"https:\/\/astcartech.com\/product\/impresora-multifuncional-canon-maxify-gx7010-imprime-copia-escaneo-doble-cara-usb-duplexwifiethernet-puerto-usb-pantalla-lcd-touch\/#primaryimage","url":"https:\/\/astcartech.com\/wp-content\/uploads\/2024\/11\/5-2.jpg","contentUrl":"https:\/\/astcartech.com\/wp-content\/uploads\/2024\/11\/5-2.jpg","width":690,"height":690},{"@type":"BreadcrumbList","@id":"https:\/\/astcartech.com\/product\/impresora-multifuncional-canon-maxify-gx7010-imprime-copia-escaneo-doble-cara-usb-duplexwifiethernet-puerto-usb-pantalla-lcd-touch\/#breadcrumb","itemListElement":[{"@type":"ListItem","position":1,"name":"Portada","item":"https:\/\/astcartech.com\/"},{"@type":"ListItem","position":2,"name":"Tienda","item":"https:\/\/astcartech.com\/tienda\/"},{"@type":"ListItem","position":3,"name":"IMPRESORA MULTIFUNCIONAL CANON MAXIFY GX7010 \/IMPRIME ,COPIA ,ESCANEO DOBLE CARA ,USB, DUPLEX,WIFI,ETHERNET, PUERTO USB, PANTALLA LCD TOUCH"}]},{"@type":"WebSite","@id":"https:\/\/astcartech.com\/#website","url":"https:\/\/astcartech.com\/","name":"Astcar Tech","description":"Suministros y Tecnologia","publisher":{"@id":"https:\/\/astcartech.com\/#organization"},"alternateName":"astcar technology","potentialAction":[{"@type":"SearchAction","target":{"@type":"EntryPoint","urlTemplate":"https:\/\/astcartech.com\/?s={search_term_string}"},"query-input":{"@type":"PropertyValueSpecification","valueRequired":true,"valueName":"search_term_string"}}],"inLanguage":"en-US"},{"@type":"Organization","@id":"https:\/\/astcartech.com\/#organization","name":"Astcar Tech","alternateName":"Astcar Tech","url":"https:\/\/astcartech.com\/","logo":{"@type":"ImageObject","inLanguage":"en-US","@id":"https:\/\/astcartech.com\/#\/schema\/logo\/image\/","url":"https:\/\/astcartech.com\/wp-content\/uploads\/2024\/11\/logo-Astcar-Tech-new_Mesa-de-trabajo-1.png","contentUrl":"https:\/\/astcartech.com\/wp-content\/uploads\/2024\/11\/logo-Astcar-Tech-new_Mesa-de-trabajo-1.png","width":5162,"height":2920,"caption":"Astcar Tech"},"image":{"@id":"https:\/\/astcartech.com\/#\/schema\/logo\/image\/"},"sameAs":["https:\/\/www.facebook.com\/AstCarTech","https:\/\/www.instagram.com\/astcartech","https:\/\/www.tiktok.com\/@astcartech"],"publishingPrinciples":"https:\/\/astcartech.com\/tienda\/","ownershipFundingInfo":"https:\/\/astcartech.com\/nosotros\/","actionableFeedbackPolicy":"https:\/\/astcartech.com\/politica-de-privacidad\/","correctionsPolicy":"https:\/\/astcartech.com\/politica-de-privacidad\/","ethicsPolicy":"https:\/\/astcartech.com\/politica-de-privacidad\/","diversityPolicy":"https:\/\/astcartech.com\/politica-de-privacidad\/","diversityStaffingReport":"https:\/\/astcartech.com\/politica-de-privacidad\/"}]}},"_links":{"self":[{"href":"https:\/\/astcartech.com\/en\/wp-json\/wp\/v2\/product\/4240","targetHints":{"allow":["GET"]}}],"collection":[{"href":"https:\/\/astcartech.com\/en\/wp-json\/wp\/v2\/product"}],"about":[{"href":"https:\/\/astcartech.com\/en\/wp-json\/wp\/v2\/types\/product"}],"replies":[{"embeddable":true,"href":"https:\/\/astcartech.com\/en\/wp-json\/wp\/v2\/comments?post=4240"}],"wp:featuredmedia":[{"embeddable":true,"href":"https:\/\/astcartech.com\/en\/wp-json\/wp\/v2\/media\/4246"}],"wp:attachment":[{"href":"https:\/\/astcartech.com\/en\/wp-json\/wp\/v2\/media?parent=4240"}],"wp:term":[{"taxonomy":"product_cat","embeddable":true,"href":"https:\/\/astcartech.com\/en\/wp-json\/wp\/v2\/product_cat?post=4240"},{"taxonomy":"product_tag","embeddable":true,"href":"https:\/\/astcartech.com\/en\/wp-json\/wp\/v2\/product_tag?post=4240"}],"curies":[{"name":"wp","href":"https:\/\/api.w.org\/{rel}","templated":true}]}}