{"id":4521,"date":"2025-01-30T07:19:43","date_gmt":"2025-01-30T07:19:43","guid":{"rendered":"https:\/\/astcartech.com\/?post_type=product&#038;p=4521"},"modified":"2025-01-30T07:19:44","modified_gmt":"2025-01-30T07:19:44","slug":"monitor-27-samsung-viewfinity-s61b-ips-2k-qhd-pivote","status":"publish","type":"product","link":"https:\/\/astcartech.com\/en\/product\/monitor-27-samsung-viewfinity-s61b-ips-2k-qhd-pivote\/","title":{"rendered":"MONITOR 27 SAMSUNG ViewFinity S61b IPS 2K QHD, PIVOTE"},"content":{"rendered":"<ul class=\"product-details__info-description\">\n<li class=\"product-details__info-description--line product-details__info-description--line1\"><span>Experimente un brillo total con detalles precisos con S61B.<\/span><\/li>\n<li class=\"product-details__info-description--line product-details__info-description--line2\"><span>\u2022 Experimente un brillo total con detalles precisos con ViewFinity S6. La resoluci\u00f3n QHD ofrece 1,7 veces m\u00e1s p\u00edxeles que la FHD. Vea todo con detalles asombrosos. Con el panel IPS, los colores se mantienen v\u00edvidos y claros en cada pulgada de la pantalla.<\/span><\/li>\n<li>\n<div class=\"col-sm-2 col-lg-3 product-summary__card\">\n<div class=\"card__content-area\">\n<div class=\"card__icon-text\"><strong class=\"card__icon-text__main\"><span>27<\/span><\/strong><\/div>\n<p class=\"type-cp2 card__desc\"><span>Tama\u00f1o de pantalla (clase)<\/span><\/p>\n<\/div>\n<\/div>\n<div class=\"col-sm-2 col-lg-3 product-summary__card\">\n<div class=\"card__content-area\">\n<div class=\"card__icon-text\"><strong class=\"card__icon-text__main\"><span>IPS<\/span><\/strong><\/div>\n<p class=\"type-cp2 card__desc\"><span>Panel IPS<\/span><\/p>\n<\/div>\n<\/div>\n<div class=\"col-sm-2 col-lg-3 product-summary__card\">\n<div class=\"card__content-area\">\n<div class=\"card__icon-text\"><strong class=\"card__icon-text__main\"><span>M\u00e1ximo 75 Hz<\/span><\/strong><\/div>\n<p class=\"type-cp2 card__desc\"><span>Frecuencia de actualizaci\u00f3n<\/span><\/p>\n<\/div>\n<\/div>\n<\/li>\n<\/ul>","protected":false},"excerpt":{"rendered":"<p>Experimente un brillo total con detalles precisos con S61B. \u2022 Experimente un brillo total con detalles precisos con ViewFinity S6. La resoluci\u00f3n QHD ofrece 1,7 veces m\u00e1s p\u00edxeles que la FHD. Vea todo con detalles asombrosos. Con el panel IPS, los colores se mantienen v\u00edvidos y claros en cada pulgada de la pantalla. 27 Tama\u00f1o [&hellip;]<\/p>","protected":false},"featured_media":4346,"comment_status":"open","ping_status":"closed","template":"","meta":[],"product_cat":[63],"product_tag":[],"class_list":{"0":"post-4521","1":"product","2":"type-product","3":"status-publish","4":"has-post-thumbnail","6":"product_cat-monitors","8":"first","9":"instock","10":"sale","11":"shipping-taxable","12":"purchasable","13":"product-type-simple"},"yoast_head":"<!-- This site is optimized with the Yoast SEO Premium plugin v26.3 (Yoast SEO v26.3) - https:\/\/yoast.com\/wordpress\/plugins\/seo\/ -->\n<title>MONITOR 27 SAMSUNG ViewFinity S61b IPS 2K QHD, PIVOTE - ASTCAR TECH<\/title>\n<meta name=\"robots\" content=\"index, follow, max-snippet:-1, max-image-preview:large, max-video-preview:-1\" \/>\n<link rel=\"canonical\" href=\"https:\/\/astcartech.com\/en\/product\/monitor-27-samsung-viewfinity-s61b-ips-2k-qhd-pivote\/\" \/>\n<meta property=\"og:locale\" content=\"en_US\" \/>\n<meta property=\"og:type\" content=\"article\" \/>\n<meta property=\"og:title\" content=\"MONITOR 27 SAMSUNG ViewFinity S61b IPS 2K QHD, PIVOTE\" \/>\n<meta property=\"og:description\" content=\"Experimente un brillo total con detalles precisos con S61B. \u2022 Experimente un brillo total con detalles precisos con ViewFinity S6. La resoluci\u00f3n QHD ofrece 1,7 veces m\u00e1s p\u00edxeles que la FHD. Vea todo con detalles asombrosos. Con el panel IPS, los colores se mantienen v\u00edvidos y claros en cada pulgada de la pantalla. 27 Tama\u00f1o [&hellip;]\" \/>\n<meta property=\"og:url\" content=\"https:\/\/astcartech.com\/en\/product\/monitor-27-samsung-viewfinity-s61b-ips-2k-qhd-pivote\/\" \/>\n<meta property=\"og:site_name\" content=\"ASTCAR TECH\" \/>\n<meta property=\"article:publisher\" content=\"https:\/\/www.facebook.com\/AstCarTech\" \/>\n<meta property=\"article:modified_time\" content=\"2025-01-30T07:19:44+00:00\" \/>\n<meta property=\"og:image\" content=\"https:\/\/astcartech.com\/wp-content\/uploads\/2025\/01\/5.webp\" \/>\n\t<meta property=\"og:image:width\" content=\"800\" \/>\n\t<meta property=\"og:image:height\" content=\"600\" \/>\n\t<meta property=\"og:image:type\" content=\"image\/webp\" \/>\n<meta name=\"twitter:card\" content=\"summary_large_image\" \/>\n<script type=\"application\/ld+json\" class=\"yoast-schema-graph\">{\"@context\":\"https:\/\/schema.org\",\"@graph\":[{\"@type\":\"WebPage\",\"@id\":\"https:\/\/astcartech.com\/product\/monitor-27-samsung-viewfinity-s61b-ips-2k-qhd-pivote\/\",\"url\":\"https:\/\/astcartech.com\/product\/monitor-27-samsung-viewfinity-s61b-ips-2k-qhd-pivote\/\",\"name\":\"MONITOR 27 SAMSUNG ViewFinity S61b IPS 2K QHD, PIVOTE - ASTCAR TECH\",\"isPartOf\":{\"@id\":\"https:\/\/astcartech.com\/#website\"},\"primaryImageOfPage\":{\"@id\":\"https:\/\/astcartech.com\/product\/monitor-27-samsung-viewfinity-s61b-ips-2k-qhd-pivote\/#primaryimage\"},\"image\":{\"@id\":\"https:\/\/astcartech.com\/product\/monitor-27-samsung-viewfinity-s61b-ips-2k-qhd-pivote\/#primaryimage\"},\"thumbnailUrl\":\"https:\/\/astcartech.com\/wp-content\/uploads\/2025\/01\/5.webp\",\"datePublished\":\"2025-01-30T07:19:43+00:00\",\"dateModified\":\"2025-01-30T07:19:44+00:00\",\"breadcrumb\":{\"@id\":\"https:\/\/astcartech.com\/product\/monitor-27-samsung-viewfinity-s61b-ips-2k-qhd-pivote\/#breadcrumb\"},\"inLanguage\":\"en-US\",\"potentialAction\":[{\"@type\":\"ReadAction\",\"target\":[\"https:\/\/astcartech.com\/product\/monitor-27-samsung-viewfinity-s61b-ips-2k-qhd-pivote\/\"]}]},{\"@type\":\"ImageObject\",\"inLanguage\":\"en-US\",\"@id\":\"https:\/\/astcartech.com\/product\/monitor-27-samsung-viewfinity-s61b-ips-2k-qhd-pivote\/#primaryimage\",\"url\":\"https:\/\/astcartech.com\/wp-content\/uploads\/2025\/01\/5.webp\",\"contentUrl\":\"https:\/\/astcartech.com\/wp-content\/uploads\/2025\/01\/5.webp\",\"width\":800,\"height\":600},{\"@type\":\"BreadcrumbList\",\"@id\":\"https:\/\/astcartech.com\/product\/monitor-27-samsung-viewfinity-s61b-ips-2k-qhd-pivote\/#breadcrumb\",\"itemListElement\":[{\"@type\":\"ListItem\",\"position\":1,\"name\":\"Portada\",\"item\":\"https:\/\/astcartech.com\/\"},{\"@type\":\"ListItem\",\"position\":2,\"name\":\"Tienda\",\"item\":\"https:\/\/astcartech.com\/tienda\/\"},{\"@type\":\"ListItem\",\"position\":3,\"name\":\"MONITOR 27 SAMSUNG ViewFinity S61b IPS 2K QHD, PIVOTE\"}]},{\"@type\":\"WebSite\",\"@id\":\"https:\/\/astcartech.com\/#website\",\"url\":\"https:\/\/astcartech.com\/\",\"name\":\"Astcar Tech\",\"description\":\"Suministros y Tecnologia\",\"publisher\":{\"@id\":\"https:\/\/astcartech.com\/#organization\"},\"alternateName\":\"astcar technology\",\"potentialAction\":[{\"@type\":\"SearchAction\",\"target\":{\"@type\":\"EntryPoint\",\"urlTemplate\":\"https:\/\/astcartech.com\/?s={search_term_string}\"},\"query-input\":{\"@type\":\"PropertyValueSpecification\",\"valueRequired\":true,\"valueName\":\"search_term_string\"}}],\"inLanguage\":\"en-US\"},{\"@type\":\"Organization\",\"@id\":\"https:\/\/astcartech.com\/#organization\",\"name\":\"Astcar Tech\",\"alternateName\":\"Astcar Tech\",\"url\":\"https:\/\/astcartech.com\/\",\"logo\":{\"@type\":\"ImageObject\",\"inLanguage\":\"en-US\",\"@id\":\"https:\/\/astcartech.com\/#\/schema\/logo\/image\/\",\"url\":\"https:\/\/astcartech.com\/wp-content\/uploads\/2024\/11\/logo-Astcar-Tech-new_Mesa-de-trabajo-1.png\",\"contentUrl\":\"https:\/\/astcartech.com\/wp-content\/uploads\/2024\/11\/logo-Astcar-Tech-new_Mesa-de-trabajo-1.png\",\"width\":5162,\"height\":2920,\"caption\":\"Astcar Tech\"},\"image\":{\"@id\":\"https:\/\/astcartech.com\/#\/schema\/logo\/image\/\"},\"sameAs\":[\"https:\/\/www.facebook.com\/AstCarTech\",\"https:\/\/www.instagram.com\/astcartech\",\"https:\/\/www.tiktok.com\/@astcartech\"],\"publishingPrinciples\":\"https:\/\/astcartech.com\/tienda\/\",\"ownershipFundingInfo\":\"https:\/\/astcartech.com\/nosotros\/\",\"actionableFeedbackPolicy\":\"https:\/\/astcartech.com\/politica-de-privacidad\/\",\"correctionsPolicy\":\"https:\/\/astcartech.com\/politica-de-privacidad\/\",\"ethicsPolicy\":\"https:\/\/astcartech.com\/politica-de-privacidad\/\",\"diversityPolicy\":\"https:\/\/astcartech.com\/politica-de-privacidad\/\",\"diversityStaffingReport\":\"https:\/\/astcartech.com\/politica-de-privacidad\/\"}]}<\/script>\n<!-- \/ Yoast SEO Premium plugin. -->","yoast_head_json":{"title":"MONITOR 27 SAMSUNG ViewFinity S61b IPS 2K QHD, PIVOTE - ASTCAR TECH","robots":{"index":"index","follow":"follow","max-snippet":"max-snippet:-1","max-image-preview":"max-image-preview:large","max-video-preview":"max-video-preview:-1"},"canonical":"https:\/\/astcartech.com\/en\/product\/monitor-27-samsung-viewfinity-s61b-ips-2k-qhd-pivote\/","og_locale":"en_US","og_type":"article","og_title":"MONITOR 27 SAMSUNG ViewFinity S61b IPS 2K QHD, PIVOTE","og_description":"Experimente un brillo total con detalles precisos con S61B. \u2022 Experimente un brillo total con detalles precisos con ViewFinity S6. La resoluci\u00f3n QHD ofrece 1,7 veces m\u00e1s p\u00edxeles que la FHD. Vea todo con detalles asombrosos. Con el panel IPS, los colores se mantienen v\u00edvidos y claros en cada pulgada de la pantalla. 27 Tama\u00f1o [&hellip;]","og_url":"https:\/\/astcartech.com\/en\/product\/monitor-27-samsung-viewfinity-s61b-ips-2k-qhd-pivote\/","og_site_name":"ASTCAR TECH","article_publisher":"https:\/\/www.facebook.com\/AstCarTech","article_modified_time":"2025-01-30T07:19:44+00:00","og_image":[{"width":800,"height":600,"url":"https:\/\/astcartech.com\/wp-content\/uploads\/2025\/01\/5.webp","type":"image\/webp"}],"twitter_card":"summary_large_image","schema":{"@context":"https:\/\/schema.org","@graph":[{"@type":"WebPage","@id":"https:\/\/astcartech.com\/product\/monitor-27-samsung-viewfinity-s61b-ips-2k-qhd-pivote\/","url":"https:\/\/astcartech.com\/product\/monitor-27-samsung-viewfinity-s61b-ips-2k-qhd-pivote\/","name":"MONITOR 27 SAMSUNG ViewFinity S61b IPS 2K QHD, PIVOTE - ASTCAR TECH","isPartOf":{"@id":"https:\/\/astcartech.com\/#website"},"primaryImageOfPage":{"@id":"https:\/\/astcartech.com\/product\/monitor-27-samsung-viewfinity-s61b-ips-2k-qhd-pivote\/#primaryimage"},"image":{"@id":"https:\/\/astcartech.com\/product\/monitor-27-samsung-viewfinity-s61b-ips-2k-qhd-pivote\/#primaryimage"},"thumbnailUrl":"https:\/\/astcartech.com\/wp-content\/uploads\/2025\/01\/5.webp","datePublished":"2025-01-30T07:19:43+00:00","dateModified":"2025-01-30T07:19:44+00:00","breadcrumb":{"@id":"https:\/\/astcartech.com\/product\/monitor-27-samsung-viewfinity-s61b-ips-2k-qhd-pivote\/#breadcrumb"},"inLanguage":"en-US","potentialAction":[{"@type":"ReadAction","target":["https:\/\/astcartech.com\/product\/monitor-27-samsung-viewfinity-s61b-ips-2k-qhd-pivote\/"]}]},{"@type":"ImageObject","inLanguage":"en-US","@id":"https:\/\/astcartech.com\/product\/monitor-27-samsung-viewfinity-s61b-ips-2k-qhd-pivote\/#primaryimage","url":"https:\/\/astcartech.com\/wp-content\/uploads\/2025\/01\/5.webp","contentUrl":"https:\/\/astcartech.com\/wp-content\/uploads\/2025\/01\/5.webp","width":800,"height":600},{"@type":"BreadcrumbList","@id":"https:\/\/astcartech.com\/product\/monitor-27-samsung-viewfinity-s61b-ips-2k-qhd-pivote\/#breadcrumb","itemListElement":[{"@type":"ListItem","position":1,"name":"Portada","item":"https:\/\/astcartech.com\/"},{"@type":"ListItem","position":2,"name":"Tienda","item":"https:\/\/astcartech.com\/tienda\/"},{"@type":"ListItem","position":3,"name":"MONITOR 27 SAMSUNG ViewFinity S61b IPS 2K QHD, PIVOTE"}]},{"@type":"WebSite","@id":"https:\/\/astcartech.com\/#website","url":"https:\/\/astcartech.com\/","name":"Astcar Tech","description":"Suministros y Tecnologia","publisher":{"@id":"https:\/\/astcartech.com\/#organization"},"alternateName":"astcar technology","potentialAction":[{"@type":"SearchAction","target":{"@type":"EntryPoint","urlTemplate":"https:\/\/astcartech.com\/?s={search_term_string}"},"query-input":{"@type":"PropertyValueSpecification","valueRequired":true,"valueName":"search_term_string"}}],"inLanguage":"en-US"},{"@type":"Organization","@id":"https:\/\/astcartech.com\/#organization","name":"Astcar Tech","alternateName":"Astcar Tech","url":"https:\/\/astcartech.com\/","logo":{"@type":"ImageObject","inLanguage":"en-US","@id":"https:\/\/astcartech.com\/#\/schema\/logo\/image\/","url":"https:\/\/astcartech.com\/wp-content\/uploads\/2024\/11\/logo-Astcar-Tech-new_Mesa-de-trabajo-1.png","contentUrl":"https:\/\/astcartech.com\/wp-content\/uploads\/2024\/11\/logo-Astcar-Tech-new_Mesa-de-trabajo-1.png","width":5162,"height":2920,"caption":"Astcar Tech"},"image":{"@id":"https:\/\/astcartech.com\/#\/schema\/logo\/image\/"},"sameAs":["https:\/\/www.facebook.com\/AstCarTech","https:\/\/www.instagram.com\/astcartech","https:\/\/www.tiktok.com\/@astcartech"],"publishingPrinciples":"https:\/\/astcartech.com\/tienda\/","ownershipFundingInfo":"https:\/\/astcartech.com\/nosotros\/","actionableFeedbackPolicy":"https:\/\/astcartech.com\/politica-de-privacidad\/","correctionsPolicy":"https:\/\/astcartech.com\/politica-de-privacidad\/","ethicsPolicy":"https:\/\/astcartech.com\/politica-de-privacidad\/","diversityPolicy":"https:\/\/astcartech.com\/politica-de-privacidad\/","diversityStaffingReport":"https:\/\/astcartech.com\/politica-de-privacidad\/"}]}},"_links":{"self":[{"href":"https:\/\/astcartech.com\/en\/wp-json\/wp\/v2\/product\/4521","targetHints":{"allow":["GET"]}}],"collection":[{"href":"https:\/\/astcartech.com\/en\/wp-json\/wp\/v2\/product"}],"about":[{"href":"https:\/\/astcartech.com\/en\/wp-json\/wp\/v2\/types\/product"}],"replies":[{"embeddable":true,"href":"https:\/\/astcartech.com\/en\/wp-json\/wp\/v2\/comments?post=4521"}],"wp:featuredmedia":[{"embeddable":true,"href":"https:\/\/astcartech.com\/en\/wp-json\/wp\/v2\/media\/4346"}],"wp:attachment":[{"href":"https:\/\/astcartech.com\/en\/wp-json\/wp\/v2\/media?parent=4521"}],"wp:term":[{"taxonomy":"product_cat","embeddable":true,"href":"https:\/\/astcartech.com\/en\/wp-json\/wp\/v2\/product_cat?post=4521"},{"taxonomy":"product_tag","embeddable":true,"href":"https:\/\/astcartech.com\/en\/wp-json\/wp\/v2\/product_tag?post=4521"}],"curies":[{"name":"wp","href":"https:\/\/api.w.org\/{rel}","templated":true}]}}