{"id":4528,"date":"2025-01-30T07:19:44","date_gmt":"2025-01-30T07:19:44","guid":{"rendered":"https:\/\/astcartech.com\/?post_type=product&#038;p=4528"},"modified":"2025-01-30T07:19:45","modified_gmt":"2025-01-30T07:19:45","slug":"monitor-hp-m24f-23-8%e2%80%b3-fhd-ips-vga-hdmi-amd-freesync-blanco","status":"publish","type":"product","link":"https:\/\/astcartech.com\/en\/product\/monitor-hp-m24f-23-8%e2%80%b3-fhd-ips-vga-hdmi-amd-freesync-blanco\/","title":{"rendered":"Monitor HP M24f 23.8\u2033 FHD IPS\/VGA\/HDMI\/AMD FreeSync BLANCO"},"content":{"rendered":"<div class=\"row\">\n<div class=\"card two-column\">\n<div id=\"undefined\" class=\"content content-5-0-0 content-elements none y-center x-center hvr-wobble-horizontal\">\n<div class=\"element\">Tama\u00f1o Pantalla<\/div>\n<div class=\"element\">\n<p id=\"normalText\">23.8&#8243;<\/p>\n<\/div>\n<\/div>\n<\/div>\n<div class=\"card two-column\">\n<div id=\"undefined\" class=\"content content-5-1-0 content-elements none y-center x-center hvr-wobble-horizontal\">\n<div class=\"element\"><img decoding=\"async\" src=\"https:\/\/media.alquimio.cloud\/images\/@thumbs_1200_7202c6729a7d2922bb9f913ecbb1150df857d854.webp\" \/><\/div>\n<div class=\"element\">Resoluci\u00f3n<\/div>\n<div class=\"element\">\n<p id=\"normalText\">FHD (1920 x 1080)<\/p>\n<\/div>\n<\/div>\n<div id=\"undefined\" class=\"content content-5-1-1 content-elements none y-center x-center hvr-wobble-horizontal\">\n<div class=\"element\"><img decoding=\"async\" src=\"https:\/\/media.alquimio.cloud\/images\/@thumbs_1200_e08bf2b8b68d7c614f0d2c1fe72214c99c447b97.webp\" \/><\/div>\n<div class=\"element\">Relaci\u00f3n Aspecto<\/div>\n<div class=\"element\">\n<p id=\"normalText\">16:9<\/p>\n<\/div>\n<\/div>\n<\/div>\n<\/div>\n<div class=\"row\">\n<div class=\"card two-column\">\n<div id=\"undefined\" class=\"content content-6-0-0 content-elements none y-center x-center hvr-wobble-horizontal\">\n<div class=\"element\"><img decoding=\"async\" src=\"https:\/\/media.alquimio.cloud\/images\/@thumbs_1200_cdadfa6202b67a90a37e13d06255cbe66567a930.webp\" \/><\/div>\n<div class=\"element\">Brillo<\/div>\n<div class=\"element\">\n<p id=\"normalText\">300 nits<\/p>\n<\/div>\n<\/div>\n<\/div>\n<div class=\"card two-column\">\n<div id=\"undefined\" class=\"content content-6-1-0 content-elements none y-center x-center hvr-wobble-horizontal\">\n<div class=\"element\"><img decoding=\"async\" src=\"https:\/\/media.alquimio.cloud\/images\/@thumbs_1200_6e41d72ed048e601e913466c9298ac39b76adf0e.webp\" \/><\/div>\n<div class=\"element\">Tipo Panel<\/div>\n<div class=\"element\">\n<p id=\"normalText\">IPS<\/p>\n<\/div>\n<\/div>\n<div id=\"undefined\" class=\"content content-6-1-1 content-elements none y-center x-center hvr-wobble-horizontal\">\n<div class=\"element\"><img decoding=\"async\" src=\"https:\/\/media.alquimio.cloud\/images\/@thumbs_1200_6f7c523a80990781eaa2c39c60fa181818f6b496.webp\" \/><\/div>\n<div class=\"element\">Tiempo Respuesta<\/div>\n<div class=\"element\">\n<p id=\"normalText\">5 ms GtG (con sobrecarga)<\/p>\n<\/div>\n<\/div>\n<\/div>\n<\/div>","protected":false},"excerpt":{"rendered":"<p>Tama\u00f1o Pantalla 23.8&#8243; Resoluci\u00f3n FHD (1920 x 1080) Relaci\u00f3n Aspecto 16:9 Brillo 300 nits Tipo Panel IPS Tiempo Respuesta 5 ms GtG (con sobrecarga)<\/p>","protected":false},"featured_media":4489,"comment_status":"open","ping_status":"closed","template":"","meta":[],"product_cat":[63],"product_tag":[],"class_list":{"0":"post-4528","1":"product","2":"type-product","3":"status-publish","4":"has-post-thumbnail","6":"product_cat-monitors","8":"first","9":"instock","10":"sale","11":"shipping-taxable","12":"purchasable","13":"product-type-simple"},"yoast_head":"<!-- This site is optimized with the Yoast SEO Premium plugin v26.3 (Yoast SEO v26.3) - https:\/\/yoast.com\/wordpress\/plugins\/seo\/ -->\n<title>Monitor HP M24f 23.8\u2033 FHD IPS\/VGA\/HDMI\/AMD FreeSync BLANCO - ASTCAR TECH<\/title>\n<meta name=\"robots\" content=\"index, follow, max-snippet:-1, max-image-preview:large, max-video-preview:-1\" \/>\n<link rel=\"canonical\" href=\"https:\/\/astcartech.com\/en\/product\/monitor-hp-m24f-23-8\u2033-fhd-ips-vga-hdmi-amd-freesync-blanco\/\" \/>\n<meta property=\"og:locale\" content=\"en_US\" \/>\n<meta property=\"og:type\" content=\"article\" \/>\n<meta property=\"og:title\" content=\"Monitor HP M24f 23.8\u2033 FHD IPS\/VGA\/HDMI\/AMD FreeSync BLANCO\" \/>\n<meta property=\"og:description\" content=\"Tama\u00f1o Pantalla 23.8&#8243; Resoluci\u00f3n FHD (1920 x 1080) Relaci\u00f3n Aspecto 16:9 Brillo 300 nits Tipo Panel IPS Tiempo Respuesta 5 ms GtG (con sobrecarga)\" \/>\n<meta property=\"og:url\" content=\"https:\/\/astcartech.com\/en\/product\/monitor-hp-m24f-23-8\u2033-fhd-ips-vga-hdmi-amd-freesync-blanco\/\" \/>\n<meta property=\"og:site_name\" content=\"ASTCAR TECH\" \/>\n<meta property=\"article:publisher\" content=\"https:\/\/www.facebook.com\/AstCarTech\" \/>\n<meta property=\"article:modified_time\" content=\"2025-01-30T07:19:45+00:00\" \/>\n<meta property=\"og:image\" content=\"https:\/\/astcartech.com\/wp-content\/uploads\/2024\/11\/logo-Astcar-Tech-new_Mesa-de-trabajo-1.png\" \/>\n\t<meta property=\"og:image:width\" content=\"5162\" \/>\n\t<meta property=\"og:image:height\" content=\"2920\" \/>\n\t<meta property=\"og:image:type\" content=\"image\/png\" \/>\n<meta name=\"twitter:card\" content=\"summary_large_image\" \/>\n<script type=\"application\/ld+json\" class=\"yoast-schema-graph\">{\"@context\":\"https:\/\/schema.org\",\"@graph\":[{\"@type\":\"WebPage\",\"@id\":\"https:\/\/astcartech.com\/product\/monitor-hp-m24f-23-8%e2%80%b3-fhd-ips-vga-hdmi-amd-freesync-blanco\/\",\"url\":\"https:\/\/astcartech.com\/product\/monitor-hp-m24f-23-8%e2%80%b3-fhd-ips-vga-hdmi-amd-freesync-blanco\/\",\"name\":\"Monitor HP M24f 23.8\u2033 FHD IPS\/VGA\/HDMI\/AMD FreeSync BLANCO - ASTCAR TECH\",\"isPartOf\":{\"@id\":\"https:\/\/astcartech.com\/#website\"},\"primaryImageOfPage\":{\"@id\":\"https:\/\/astcartech.com\/product\/monitor-hp-m24f-23-8%e2%80%b3-fhd-ips-vga-hdmi-amd-freesync-blanco\/#primaryimage\"},\"image\":{\"@id\":\"https:\/\/astcartech.com\/product\/monitor-hp-m24f-23-8%e2%80%b3-fhd-ips-vga-hdmi-amd-freesync-blanco\/#primaryimage\"},\"thumbnailUrl\":\"https:\/\/astcartech.com\/wp-content\/uploads\/2025\/01\/17.avif\",\"datePublished\":\"2025-01-30T07:19:44+00:00\",\"dateModified\":\"2025-01-30T07:19:45+00:00\",\"breadcrumb\":{\"@id\":\"https:\/\/astcartech.com\/product\/monitor-hp-m24f-23-8%e2%80%b3-fhd-ips-vga-hdmi-amd-freesync-blanco\/#breadcrumb\"},\"inLanguage\":\"en-US\",\"potentialAction\":[{\"@type\":\"ReadAction\",\"target\":[\"https:\/\/astcartech.com\/product\/monitor-hp-m24f-23-8%e2%80%b3-fhd-ips-vga-hdmi-amd-freesync-blanco\/\"]}]},{\"@type\":\"ImageObject\",\"inLanguage\":\"en-US\",\"@id\":\"https:\/\/astcartech.com\/product\/monitor-hp-m24f-23-8%e2%80%b3-fhd-ips-vga-hdmi-amd-freesync-blanco\/#primaryimage\",\"url\":\"https:\/\/astcartech.com\/wp-content\/uploads\/2025\/01\/17.avif\",\"contentUrl\":\"https:\/\/astcartech.com\/wp-content\/uploads\/2025\/01\/17.avif\",\"width\":700,\"height\":560},{\"@type\":\"BreadcrumbList\",\"@id\":\"https:\/\/astcartech.com\/product\/monitor-hp-m24f-23-8%e2%80%b3-fhd-ips-vga-hdmi-amd-freesync-blanco\/#breadcrumb\",\"itemListElement\":[{\"@type\":\"ListItem\",\"position\":1,\"name\":\"Portada\",\"item\":\"https:\/\/astcartech.com\/\"},{\"@type\":\"ListItem\",\"position\":2,\"name\":\"Tienda\",\"item\":\"https:\/\/astcartech.com\/tienda\/\"},{\"@type\":\"ListItem\",\"position\":3,\"name\":\"Monitor HP M24f 23.8\u2033 FHD IPS\/VGA\/HDMI\/AMD FreeSync BLANCO\"}]},{\"@type\":\"WebSite\",\"@id\":\"https:\/\/astcartech.com\/#website\",\"url\":\"https:\/\/astcartech.com\/\",\"name\":\"Astcar Tech\",\"description\":\"Suministros y Tecnologia\",\"publisher\":{\"@id\":\"https:\/\/astcartech.com\/#organization\"},\"alternateName\":\"astcar technology\",\"potentialAction\":[{\"@type\":\"SearchAction\",\"target\":{\"@type\":\"EntryPoint\",\"urlTemplate\":\"https:\/\/astcartech.com\/?s={search_term_string}\"},\"query-input\":{\"@type\":\"PropertyValueSpecification\",\"valueRequired\":true,\"valueName\":\"search_term_string\"}}],\"inLanguage\":\"en-US\"},{\"@type\":\"Organization\",\"@id\":\"https:\/\/astcartech.com\/#organization\",\"name\":\"Astcar Tech\",\"alternateName\":\"Astcar Tech\",\"url\":\"https:\/\/astcartech.com\/\",\"logo\":{\"@type\":\"ImageObject\",\"inLanguage\":\"en-US\",\"@id\":\"https:\/\/astcartech.com\/#\/schema\/logo\/image\/\",\"url\":\"https:\/\/astcartech.com\/wp-content\/uploads\/2024\/11\/logo-Astcar-Tech-new_Mesa-de-trabajo-1.png\",\"contentUrl\":\"https:\/\/astcartech.com\/wp-content\/uploads\/2024\/11\/logo-Astcar-Tech-new_Mesa-de-trabajo-1.png\",\"width\":5162,\"height\":2920,\"caption\":\"Astcar Tech\"},\"image\":{\"@id\":\"https:\/\/astcartech.com\/#\/schema\/logo\/image\/\"},\"sameAs\":[\"https:\/\/www.facebook.com\/AstCarTech\",\"https:\/\/www.instagram.com\/astcartech\",\"https:\/\/www.tiktok.com\/@astcartech\"],\"publishingPrinciples\":\"https:\/\/astcartech.com\/tienda\/\",\"ownershipFundingInfo\":\"https:\/\/astcartech.com\/nosotros\/\",\"actionableFeedbackPolicy\":\"https:\/\/astcartech.com\/politica-de-privacidad\/\",\"correctionsPolicy\":\"https:\/\/astcartech.com\/politica-de-privacidad\/\",\"ethicsPolicy\":\"https:\/\/astcartech.com\/politica-de-privacidad\/\",\"diversityPolicy\":\"https:\/\/astcartech.com\/politica-de-privacidad\/\",\"diversityStaffingReport\":\"https:\/\/astcartech.com\/politica-de-privacidad\/\"}]}<\/script>\n<!-- \/ Yoast SEO Premium plugin. -->","yoast_head_json":{"title":"Monitor HP M24f 23.8\u2033 FHD IPS\/VGA\/HDMI\/AMD FreeSync BLANCO - ASTCAR TECH","robots":{"index":"index","follow":"follow","max-snippet":"max-snippet:-1","max-image-preview":"max-image-preview:large","max-video-preview":"max-video-preview:-1"},"canonical":"https:\/\/astcartech.com\/en\/product\/monitor-hp-m24f-23-8\u2033-fhd-ips-vga-hdmi-amd-freesync-blanco\/","og_locale":"en_US","og_type":"article","og_title":"Monitor HP M24f 23.8\u2033 FHD IPS\/VGA\/HDMI\/AMD FreeSync BLANCO","og_description":"Tama\u00f1o Pantalla 23.8&#8243; Resoluci\u00f3n FHD (1920 x 1080) Relaci\u00f3n Aspecto 16:9 Brillo 300 nits Tipo Panel IPS Tiempo Respuesta 5 ms GtG (con sobrecarga)","og_url":"https:\/\/astcartech.com\/en\/product\/monitor-hp-m24f-23-8\u2033-fhd-ips-vga-hdmi-amd-freesync-blanco\/","og_site_name":"ASTCAR TECH","article_publisher":"https:\/\/www.facebook.com\/AstCarTech","article_modified_time":"2025-01-30T07:19:45+00:00","og_image":[{"width":5162,"height":2920,"url":"https:\/\/astcartech.com\/wp-content\/uploads\/2024\/11\/logo-Astcar-Tech-new_Mesa-de-trabajo-1.png","type":"image\/png"}],"twitter_card":"summary_large_image","schema":{"@context":"https:\/\/schema.org","@graph":[{"@type":"WebPage","@id":"https:\/\/astcartech.com\/product\/monitor-hp-m24f-23-8%e2%80%b3-fhd-ips-vga-hdmi-amd-freesync-blanco\/","url":"https:\/\/astcartech.com\/product\/monitor-hp-m24f-23-8%e2%80%b3-fhd-ips-vga-hdmi-amd-freesync-blanco\/","name":"Monitor HP M24f 23.8\u2033 FHD IPS\/VGA\/HDMI\/AMD FreeSync BLANCO - ASTCAR TECH","isPartOf":{"@id":"https:\/\/astcartech.com\/#website"},"primaryImageOfPage":{"@id":"https:\/\/astcartech.com\/product\/monitor-hp-m24f-23-8%e2%80%b3-fhd-ips-vga-hdmi-amd-freesync-blanco\/#primaryimage"},"image":{"@id":"https:\/\/astcartech.com\/product\/monitor-hp-m24f-23-8%e2%80%b3-fhd-ips-vga-hdmi-amd-freesync-blanco\/#primaryimage"},"thumbnailUrl":"https:\/\/astcartech.com\/wp-content\/uploads\/2025\/01\/17.avif","datePublished":"2025-01-30T07:19:44+00:00","dateModified":"2025-01-30T07:19:45+00:00","breadcrumb":{"@id":"https:\/\/astcartech.com\/product\/monitor-hp-m24f-23-8%e2%80%b3-fhd-ips-vga-hdmi-amd-freesync-blanco\/#breadcrumb"},"inLanguage":"en-US","potentialAction":[{"@type":"ReadAction","target":["https:\/\/astcartech.com\/product\/monitor-hp-m24f-23-8%e2%80%b3-fhd-ips-vga-hdmi-amd-freesync-blanco\/"]}]},{"@type":"ImageObject","inLanguage":"en-US","@id":"https:\/\/astcartech.com\/product\/monitor-hp-m24f-23-8%e2%80%b3-fhd-ips-vga-hdmi-amd-freesync-blanco\/#primaryimage","url":"https:\/\/astcartech.com\/wp-content\/uploads\/2025\/01\/17.avif","contentUrl":"https:\/\/astcartech.com\/wp-content\/uploads\/2025\/01\/17.avif","width":700,"height":560},{"@type":"BreadcrumbList","@id":"https:\/\/astcartech.com\/product\/monitor-hp-m24f-23-8%e2%80%b3-fhd-ips-vga-hdmi-amd-freesync-blanco\/#breadcrumb","itemListElement":[{"@type":"ListItem","position":1,"name":"Portada","item":"https:\/\/astcartech.com\/"},{"@type":"ListItem","position":2,"name":"Tienda","item":"https:\/\/astcartech.com\/tienda\/"},{"@type":"ListItem","position":3,"name":"Monitor HP M24f 23.8\u2033 FHD IPS\/VGA\/HDMI\/AMD FreeSync BLANCO"}]},{"@type":"WebSite","@id":"https:\/\/astcartech.com\/#website","url":"https:\/\/astcartech.com\/","name":"Astcar Tech","description":"Suministros y Tecnologia","publisher":{"@id":"https:\/\/astcartech.com\/#organization"},"alternateName":"astcar technology","potentialAction":[{"@type":"SearchAction","target":{"@type":"EntryPoint","urlTemplate":"https:\/\/astcartech.com\/?s={search_term_string}"},"query-input":{"@type":"PropertyValueSpecification","valueRequired":true,"valueName":"search_term_string"}}],"inLanguage":"en-US"},{"@type":"Organization","@id":"https:\/\/astcartech.com\/#organization","name":"Astcar Tech","alternateName":"Astcar Tech","url":"https:\/\/astcartech.com\/","logo":{"@type":"ImageObject","inLanguage":"en-US","@id":"https:\/\/astcartech.com\/#\/schema\/logo\/image\/","url":"https:\/\/astcartech.com\/wp-content\/uploads\/2024\/11\/logo-Astcar-Tech-new_Mesa-de-trabajo-1.png","contentUrl":"https:\/\/astcartech.com\/wp-content\/uploads\/2024\/11\/logo-Astcar-Tech-new_Mesa-de-trabajo-1.png","width":5162,"height":2920,"caption":"Astcar Tech"},"image":{"@id":"https:\/\/astcartech.com\/#\/schema\/logo\/image\/"},"sameAs":["https:\/\/www.facebook.com\/AstCarTech","https:\/\/www.instagram.com\/astcartech","https:\/\/www.tiktok.com\/@astcartech"],"publishingPrinciples":"https:\/\/astcartech.com\/tienda\/","ownershipFundingInfo":"https:\/\/astcartech.com\/nosotros\/","actionableFeedbackPolicy":"https:\/\/astcartech.com\/politica-de-privacidad\/","correctionsPolicy":"https:\/\/astcartech.com\/politica-de-privacidad\/","ethicsPolicy":"https:\/\/astcartech.com\/politica-de-privacidad\/","diversityPolicy":"https:\/\/astcartech.com\/politica-de-privacidad\/","diversityStaffingReport":"https:\/\/astcartech.com\/politica-de-privacidad\/"}]}},"_links":{"self":[{"href":"https:\/\/astcartech.com\/en\/wp-json\/wp\/v2\/product\/4528","targetHints":{"allow":["GET"]}}],"collection":[{"href":"https:\/\/astcartech.com\/en\/wp-json\/wp\/v2\/product"}],"about":[{"href":"https:\/\/astcartech.com\/en\/wp-json\/wp\/v2\/types\/product"}],"replies":[{"embeddable":true,"href":"https:\/\/astcartech.com\/en\/wp-json\/wp\/v2\/comments?post=4528"}],"wp:featuredmedia":[{"embeddable":true,"href":"https:\/\/astcartech.com\/en\/wp-json\/wp\/v2\/media\/4489"}],"wp:attachment":[{"href":"https:\/\/astcartech.com\/en\/wp-json\/wp\/v2\/media?parent=4528"}],"wp:term":[{"taxonomy":"product_cat","embeddable":true,"href":"https:\/\/astcartech.com\/en\/wp-json\/wp\/v2\/product_cat?post=4528"},{"taxonomy":"product_tag","embeddable":true,"href":"https:\/\/astcartech.com\/en\/wp-json\/wp\/v2\/product_tag?post=4528"}],"curies":[{"name":"wp","href":"https:\/\/api.w.org\/{rel}","templated":true}]}}