{"id":4570,"date":"2025-01-30T07:19:48","date_gmt":"2025-01-30T07:19:48","guid":{"rendered":"https:\/\/astcartech.com\/?post_type=product&#038;p=4570"},"modified":"2025-01-30T07:19:49","modified_gmt":"2025-01-30T07:19:49","slug":"disco-duro-toshiba-2tb-portatil-toshiba-canvio-flex-hdtx140xscca-externo-plata-tableta-dispositivo-compatible-usb-3-0","status":"publish","type":"product","link":"https:\/\/astcartech.com\/en\/product\/disco-duro-toshiba-2tb-portatil-toshiba-canvio-flex-hdtx140xscca-externo-plata-tableta-dispositivo-compatible-usb-3-0\/","title":{"rendered":"Disco Duro Toshiba 2TB P\u00f3rtatil Toshiba Canvio Flex HDTX140XSCCA &#8211; Externo &#8211; Plata &#8211; Tableta Dispositivo compatible &#8211; USB 3.0"},"content":{"rendered":"<ul>\n<li class=\"highlight\">\n<div class=\"title search-tag-js\" data-tag=\"2,5 pulgadas\">Unidad de disco duro externa de 2,5 pulgadas<\/div>\n<\/li>\n<li class=\"highlight\">\n<div class=\"title\">Elegante y acabado plateado c\u00e1lido<\/div>\n<\/li>\n<li class=\"highlight\">\n<div class=\"title\">Compatible con smartphones, tabletas, Mac y PC Windows*<\/div>\n<\/li>\n<li class=\"highlight\">\n<div class=\"title\">Incluye cable USB-C\u00ae y USB-A<\/div>\n<\/li>\n<li class=\"highlight\">\n<div class=\"title\">3 a\u00f1os de garant\u00eda<\/div>\n<\/li>\n<li>\n<div class=\"title\">Una unidad. Muchos dispositivos.<\/div>\n<div class=\"text\">Tal vez hayas reunido una gran colecci\u00f3n de dispositivos y quieras explorar m\u00e1s en el futuro. Lo \u00faltimo que necesitas es un disco duro incapaz de seguir el ritmo de tus progresos. Canvio Flex ofrece almacenamiento en su forma m\u00e1s compatible, pues te permite almacenar datos y acceder a ellos sin el menor problema en smartphones, tabletas, Mac y PC Windows*, todo ello de forma intercambiable y con una \u00fanica soluci\u00f3n.<\/div>\n<\/li>\n<\/ul>","protected":false},"excerpt":{"rendered":"<p>Unidad de disco duro externa de 2,5 pulgadas Elegante y acabado plateado c\u00e1lido Compatible con smartphones, tabletas, Mac y PC Windows* Incluye cable USB-C\u00ae y USB-A 3 a\u00f1os de garant\u00eda Una unidad. Muchos dispositivos. Tal vez hayas reunido una gran colecci\u00f3n de dispositivos y quieras explorar m\u00e1s en el futuro. Lo \u00faltimo que necesitas es [&hellip;]<\/p>","protected":false},"featured_media":4384,"comment_status":"open","ping_status":"closed","template":"","meta":[],"product_cat":[84],"product_tag":[],"class_list":{"0":"post-4570","1":"product","2":"type-product","3":"status-publish","4":"has-post-thumbnail","6":"product_cat-discos-duro-externo","8":"first","9":"instock","10":"sale","11":"shipping-taxable","12":"purchasable","13":"product-type-simple"},"yoast_head":"<!-- This site is optimized with the Yoast SEO Premium plugin v26.3 (Yoast SEO v26.3) - https:\/\/yoast.com\/wordpress\/plugins\/seo\/ -->\n<title>Disco Duro Toshiba 2TB P\u00f3rtatil Toshiba Canvio Flex HDTX140XSCCA - Externo - Plata - Tableta Dispositivo compatible - USB 3.0 - ASTCAR TECH<\/title>\n<meta name=\"robots\" content=\"index, follow, max-snippet:-1, max-image-preview:large, max-video-preview:-1\" \/>\n<link rel=\"canonical\" href=\"https:\/\/astcartech.com\/en\/product\/disco-duro-toshiba-2tb-portatil-toshiba-canvio-flex-hdtx140xscca-externo-plata-tableta-dispositivo-compatible-usb-3-0\/\" \/>\n<meta property=\"og:locale\" content=\"en_US\" \/>\n<meta property=\"og:type\" content=\"article\" \/>\n<meta property=\"og:title\" content=\"Disco Duro Toshiba 2TB P\u00f3rtatil Toshiba Canvio Flex HDTX140XSCCA - Externo - Plata - Tableta Dispositivo compatible - USB 3.0\" \/>\n<meta property=\"og:description\" content=\"Unidad de disco duro externa de 2,5 pulgadas Elegante y acabado plateado c\u00e1lido Compatible con smartphones, tabletas, Mac y PC Windows* Incluye cable USB-C\u00ae y USB-A 3 a\u00f1os de garant\u00eda Una unidad. Muchos dispositivos. Tal vez hayas reunido una gran colecci\u00f3n de dispositivos y quieras explorar m\u00e1s en el futuro. Lo \u00faltimo que necesitas es [&hellip;]\" \/>\n<meta property=\"og:url\" content=\"https:\/\/astcartech.com\/en\/product\/disco-duro-toshiba-2tb-portatil-toshiba-canvio-flex-hdtx140xscca-externo-plata-tableta-dispositivo-compatible-usb-3-0\/\" \/>\n<meta property=\"og:site_name\" content=\"ASTCAR TECH\" \/>\n<meta property=\"article:publisher\" content=\"https:\/\/www.facebook.com\/AstCarTech\" \/>\n<meta property=\"article:modified_time\" content=\"2025-01-30T07:19:49+00:00\" \/>\n<meta property=\"og:image\" content=\"https:\/\/astcartech.com\/wp-content\/uploads\/2025\/01\/59.png\" \/>\n\t<meta property=\"og:image:width\" content=\"589\" \/>\n\t<meta property=\"og:image:height\" content=\"698\" \/>\n\t<meta property=\"og:image:type\" content=\"image\/png\" \/>\n<meta name=\"twitter:card\" content=\"summary_large_image\" \/>\n<meta name=\"twitter:label1\" content=\"Est. reading time\" \/>\n\t<meta name=\"twitter:data1\" content=\"1 minute\" \/>\n<script type=\"application\/ld+json\" class=\"yoast-schema-graph\">{\"@context\":\"https:\/\/schema.org\",\"@graph\":[{\"@type\":\"WebPage\",\"@id\":\"https:\/\/astcartech.com\/product\/disco-duro-toshiba-2tb-portatil-toshiba-canvio-flex-hdtx140xscca-externo-plata-tableta-dispositivo-compatible-usb-3-0\/\",\"url\":\"https:\/\/astcartech.com\/product\/disco-duro-toshiba-2tb-portatil-toshiba-canvio-flex-hdtx140xscca-externo-plata-tableta-dispositivo-compatible-usb-3-0\/\",\"name\":\"Disco Duro Toshiba 2TB P\u00f3rtatil Toshiba Canvio Flex HDTX140XSCCA - Externo - Plata - Tableta Dispositivo compatible - USB 3.0 - ASTCAR TECH\",\"isPartOf\":{\"@id\":\"https:\/\/astcartech.com\/#website\"},\"primaryImageOfPage\":{\"@id\":\"https:\/\/astcartech.com\/product\/disco-duro-toshiba-2tb-portatil-toshiba-canvio-flex-hdtx140xscca-externo-plata-tableta-dispositivo-compatible-usb-3-0\/#primaryimage\"},\"image\":{\"@id\":\"https:\/\/astcartech.com\/product\/disco-duro-toshiba-2tb-portatil-toshiba-canvio-flex-hdtx140xscca-externo-plata-tableta-dispositivo-compatible-usb-3-0\/#primaryimage\"},\"thumbnailUrl\":\"https:\/\/astcartech.com\/wp-content\/uploads\/2025\/01\/59.png\",\"datePublished\":\"2025-01-30T07:19:48+00:00\",\"dateModified\":\"2025-01-30T07:19:49+00:00\",\"breadcrumb\":{\"@id\":\"https:\/\/astcartech.com\/product\/disco-duro-toshiba-2tb-portatil-toshiba-canvio-flex-hdtx140xscca-externo-plata-tableta-dispositivo-compatible-usb-3-0\/#breadcrumb\"},\"inLanguage\":\"en-US\",\"potentialAction\":[{\"@type\":\"ReadAction\",\"target\":[\"https:\/\/astcartech.com\/product\/disco-duro-toshiba-2tb-portatil-toshiba-canvio-flex-hdtx140xscca-externo-plata-tableta-dispositivo-compatible-usb-3-0\/\"]}]},{\"@type\":\"ImageObject\",\"inLanguage\":\"en-US\",\"@id\":\"https:\/\/astcartech.com\/product\/disco-duro-toshiba-2tb-portatil-toshiba-canvio-flex-hdtx140xscca-externo-plata-tableta-dispositivo-compatible-usb-3-0\/#primaryimage\",\"url\":\"https:\/\/astcartech.com\/wp-content\/uploads\/2025\/01\/59.png\",\"contentUrl\":\"https:\/\/astcartech.com\/wp-content\/uploads\/2025\/01\/59.png\",\"width\":589,\"height\":698},{\"@type\":\"BreadcrumbList\",\"@id\":\"https:\/\/astcartech.com\/product\/disco-duro-toshiba-2tb-portatil-toshiba-canvio-flex-hdtx140xscca-externo-plata-tableta-dispositivo-compatible-usb-3-0\/#breadcrumb\",\"itemListElement\":[{\"@type\":\"ListItem\",\"position\":1,\"name\":\"Portada\",\"item\":\"https:\/\/astcartech.com\/\"},{\"@type\":\"ListItem\",\"position\":2,\"name\":\"Tienda\",\"item\":\"https:\/\/astcartech.com\/tienda\/\"},{\"@type\":\"ListItem\",\"position\":3,\"name\":\"Disco Duro Toshiba 2TB P\u00f3rtatil Toshiba Canvio Flex HDTX140XSCCA &#8211; Externo &#8211; Plata &#8211; Tableta Dispositivo compatible &#8211; USB 3.0\"}]},{\"@type\":\"WebSite\",\"@id\":\"https:\/\/astcartech.com\/#website\",\"url\":\"https:\/\/astcartech.com\/\",\"name\":\"Astcar Tech\",\"description\":\"Suministros y Tecnologia\",\"publisher\":{\"@id\":\"https:\/\/astcartech.com\/#organization\"},\"alternateName\":\"astcar technology\",\"potentialAction\":[{\"@type\":\"SearchAction\",\"target\":{\"@type\":\"EntryPoint\",\"urlTemplate\":\"https:\/\/astcartech.com\/?s={search_term_string}\"},\"query-input\":{\"@type\":\"PropertyValueSpecification\",\"valueRequired\":true,\"valueName\":\"search_term_string\"}}],\"inLanguage\":\"en-US\"},{\"@type\":\"Organization\",\"@id\":\"https:\/\/astcartech.com\/#organization\",\"name\":\"Astcar Tech\",\"alternateName\":\"Astcar Tech\",\"url\":\"https:\/\/astcartech.com\/\",\"logo\":{\"@type\":\"ImageObject\",\"inLanguage\":\"en-US\",\"@id\":\"https:\/\/astcartech.com\/#\/schema\/logo\/image\/\",\"url\":\"https:\/\/astcartech.com\/wp-content\/uploads\/2024\/11\/logo-Astcar-Tech-new_Mesa-de-trabajo-1.png\",\"contentUrl\":\"https:\/\/astcartech.com\/wp-content\/uploads\/2024\/11\/logo-Astcar-Tech-new_Mesa-de-trabajo-1.png\",\"width\":5162,\"height\":2920,\"caption\":\"Astcar Tech\"},\"image\":{\"@id\":\"https:\/\/astcartech.com\/#\/schema\/logo\/image\/\"},\"sameAs\":[\"https:\/\/www.facebook.com\/AstCarTech\",\"https:\/\/www.instagram.com\/astcartech\",\"https:\/\/www.tiktok.com\/@astcartech\"],\"publishingPrinciples\":\"https:\/\/astcartech.com\/tienda\/\",\"ownershipFundingInfo\":\"https:\/\/astcartech.com\/nosotros\/\",\"actionableFeedbackPolicy\":\"https:\/\/astcartech.com\/politica-de-privacidad\/\",\"correctionsPolicy\":\"https:\/\/astcartech.com\/politica-de-privacidad\/\",\"ethicsPolicy\":\"https:\/\/astcartech.com\/politica-de-privacidad\/\",\"diversityPolicy\":\"https:\/\/astcartech.com\/politica-de-privacidad\/\",\"diversityStaffingReport\":\"https:\/\/astcartech.com\/politica-de-privacidad\/\"}]}<\/script>\n<!-- \/ Yoast SEO Premium plugin. -->","yoast_head_json":{"title":"Disco Duro Toshiba 2TB P\u00f3rtatil Toshiba Canvio Flex HDTX140XSCCA - Externo - Plata - Tableta Dispositivo compatible - USB 3.0 - ASTCAR TECH","robots":{"index":"index","follow":"follow","max-snippet":"max-snippet:-1","max-image-preview":"max-image-preview:large","max-video-preview":"max-video-preview:-1"},"canonical":"https:\/\/astcartech.com\/en\/product\/disco-duro-toshiba-2tb-portatil-toshiba-canvio-flex-hdtx140xscca-externo-plata-tableta-dispositivo-compatible-usb-3-0\/","og_locale":"en_US","og_type":"article","og_title":"Disco Duro Toshiba 2TB P\u00f3rtatil Toshiba Canvio Flex HDTX140XSCCA - Externo - Plata - Tableta Dispositivo compatible - USB 3.0","og_description":"Unidad de disco duro externa de 2,5 pulgadas Elegante y acabado plateado c\u00e1lido Compatible con smartphones, tabletas, Mac y PC Windows* Incluye cable USB-C\u00ae y USB-A 3 a\u00f1os de garant\u00eda Una unidad. Muchos dispositivos. Tal vez hayas reunido una gran colecci\u00f3n de dispositivos y quieras explorar m\u00e1s en el futuro. Lo \u00faltimo que necesitas es [&hellip;]","og_url":"https:\/\/astcartech.com\/en\/product\/disco-duro-toshiba-2tb-portatil-toshiba-canvio-flex-hdtx140xscca-externo-plata-tableta-dispositivo-compatible-usb-3-0\/","og_site_name":"ASTCAR TECH","article_publisher":"https:\/\/www.facebook.com\/AstCarTech","article_modified_time":"2025-01-30T07:19:49+00:00","og_image":[{"width":589,"height":698,"url":"https:\/\/astcartech.com\/wp-content\/uploads\/2025\/01\/59.png","type":"image\/png"}],"twitter_card":"summary_large_image","twitter_misc":{"Est. reading time":"1 minute"},"schema":{"@context":"https:\/\/schema.org","@graph":[{"@type":"WebPage","@id":"https:\/\/astcartech.com\/product\/disco-duro-toshiba-2tb-portatil-toshiba-canvio-flex-hdtx140xscca-externo-plata-tableta-dispositivo-compatible-usb-3-0\/","url":"https:\/\/astcartech.com\/product\/disco-duro-toshiba-2tb-portatil-toshiba-canvio-flex-hdtx140xscca-externo-plata-tableta-dispositivo-compatible-usb-3-0\/","name":"Disco Duro Toshiba 2TB P\u00f3rtatil Toshiba Canvio Flex HDTX140XSCCA - Externo - Plata - Tableta Dispositivo compatible - USB 3.0 - ASTCAR TECH","isPartOf":{"@id":"https:\/\/astcartech.com\/#website"},"primaryImageOfPage":{"@id":"https:\/\/astcartech.com\/product\/disco-duro-toshiba-2tb-portatil-toshiba-canvio-flex-hdtx140xscca-externo-plata-tableta-dispositivo-compatible-usb-3-0\/#primaryimage"},"image":{"@id":"https:\/\/astcartech.com\/product\/disco-duro-toshiba-2tb-portatil-toshiba-canvio-flex-hdtx140xscca-externo-plata-tableta-dispositivo-compatible-usb-3-0\/#primaryimage"},"thumbnailUrl":"https:\/\/astcartech.com\/wp-content\/uploads\/2025\/01\/59.png","datePublished":"2025-01-30T07:19:48+00:00","dateModified":"2025-01-30T07:19:49+00:00","breadcrumb":{"@id":"https:\/\/astcartech.com\/product\/disco-duro-toshiba-2tb-portatil-toshiba-canvio-flex-hdtx140xscca-externo-plata-tableta-dispositivo-compatible-usb-3-0\/#breadcrumb"},"inLanguage":"en-US","potentialAction":[{"@type":"ReadAction","target":["https:\/\/astcartech.com\/product\/disco-duro-toshiba-2tb-portatil-toshiba-canvio-flex-hdtx140xscca-externo-plata-tableta-dispositivo-compatible-usb-3-0\/"]}]},{"@type":"ImageObject","inLanguage":"en-US","@id":"https:\/\/astcartech.com\/product\/disco-duro-toshiba-2tb-portatil-toshiba-canvio-flex-hdtx140xscca-externo-plata-tableta-dispositivo-compatible-usb-3-0\/#primaryimage","url":"https:\/\/astcartech.com\/wp-content\/uploads\/2025\/01\/59.png","contentUrl":"https:\/\/astcartech.com\/wp-content\/uploads\/2025\/01\/59.png","width":589,"height":698},{"@type":"BreadcrumbList","@id":"https:\/\/astcartech.com\/product\/disco-duro-toshiba-2tb-portatil-toshiba-canvio-flex-hdtx140xscca-externo-plata-tableta-dispositivo-compatible-usb-3-0\/#breadcrumb","itemListElement":[{"@type":"ListItem","position":1,"name":"Portada","item":"https:\/\/astcartech.com\/"},{"@type":"ListItem","position":2,"name":"Tienda","item":"https:\/\/astcartech.com\/tienda\/"},{"@type":"ListItem","position":3,"name":"Disco Duro Toshiba 2TB P\u00f3rtatil Toshiba Canvio Flex HDTX140XSCCA &#8211; Externo &#8211; Plata &#8211; Tableta Dispositivo compatible &#8211; USB 3.0"}]},{"@type":"WebSite","@id":"https:\/\/astcartech.com\/#website","url":"https:\/\/astcartech.com\/","name":"Astcar Tech","description":"Suministros y Tecnologia","publisher":{"@id":"https:\/\/astcartech.com\/#organization"},"alternateName":"astcar technology","potentialAction":[{"@type":"SearchAction","target":{"@type":"EntryPoint","urlTemplate":"https:\/\/astcartech.com\/?s={search_term_string}"},"query-input":{"@type":"PropertyValueSpecification","valueRequired":true,"valueName":"search_term_string"}}],"inLanguage":"en-US"},{"@type":"Organization","@id":"https:\/\/astcartech.com\/#organization","name":"Astcar Tech","alternateName":"Astcar Tech","url":"https:\/\/astcartech.com\/","logo":{"@type":"ImageObject","inLanguage":"en-US","@id":"https:\/\/astcartech.com\/#\/schema\/logo\/image\/","url":"https:\/\/astcartech.com\/wp-content\/uploads\/2024\/11\/logo-Astcar-Tech-new_Mesa-de-trabajo-1.png","contentUrl":"https:\/\/astcartech.com\/wp-content\/uploads\/2024\/11\/logo-Astcar-Tech-new_Mesa-de-trabajo-1.png","width":5162,"height":2920,"caption":"Astcar Tech"},"image":{"@id":"https:\/\/astcartech.com\/#\/schema\/logo\/image\/"},"sameAs":["https:\/\/www.facebook.com\/AstCarTech","https:\/\/www.instagram.com\/astcartech","https:\/\/www.tiktok.com\/@astcartech"],"publishingPrinciples":"https:\/\/astcartech.com\/tienda\/","ownershipFundingInfo":"https:\/\/astcartech.com\/nosotros\/","actionableFeedbackPolicy":"https:\/\/astcartech.com\/politica-de-privacidad\/","correctionsPolicy":"https:\/\/astcartech.com\/politica-de-privacidad\/","ethicsPolicy":"https:\/\/astcartech.com\/politica-de-privacidad\/","diversityPolicy":"https:\/\/astcartech.com\/politica-de-privacidad\/","diversityStaffingReport":"https:\/\/astcartech.com\/politica-de-privacidad\/"}]}},"_links":{"self":[{"href":"https:\/\/astcartech.com\/en\/wp-json\/wp\/v2\/product\/4570","targetHints":{"allow":["GET"]}}],"collection":[{"href":"https:\/\/astcartech.com\/en\/wp-json\/wp\/v2\/product"}],"about":[{"href":"https:\/\/astcartech.com\/en\/wp-json\/wp\/v2\/types\/product"}],"replies":[{"embeddable":true,"href":"https:\/\/astcartech.com\/en\/wp-json\/wp\/v2\/comments?post=4570"}],"wp:featuredmedia":[{"embeddable":true,"href":"https:\/\/astcartech.com\/en\/wp-json\/wp\/v2\/media\/4384"}],"wp:attachment":[{"href":"https:\/\/astcartech.com\/en\/wp-json\/wp\/v2\/media?parent=4570"}],"wp:term":[{"taxonomy":"product_cat","embeddable":true,"href":"https:\/\/astcartech.com\/en\/wp-json\/wp\/v2\/product_cat?post=4570"},{"taxonomy":"product_tag","embeddable":true,"href":"https:\/\/astcartech.com\/en\/wp-json\/wp\/v2\/product_tag?post=4570"}],"curies":[{"name":"wp","href":"https:\/\/api.w.org\/{rel}","templated":true}]}}