{"id":4571,"date":"2025-01-30T07:19:48","date_gmt":"2025-01-30T07:19:48","guid":{"rendered":"https:\/\/astcartech.com\/?post_type=product&#038;p=4571"},"modified":"2025-01-30T07:19:49","modified_gmt":"2025-01-30T07:19:49","slug":"disco-duro-externo-toshiba-canvio-advance-4tb-negro-portatil","status":"publish","type":"product","link":"https:\/\/astcartech.com\/en\/product\/disco-duro-externo-toshiba-canvio-advance-4tb-negro-portatil\/","title":{"rendered":"Disco Duro Externo Toshiba Canvio Advance 4TB &#8211; Negro &#8211; Port\u00e1til"},"content":{"rendered":"<div class=\"jsx-4193564760 specification specification-2-column\">\n<section class=\"jsx-2247763159 container\">\n<div class=\"jsx-2247763159 mkp-headerContainer\"><span class=\"jsx-2247763159\">Especificaciones<\/span><\/div>\n<div class=\"jsx-2247763159 bodyContainer\">\n<table class=\"jsx-960159652 specification-table\">\n<tbody class=\"jsx-960159652\">\n<tr class=\"jsx-960159652\">\n<td class=\"jsx-960159652 property-name\">Detalle de la garant\u00eda<\/td>\n<td class=\"jsx-960159652 property-value\">1 a\u00f1o<\/td>\n<\/tr>\n<tr class=\"jsx-960159652\">\n<td class=\"jsx-960159652 property-name\">Condicion del producto<\/td>\n<td class=\"jsx-960159652 property-value\">Nuevo<\/td>\n<\/tr>\n<tr class=\"jsx-960159652\">\n<td class=\"jsx-960159652 property-name\">Dimensiones<\/td>\n<td class=\"jsx-960159652 property-value\">2 cm x 11 cm x 8 cm<\/td>\n<\/tr>\n<tr class=\"jsx-960159652\">\n<td class=\"jsx-960159652 property-name\">Modelo<\/td>\n<td class=\"jsx-960159652 property-value\">Canvio Advance<\/td>\n<\/tr>\n<tr class=\"jsx-960159652\">\n<td class=\"jsx-960159652 property-name\">Pa\u00eds de origen<\/td>\n<td class=\"jsx-960159652 property-value\">Filipinas<\/td>\n<\/tr>\n<tr class=\"jsx-960159652\">\n<td class=\"jsx-960159652 property-name\">Compatible con<\/td>\n<td class=\"jsx-960159652 property-value\">Microsoft windows<\/td>\n<\/tr>\n<tr class=\"jsx-960159652\">\n<td class=\"jsx-960159652 property-name\">Capacidad de almacenamiento<\/td>\n<td class=\"jsx-960159652 property-value\">4TB<\/td>\n<\/tr>\n<tr class=\"jsx-960159652\">\n<td class=\"jsx-960159652 property-name\">Tipo de disco duro<\/td>\n<td class=\"jsx-960159652 property-value\">HDD<\/td>\n<\/tr>\n<tr class=\"jsx-960159652\">\n<td class=\"jsx-960159652 property-name\">Garant\u00eda<\/td>\n<td class=\"jsx-960159652 property-value\">1 a\u00f1o<\/td>\n<\/tr>\n<tr class=\"jsx-960159652\">\n<td class=\"jsx-960159652 property-name\">Conectividad\/conexi\u00f3n<\/td>\n<td class=\"jsx-960159652 property-value\">USB<\/td>\n<\/tr>\n<tr class=\"jsx-960159652\">\n<td class=\"jsx-960159652 property-name\">Incluye<\/td>\n<td class=\"jsx-960159652 property-value\">Disco duro port\u00e1til Toshiba Canvio\u00ae Advance \/ Cable USB 3.0 (funciona con USB 2.0) \/ Gu\u00eda de inicio r\u00e1pido \/ Software descargable<\/td>\n<\/tr>\n<\/tbody>\n<\/table>\n<\/div>\n<\/section>\n<\/div>\n<div class=\"jsx-4193564760 description description-2-column\">\n<section class=\"jsx-2247763159 container\">\n<div><\/div>\n<div class=\"jsx-2247763159 mkp-headerContainer\"><span class=\"jsx-2247763159\">Informaci\u00f3n adicional<\/span><\/div>\n<div class=\"jsx-2247763159 bodyContainer\">\n<div class=\"fb-product-information__product-information-tab\">\n<div class=\"fb-product-information-tab__copy\">\n<p>El disco duro port\u00e1til\u00a0<strong>Canvio Advance<\/strong>\u00a0de\u00a0<strong>Toshiba<\/strong> permite a los creadores hacer lo que mejor saben hacer, donde sea que les lleve la vida, ofreciendo una alta capacidad de almacenamiento, acceso r\u00e1pido a su contenido almacenado y el rendimiento confiable probado que necesitan. Aumente su almacenamiento con una capacidad de hasta\u00a0<strong>4TB<\/strong>\u00a0para que pueda llevar consigo su colecci\u00f3n masiva de fotos, m\u00fasica y videos mientras viaja, y a\u00fan as\u00ed tener espacio para todos sus otros archivos importantes.<\/p>\n<ul>\n<li><strong>Marca:<\/strong>\u00a0Toshiba<\/li>\n<li><strong>Modelo:<\/strong>\u00a0Canvio Advance<\/li>\n<li><strong>SKU:<\/strong>\u00a0HDTCA40XK3CA<\/li>\n<li><strong>Capacidad:<\/strong>\u00a04TB<\/li>\n<li><strong>Conectividad:<\/strong>\u00a0USB 3.0<\/li>\n<li><strong>Color:<\/strong>\u00a0Negro<\/li>\n<li><strong>Tipo:<\/strong>\u00a0HDD<\/li>\n<li><strong>Proteccion de contrase\u00f1a:<\/strong>\u00a0And<\/li>\n<li><strong>Dimensiones:<\/strong>\u00a01.95 cm x 10.9 cm x 7.8 cm<\/li>\n<li><strong>Incluye:<\/strong>\u00a0Disco duro port\u00e1til Toshiba Canvio\u00ae Advance \/ Cable USB 3.0 (funciona con USB 2.0) \/ Gu\u00eda de inicio r\u00e1pido \/ Software descargable<\/li>\n<\/ul>\n<\/div>\n<\/div>\n<\/div>\n<\/section>\n<\/div>","protected":false},"excerpt":{"rendered":"<p>Especificaciones Detalle de la garant\u00eda 1 a\u00f1o Condicion del producto Nuevo Dimensiones 2 cm x 11 cm x 8 cm Modelo Canvio Advance Pa\u00eds de origen Filipinas Compatible con Microsoft windows Capacidad de almacenamiento 4TB Tipo de disco duro HDD Garant\u00eda 1 a\u00f1o Conectividad\/conexi\u00f3n USB Incluye Disco duro port\u00e1til Toshiba Canvio\u00ae Advance \/ Cable USB [&hellip;]<\/p>","protected":false},"featured_media":4491,"comment_status":"open","ping_status":"closed","template":"","meta":[],"product_cat":[84],"product_tag":[],"class_list":{"0":"post-4571","1":"product","2":"type-product","3":"status-publish","4":"has-post-thumbnail","6":"product_cat-discos-duro-externo","8":"first","9":"instock","10":"sale","11":"shipping-taxable","12":"purchasable","13":"product-type-simple"},"yoast_head":"<!-- This site is optimized with the Yoast SEO Premium plugin v26.3 (Yoast SEO v26.3) - https:\/\/yoast.com\/wordpress\/plugins\/seo\/ -->\n<title>Disco Duro Externo Toshiba Canvio Advance 4TB - Negro - Port\u00e1til - ASTCAR TECH<\/title>\n<meta name=\"robots\" content=\"index, follow, max-snippet:-1, max-image-preview:large, max-video-preview:-1\" \/>\n<link rel=\"canonical\" href=\"https:\/\/astcartech.com\/en\/product\/disco-duro-externo-toshiba-canvio-advance-4tb-negro-portatil\/\" \/>\n<meta property=\"og:locale\" content=\"en_US\" \/>\n<meta property=\"og:type\" content=\"article\" \/>\n<meta property=\"og:title\" content=\"Disco Duro Externo Toshiba Canvio Advance 4TB - Negro - Port\u00e1til\" \/>\n<meta property=\"og:description\" content=\"Especificaciones Detalle de la garant\u00eda 1 a\u00f1o Condicion del producto Nuevo Dimensiones 2 cm x 11 cm x 8 cm Modelo Canvio Advance Pa\u00eds de origen Filipinas Compatible con Microsoft windows Capacidad de almacenamiento 4TB Tipo de disco duro HDD Garant\u00eda 1 a\u00f1o Conectividad\/conexi\u00f3n USB Incluye Disco duro port\u00e1til Toshiba Canvio\u00ae Advance \/ Cable USB [&hellip;]\" \/>\n<meta property=\"og:url\" content=\"https:\/\/astcartech.com\/en\/product\/disco-duro-externo-toshiba-canvio-advance-4tb-negro-portatil\/\" \/>\n<meta property=\"og:site_name\" content=\"ASTCAR TECH\" \/>\n<meta property=\"article:publisher\" content=\"https:\/\/www.facebook.com\/AstCarTech\" \/>\n<meta property=\"article:modified_time\" content=\"2025-01-30T07:19:49+00:00\" \/>\n<meta property=\"og:image\" content=\"https:\/\/astcartech.com\/wp-content\/uploads\/2024\/11\/logo-Astcar-Tech-new_Mesa-de-trabajo-1.png\" \/>\n\t<meta property=\"og:image:width\" content=\"5162\" \/>\n\t<meta property=\"og:image:height\" content=\"2920\" \/>\n\t<meta property=\"og:image:type\" content=\"image\/png\" \/>\n<meta name=\"twitter:card\" content=\"summary_large_image\" \/>\n<meta name=\"twitter:label1\" content=\"Est. reading time\" \/>\n\t<meta name=\"twitter:data1\" content=\"1 minute\" \/>\n<script type=\"application\/ld+json\" class=\"yoast-schema-graph\">{\"@context\":\"https:\/\/schema.org\",\"@graph\":[{\"@type\":\"WebPage\",\"@id\":\"https:\/\/astcartech.com\/product\/disco-duro-externo-toshiba-canvio-advance-4tb-negro-portatil\/\",\"url\":\"https:\/\/astcartech.com\/product\/disco-duro-externo-toshiba-canvio-advance-4tb-negro-portatil\/\",\"name\":\"Disco Duro Externo Toshiba Canvio Advance 4TB - Negro - Port\u00e1til - ASTCAR TECH\",\"isPartOf\":{\"@id\":\"https:\/\/astcartech.com\/#website\"},\"primaryImageOfPage\":{\"@id\":\"https:\/\/astcartech.com\/product\/disco-duro-externo-toshiba-canvio-advance-4tb-negro-portatil\/#primaryimage\"},\"image\":{\"@id\":\"https:\/\/astcartech.com\/product\/disco-duro-externo-toshiba-canvio-advance-4tb-negro-portatil\/#primaryimage\"},\"thumbnailUrl\":\"https:\/\/astcartech.com\/wp-content\/uploads\/2025\/01\/65.avif\",\"datePublished\":\"2025-01-30T07:19:48+00:00\",\"dateModified\":\"2025-01-30T07:19:49+00:00\",\"breadcrumb\":{\"@id\":\"https:\/\/astcartech.com\/product\/disco-duro-externo-toshiba-canvio-advance-4tb-negro-portatil\/#breadcrumb\"},\"inLanguage\":\"en-US\",\"potentialAction\":[{\"@type\":\"ReadAction\",\"target\":[\"https:\/\/astcartech.com\/product\/disco-duro-externo-toshiba-canvio-advance-4tb-negro-portatil\/\"]}]},{\"@type\":\"ImageObject\",\"inLanguage\":\"en-US\",\"@id\":\"https:\/\/astcartech.com\/product\/disco-duro-externo-toshiba-canvio-advance-4tb-negro-portatil\/#primaryimage\",\"url\":\"https:\/\/astcartech.com\/wp-content\/uploads\/2025\/01\/65.avif\",\"contentUrl\":\"https:\/\/astcartech.com\/wp-content\/uploads\/2025\/01\/65.avif\",\"width\":1500,\"height\":1500},{\"@type\":\"BreadcrumbList\",\"@id\":\"https:\/\/astcartech.com\/product\/disco-duro-externo-toshiba-canvio-advance-4tb-negro-portatil\/#breadcrumb\",\"itemListElement\":[{\"@type\":\"ListItem\",\"position\":1,\"name\":\"Portada\",\"item\":\"https:\/\/astcartech.com\/\"},{\"@type\":\"ListItem\",\"position\":2,\"name\":\"Tienda\",\"item\":\"https:\/\/astcartech.com\/tienda\/\"},{\"@type\":\"ListItem\",\"position\":3,\"name\":\"Disco Duro Externo Toshiba Canvio Advance 4TB &#8211; Negro &#8211; Port\u00e1til\"}]},{\"@type\":\"WebSite\",\"@id\":\"https:\/\/astcartech.com\/#website\",\"url\":\"https:\/\/astcartech.com\/\",\"name\":\"Astcar Tech\",\"description\":\"Suministros y Tecnologia\",\"publisher\":{\"@id\":\"https:\/\/astcartech.com\/#organization\"},\"alternateName\":\"astcar technology\",\"potentialAction\":[{\"@type\":\"SearchAction\",\"target\":{\"@type\":\"EntryPoint\",\"urlTemplate\":\"https:\/\/astcartech.com\/?s={search_term_string}\"},\"query-input\":{\"@type\":\"PropertyValueSpecification\",\"valueRequired\":true,\"valueName\":\"search_term_string\"}}],\"inLanguage\":\"en-US\"},{\"@type\":\"Organization\",\"@id\":\"https:\/\/astcartech.com\/#organization\",\"name\":\"Astcar Tech\",\"alternateName\":\"Astcar Tech\",\"url\":\"https:\/\/astcartech.com\/\",\"logo\":{\"@type\":\"ImageObject\",\"inLanguage\":\"en-US\",\"@id\":\"https:\/\/astcartech.com\/#\/schema\/logo\/image\/\",\"url\":\"https:\/\/astcartech.com\/wp-content\/uploads\/2024\/11\/logo-Astcar-Tech-new_Mesa-de-trabajo-1.png\",\"contentUrl\":\"https:\/\/astcartech.com\/wp-content\/uploads\/2024\/11\/logo-Astcar-Tech-new_Mesa-de-trabajo-1.png\",\"width\":5162,\"height\":2920,\"caption\":\"Astcar Tech\"},\"image\":{\"@id\":\"https:\/\/astcartech.com\/#\/schema\/logo\/image\/\"},\"sameAs\":[\"https:\/\/www.facebook.com\/AstCarTech\",\"https:\/\/www.instagram.com\/astcartech\",\"https:\/\/www.tiktok.com\/@astcartech\"],\"publishingPrinciples\":\"https:\/\/astcartech.com\/tienda\/\",\"ownershipFundingInfo\":\"https:\/\/astcartech.com\/nosotros\/\",\"actionableFeedbackPolicy\":\"https:\/\/astcartech.com\/politica-de-privacidad\/\",\"correctionsPolicy\":\"https:\/\/astcartech.com\/politica-de-privacidad\/\",\"ethicsPolicy\":\"https:\/\/astcartech.com\/politica-de-privacidad\/\",\"diversityPolicy\":\"https:\/\/astcartech.com\/politica-de-privacidad\/\",\"diversityStaffingReport\":\"https:\/\/astcartech.com\/politica-de-privacidad\/\"}]}<\/script>\n<!-- \/ Yoast SEO Premium plugin. -->","yoast_head_json":{"title":"Disco Duro Externo Toshiba Canvio Advance 4TB - Negro - Port\u00e1til - ASTCAR TECH","robots":{"index":"index","follow":"follow","max-snippet":"max-snippet:-1","max-image-preview":"max-image-preview:large","max-video-preview":"max-video-preview:-1"},"canonical":"https:\/\/astcartech.com\/en\/product\/disco-duro-externo-toshiba-canvio-advance-4tb-negro-portatil\/","og_locale":"en_US","og_type":"article","og_title":"Disco Duro Externo Toshiba Canvio Advance 4TB - Negro - Port\u00e1til","og_description":"Especificaciones Detalle de la garant\u00eda 1 a\u00f1o Condicion del producto Nuevo Dimensiones 2 cm x 11 cm x 8 cm Modelo Canvio Advance Pa\u00eds de origen Filipinas Compatible con Microsoft windows Capacidad de almacenamiento 4TB Tipo de disco duro HDD Garant\u00eda 1 a\u00f1o Conectividad\/conexi\u00f3n USB Incluye Disco duro port\u00e1til Toshiba Canvio\u00ae Advance \/ Cable USB [&hellip;]","og_url":"https:\/\/astcartech.com\/en\/product\/disco-duro-externo-toshiba-canvio-advance-4tb-negro-portatil\/","og_site_name":"ASTCAR TECH","article_publisher":"https:\/\/www.facebook.com\/AstCarTech","article_modified_time":"2025-01-30T07:19:49+00:00","og_image":[{"width":5162,"height":2920,"url":"https:\/\/astcartech.com\/wp-content\/uploads\/2024\/11\/logo-Astcar-Tech-new_Mesa-de-trabajo-1.png","type":"image\/png"}],"twitter_card":"summary_large_image","twitter_misc":{"Est. reading time":"1 minute"},"schema":{"@context":"https:\/\/schema.org","@graph":[{"@type":"WebPage","@id":"https:\/\/astcartech.com\/product\/disco-duro-externo-toshiba-canvio-advance-4tb-negro-portatil\/","url":"https:\/\/astcartech.com\/product\/disco-duro-externo-toshiba-canvio-advance-4tb-negro-portatil\/","name":"Disco Duro Externo Toshiba Canvio Advance 4TB - Negro - Port\u00e1til - ASTCAR TECH","isPartOf":{"@id":"https:\/\/astcartech.com\/#website"},"primaryImageOfPage":{"@id":"https:\/\/astcartech.com\/product\/disco-duro-externo-toshiba-canvio-advance-4tb-negro-portatil\/#primaryimage"},"image":{"@id":"https:\/\/astcartech.com\/product\/disco-duro-externo-toshiba-canvio-advance-4tb-negro-portatil\/#primaryimage"},"thumbnailUrl":"https:\/\/astcartech.com\/wp-content\/uploads\/2025\/01\/65.avif","datePublished":"2025-01-30T07:19:48+00:00","dateModified":"2025-01-30T07:19:49+00:00","breadcrumb":{"@id":"https:\/\/astcartech.com\/product\/disco-duro-externo-toshiba-canvio-advance-4tb-negro-portatil\/#breadcrumb"},"inLanguage":"en-US","potentialAction":[{"@type":"ReadAction","target":["https:\/\/astcartech.com\/product\/disco-duro-externo-toshiba-canvio-advance-4tb-negro-portatil\/"]}]},{"@type":"ImageObject","inLanguage":"en-US","@id":"https:\/\/astcartech.com\/product\/disco-duro-externo-toshiba-canvio-advance-4tb-negro-portatil\/#primaryimage","url":"https:\/\/astcartech.com\/wp-content\/uploads\/2025\/01\/65.avif","contentUrl":"https:\/\/astcartech.com\/wp-content\/uploads\/2025\/01\/65.avif","width":1500,"height":1500},{"@type":"BreadcrumbList","@id":"https:\/\/astcartech.com\/product\/disco-duro-externo-toshiba-canvio-advance-4tb-negro-portatil\/#breadcrumb","itemListElement":[{"@type":"ListItem","position":1,"name":"Portada","item":"https:\/\/astcartech.com\/"},{"@type":"ListItem","position":2,"name":"Tienda","item":"https:\/\/astcartech.com\/tienda\/"},{"@type":"ListItem","position":3,"name":"Disco Duro Externo Toshiba Canvio Advance 4TB &#8211; Negro &#8211; Port\u00e1til"}]},{"@type":"WebSite","@id":"https:\/\/astcartech.com\/#website","url":"https:\/\/astcartech.com\/","name":"Astcar Tech","description":"Suministros y Tecnologia","publisher":{"@id":"https:\/\/astcartech.com\/#organization"},"alternateName":"astcar technology","potentialAction":[{"@type":"SearchAction","target":{"@type":"EntryPoint","urlTemplate":"https:\/\/astcartech.com\/?s={search_term_string}"},"query-input":{"@type":"PropertyValueSpecification","valueRequired":true,"valueName":"search_term_string"}}],"inLanguage":"en-US"},{"@type":"Organization","@id":"https:\/\/astcartech.com\/#organization","name":"Astcar Tech","alternateName":"Astcar Tech","url":"https:\/\/astcartech.com\/","logo":{"@type":"ImageObject","inLanguage":"en-US","@id":"https:\/\/astcartech.com\/#\/schema\/logo\/image\/","url":"https:\/\/astcartech.com\/wp-content\/uploads\/2024\/11\/logo-Astcar-Tech-new_Mesa-de-trabajo-1.png","contentUrl":"https:\/\/astcartech.com\/wp-content\/uploads\/2024\/11\/logo-Astcar-Tech-new_Mesa-de-trabajo-1.png","width":5162,"height":2920,"caption":"Astcar Tech"},"image":{"@id":"https:\/\/astcartech.com\/#\/schema\/logo\/image\/"},"sameAs":["https:\/\/www.facebook.com\/AstCarTech","https:\/\/www.instagram.com\/astcartech","https:\/\/www.tiktok.com\/@astcartech"],"publishingPrinciples":"https:\/\/astcartech.com\/tienda\/","ownershipFundingInfo":"https:\/\/astcartech.com\/nosotros\/","actionableFeedbackPolicy":"https:\/\/astcartech.com\/politica-de-privacidad\/","correctionsPolicy":"https:\/\/astcartech.com\/politica-de-privacidad\/","ethicsPolicy":"https:\/\/astcartech.com\/politica-de-privacidad\/","diversityPolicy":"https:\/\/astcartech.com\/politica-de-privacidad\/","diversityStaffingReport":"https:\/\/astcartech.com\/politica-de-privacidad\/"}]}},"_links":{"self":[{"href":"https:\/\/astcartech.com\/en\/wp-json\/wp\/v2\/product\/4571","targetHints":{"allow":["GET"]}}],"collection":[{"href":"https:\/\/astcartech.com\/en\/wp-json\/wp\/v2\/product"}],"about":[{"href":"https:\/\/astcartech.com\/en\/wp-json\/wp\/v2\/types\/product"}],"replies":[{"embeddable":true,"href":"https:\/\/astcartech.com\/en\/wp-json\/wp\/v2\/comments?post=4571"}],"wp:featuredmedia":[{"embeddable":true,"href":"https:\/\/astcartech.com\/en\/wp-json\/wp\/v2\/media\/4491"}],"wp:attachment":[{"href":"https:\/\/astcartech.com\/en\/wp-json\/wp\/v2\/media?parent=4571"}],"wp:term":[{"taxonomy":"product_cat","embeddable":true,"href":"https:\/\/astcartech.com\/en\/wp-json\/wp\/v2\/product_cat?post=4571"},{"taxonomy":"product_tag","embeddable":true,"href":"https:\/\/astcartech.com\/en\/wp-json\/wp\/v2\/product_tag?post=4571"}],"curies":[{"name":"wp","href":"https:\/\/api.w.org\/{rel}","templated":true}]}}