{"id":4579,"date":"2025-01-30T07:19:49","date_gmt":"2025-01-30T07:19:49","guid":{"rendered":"https:\/\/astcartech.com\/?post_type=product&#038;p=4579"},"modified":"2025-01-30T07:19:49","modified_gmt":"2025-01-30T07:19:49","slug":"laptop-hp-portatil-laptop-hp-250-g10-39-6cm-15-6-hd-intel-core-i5-13a-gen-i5-1334u-tecnologia-vpro-8gb-512gb-ssd","status":"publish","type":"product","link":"https:\/\/astcartech.com\/en\/product\/laptop-hp-portatil-laptop-hp-250-g10-39-6cm-15-6-hd-intel-core-i5-13a-gen-i5-1334u-tecnologia-vpro-8gb-512gb-ssd\/","title":{"rendered":"Laptop Hp Port\u00e1til &#8211; Laptop HP 250 G10 39.6cm (15.6&#8243;) &#8211; HD &#8211; Intel Core i5 13a Gen i5-1334U &#8211; Tecnolog\u00eda vPro &#8211; 8GB &#8211; 512GB SSD"},"content":{"rendered":"<p>ESPECIFICACIONES TECNICAS<\/p>\n<div class=\"col-md-6\">\n<div>Procesador<\/div>\n<div><\/div>\n<div class=\"bold margin-bottom-sm\">\n<table class=\"table font-12\">\n<tbody>\n<tr>\n<td class=\"color_bg_light_gray width-50pct table-bordered td\">Velocidad de Procesador<\/td>\n<td class=\"width-50pct table-bordered td\">1.30GHz<\/td>\n<\/tr>\n<tr>\n<td class=\"color_bg_light_gray width-50pct table-bordered td\">Tipo de Procesador<\/td>\n<td class=\"width-50pct table-bordered td\">Core i5<\/td>\n<\/tr>\n<tr>\n<td class=\"color_bg_light_gray width-50pct table-bordered td\">Cach\u00e9 L3<\/td>\n<td class=\"width-50pct table-bordered td\">12MB<\/td>\n<\/tr>\n<tr>\n<td class=\"color_bg_light_gray width-50pct table-bordered td\">Modelo de Procesador<\/td>\n<td class=\"width-50pct table-bordered td\">i5-1334U<\/td>\n<\/tr>\n<tr>\n<td class=\"color_bg_light_gray width-50pct table-bordered td\">N\u00facleo del Procesador<\/td>\n<td class=\"width-50pct table-bordered td\">Deca-core (10 Core)<\/td>\n<\/tr>\n<tr>\n<td class=\"color_bg_light_gray width-50pct table-bordered td\">Fabricante de Procesador<\/td>\n<td class=\"width-50pct table-bordered td\">Intel<\/td>\n<\/tr>\n<tr>\n<td class=\"color_bg_light_gray width-50pct table-bordered td\">Tecnolog\u00eda vPro<\/td>\n<td class=\"width-50pct table-bordered td\">S\u00ed<\/td>\n<\/tr>\n<tr>\n<td class=\"color_bg_light_gray width-50pct table-bordered td\">Velocidad Turbo M\u00e1xima<\/td>\n<td class=\"width-50pct table-bordered td\">4.60GHz<\/td>\n<\/tr>\n<tr>\n<td class=\"color_bg_light_gray width-50pct table-bordered td\">Generaci\u00f3n del procesor<\/td>\n<td class=\"width-50pct table-bordered td\">13a Gen<\/td>\n<\/tr>\n<\/tbody>\n<\/table>\n<\/div>\n<div class=\"bold margin-bottom-sm\">Chipset<\/div>\n<div><\/div>\n<table class=\"table font-12\">\n<tbody>\n<tr>\n<td class=\"color_bg_light_gray width-50pct table-bordered td\">Fabricante de Chipset<\/td>\n<td class=\"width-50pct table-bordered td\">Intel<\/td>\n<\/tr>\n<\/tbody>\n<\/table>\n<div class=\"bold margin-bottom-sm\">Dispositivos de Entrada<\/div>\n<table class=\"table font-12\">\n<tbody>\n<tr>\n<td class=\"color_bg_light_gray width-50pct table-bordered td\">Localizaci\u00f3n de Teclado<\/td>\n<td class=\"width-50pct table-bordered td\">Espa\u00f1ol<\/td>\n<\/tr>\n<\/tbody>\n<\/table>\n<div><\/div>\n<div class=\"bold margin-bottom-sm\">Garant\u00eda<\/div>\n<div><\/div>\n<table class=\"table font-12\">\n<tbody>\n<tr>\n<td class=\"color_bg_light_gray width-50pct table-bordered td\">Garant\u00eda limitada<\/td>\n<td class=\"width-50pct table-bordered td\">1A\u00f1o(s)<\/td>\n<\/tr>\n<\/tbody>\n<\/table>\n<div class=\"bold margin-bottom-sm\">Dispositivos Incorporados<\/div>\n<table class=\"table font-12\">\n<tbody>\n<tr>\n<td class=\"color_bg_light_gray width-50pct table-bordered td\">C\u00e1mara Frontal\/C\u00e1mara Web<\/td>\n<td class=\"width-50pct table-bordered td\">S\u00ed<\/td>\n<\/tr>\n<tr>\n<td class=\"color_bg_light_gray width-50pct table-bordered td\">Obturador de privacidad de c\u00e1mara<\/td>\n<td class=\"width-50pct table-bordered td\">S\u00ed<\/td>\n<\/tr>\n<\/tbody>\n<\/table>\n<div><\/div>\n<div class=\"bold margin-bottom-sm\">Informaci\u00f3n de Bater\u00edas<\/div>\n<div><\/div>\n<table class=\"table font-12\">\n<tbody>\n<tr>\n<td class=\"color_bg_light_gray width-50pct table-bordered td\">N\u00famero de Celdas<\/td>\n<td class=\"width-50pct table-bordered td\">3-Celdas<\/td>\n<\/tr>\n<tr>\n<td class=\"color_bg_light_gray width-50pct table-bordered td\">Duraci\u00f3n \u00fatil de Bater\u00eda (m\u00e1x.)<\/td>\n<td class=\"width-50pct table-bordered td\">8.40Horas<\/td>\n<\/tr>\n<\/tbody>\n<\/table>\n<div><\/div>\n<div class=\"bold margin-bottom-sm\">Sistema Operativo<\/div>\n<div><\/div>\n<table class=\"table font-12\">\n<tbody>\n<tr>\n<td class=\"color_bg_light_gray width-50pct table-bordered td\">Sistema Operativo<\/td>\n<td class=\"width-50pct table-bordered td\">FreeDOS 3.0<\/td>\n<\/tr>\n<tr>\n<td class=\"color_bg_light_gray width-50pct table-bordered td\">Plataforma del sistema operativo<\/td>\n<td class=\"width-50pct table-bordered td\">DOS<\/td>\n<\/tr>\n<\/tbody>\n<\/table>\n<div class=\"bold margin-bottom-sm\">Software<\/div>\n<table class=\"table font-12\">\n<tbody>\n<tr>\n<td class=\"color_bg_light_gray width-50pct table-bordered td\">Sistema Operativo<\/td>\n<td class=\"width-50pct table-bordered td\">FreeDOS 3.0<\/td>\n<\/tr>\n<tr>\n<td class=\"color_bg_light_gray width-50pct table-bordered td\">Plataforma del sistema operativo<\/td>\n<td class=\"width-50pct table-bordered td\">DOS<\/td>\n<\/tr>\n<\/tbody>\n<\/table>\n<div><\/div>\n<div class=\"bold margin-bottom-sm\">Almacenamiento<\/div>\n<div><\/div>\n<table class=\"table font-12\">\n<tbody>\n<tr>\n<td class=\"color_bg_light_gray width-50pct table-bordered td\">Tipo de Controlador<\/td>\n<td class=\"width-50pct table-bordered td\">SSD<\/td>\n<\/tr>\n<tr>\n<td class=\"color_bg_light_gray width-50pct table-bordered td\">Capacidad Total de la Unidad de Estado S\u00f3lido (SSD)<\/td>\n<td class=\"width-50pct table-bordered td\">512GB<\/td>\n<\/tr>\n<tr>\n<td class=\"color_bg_light_gray width-50pct table-bordered td\">Factor de forma de SSD<\/td>\n<td class=\"width-50pct table-bordered td\">M.2<\/td>\n<\/tr>\n<\/tbody>\n<\/table>\n<div><\/div>\n<div class=\"bold margin-bottom-sm\">Memoria<\/div>\n<div><\/div>\n<table class=\"table font-12\">\n<tbody>\n<tr>\n<td class=\"color_bg_light_gray width-50pct table-bordered td\">N\u00famero de Ranuras de Memoria Libres<\/td>\n<td class=\"width-50pct table-bordered td\">1<\/td>\n<\/tr>\n<tr>\n<td class=\"color_bg_light_gray width-50pct table-bordered td\">N\u00famero de ranuras de memoria ocupadas<\/td>\n<td class=\"width-50pct table-bordered td\">1<\/td>\n<\/tr>\n<tr>\n<td class=\"color_bg_light_gray width-50pct table-bordered td\">Configuraci\u00f3n de memoria de ranura instalada<\/td>\n<td class=\"width-50pct table-bordered td\">1 x 8GB<\/td>\n<\/tr>\n<\/tbody>\n<\/table>\n<div><\/div>\n<div class=\"bold margin-bottom-sm\">Redes y Comunicaciones<\/div>\n<div><\/div>\n<table class=\"table font-12\">\n<tbody>\n<tr>\n<td class=\"color_bg_light_gray width-50pct table-bordered td\">Bluetooth<\/td>\n<td class=\"width-50pct table-bordered td\">S\u00ed<\/td>\n<\/tr>\n<tr>\n<td class=\"color_bg_light_gray width-50pct table-bordered td\">LAN inal\u00e1mbrica<\/td>\n<td class=\"width-50pct table-bordered td\">S\u00ed<\/td>\n<\/tr>\n<tr>\n<td class=\"color_bg_light_gray width-50pct table-bordered td\">Est\u00e1dar LAN sin Cable<\/td>\n<td class=\"width-50pct table-bordered td\">IEEE 802.11ax<\/td>\n<\/tr>\n<\/tbody>\n<\/table>\n<div><\/div>\n<div class=\"bold margin-bottom-sm\">Pantalla y gr\u00e1ficos<\/div>\n<div><\/div>\n<table class=\"table font-12\">\n<tbody>\n<tr>\n<td class=\"color_bg_light_gray width-50pct table-bordered td\">Relaci\u00f3n de Contraste<\/td>\n<td class=\"width-50pct table-bordered td\">300:1<\/td>\n<\/tr>\n<tr>\n<td class=\"color_bg_light_gray width-50pct table-bordered td\">Resoluci\u00f3n de la Pantalla<\/td>\n<td class=\"width-50pct table-bordered td\">1366 x 768<\/td>\n<\/tr>\n<tr>\n<td class=\"color_bg_light_gray width-50pct table-bordered td\">Brillo<\/td>\n<td class=\"width-50pct table-bordered td\">250cd\/m\u00b2<\/td>\n<\/tr>\n<tr>\n<td class=\"color_bg_light_gray width-50pct table-bordered td\">Tama\u00f1o de Pantalla<\/td>\n<td class=\"width-50pct table-bordered td\">39.6cm (15.6&#8243;)<\/td>\n<\/tr>\n<tr>\n<td class=\"color_bg_light_gray width-50pct table-bordered td\">Modo de Pantalla<\/td>\n<td class=\"width-50pct table-bordered td\">HD<\/td>\n<\/tr>\n<tr>\n<td class=\"color_bg_light_gray width-50pct table-bordered td\">Pantalla T\u00e1ctil<\/td>\n<td class=\"width-50pct table-bordered td\">No<\/td>\n<\/tr>\n<tr>\n<td class=\"color_bg_light_gray width-50pct table-bordered td\">\u00cdndice de refresco est\u00e1ndar<\/td>\n<td class=\"width-50pct table-bordered td\">60Hz<\/td>\n<\/tr>\n<tr>\n<td class=\"color_bg_light_gray width-50pct table-bordered td\">Fabricante de Controlador Gr\u00e1fico<\/td>\n<td class=\"width-50pct table-bordered td\">Intel<\/td>\n<\/tr>\n<tr>\n<td class=\"color_bg_light_gray width-50pct table-bordered td\">Modelo de Controlador de Gr\u00e1ficos<\/td>\n<td class=\"width-50pct table-bordered td\">Iris Xe Graphics<\/td>\n<\/tr>\n<tr>\n<td class=\"color_bg_light_gray width-50pct table-bordered td\">Tecnolog\u00eda de Memoria de Gr\u00e1ficos<\/td>\n<td class=\"width-50pct table-bordered td\">DDR4 SDRAM<\/td>\n<\/tr>\n<tr>\n<td class=\"color_bg_light_gray width-50pct table-bordered td\">Accesibilidad de Memoria Gr\u00e1fica<\/td>\n<td class=\"width-50pct table-bordered td\">Compartido<\/td>\n<\/tr>\n<tr>\n<td class=\"color_bg_light_gray width-50pct table-bordered td\">Tipo de Pantalla<\/td>\n<td class=\"width-50pct table-bordered td\">LCD<\/td>\n<\/tr>\n<tr>\n<td class=\"color_bg_light_gray width-50pct table-bordered td\">Gama de colores<\/td>\n<td class=\"width-50pct table-bordered td\">45% NTSC<\/td>\n<\/tr>\n<\/tbody>\n<\/table>\n<p>Interfaces\/Puertos<\/p>\n<\/div>\n<div class=\"col-md-6\">\n<table class=\"table font-12\">\n<tbody>\n<tr>\n<td class=\"color_bg_light_gray width-50pct table-bordered td\">HDMI<\/td>\n<td class=\"width-50pct table-bordered td\">S\u00ed<\/td>\n<\/tr>\n<tr>\n<td class=\"color_bg_light_gray width-50pct table-bordered td\">N\u00famero total de puertos USB<\/td>\n<td class=\"width-50pct table-bordered td\">3<\/td>\n<\/tr>\n<tr>\n<td class=\"color_bg_light_gray width-50pct table-bordered td\">USB tipo-C<\/td>\n<td class=\"width-50pct table-bordered td\">S\u00ed<\/td>\n<\/tr>\n<tr>\n<td class=\"color_bg_light_gray width-50pct table-bordered td\">N\u00famero de puertos USB 3.2 Gen 1 Tipo A<\/td>\n<td class=\"width-50pct table-bordered td\">2<\/td>\n<\/tr>\n<\/tbody>\n<\/table>\n<div><\/div>\n<div class=\"bold margin-bottom-sm\">Caracter\u00edsticas F\u00edsicas<\/div>\n<div><\/div>\n<table class=\"table font-12\">\n<tbody>\n<tr>\n<td class=\"color_bg_light_gray width-50pct table-bordered td\">Peso (Aproximado)<\/td>\n<td class=\"width-50pct table-bordered td\">1.52kg<\/td>\n<\/tr>\n<tr>\n<td class=\"color_bg_light_gray width-50pct table-bordered td\">Altura<\/td>\n<td class=\"width-50pct table-bordered td\">18.60mm<\/td>\n<\/tr>\n<tr>\n<td class=\"color_bg_light_gray width-50pct table-bordered td\">Anchura<\/td>\n<td class=\"width-50pct table-bordered td\">360mm<\/td>\n<\/tr>\n<tr>\n<td class=\"color_bg_light_gray width-50pct table-bordered td\">Profundidad<\/td>\n<td class=\"width-50pct table-bordered td\">236mm<\/td>\n<\/tr>\n<tr>\n<td class=\"color_bg_light_gray width-50pct table-bordered td\">Familia de colores<\/td>\n<td class=\"width-50pct table-bordered td\">Plata<\/td>\n<\/tr>\n<\/tbody>\n<\/table>\n<div><\/div>\n<div class=\"bold margin-bottom-sm\">Informaci\u00f3n General<\/div>\n<div><\/div>\n<table class=\"table font-12\">\n<tbody>\n<tr>\n<td class=\"color_bg_light_gray width-50pct table-bordered td\">Tipo de Producto<\/td>\n<td class=\"width-50pct table-bordered td\">Port\u00e1til<\/td>\n<\/tr>\n<tr>\n<td class=\"color_bg_light_gray width-50pct table-bordered td\">C\u00f3digo de Fabricante<\/td>\n<td class=\"width-50pct table-bordered td\">9E4Y4LT#ABM<\/td>\n<\/tr>\n<tr>\n<td class=\"color_bg_light_gray width-50pct table-bordered td\">Direcci\u00f3n Web de Fabricante<\/td>\n<td class=\"width-50pct table-bordered td\"><a href=\"http:\/\/www.hp.com\/\" target=\"_blank\" rel=\"noopener\">http:\/\/www.hp.com<\/a><\/td>\n<\/tr>\n<tr>\n<td class=\"color_bg_light_gray width-50pct table-bordered td\">Fabricante<\/td>\n<td class=\"width-50pct table-bordered td\">HP Inc.<\/td>\n<\/tr>\n<tr>\n<td class=\"color_bg_light_gray width-50pct table-bordered td\">Nombre de Producto<\/td>\n<td class=\"width-50pct table-bordered td\">Port\u00e1til 250 G10<\/td>\n<\/tr>\n<tr>\n<td class=\"color_bg_light_gray width-50pct table-bordered td\">Gama de Producto<\/td>\n<td class=\"width-50pct table-bordered td\">250 G10<\/td>\n<\/tr>\n<tr>\n<td class=\"color_bg_light_gray width-50pct table-bordered td\">Nombre de Marca<\/td>\n<td class=\"width-50pct table-bordered td\">HP<\/td>\n<\/tr>\n<\/tbody>\n<\/table>\n<\/div>","protected":false},"excerpt":{"rendered":"<p>ESPECIFICACIONES TECNICAS Procesador Velocidad de Procesador 1.30GHz Tipo de Procesador Core i5 Cach\u00e9 L3 12MB Modelo de Procesador i5-1334U N\u00facleo del Procesador Deca-core (10 Core) Fabricante de Procesador Intel Tecnolog\u00eda vPro S\u00ed Velocidad Turbo M\u00e1xima 4.60GHz Generaci\u00f3n del procesor 13a Gen Chipset Fabricante de Chipset Intel Dispositivos de Entrada Localizaci\u00f3n de Teclado Espa\u00f1ol Garant\u00eda Garant\u00eda [&hellip;]<\/p>","protected":false},"featured_media":4333,"comment_status":"open","ping_status":"closed","template":"","meta":[],"product_cat":[76],"product_tag":[],"class_list":{"0":"post-4579","1":"product","2":"type-product","3":"status-publish","4":"has-post-thumbnail","6":"product_cat-notebooks","8":"first","9":"instock","10":"sale","11":"shipping-taxable","12":"purchasable","13":"product-type-simple"},"yoast_head":"<!-- This site is optimized with the Yoast SEO Premium plugin v26.3 (Yoast SEO v26.3) - https:\/\/yoast.com\/wordpress\/plugins\/seo\/ -->\n<title>Laptop Hp Port\u00e1til - Laptop HP 250 G10 39.6cm (15.6&quot;) - HD - Intel Core i5 13a Gen i5-1334U - Tecnolog\u00eda vPro - 8GB - 512GB SSD - ASTCAR TECH<\/title>\n<meta name=\"robots\" content=\"index, follow, max-snippet:-1, max-image-preview:large, max-video-preview:-1\" \/>\n<link rel=\"canonical\" href=\"https:\/\/astcartech.com\/en\/product\/laptop-hp-portatil-laptop-hp-250-g10-39-6cm-15-6-hd-intel-core-i5-13a-gen-i5-1334u-tecnologia-vpro-8gb-512gb-ssd\/\" \/>\n<meta property=\"og:locale\" content=\"en_US\" \/>\n<meta property=\"og:type\" content=\"article\" \/>\n<meta property=\"og:title\" content=\"Laptop Hp Port\u00e1til - Laptop HP 250 G10 39.6cm (15.6&quot;) - HD - Intel Core i5 13a Gen i5-1334U - Tecnolog\u00eda vPro - 8GB - 512GB SSD\" \/>\n<meta property=\"og:description\" content=\"ESPECIFICACIONES TECNICAS Procesador Velocidad de Procesador 1.30GHz Tipo de Procesador Core i5 Cach\u00e9 L3 12MB Modelo de Procesador i5-1334U N\u00facleo del Procesador Deca-core (10 Core) Fabricante de Procesador Intel Tecnolog\u00eda vPro S\u00ed Velocidad Turbo M\u00e1xima 4.60GHz Generaci\u00f3n del procesor 13a Gen Chipset Fabricante de Chipset Intel Dispositivos de Entrada Localizaci\u00f3n de Teclado Espa\u00f1ol Garant\u00eda Garant\u00eda [&hellip;]\" \/>\n<meta property=\"og:url\" content=\"https:\/\/astcartech.com\/en\/product\/laptop-hp-portatil-laptop-hp-250-g10-39-6cm-15-6-hd-intel-core-i5-13a-gen-i5-1334u-tecnologia-vpro-8gb-512gb-ssd\/\" \/>\n<meta property=\"og:site_name\" content=\"ASTCAR TECH\" \/>\n<meta property=\"article:publisher\" content=\"https:\/\/www.facebook.com\/AstCarTech\" \/>\n<meta property=\"og:image\" content=\"https:\/\/astcartech.com\/wp-content\/uploads\/2025\/01\/80.webp\" \/>\n\t<meta property=\"og:image:width\" content=\"576\" \/>\n\t<meta property=\"og:image:height\" content=\"576\" \/>\n\t<meta property=\"og:image:type\" content=\"image\/webp\" \/>\n<meta name=\"twitter:card\" content=\"summary_large_image\" \/>\n<meta name=\"twitter:label1\" content=\"Est. reading time\" \/>\n\t<meta name=\"twitter:data1\" content=\"2 minutes\" \/>\n<script type=\"application\/ld+json\" class=\"yoast-schema-graph\">{\"@context\":\"https:\/\/schema.org\",\"@graph\":[{\"@type\":\"WebPage\",\"@id\":\"https:\/\/astcartech.com\/product\/laptop-hp-portatil-laptop-hp-250-g10-39-6cm-15-6-hd-intel-core-i5-13a-gen-i5-1334u-tecnologia-vpro-8gb-512gb-ssd\/\",\"url\":\"https:\/\/astcartech.com\/product\/laptop-hp-portatil-laptop-hp-250-g10-39-6cm-15-6-hd-intel-core-i5-13a-gen-i5-1334u-tecnologia-vpro-8gb-512gb-ssd\/\",\"name\":\"Laptop Hp Port\u00e1til - Laptop HP 250 G10 39.6cm (15.6\\\") - HD - Intel Core i5 13a Gen i5-1334U - Tecnolog\u00eda vPro - 8GB - 512GB SSD - ASTCAR TECH\",\"isPartOf\":{\"@id\":\"https:\/\/astcartech.com\/#website\"},\"primaryImageOfPage\":{\"@id\":\"https:\/\/astcartech.com\/product\/laptop-hp-portatil-laptop-hp-250-g10-39-6cm-15-6-hd-intel-core-i5-13a-gen-i5-1334u-tecnologia-vpro-8gb-512gb-ssd\/#primaryimage\"},\"image\":{\"@id\":\"https:\/\/astcartech.com\/product\/laptop-hp-portatil-laptop-hp-250-g10-39-6cm-15-6-hd-intel-core-i5-13a-gen-i5-1334u-tecnologia-vpro-8gb-512gb-ssd\/#primaryimage\"},\"thumbnailUrl\":\"https:\/\/astcartech.com\/wp-content\/uploads\/2025\/01\/80.webp\",\"datePublished\":\"2025-01-30T07:19:49+00:00\",\"breadcrumb\":{\"@id\":\"https:\/\/astcartech.com\/product\/laptop-hp-portatil-laptop-hp-250-g10-39-6cm-15-6-hd-intel-core-i5-13a-gen-i5-1334u-tecnologia-vpro-8gb-512gb-ssd\/#breadcrumb\"},\"inLanguage\":\"en-US\",\"potentialAction\":[{\"@type\":\"ReadAction\",\"target\":[\"https:\/\/astcartech.com\/product\/laptop-hp-portatil-laptop-hp-250-g10-39-6cm-15-6-hd-intel-core-i5-13a-gen-i5-1334u-tecnologia-vpro-8gb-512gb-ssd\/\"]}]},{\"@type\":\"ImageObject\",\"inLanguage\":\"en-US\",\"@id\":\"https:\/\/astcartech.com\/product\/laptop-hp-portatil-laptop-hp-250-g10-39-6cm-15-6-hd-intel-core-i5-13a-gen-i5-1334u-tecnologia-vpro-8gb-512gb-ssd\/#primaryimage\",\"url\":\"https:\/\/astcartech.com\/wp-content\/uploads\/2025\/01\/80.webp\",\"contentUrl\":\"https:\/\/astcartech.com\/wp-content\/uploads\/2025\/01\/80.webp\",\"width\":576,\"height\":576},{\"@type\":\"BreadcrumbList\",\"@id\":\"https:\/\/astcartech.com\/product\/laptop-hp-portatil-laptop-hp-250-g10-39-6cm-15-6-hd-intel-core-i5-13a-gen-i5-1334u-tecnologia-vpro-8gb-512gb-ssd\/#breadcrumb\",\"itemListElement\":[{\"@type\":\"ListItem\",\"position\":1,\"name\":\"Portada\",\"item\":\"https:\/\/astcartech.com\/\"},{\"@type\":\"ListItem\",\"position\":2,\"name\":\"Tienda\",\"item\":\"https:\/\/astcartech.com\/tienda\/\"},{\"@type\":\"ListItem\",\"position\":3,\"name\":\"Laptop Hp Port\u00e1til &#8211; Laptop HP 250 G10 39.6cm (15.6&#8243;) &#8211; HD &#8211; Intel Core i5 13a Gen i5-1334U &#8211; Tecnolog\u00eda vPro &#8211; 8GB &#8211; 512GB SSD\"}]},{\"@type\":\"WebSite\",\"@id\":\"https:\/\/astcartech.com\/#website\",\"url\":\"https:\/\/astcartech.com\/\",\"name\":\"Astcar Tech\",\"description\":\"Suministros y Tecnologia\",\"publisher\":{\"@id\":\"https:\/\/astcartech.com\/#organization\"},\"alternateName\":\"astcar technology\",\"potentialAction\":[{\"@type\":\"SearchAction\",\"target\":{\"@type\":\"EntryPoint\",\"urlTemplate\":\"https:\/\/astcartech.com\/?s={search_term_string}\"},\"query-input\":{\"@type\":\"PropertyValueSpecification\",\"valueRequired\":true,\"valueName\":\"search_term_string\"}}],\"inLanguage\":\"en-US\"},{\"@type\":\"Organization\",\"@id\":\"https:\/\/astcartech.com\/#organization\",\"name\":\"Astcar Tech\",\"alternateName\":\"Astcar Tech\",\"url\":\"https:\/\/astcartech.com\/\",\"logo\":{\"@type\":\"ImageObject\",\"inLanguage\":\"en-US\",\"@id\":\"https:\/\/astcartech.com\/#\/schema\/logo\/image\/\",\"url\":\"https:\/\/astcartech.com\/wp-content\/uploads\/2024\/11\/logo-Astcar-Tech-new_Mesa-de-trabajo-1.png\",\"contentUrl\":\"https:\/\/astcartech.com\/wp-content\/uploads\/2024\/11\/logo-Astcar-Tech-new_Mesa-de-trabajo-1.png\",\"width\":5162,\"height\":2920,\"caption\":\"Astcar Tech\"},\"image\":{\"@id\":\"https:\/\/astcartech.com\/#\/schema\/logo\/image\/\"},\"sameAs\":[\"https:\/\/www.facebook.com\/AstCarTech\",\"https:\/\/www.instagram.com\/astcartech\",\"https:\/\/www.tiktok.com\/@astcartech\"],\"publishingPrinciples\":\"https:\/\/astcartech.com\/tienda\/\",\"ownershipFundingInfo\":\"https:\/\/astcartech.com\/nosotros\/\",\"actionableFeedbackPolicy\":\"https:\/\/astcartech.com\/politica-de-privacidad\/\",\"correctionsPolicy\":\"https:\/\/astcartech.com\/politica-de-privacidad\/\",\"ethicsPolicy\":\"https:\/\/astcartech.com\/politica-de-privacidad\/\",\"diversityPolicy\":\"https:\/\/astcartech.com\/politica-de-privacidad\/\",\"diversityStaffingReport\":\"https:\/\/astcartech.com\/politica-de-privacidad\/\"}]}<\/script>\n<!-- \/ Yoast SEO Premium plugin. -->","yoast_head_json":{"title":"Laptop Hp Port\u00e1til - Laptop HP 250 G10 39.6cm (15.6\") - HD - Intel Core i5 13a Gen i5-1334U - Tecnolog\u00eda vPro - 8GB - 512GB SSD - ASTCAR TECH","robots":{"index":"index","follow":"follow","max-snippet":"max-snippet:-1","max-image-preview":"max-image-preview:large","max-video-preview":"max-video-preview:-1"},"canonical":"https:\/\/astcartech.com\/en\/product\/laptop-hp-portatil-laptop-hp-250-g10-39-6cm-15-6-hd-intel-core-i5-13a-gen-i5-1334u-tecnologia-vpro-8gb-512gb-ssd\/","og_locale":"en_US","og_type":"article","og_title":"Laptop Hp Port\u00e1til - Laptop HP 250 G10 39.6cm (15.6\") - HD - Intel Core i5 13a Gen i5-1334U - Tecnolog\u00eda vPro - 8GB - 512GB SSD","og_description":"ESPECIFICACIONES TECNICAS Procesador Velocidad de Procesador 1.30GHz Tipo de Procesador Core i5 Cach\u00e9 L3 12MB Modelo de Procesador i5-1334U N\u00facleo del Procesador Deca-core (10 Core) Fabricante de Procesador Intel Tecnolog\u00eda vPro S\u00ed Velocidad Turbo M\u00e1xima 4.60GHz Generaci\u00f3n del procesor 13a Gen Chipset Fabricante de Chipset Intel Dispositivos de Entrada Localizaci\u00f3n de Teclado Espa\u00f1ol Garant\u00eda Garant\u00eda [&hellip;]","og_url":"https:\/\/astcartech.com\/en\/product\/laptop-hp-portatil-laptop-hp-250-g10-39-6cm-15-6-hd-intel-core-i5-13a-gen-i5-1334u-tecnologia-vpro-8gb-512gb-ssd\/","og_site_name":"ASTCAR TECH","article_publisher":"https:\/\/www.facebook.com\/AstCarTech","og_image":[{"width":576,"height":576,"url":"https:\/\/astcartech.com\/wp-content\/uploads\/2025\/01\/80.webp","type":"image\/webp"}],"twitter_card":"summary_large_image","twitter_misc":{"Est. reading time":"2 minutes"},"schema":{"@context":"https:\/\/schema.org","@graph":[{"@type":"WebPage","@id":"https:\/\/astcartech.com\/product\/laptop-hp-portatil-laptop-hp-250-g10-39-6cm-15-6-hd-intel-core-i5-13a-gen-i5-1334u-tecnologia-vpro-8gb-512gb-ssd\/","url":"https:\/\/astcartech.com\/product\/laptop-hp-portatil-laptop-hp-250-g10-39-6cm-15-6-hd-intel-core-i5-13a-gen-i5-1334u-tecnologia-vpro-8gb-512gb-ssd\/","name":"Laptop Hp Port\u00e1til - Laptop HP 250 G10 39.6cm (15.6\") - HD - Intel Core i5 13a Gen i5-1334U - Tecnolog\u00eda vPro - 8GB - 512GB SSD - ASTCAR TECH","isPartOf":{"@id":"https:\/\/astcartech.com\/#website"},"primaryImageOfPage":{"@id":"https:\/\/astcartech.com\/product\/laptop-hp-portatil-laptop-hp-250-g10-39-6cm-15-6-hd-intel-core-i5-13a-gen-i5-1334u-tecnologia-vpro-8gb-512gb-ssd\/#primaryimage"},"image":{"@id":"https:\/\/astcartech.com\/product\/laptop-hp-portatil-laptop-hp-250-g10-39-6cm-15-6-hd-intel-core-i5-13a-gen-i5-1334u-tecnologia-vpro-8gb-512gb-ssd\/#primaryimage"},"thumbnailUrl":"https:\/\/astcartech.com\/wp-content\/uploads\/2025\/01\/80.webp","datePublished":"2025-01-30T07:19:49+00:00","breadcrumb":{"@id":"https:\/\/astcartech.com\/product\/laptop-hp-portatil-laptop-hp-250-g10-39-6cm-15-6-hd-intel-core-i5-13a-gen-i5-1334u-tecnologia-vpro-8gb-512gb-ssd\/#breadcrumb"},"inLanguage":"en-US","potentialAction":[{"@type":"ReadAction","target":["https:\/\/astcartech.com\/product\/laptop-hp-portatil-laptop-hp-250-g10-39-6cm-15-6-hd-intel-core-i5-13a-gen-i5-1334u-tecnologia-vpro-8gb-512gb-ssd\/"]}]},{"@type":"ImageObject","inLanguage":"en-US","@id":"https:\/\/astcartech.com\/product\/laptop-hp-portatil-laptop-hp-250-g10-39-6cm-15-6-hd-intel-core-i5-13a-gen-i5-1334u-tecnologia-vpro-8gb-512gb-ssd\/#primaryimage","url":"https:\/\/astcartech.com\/wp-content\/uploads\/2025\/01\/80.webp","contentUrl":"https:\/\/astcartech.com\/wp-content\/uploads\/2025\/01\/80.webp","width":576,"height":576},{"@type":"BreadcrumbList","@id":"https:\/\/astcartech.com\/product\/laptop-hp-portatil-laptop-hp-250-g10-39-6cm-15-6-hd-intel-core-i5-13a-gen-i5-1334u-tecnologia-vpro-8gb-512gb-ssd\/#breadcrumb","itemListElement":[{"@type":"ListItem","position":1,"name":"Portada","item":"https:\/\/astcartech.com\/"},{"@type":"ListItem","position":2,"name":"Tienda","item":"https:\/\/astcartech.com\/tienda\/"},{"@type":"ListItem","position":3,"name":"Laptop Hp Port\u00e1til &#8211; Laptop HP 250 G10 39.6cm (15.6&#8243;) &#8211; HD &#8211; Intel Core i5 13a Gen i5-1334U &#8211; Tecnolog\u00eda vPro &#8211; 8GB &#8211; 512GB SSD"}]},{"@type":"WebSite","@id":"https:\/\/astcartech.com\/#website","url":"https:\/\/astcartech.com\/","name":"Astcar Tech","description":"Suministros y Tecnologia","publisher":{"@id":"https:\/\/astcartech.com\/#organization"},"alternateName":"astcar technology","potentialAction":[{"@type":"SearchAction","target":{"@type":"EntryPoint","urlTemplate":"https:\/\/astcartech.com\/?s={search_term_string}"},"query-input":{"@type":"PropertyValueSpecification","valueRequired":true,"valueName":"search_term_string"}}],"inLanguage":"en-US"},{"@type":"Organization","@id":"https:\/\/astcartech.com\/#organization","name":"Astcar Tech","alternateName":"Astcar Tech","url":"https:\/\/astcartech.com\/","logo":{"@type":"ImageObject","inLanguage":"en-US","@id":"https:\/\/astcartech.com\/#\/schema\/logo\/image\/","url":"https:\/\/astcartech.com\/wp-content\/uploads\/2024\/11\/logo-Astcar-Tech-new_Mesa-de-trabajo-1.png","contentUrl":"https:\/\/astcartech.com\/wp-content\/uploads\/2024\/11\/logo-Astcar-Tech-new_Mesa-de-trabajo-1.png","width":5162,"height":2920,"caption":"Astcar Tech"},"image":{"@id":"https:\/\/astcartech.com\/#\/schema\/logo\/image\/"},"sameAs":["https:\/\/www.facebook.com\/AstCarTech","https:\/\/www.instagram.com\/astcartech","https:\/\/www.tiktok.com\/@astcartech"],"publishingPrinciples":"https:\/\/astcartech.com\/tienda\/","ownershipFundingInfo":"https:\/\/astcartech.com\/nosotros\/","actionableFeedbackPolicy":"https:\/\/astcartech.com\/politica-de-privacidad\/","correctionsPolicy":"https:\/\/astcartech.com\/politica-de-privacidad\/","ethicsPolicy":"https:\/\/astcartech.com\/politica-de-privacidad\/","diversityPolicy":"https:\/\/astcartech.com\/politica-de-privacidad\/","diversityStaffingReport":"https:\/\/astcartech.com\/politica-de-privacidad\/"}]}},"_links":{"self":[{"href":"https:\/\/astcartech.com\/en\/wp-json\/wp\/v2\/product\/4579","targetHints":{"allow":["GET"]}}],"collection":[{"href":"https:\/\/astcartech.com\/en\/wp-json\/wp\/v2\/product"}],"about":[{"href":"https:\/\/astcartech.com\/en\/wp-json\/wp\/v2\/types\/product"}],"replies":[{"embeddable":true,"href":"https:\/\/astcartech.com\/en\/wp-json\/wp\/v2\/comments?post=4579"}],"wp:featuredmedia":[{"embeddable":true,"href":"https:\/\/astcartech.com\/en\/wp-json\/wp\/v2\/media\/4333"}],"wp:attachment":[{"href":"https:\/\/astcartech.com\/en\/wp-json\/wp\/v2\/media?parent=4579"}],"wp:term":[{"taxonomy":"product_cat","embeddable":true,"href":"https:\/\/astcartech.com\/en\/wp-json\/wp\/v2\/product_cat?post=4579"},{"taxonomy":"product_tag","embeddable":true,"href":"https:\/\/astcartech.com\/en\/wp-json\/wp\/v2\/product_tag?post=4579"}],"curies":[{"name":"wp","href":"https:\/\/api.w.org\/{rel}","templated":true}]}}