{"id":4644,"date":"2025-02-01T15:01:21","date_gmt":"2025-02-01T15:01:21","guid":{"rendered":"https:\/\/astcartech.com\/?post_type=product&#038;p=4644"},"modified":"2025-02-01T15:01:22","modified_gmt":"2025-02-01T15:01:22","slug":"tarjeta-de-video-6gb","status":"publish","type":"product","link":"https:\/\/astcartech.com\/en\/product\/tarjeta-de-video-6gb\/","title":{"rendered":"Tarjeta de video ASUS Dual GeForce RTX 3050 OC Edition 6GB GDDR6, PCI-E 4.0"},"content":{"rendered":"<ul class=\"nav nav-tabs\" role=\"tablist\">\n<li class=\"tab-ficha_gd\" role=\"presentation\"><a role=\"tab\" href=\"https:\/\/www.deltron.com.pe\/modulos\/productos\/items\/producto.php?item_number=VD6GASRTX3050DO#home\" aria-controls=\"home\" data-toggle=\"tab\">Descripci\u00f3n<\/a><\/li>\n<li class=\"tab-ficha_gd active\" role=\"presentation\"><a role=\"tab\" href=\"https:\/\/www.deltron.com.pe\/modulos\/productos\/items\/producto.php?item_number=VD6GASRTX3050DO#profile\" aria-controls=\"profile\" data-toggle=\"tab\">Especificaciones<\/a><\/li>\n<\/ul>\n<div class=\"tab-content\">\n<div id=\"profile\" class=\"tab-pane active\" role=\"tabpanel\">\n<div id=\"esp_tecnicas\">\n<div id=\"contenedorHtml\">\n<table border=\"0\" width=\"\" cellspacing=\"0\" cellpadding=\"0\">\n<tbody>\n<tr>\n<td align=\"left\" valign=\"top\">\n<table border=\"0\" width=\"\" cellpadding=\"10\">\n<tbody>\n<tr>\n<td>\n<table border=\"1\" width=\"100%\" cellspacing=\"1\" cellpadding=\"1\">\n<tbody>\n<tr>\n<td rowspan=\"1\">MARCA<\/td>\n<td colspan=\"2\" height=\"21\">ASUS<\/td>\n<\/tr>\n<tr>\n<td rowspan=\"1\">MODELO<\/td>\n<td colspan=\"2\" height=\"21\">DUAL-RTX3050-O6G<\/td>\n<\/tr>\n<tr>\n<td rowspan=\"3\">GPU<\/td>\n<td rowspan=\"1\" height=\"21\">CORE<\/td>\n<td colspan=\"1\" height=\"21\">NVIDIA GeForce RTX 3050<\/td>\n<\/tr>\n<tr>\n<td rowspan=\"1\" height=\"21\">CUDA CORES<\/td>\n<td colspan=\"1\" height=\"21\">2304<\/td>\n<\/tr>\n<tr>\n<td rowspan=\"1\" height=\"21\">BOOST CLOCK<\/td>\n<td colspan=\"1\" height=\"21\">1507 MHz<\/td>\n<\/tr>\n<tr>\n<td rowspan=\"4\">MEMORIA<\/td>\n<td rowspan=\"1\" height=\"21\">CAPACIDAD<\/td>\n<td colspan=\"1\" height=\"21\">6 GigaByte<\/td>\n<\/tr>\n<tr>\n<td rowspan=\"1\" height=\"21\">TIPO<\/td>\n<td colspan=\"1\" height=\"21\">GDDR6<\/td>\n<\/tr>\n<tr>\n<td rowspan=\"1\" height=\"21\">BUS<\/td>\n<td colspan=\"1\" height=\"21\">96 bit<\/td>\n<\/tr>\n<tr>\n<td rowspan=\"1\" height=\"21\">VELOCIDAD<\/td>\n<td colspan=\"1\" height=\"21\">14 Gbps<\/td>\n<\/tr>\n<tr>\n<td rowspan=\"1\">INTERFAZ<\/td>\n<td colspan=\"2\" height=\"21\">PCI Express x16 slot, PCIe 4.0 modo x16<\/td>\n<\/tr>\n<tr>\n<td rowspan=\"5\">SALIDAS, MONITORES, RESOLUCION<\/td>\n<td rowspan=\"1\" height=\"21\">HDMI<\/td>\n<td colspan=\"1\" height=\"21\">1<\/td>\n<\/tr>\n<tr>\n<td rowspan=\"1\" height=\"21\">DISPLAYPORT<\/td>\n<td colspan=\"1\" height=\"21\">1<\/td>\n<\/tr>\n<tr>\n<td rowspan=\"1\" height=\"21\">DVI-D<\/td>\n<td colspan=\"1\" height=\"21\">1<\/td>\n<\/tr>\n<tr>\n<td rowspan=\"1\" height=\"21\">SOPORTE MAXIMO MONITORES<\/td>\n<td colspan=\"1\" height=\"21\">3<\/td>\n<\/tr>\n<tr>\n<td rowspan=\"1\" height=\"21\">RESOLUCION MAXIMA DIGITAL<\/td>\n<td colspan=\"1\" height=\"21\">7680 x 4320<\/td>\n<\/tr>\n<tr>\n<td rowspan=\"1\">API<\/td>\n<td colspan=\"2\" height=\"21\">OpenGL 4.6<\/td>\n<\/tr>\n<tr>\n<td rowspan=\"1\">FUENTE RECOMENDADA<\/td>\n<td colspan=\"2\" height=\"21\">450 Watt<\/td>\n<\/tr>\n<tr>\n<td rowspan=\"1\">DIMENSIONES<\/td>\n<td colspan=\"2\" height=\"21\">201 x 120 x 37 mm<\/td>\n<\/tr>\n<tr>\n<td rowspan=\"1\">SOPORTE HDCP<\/td>\n<td colspan=\"2\" height=\"21\">And<\/td>\n<\/tr>\n<tr>\n<td rowspan=\"1\">LARGO VIDEO CARD<\/td>\n<td colspan=\"2\" height=\"21\">201 mm<\/td>\n<\/tr>\n<tr>\n<td rowspan=\"1\">NUMERO DE FANS<\/td>\n<td colspan=\"2\" height=\"21\">2<\/td>\n<\/tr>\n<\/tbody>\n<\/table>\n<\/td>\n<\/tr>\n<\/tbody>\n<\/table>\n<\/td>\n<\/tr>\n<\/tbody>\n<\/table>\n<\/div>\n<\/div>\n<\/div>\n<\/div>","protected":false},"excerpt":{"rendered":"<p>Descripci\u00f3n Especificaciones MARCA ASUS MODELO DUAL-RTX3050-O6G GPU CORE NVIDIA GeForce RTX 3050 CUDA CORES 2304 BOOST CLOCK 1507 MHz MEMORIA CAPACIDAD 6 GigaByte TIPO GDDR6 BUS 96 bit VELOCIDAD 14 Gbps INTERFAZ PCI Express x16 slot, PCIe 4.0 modo x16 SALIDAS, MONITORES, RESOLUCION HDMI 1 DISPLAYPORT 1 DVI-D 1 SOPORTE MAXIMO MONITORES 3 RESOLUCION MAXIMA [&hellip;]<\/p>","protected":false},"featured_media":4645,"comment_status":"open","ping_status":"closed","template":"","meta":[],"product_cat":[85],"product_tag":[],"class_list":{"0":"post-4644","1":"product","2":"type-product","3":"status-publish","4":"has-post-thumbnail","6":"product_cat-tarjetas-de-video","8":"first","9":"instock","10":"sale","11":"shipping-taxable","12":"purchasable","13":"product-type-simple"},"yoast_head":"<!-- This site is optimized with the Yoast SEO Premium plugin v26.3 (Yoast SEO v26.3) - https:\/\/yoast.com\/wordpress\/plugins\/seo\/ -->\n<title>- ASTCAR TECH<\/title>\n<meta name=\"description\" content=\"Tarjeta de video ASUS Dual GeForce RTX 3050 OC Edici\u00f3n 6GB GDDR6, PCI-E 4.0, NVIDIA GeForce RTX 3050, resoluci\u00f3n m\u00e1xima 7680 x 4320\" \/>\n<meta name=\"robots\" content=\"index, follow, max-snippet:-1, max-image-preview:large, max-video-preview:-1\" \/>\n<link rel=\"canonical\" href=\"https:\/\/astcartech.com\/en\/product\/tarjeta-de-video-6gb\/\" \/>\n<meta property=\"og:locale\" content=\"en_US\" \/>\n<meta property=\"og:type\" content=\"article\" \/>\n<meta property=\"og:title\" content=\"Tarjeta de video ASUS Dual GeForce RTX 3050 OC Edition 6GB GDDR6, PCI-E 4.0\" \/>\n<meta property=\"og:description\" content=\"Tarjeta de video ASUS Dual GeForce RTX 3050 OC Edici\u00f3n 6GB GDDR6, PCI-E 4.0, NVIDIA GeForce RTX 3050, resoluci\u00f3n m\u00e1xima 7680 x 4320\" \/>\n<meta property=\"og:url\" content=\"https:\/\/astcartech.com\/en\/product\/tarjeta-de-video-6gb\/\" \/>\n<meta property=\"og:site_name\" content=\"ASTCAR TECH\" \/>\n<meta property=\"article:publisher\" content=\"https:\/\/www.facebook.com\/AstCarTech\" \/>\n<meta property=\"article:modified_time\" content=\"2025-02-01T15:01:22+00:00\" \/>\n<meta property=\"og:image\" content=\"https:\/\/astcartech.com\/wp-content\/uploads\/2024\/11\/logo-Astcar-Tech-new_Mesa-de-trabajo-1.png\" \/>\n\t<meta property=\"og:image:width\" content=\"5162\" \/>\n\t<meta property=\"og:image:height\" content=\"2920\" \/>\n\t<meta property=\"og:image:type\" content=\"image\/png\" \/>\n<meta name=\"twitter:card\" content=\"summary_large_image\" \/>\n<meta name=\"twitter:label1\" content=\"Est. reading time\" \/>\n\t<meta name=\"twitter:data1\" content=\"1 minute\" \/>\n<script type=\"application\/ld+json\" class=\"yoast-schema-graph\">{\"@context\":\"https:\/\/schema.org\",\"@graph\":[{\"@type\":\"WebPage\",\"@id\":\"https:\/\/astcartech.com\/product\/tarjeta-de-video-6gb\/\",\"url\":\"https:\/\/astcartech.com\/product\/tarjeta-de-video-6gb\/\",\"name\":\"- ASTCAR TECH\",\"isPartOf\":{\"@id\":\"https:\/\/astcartech.com\/#website\"},\"primaryImageOfPage\":{\"@id\":\"https:\/\/astcartech.com\/product\/tarjeta-de-video-6gb\/#primaryimage\"},\"image\":{\"@id\":\"https:\/\/astcartech.com\/product\/tarjeta-de-video-6gb\/#primaryimage\"},\"thumbnailUrl\":\"https:\/\/astcartech.com\/wp-content\/uploads\/2025\/02\/90.avif\",\"datePublished\":\"2025-02-01T15:01:21+00:00\",\"dateModified\":\"2025-02-01T15:01:22+00:00\",\"description\":\"Tarjeta de video ASUS Dual GeForce RTX 3050 OC Edici\u00f3n 6GB GDDR6, PCI-E 4.0, NVIDIA GeForce RTX 3050, resoluci\u00f3n m\u00e1xima 7680 x 4320\",\"breadcrumb\":{\"@id\":\"https:\/\/astcartech.com\/product\/tarjeta-de-video-6gb\/#breadcrumb\"},\"inLanguage\":\"en-US\",\"potentialAction\":[{\"@type\":\"ReadAction\",\"target\":[\"https:\/\/astcartech.com\/product\/tarjeta-de-video-6gb\/\"]}]},{\"@type\":\"ImageObject\",\"inLanguage\":\"en-US\",\"@id\":\"https:\/\/astcartech.com\/product\/tarjeta-de-video-6gb\/#primaryimage\",\"url\":\"https:\/\/astcartech.com\/wp-content\/uploads\/2025\/02\/90.avif\",\"contentUrl\":\"https:\/\/astcartech.com\/wp-content\/uploads\/2025\/02\/90.avif\",\"width\":800,\"height\":800},{\"@type\":\"BreadcrumbList\",\"@id\":\"https:\/\/astcartech.com\/product\/tarjeta-de-video-6gb\/#breadcrumb\",\"itemListElement\":[{\"@type\":\"ListItem\",\"position\":1,\"name\":\"Portada\",\"item\":\"https:\/\/astcartech.com\/\"},{\"@type\":\"ListItem\",\"position\":2,\"name\":\"Tienda\",\"item\":\"https:\/\/astcartech.com\/tienda\/\"},{\"@type\":\"ListItem\",\"position\":3,\"name\":\"Tarjeta de video ASUS Dual GeForce RTX 3050 OC Edition 6GB GDDR6, PCI-E 4.0\"}]},{\"@type\":\"WebSite\",\"@id\":\"https:\/\/astcartech.com\/#website\",\"url\":\"https:\/\/astcartech.com\/\",\"name\":\"Astcar Tech\",\"description\":\"Suministros y Tecnologia\",\"publisher\":{\"@id\":\"https:\/\/astcartech.com\/#organization\"},\"alternateName\":\"astcar technology\",\"potentialAction\":[{\"@type\":\"SearchAction\",\"target\":{\"@type\":\"EntryPoint\",\"urlTemplate\":\"https:\/\/astcartech.com\/?s={search_term_string}\"},\"query-input\":{\"@type\":\"PropertyValueSpecification\",\"valueRequired\":true,\"valueName\":\"search_term_string\"}}],\"inLanguage\":\"en-US\"},{\"@type\":\"Organization\",\"@id\":\"https:\/\/astcartech.com\/#organization\",\"name\":\"Astcar Tech\",\"alternateName\":\"Astcar Tech\",\"url\":\"https:\/\/astcartech.com\/\",\"logo\":{\"@type\":\"ImageObject\",\"inLanguage\":\"en-US\",\"@id\":\"https:\/\/astcartech.com\/#\/schema\/logo\/image\/\",\"url\":\"https:\/\/astcartech.com\/wp-content\/uploads\/2024\/11\/logo-Astcar-Tech-new_Mesa-de-trabajo-1.png\",\"contentUrl\":\"https:\/\/astcartech.com\/wp-content\/uploads\/2024\/11\/logo-Astcar-Tech-new_Mesa-de-trabajo-1.png\",\"width\":5162,\"height\":2920,\"caption\":\"Astcar Tech\"},\"image\":{\"@id\":\"https:\/\/astcartech.com\/#\/schema\/logo\/image\/\"},\"sameAs\":[\"https:\/\/www.facebook.com\/AstCarTech\",\"https:\/\/www.instagram.com\/astcartech\",\"https:\/\/www.tiktok.com\/@astcartech\"],\"publishingPrinciples\":\"https:\/\/astcartech.com\/tienda\/\",\"ownershipFundingInfo\":\"https:\/\/astcartech.com\/nosotros\/\",\"actionableFeedbackPolicy\":\"https:\/\/astcartech.com\/politica-de-privacidad\/\",\"correctionsPolicy\":\"https:\/\/astcartech.com\/politica-de-privacidad\/\",\"ethicsPolicy\":\"https:\/\/astcartech.com\/politica-de-privacidad\/\",\"diversityPolicy\":\"https:\/\/astcartech.com\/politica-de-privacidad\/\",\"diversityStaffingReport\":\"https:\/\/astcartech.com\/politica-de-privacidad\/\"}]}<\/script>\n<!-- \/ Yoast SEO Premium plugin. -->","yoast_head_json":{"title":"- ASTCAR TECH","description":"Tarjeta de video ASUS Dual GeForce RTX 3050 OC Edici\u00f3n 6GB GDDR6, PCI-E 4.0, NVIDIA GeForce RTX 3050, resoluci\u00f3n m\u00e1xima 7680 x 4320","robots":{"index":"index","follow":"follow","max-snippet":"max-snippet:-1","max-image-preview":"max-image-preview:large","max-video-preview":"max-video-preview:-1"},"canonical":"https:\/\/astcartech.com\/en\/product\/tarjeta-de-video-6gb\/","og_locale":"en_US","og_type":"article","og_title":"Tarjeta de video ASUS Dual GeForce RTX 3050 OC Edition 6GB GDDR6, PCI-E 4.0","og_description":"Tarjeta de video ASUS Dual GeForce RTX 3050 OC Edici\u00f3n 6GB GDDR6, PCI-E 4.0, NVIDIA GeForce RTX 3050, resoluci\u00f3n m\u00e1xima 7680 x 4320","og_url":"https:\/\/astcartech.com\/en\/product\/tarjeta-de-video-6gb\/","og_site_name":"ASTCAR TECH","article_publisher":"https:\/\/www.facebook.com\/AstCarTech","article_modified_time":"2025-02-01T15:01:22+00:00","og_image":[{"width":5162,"height":2920,"url":"https:\/\/astcartech.com\/wp-content\/uploads\/2024\/11\/logo-Astcar-Tech-new_Mesa-de-trabajo-1.png","type":"image\/png"}],"twitter_card":"summary_large_image","twitter_misc":{"Est. reading time":"1 minute"},"schema":{"@context":"https:\/\/schema.org","@graph":[{"@type":"WebPage","@id":"https:\/\/astcartech.com\/product\/tarjeta-de-video-6gb\/","url":"https:\/\/astcartech.com\/product\/tarjeta-de-video-6gb\/","name":"- ASTCAR TECH","isPartOf":{"@id":"https:\/\/astcartech.com\/#website"},"primaryImageOfPage":{"@id":"https:\/\/astcartech.com\/product\/tarjeta-de-video-6gb\/#primaryimage"},"image":{"@id":"https:\/\/astcartech.com\/product\/tarjeta-de-video-6gb\/#primaryimage"},"thumbnailUrl":"https:\/\/astcartech.com\/wp-content\/uploads\/2025\/02\/90.avif","datePublished":"2025-02-01T15:01:21+00:00","dateModified":"2025-02-01T15:01:22+00:00","description":"Tarjeta de video ASUS Dual GeForce RTX 3050 OC Edici\u00f3n 6GB GDDR6, PCI-E 4.0, NVIDIA GeForce RTX 3050, resoluci\u00f3n m\u00e1xima 7680 x 4320","breadcrumb":{"@id":"https:\/\/astcartech.com\/product\/tarjeta-de-video-6gb\/#breadcrumb"},"inLanguage":"en-US","potentialAction":[{"@type":"ReadAction","target":["https:\/\/astcartech.com\/product\/tarjeta-de-video-6gb\/"]}]},{"@type":"ImageObject","inLanguage":"en-US","@id":"https:\/\/astcartech.com\/product\/tarjeta-de-video-6gb\/#primaryimage","url":"https:\/\/astcartech.com\/wp-content\/uploads\/2025\/02\/90.avif","contentUrl":"https:\/\/astcartech.com\/wp-content\/uploads\/2025\/02\/90.avif","width":800,"height":800},{"@type":"BreadcrumbList","@id":"https:\/\/astcartech.com\/product\/tarjeta-de-video-6gb\/#breadcrumb","itemListElement":[{"@type":"ListItem","position":1,"name":"Portada","item":"https:\/\/astcartech.com\/"},{"@type":"ListItem","position":2,"name":"Tienda","item":"https:\/\/astcartech.com\/tienda\/"},{"@type":"ListItem","position":3,"name":"Tarjeta de video ASUS Dual GeForce RTX 3050 OC Edition 6GB GDDR6, PCI-E 4.0"}]},{"@type":"WebSite","@id":"https:\/\/astcartech.com\/#website","url":"https:\/\/astcartech.com\/","name":"Astcar Tech","description":"Suministros y Tecnologia","publisher":{"@id":"https:\/\/astcartech.com\/#organization"},"alternateName":"astcar technology","potentialAction":[{"@type":"SearchAction","target":{"@type":"EntryPoint","urlTemplate":"https:\/\/astcartech.com\/?s={search_term_string}"},"query-input":{"@type":"PropertyValueSpecification","valueRequired":true,"valueName":"search_term_string"}}],"inLanguage":"en-US"},{"@type":"Organization","@id":"https:\/\/astcartech.com\/#organization","name":"Astcar Tech","alternateName":"Astcar Tech","url":"https:\/\/astcartech.com\/","logo":{"@type":"ImageObject","inLanguage":"en-US","@id":"https:\/\/astcartech.com\/#\/schema\/logo\/image\/","url":"https:\/\/astcartech.com\/wp-content\/uploads\/2024\/11\/logo-Astcar-Tech-new_Mesa-de-trabajo-1.png","contentUrl":"https:\/\/astcartech.com\/wp-content\/uploads\/2024\/11\/logo-Astcar-Tech-new_Mesa-de-trabajo-1.png","width":5162,"height":2920,"caption":"Astcar Tech"},"image":{"@id":"https:\/\/astcartech.com\/#\/schema\/logo\/image\/"},"sameAs":["https:\/\/www.facebook.com\/AstCarTech","https:\/\/www.instagram.com\/astcartech","https:\/\/www.tiktok.com\/@astcartech"],"publishingPrinciples":"https:\/\/astcartech.com\/tienda\/","ownershipFundingInfo":"https:\/\/astcartech.com\/nosotros\/","actionableFeedbackPolicy":"https:\/\/astcartech.com\/politica-de-privacidad\/","correctionsPolicy":"https:\/\/astcartech.com\/politica-de-privacidad\/","ethicsPolicy":"https:\/\/astcartech.com\/politica-de-privacidad\/","diversityPolicy":"https:\/\/astcartech.com\/politica-de-privacidad\/","diversityStaffingReport":"https:\/\/astcartech.com\/politica-de-privacidad\/"}]}},"_links":{"self":[{"href":"https:\/\/astcartech.com\/en\/wp-json\/wp\/v2\/product\/4644","targetHints":{"allow":["GET"]}}],"collection":[{"href":"https:\/\/astcartech.com\/en\/wp-json\/wp\/v2\/product"}],"about":[{"href":"https:\/\/astcartech.com\/en\/wp-json\/wp\/v2\/types\/product"}],"replies":[{"embeddable":true,"href":"https:\/\/astcartech.com\/en\/wp-json\/wp\/v2\/comments?post=4644"}],"wp:featuredmedia":[{"embeddable":true,"href":"https:\/\/astcartech.com\/en\/wp-json\/wp\/v2\/media\/4645"}],"wp:attachment":[{"href":"https:\/\/astcartech.com\/en\/wp-json\/wp\/v2\/media?parent=4644"}],"wp:term":[{"taxonomy":"product_cat","embeddable":true,"href":"https:\/\/astcartech.com\/en\/wp-json\/wp\/v2\/product_cat?post=4644"},{"taxonomy":"product_tag","embeddable":true,"href":"https:\/\/astcartech.com\/en\/wp-json\/wp\/v2\/product_tag?post=4644"}],"curies":[{"name":"wp","href":"https:\/\/api.w.org\/{rel}","templated":true}]}}