{"id":4786,"date":"2025-02-04T01:00:43","date_gmt":"2025-02-04T01:00:43","guid":{"rendered":"https:\/\/astcartech.com\/?post_type=product&#038;p=4786"},"modified":"2025-02-04T01:00:44","modified_gmt":"2025-02-04T01:00:44","slug":"placa-asrock-b550-phantom-gaming-4-ac-amd-am4-ddr4-4733-oc-m-2pcie-gen4-x4-pcie-4-0","status":"publish","type":"product","link":"https:\/\/astcartech.com\/en\/product\/placa-asrock-b550-phantom-gaming-4-ac-amd-am4-ddr4-4733-oc-m-2pcie-gen4-x4-pcie-4-0\/","title":{"rendered":"PLACA ASROCK B550 PHANTOM GAMING 4\/AC, AMD AM4, DDR4 4733+ (OC), M.2(PCIE GEN4 X4), PCIE 4.0."},"content":{"rendered":"<ul>\n<li>Procesadores de escritorio Soporta Socket AMD AM4 Ryzen\u2122 3000, 3000 G-Series, 4000 G-Series, 5000 y 5000 G-Series *<\/li>\n<li>Dise\u00f1o de fase de alimentaci\u00f3n 8, Digi Power<\/li>\n<li>Soporta memoria DDR4 4733+ (OC)<\/li>\n<li>1 PCIe 4.0 x16, 1 PCIe 3.0 x16, 2 PCIe 3.0 x1<\/li>\n<li>Opciones de salida gr\u00e1ficos: HDMI<\/li>\n<li>AMD CrossFireX\u2122<\/li>\n<li>Audio 7.1 canales HD (Realtek ALC1220\/ALC1200 Audio Codec), Nahimic Audio<\/li>\n<li>4 SATA3, 1 H\u00edper M.2 (PCIe Gen4 x4)<\/li>\n<li>8 USB 3.2 Gen1 (2 Frontales, 6 Traseros)<\/li>\n<li>LAN Gigabit, Wi-Fi 802.11ac (2,4\/5 GHz) + BT 4.2<\/li>\n<li><span>* No compatible con procesadores AMD Athlon\u2122.<\/span><\/li>\n<\/ul>","protected":false},"excerpt":{"rendered":"<p>Procesadores de escritorio Soporta Socket AMD AM4 Ryzen\u2122 3000, 3000 G-Series, 4000 G-Series, 5000 y 5000 G-Series * Dise\u00f1o de fase de alimentaci\u00f3n 8, Digi Power Soporta memoria DDR4 4733+ (OC) 1 PCIe 4.0 x16, 1 PCIe 3.0 x16, 2 PCIe 3.0 x1 Opciones de salida gr\u00e1ficos: HDMI AMD CrossFireX\u2122 Audio 7.1 canales HD (Realtek [&hellip;]<\/p>","protected":false},"featured_media":4787,"comment_status":"open","ping_status":"closed","template":"","meta":[],"product_cat":[77],"product_tag":[],"class_list":{"0":"post-4786","1":"product","2":"type-product","3":"status-publish","4":"has-post-thumbnail","6":"product_cat-motherboards","8":"first","9":"instock","10":"sale","11":"shipping-taxable","12":"purchasable","13":"product-type-simple"},"yoast_head":"<!-- This site is optimized with the Yoast SEO Premium plugin v26.3 (Yoast SEO v26.3) - https:\/\/yoast.com\/wordpress\/plugins\/seo\/ -->\n<title>- ASTCAR TECH<\/title>\n<meta name=\"description\" content=\"PLACA MADRE ASROCK B550 PHANTOM GAMING 4\/AC, AMD AM4, DDR4 4733+ (OC), M.2(PCIE GEN4 X4), PCIE 4.0. MARCA ASROCK SALIDAS HDMI\" \/>\n<meta name=\"robots\" content=\"index, follow, max-snippet:-1, max-image-preview:large, max-video-preview:-1\" \/>\n<link rel=\"canonical\" href=\"https:\/\/astcartech.com\/en\/product\/placa-asrock-b550-phantom-gaming-4-ac-amd-am4-ddr4-4733-oc-m-2pcie-gen4-x4-pcie-4-0\/\" \/>\n<meta property=\"og:locale\" content=\"en_US\" \/>\n<meta property=\"og:type\" content=\"article\" \/>\n<meta property=\"og:title\" content=\"PLACA ASROCK B550 PHANTOM GAMING 4\/AC, AMD AM4, DDR4 4733+ (OC), M.2(PCIE GEN4 X4), PCIE 4.0.\" \/>\n<meta property=\"og:description\" content=\"PLACA MADRE ASROCK B550 PHANTOM GAMING 4\/AC, AMD AM4, DDR4 4733+ (OC), M.2(PCIE GEN4 X4), PCIE 4.0. MARCA ASROCK SALIDAS HDMI\" \/>\n<meta property=\"og:url\" content=\"https:\/\/astcartech.com\/en\/product\/placa-asrock-b550-phantom-gaming-4-ac-amd-am4-ddr4-4733-oc-m-2pcie-gen4-x4-pcie-4-0\/\" \/>\n<meta property=\"og:site_name\" content=\"ASTCAR TECH\" \/>\n<meta property=\"article:publisher\" content=\"https:\/\/www.facebook.com\/AstCarTech\" \/>\n<meta property=\"article:modified_time\" content=\"2025-02-04T01:00:44+00:00\" \/>\n<meta property=\"og:image\" content=\"https:\/\/astcartech.com\/wp-content\/uploads\/2025\/02\/Q.png\" \/>\n\t<meta property=\"og:image:width\" content=\"1024\" \/>\n\t<meta property=\"og:image:height\" content=\"853\" \/>\n\t<meta property=\"og:image:type\" content=\"image\/png\" \/>\n<meta name=\"twitter:card\" content=\"summary_large_image\" \/>\n<meta name=\"twitter:label1\" content=\"Est. reading time\" \/>\n\t<meta name=\"twitter:data1\" content=\"1 minute\" \/>\n<script type=\"application\/ld+json\" class=\"yoast-schema-graph\">{\"@context\":\"https:\/\/schema.org\",\"@graph\":[{\"@type\":\"WebPage\",\"@id\":\"https:\/\/astcartech.com\/product\/placa-asrock-b550-phantom-gaming-4-ac-amd-am4-ddr4-4733-oc-m-2pcie-gen4-x4-pcie-4-0\/\",\"url\":\"https:\/\/astcartech.com\/product\/placa-asrock-b550-phantom-gaming-4-ac-amd-am4-ddr4-4733-oc-m-2pcie-gen4-x4-pcie-4-0\/\",\"name\":\"- ASTCAR TECH\",\"isPartOf\":{\"@id\":\"https:\/\/astcartech.com\/#website\"},\"primaryImageOfPage\":{\"@id\":\"https:\/\/astcartech.com\/product\/placa-asrock-b550-phantom-gaming-4-ac-amd-am4-ddr4-4733-oc-m-2pcie-gen4-x4-pcie-4-0\/#primaryimage\"},\"image\":{\"@id\":\"https:\/\/astcartech.com\/product\/placa-asrock-b550-phantom-gaming-4-ac-amd-am4-ddr4-4733-oc-m-2pcie-gen4-x4-pcie-4-0\/#primaryimage\"},\"thumbnailUrl\":\"https:\/\/astcartech.com\/wp-content\/uploads\/2025\/02\/Q.png\",\"datePublished\":\"2025-02-04T01:00:43+00:00\",\"dateModified\":\"2025-02-04T01:00:44+00:00\",\"description\":\"PLACA MADRE ASROCK B550 PHANTOM GAMING 4\/AC, AMD AM4, DDR4 4733+ (OC), M.2(PCIE GEN4 X4), PCIE 4.0. MARCA ASROCK SALIDAS HDMI\",\"breadcrumb\":{\"@id\":\"https:\/\/astcartech.com\/product\/placa-asrock-b550-phantom-gaming-4-ac-amd-am4-ddr4-4733-oc-m-2pcie-gen4-x4-pcie-4-0\/#breadcrumb\"},\"inLanguage\":\"en-US\",\"potentialAction\":[{\"@type\":\"ReadAction\",\"target\":[\"https:\/\/astcartech.com\/product\/placa-asrock-b550-phantom-gaming-4-ac-amd-am4-ddr4-4733-oc-m-2pcie-gen4-x4-pcie-4-0\/\"]}]},{\"@type\":\"ImageObject\",\"inLanguage\":\"en-US\",\"@id\":\"https:\/\/astcartech.com\/product\/placa-asrock-b550-phantom-gaming-4-ac-amd-am4-ddr4-4733-oc-m-2pcie-gen4-x4-pcie-4-0\/#primaryimage\",\"url\":\"https:\/\/astcartech.com\/wp-content\/uploads\/2025\/02\/Q.png\",\"contentUrl\":\"https:\/\/astcartech.com\/wp-content\/uploads\/2025\/02\/Q.png\",\"width\":1024,\"height\":853},{\"@type\":\"BreadcrumbList\",\"@id\":\"https:\/\/astcartech.com\/product\/placa-asrock-b550-phantom-gaming-4-ac-amd-am4-ddr4-4733-oc-m-2pcie-gen4-x4-pcie-4-0\/#breadcrumb\",\"itemListElement\":[{\"@type\":\"ListItem\",\"position\":1,\"name\":\"Portada\",\"item\":\"https:\/\/astcartech.com\/\"},{\"@type\":\"ListItem\",\"position\":2,\"name\":\"Tienda\",\"item\":\"https:\/\/astcartech.com\/tienda\/\"},{\"@type\":\"ListItem\",\"position\":3,\"name\":\"PLACA ASROCK B550 PHANTOM GAMING 4\/AC, AMD AM4, DDR4 4733+ (OC), M.2(PCIE GEN4 X4), PCIE 4.0.\"}]},{\"@type\":\"WebSite\",\"@id\":\"https:\/\/astcartech.com\/#website\",\"url\":\"https:\/\/astcartech.com\/\",\"name\":\"Astcar Tech\",\"description\":\"Suministros y Tecnologia\",\"publisher\":{\"@id\":\"https:\/\/astcartech.com\/#organization\"},\"alternateName\":\"astcar technology\",\"potentialAction\":[{\"@type\":\"SearchAction\",\"target\":{\"@type\":\"EntryPoint\",\"urlTemplate\":\"https:\/\/astcartech.com\/?s={search_term_string}\"},\"query-input\":{\"@type\":\"PropertyValueSpecification\",\"valueRequired\":true,\"valueName\":\"search_term_string\"}}],\"inLanguage\":\"en-US\"},{\"@type\":\"Organization\",\"@id\":\"https:\/\/astcartech.com\/#organization\",\"name\":\"Astcar Tech\",\"alternateName\":\"Astcar Tech\",\"url\":\"https:\/\/astcartech.com\/\",\"logo\":{\"@type\":\"ImageObject\",\"inLanguage\":\"en-US\",\"@id\":\"https:\/\/astcartech.com\/#\/schema\/logo\/image\/\",\"url\":\"https:\/\/astcartech.com\/wp-content\/uploads\/2024\/11\/logo-Astcar-Tech-new_Mesa-de-trabajo-1.png\",\"contentUrl\":\"https:\/\/astcartech.com\/wp-content\/uploads\/2024\/11\/logo-Astcar-Tech-new_Mesa-de-trabajo-1.png\",\"width\":5162,\"height\":2920,\"caption\":\"Astcar Tech\"},\"image\":{\"@id\":\"https:\/\/astcartech.com\/#\/schema\/logo\/image\/\"},\"sameAs\":[\"https:\/\/www.facebook.com\/AstCarTech\",\"https:\/\/www.instagram.com\/astcartech\",\"https:\/\/www.tiktok.com\/@astcartech\"],\"publishingPrinciples\":\"https:\/\/astcartech.com\/tienda\/\",\"ownershipFundingInfo\":\"https:\/\/astcartech.com\/nosotros\/\",\"actionableFeedbackPolicy\":\"https:\/\/astcartech.com\/politica-de-privacidad\/\",\"correctionsPolicy\":\"https:\/\/astcartech.com\/politica-de-privacidad\/\",\"ethicsPolicy\":\"https:\/\/astcartech.com\/politica-de-privacidad\/\",\"diversityPolicy\":\"https:\/\/astcartech.com\/politica-de-privacidad\/\",\"diversityStaffingReport\":\"https:\/\/astcartech.com\/politica-de-privacidad\/\"}]}<\/script>\n<!-- \/ Yoast SEO Premium plugin. -->","yoast_head_json":{"title":"- ASTCAR TECH","description":"PLACA MADRE ASROCK B550 PHANTOM GAMING 4\/AC, AMD AM4, DDR4 4733+ (OC), M.2(PCIE GEN4 X4), PCIE 4.0. MARCA ASROCK SALIDAS HDMI","robots":{"index":"index","follow":"follow","max-snippet":"max-snippet:-1","max-image-preview":"max-image-preview:large","max-video-preview":"max-video-preview:-1"},"canonical":"https:\/\/astcartech.com\/en\/product\/placa-asrock-b550-phantom-gaming-4-ac-amd-am4-ddr4-4733-oc-m-2pcie-gen4-x4-pcie-4-0\/","og_locale":"en_US","og_type":"article","og_title":"PLACA ASROCK B550 PHANTOM GAMING 4\/AC, AMD AM4, DDR4 4733+ (OC), M.2(PCIE GEN4 X4), PCIE 4.0.","og_description":"PLACA MADRE ASROCK B550 PHANTOM GAMING 4\/AC, AMD AM4, DDR4 4733+ (OC), M.2(PCIE GEN4 X4), PCIE 4.0. MARCA ASROCK SALIDAS HDMI","og_url":"https:\/\/astcartech.com\/en\/product\/placa-asrock-b550-phantom-gaming-4-ac-amd-am4-ddr4-4733-oc-m-2pcie-gen4-x4-pcie-4-0\/","og_site_name":"ASTCAR TECH","article_publisher":"https:\/\/www.facebook.com\/AstCarTech","article_modified_time":"2025-02-04T01:00:44+00:00","og_image":[{"width":1024,"height":853,"url":"https:\/\/astcartech.com\/wp-content\/uploads\/2025\/02\/Q.png","type":"image\/png"}],"twitter_card":"summary_large_image","twitter_misc":{"Est. reading time":"1 minute"},"schema":{"@context":"https:\/\/schema.org","@graph":[{"@type":"WebPage","@id":"https:\/\/astcartech.com\/product\/placa-asrock-b550-phantom-gaming-4-ac-amd-am4-ddr4-4733-oc-m-2pcie-gen4-x4-pcie-4-0\/","url":"https:\/\/astcartech.com\/product\/placa-asrock-b550-phantom-gaming-4-ac-amd-am4-ddr4-4733-oc-m-2pcie-gen4-x4-pcie-4-0\/","name":"- ASTCAR TECH","isPartOf":{"@id":"https:\/\/astcartech.com\/#website"},"primaryImageOfPage":{"@id":"https:\/\/astcartech.com\/product\/placa-asrock-b550-phantom-gaming-4-ac-amd-am4-ddr4-4733-oc-m-2pcie-gen4-x4-pcie-4-0\/#primaryimage"},"image":{"@id":"https:\/\/astcartech.com\/product\/placa-asrock-b550-phantom-gaming-4-ac-amd-am4-ddr4-4733-oc-m-2pcie-gen4-x4-pcie-4-0\/#primaryimage"},"thumbnailUrl":"https:\/\/astcartech.com\/wp-content\/uploads\/2025\/02\/Q.png","datePublished":"2025-02-04T01:00:43+00:00","dateModified":"2025-02-04T01:00:44+00:00","description":"PLACA MADRE ASROCK B550 PHANTOM GAMING 4\/AC, AMD AM4, DDR4 4733+ (OC), M.2(PCIE GEN4 X4), PCIE 4.0. MARCA ASROCK SALIDAS HDMI","breadcrumb":{"@id":"https:\/\/astcartech.com\/product\/placa-asrock-b550-phantom-gaming-4-ac-amd-am4-ddr4-4733-oc-m-2pcie-gen4-x4-pcie-4-0\/#breadcrumb"},"inLanguage":"en-US","potentialAction":[{"@type":"ReadAction","target":["https:\/\/astcartech.com\/product\/placa-asrock-b550-phantom-gaming-4-ac-amd-am4-ddr4-4733-oc-m-2pcie-gen4-x4-pcie-4-0\/"]}]},{"@type":"ImageObject","inLanguage":"en-US","@id":"https:\/\/astcartech.com\/product\/placa-asrock-b550-phantom-gaming-4-ac-amd-am4-ddr4-4733-oc-m-2pcie-gen4-x4-pcie-4-0\/#primaryimage","url":"https:\/\/astcartech.com\/wp-content\/uploads\/2025\/02\/Q.png","contentUrl":"https:\/\/astcartech.com\/wp-content\/uploads\/2025\/02\/Q.png","width":1024,"height":853},{"@type":"BreadcrumbList","@id":"https:\/\/astcartech.com\/product\/placa-asrock-b550-phantom-gaming-4-ac-amd-am4-ddr4-4733-oc-m-2pcie-gen4-x4-pcie-4-0\/#breadcrumb","itemListElement":[{"@type":"ListItem","position":1,"name":"Portada","item":"https:\/\/astcartech.com\/"},{"@type":"ListItem","position":2,"name":"Tienda","item":"https:\/\/astcartech.com\/tienda\/"},{"@type":"ListItem","position":3,"name":"PLACA ASROCK B550 PHANTOM GAMING 4\/AC, AMD AM4, DDR4 4733+ (OC), M.2(PCIE GEN4 X4), PCIE 4.0."}]},{"@type":"WebSite","@id":"https:\/\/astcartech.com\/#website","url":"https:\/\/astcartech.com\/","name":"Astcar Tech","description":"Suministros y Tecnologia","publisher":{"@id":"https:\/\/astcartech.com\/#organization"},"alternateName":"astcar technology","potentialAction":[{"@type":"SearchAction","target":{"@type":"EntryPoint","urlTemplate":"https:\/\/astcartech.com\/?s={search_term_string}"},"query-input":{"@type":"PropertyValueSpecification","valueRequired":true,"valueName":"search_term_string"}}],"inLanguage":"en-US"},{"@type":"Organization","@id":"https:\/\/astcartech.com\/#organization","name":"Astcar Tech","alternateName":"Astcar Tech","url":"https:\/\/astcartech.com\/","logo":{"@type":"ImageObject","inLanguage":"en-US","@id":"https:\/\/astcartech.com\/#\/schema\/logo\/image\/","url":"https:\/\/astcartech.com\/wp-content\/uploads\/2024\/11\/logo-Astcar-Tech-new_Mesa-de-trabajo-1.png","contentUrl":"https:\/\/astcartech.com\/wp-content\/uploads\/2024\/11\/logo-Astcar-Tech-new_Mesa-de-trabajo-1.png","width":5162,"height":2920,"caption":"Astcar Tech"},"image":{"@id":"https:\/\/astcartech.com\/#\/schema\/logo\/image\/"},"sameAs":["https:\/\/www.facebook.com\/AstCarTech","https:\/\/www.instagram.com\/astcartech","https:\/\/www.tiktok.com\/@astcartech"],"publishingPrinciples":"https:\/\/astcartech.com\/tienda\/","ownershipFundingInfo":"https:\/\/astcartech.com\/nosotros\/","actionableFeedbackPolicy":"https:\/\/astcartech.com\/politica-de-privacidad\/","correctionsPolicy":"https:\/\/astcartech.com\/politica-de-privacidad\/","ethicsPolicy":"https:\/\/astcartech.com\/politica-de-privacidad\/","diversityPolicy":"https:\/\/astcartech.com\/politica-de-privacidad\/","diversityStaffingReport":"https:\/\/astcartech.com\/politica-de-privacidad\/"}]}},"_links":{"self":[{"href":"https:\/\/astcartech.com\/en\/wp-json\/wp\/v2\/product\/4786","targetHints":{"allow":["GET"]}}],"collection":[{"href":"https:\/\/astcartech.com\/en\/wp-json\/wp\/v2\/product"}],"about":[{"href":"https:\/\/astcartech.com\/en\/wp-json\/wp\/v2\/types\/product"}],"replies":[{"embeddable":true,"href":"https:\/\/astcartech.com\/en\/wp-json\/wp\/v2\/comments?post=4786"}],"wp:featuredmedia":[{"embeddable":true,"href":"https:\/\/astcartech.com\/en\/wp-json\/wp\/v2\/media\/4787"}],"wp:attachment":[{"href":"https:\/\/astcartech.com\/en\/wp-json\/wp\/v2\/media?parent=4786"}],"wp:term":[{"taxonomy":"product_cat","embeddable":true,"href":"https:\/\/astcartech.com\/en\/wp-json\/wp\/v2\/product_cat?post=4786"},{"taxonomy":"product_tag","embeddable":true,"href":"https:\/\/astcartech.com\/en\/wp-json\/wp\/v2\/product_tag?post=4786"}],"curies":[{"name":"wp","href":"https:\/\/api.w.org\/{rel}","templated":true}]}}