{"id":4831,"date":"2025-02-06T00:41:36","date_gmt":"2025-02-06T00:41:36","guid":{"rendered":"https:\/\/astcartech.com\/?post_type=product&#038;p=4831"},"modified":"2025-02-06T00:41:37","modified_gmt":"2025-02-06T00:41:37","slug":"refrigeracion-liquida-deepcool-ld360-pantalla-argb","status":"publish","type":"product","link":"https:\/\/astcartech.com\/en\/product\/refrigeracion-liquida-deepcool-ld360-pantalla-argb\/","title":{"rendered":"REFRIGERACION LIQUIDA DEEPCOOL LD360, PANTALLA, ARGB"},"content":{"rendered":"<table>\n<tbody>\n<tr>\n<td align=\"left\" width=\"230\" height=\"20\">\n<h5>CARACTER\u00cdSTICAS<\/h5>\n<\/td>\n<td width=\"22\"><\/td>\n<td width=\"242\"><\/td>\n<\/tr>\n<tr>\n<td align=\"left\" height=\"20\">\n<h5>N\u00famero de Parte<\/h5>\n<\/td>\n<td align=\"left\">\n<h5>:<\/h5>\n<\/td>\n<td align=\"left\">R-LD360-BKMSN-G-1<\/td>\n<\/tr>\n<tr>\n<td align=\"left\" height=\"20\">\n<h5>Z\u00f3calo CPU<\/h5>\n<\/td>\n<td align=\"left\">\n<h5>:<\/h5>\n<\/td>\n<td align=\"left\">Intel LGA1700\/1200\/1151\/1150\/1155 &#8211; AMD AM5\/AM4<\/td>\n<\/tr>\n<tr>\n<td align=\"left\" height=\"20\">\n<h5>Dimensiones del radiador<\/h5>\n<\/td>\n<td align=\"left\">\n<h5>:<\/h5>\n<\/td>\n<td align=\"left\">402\u00d7120\u00d727 mm (largo\u00d7ancho\u00d7alto)<\/td>\n<\/tr>\n<tr>\n<td align=\"left\" height=\"20\">\n<h5>Material del radiador<\/h5>\n<\/td>\n<td align=\"left\">\n<h5>:<\/h5>\n<\/td>\n<td align=\"left\">Aluminio<\/td>\n<\/tr>\n<tr>\n<td align=\"left\" height=\"20\">\n<h5>Longitud del tubo<\/h5>\n<\/td>\n<td align=\"left\">\n<h5>:<\/h5>\n<\/td>\n<td align=\"left\">410 mil\u00edmetros<\/td>\n<\/tr>\n<tr>\n<td align=\"left\" height=\"20\">\n<h5>Dimensiones de la bomba<\/h5>\n<\/td>\n<td align=\"left\">\n<h5>:<\/h5>\n<\/td>\n<td align=\"left\">89\u00d778\u00d753 mm (largo\u00d7ancho\u00d7alto)<\/td>\n<\/tr>\n<tr>\n<td align=\"left\" height=\"20\">\n<h5>Velocidad de la bomba<\/h5>\n<\/td>\n<td align=\"left\">\n<h5>:<\/h5>\n<\/td>\n<td align=\"left\">3400rpm\u00b110%<\/td>\n<\/tr>\n<tr>\n<td align=\"left\" height=\"20\">\n<h5>Conector de bomba<\/h5>\n<\/td>\n<td align=\"left\">\n<h5>:<\/h5>\n<\/td>\n<td align=\"left\">3 pines<\/td>\n<\/tr>\n<tr>\n<td align=\"left\" height=\"20\">\n<h5>Voltaje nominal de la bomba<\/h5>\n<\/td>\n<td align=\"left\">\n<h5>:<\/h5>\n<\/td>\n<td align=\"left\">12 VDC<\/td>\n<\/tr>\n<tr>\n<td align=\"left\" height=\"20\">\n<h5>Corriente nominal de la bomba<\/h5>\n<\/td>\n<td align=\"left\">\n<h5>:<\/h5>\n<\/td>\n<td align=\"left\">0,35 A<\/td>\n<\/tr>\n<tr>\n<td align=\"left\" height=\"20\">\n<h5>Consumo de energ\u00eda de la bomba<\/h5>\n<\/td>\n<td align=\"left\">\n<h5>:<\/h5>\n<\/td>\n<td align=\"left\">4,2W<\/td>\n<\/tr>\n<tr>\n<td align=\"left\" height=\"20\">\n<h5>Dimensiones del ventilador<\/h5>\n<\/td>\n<td align=\"left\">\n<h5>:<\/h5>\n<\/td>\n<td align=\"left\">120\u00d7120\u00d725 mm (largo\u00d7ancho\u00d7alto)<\/td>\n<\/tr>\n<tr>\n<td align=\"left\" height=\"20\">\n<h5>Velocidad del ventilador<\/h5>\n<\/td>\n<td align=\"left\">\n<h5>:<\/h5>\n<\/td>\n<td align=\"left\">600~2400rpm\u00b110%<\/td>\n<\/tr>\n<tr>\n<td align=\"left\" height=\"20\">\n<h5>Flujo de aire del ventilador<\/h5>\n<\/td>\n<td align=\"left\">\n<h5>:<\/h5>\n<\/td>\n<td align=\"left\">72,04 pies c\u00fabicos por minuto<\/td>\n<\/tr>\n<tr>\n<td align=\"left\" height=\"20\">\n<h5>Presi\u00f3n de aire del ventilador<\/h5>\n<\/td>\n<td align=\"left\">\n<h5>:<\/h5>\n<\/td>\n<td align=\"left\">3,48 mmAq<\/td>\n<\/tr>\n<tr>\n<td align=\"left\" height=\"20\">\n<h5>Ruido del ventilador<\/h5>\n<\/td>\n<td align=\"left\">\n<h5>:<\/h5>\n<\/td>\n<td align=\"left\">\u226438,71dB(A)<\/td>\n<\/tr>\n<tr>\n<td align=\"left\" height=\"20\">\n<h5>Conector de ventilador<\/h5>\n<\/td>\n<td align=\"left\">\n<h5>:<\/h5>\n<\/td>\n<td align=\"left\">PWM de 4 pines<\/td>\n<\/tr>\n<tr>\n<td align=\"left\" height=\"20\">\n<h5>Tipo de rodamiento<\/h5>\n<\/td>\n<td align=\"left\">\n<h5>:<\/h5>\n<\/td>\n<td align=\"left\">Rodamiento hidr\u00e1ulico<\/td>\n<\/tr>\n<tr>\n<td align=\"left\" height=\"20\">\n<h5>Tipo de LED<\/h5>\n<\/td>\n<td align=\"left\">\n<h5>:<\/h5>\n<\/td>\n<td class=\"xl65\">LED RGB direccionable<\/td>\n<\/tr>\n<tr>\n<td align=\"left\" height=\"20\">\n<h5>Conector LED<\/h5>\n<\/td>\n<td align=\"left\">\n<h5>:<\/h5>\n<\/td>\n<td align=\"left\">3 pines (+5 V-DG)<\/td>\n<\/tr>\n<tr>\n<td align=\"left\" height=\"20\">\n<h5>Tipo de visualizaci\u00f3n<\/h5>\n<\/td>\n<td align=\"left\">\n<h5>:<\/h5>\n<\/td>\n<td align=\"left\">Pantalla digital LED<\/td>\n<\/tr>\n<tr>\n<td align=\"left\" height=\"20\">\n<h5>M\u00e1s informaci\u00f3n<\/h5>\n<\/td>\n<td align=\"left\">\n<h5>:<\/h5>\n<\/td>\n<td align=\"left\"><\/td>\n<\/tr>\n<tr>\n<td align=\"left\" height=\"20\">* Imagen referencial<\/td>\n<td><\/td>\n<td><\/td>\n<\/tr>\n<tr>\n<td align=\"left\" height=\"20\">* Garant\u00eda 12\u00a0Meses<\/td>\n<td><\/td>\n<td><\/td>\n<\/tr>\n<tr>\n<td align=\"left\" height=\"20\">* Precios incluyen IGV<\/td>\n<td><\/td>\n<td><\/td>\n<\/tr>\n<tr>\n<td colspan=\"3\" align=\"left\" height=\"20\">* No se aceptan devoluciones por incompatibilidad entre productos de otros proveedores<\/td>\n<\/tr>\n<\/tbody>\n<\/table>","protected":false},"excerpt":{"rendered":"<p>CARACTER\u00cdSTICAS N\u00famero de Parte : R-LD360-BKMSN-G-1 Z\u00f3calo CPU : Intel LGA1700\/1200\/1151\/1150\/1155 &#8211; AMD AM5\/AM4 Dimensiones del radiador : 402\u00d7120\u00d727 mm (largo\u00d7ancho\u00d7alto) Material del radiador : Aluminio Longitud del tubo : 410 mil\u00edmetros Dimensiones de la bomba : 89\u00d778\u00d753 mm (largo\u00d7ancho\u00d7alto) Velocidad de la bomba : 3400rpm\u00b110% Conector de bomba : 3 pines Voltaje nominal de [&hellip;]<\/p>","protected":false},"featured_media":4832,"comment_status":"open","ping_status":"closed","template":"","meta":[],"product_cat":[88],"product_tag":[],"class_list":{"0":"post-4831","1":"product","2":"type-product","3":"status-publish","4":"has-post-thumbnail","6":"product_cat-enfriamiento-liquido","8":"first","9":"instock","10":"sale","11":"shipping-taxable","12":"purchasable","13":"product-type-simple"},"yoast_head":"<!-- This site is optimized with the Yoast SEO Premium plugin v26.3 (Yoast SEO v26.3) - https:\/\/yoast.com\/wordpress\/plugins\/seo\/ -->\n<title>REFRIGERACION LIQUIDA DEEPCOOL LD360 PANTALLA ARGB<\/title>\n<meta name=\"description\" content=\"REFRIGERACION LIQUIDA DEEPCOOL LD360, PANTALLA, ARGB - PARA PROCESADOR INTEL LGA1700\/1200\/1151\/1150\/1155 - PARA PROCESADOR AMD AM5\/AM4\" \/>\n<meta name=\"robots\" content=\"index, follow, max-snippet:-1, max-image-preview:large, max-video-preview:-1\" \/>\n<link rel=\"canonical\" href=\"https:\/\/astcartech.com\/en\/product\/refrigeracion-liquida-deepcool-ld360-pantalla-argb\/\" \/>\n<meta property=\"og:locale\" content=\"en_US\" \/>\n<meta property=\"og:type\" content=\"article\" \/>\n<meta property=\"og:title\" content=\"REFRIGERACION LIQUIDA DEEPCOOL LD360, PANTALLA, ARGB\" \/>\n<meta property=\"og:description\" content=\"REFRIGERACION LIQUIDA DEEPCOOL LD360, PANTALLA, ARGB - PARA PROCESADOR INTEL LGA1700\/1200\/1151\/1150\/1155 - PARA PROCESADOR AMD AM5\/AM4\" \/>\n<meta property=\"og:url\" content=\"https:\/\/astcartech.com\/en\/product\/refrigeracion-liquida-deepcool-ld360-pantalla-argb\/\" \/>\n<meta property=\"og:site_name\" content=\"ASTCAR TECH\" \/>\n<meta property=\"article:publisher\" content=\"https:\/\/www.facebook.com\/AstCarTech\" \/>\n<meta property=\"article:modified_time\" content=\"2025-02-06T00:41:37+00:00\" \/>\n<meta property=\"og:image\" content=\"https:\/\/astcartech.com\/wp-content\/uploads\/2025\/02\/013.webp\" \/>\n\t<meta property=\"og:image:width\" content=\"608\" \/>\n\t<meta property=\"og:image:height\" content=\"760\" \/>\n\t<meta property=\"og:image:type\" content=\"image\/webp\" \/>\n<meta name=\"twitter:card\" content=\"summary_large_image\" \/>\n<meta name=\"twitter:label1\" content=\"Est. reading time\" \/>\n\t<meta name=\"twitter:data1\" content=\"1 minute\" \/>\n<script type=\"application\/ld+json\" class=\"yoast-schema-graph\">{\"@context\":\"https:\/\/schema.org\",\"@graph\":[{\"@type\":\"WebPage\",\"@id\":\"https:\/\/astcartech.com\/product\/refrigeracion-liquida-deepcool-ld360-pantalla-argb\/\",\"url\":\"https:\/\/astcartech.com\/product\/refrigeracion-liquida-deepcool-ld360-pantalla-argb\/\",\"name\":\"REFRIGERACION LIQUIDA DEEPCOOL LD360 PANTALLA ARGB\",\"isPartOf\":{\"@id\":\"https:\/\/astcartech.com\/#website\"},\"primaryImageOfPage\":{\"@id\":\"https:\/\/astcartech.com\/product\/refrigeracion-liquida-deepcool-ld360-pantalla-argb\/#primaryimage\"},\"image\":{\"@id\":\"https:\/\/astcartech.com\/product\/refrigeracion-liquida-deepcool-ld360-pantalla-argb\/#primaryimage\"},\"thumbnailUrl\":\"https:\/\/astcartech.com\/wp-content\/uploads\/2025\/02\/013.webp\",\"datePublished\":\"2025-02-06T00:41:36+00:00\",\"dateModified\":\"2025-02-06T00:41:37+00:00\",\"description\":\"REFRIGERACION LIQUIDA DEEPCOOL LD360, PANTALLA, ARGB - PARA PROCESADOR INTEL LGA1700\/1200\/1151\/1150\/1155 - PARA PROCESADOR AMD AM5\/AM4\",\"breadcrumb\":{\"@id\":\"https:\/\/astcartech.com\/product\/refrigeracion-liquida-deepcool-ld360-pantalla-argb\/#breadcrumb\"},\"inLanguage\":\"en-US\",\"potentialAction\":[{\"@type\":\"ReadAction\",\"target\":[\"https:\/\/astcartech.com\/product\/refrigeracion-liquida-deepcool-ld360-pantalla-argb\/\"]}]},{\"@type\":\"ImageObject\",\"inLanguage\":\"en-US\",\"@id\":\"https:\/\/astcartech.com\/product\/refrigeracion-liquida-deepcool-ld360-pantalla-argb\/#primaryimage\",\"url\":\"https:\/\/astcartech.com\/wp-content\/uploads\/2025\/02\/013.webp\",\"contentUrl\":\"https:\/\/astcartech.com\/wp-content\/uploads\/2025\/02\/013.webp\",\"width\":608,\"height\":760},{\"@type\":\"BreadcrumbList\",\"@id\":\"https:\/\/astcartech.com\/product\/refrigeracion-liquida-deepcool-ld360-pantalla-argb\/#breadcrumb\",\"itemListElement\":[{\"@type\":\"ListItem\",\"position\":1,\"name\":\"Portada\",\"item\":\"https:\/\/astcartech.com\/\"},{\"@type\":\"ListItem\",\"position\":2,\"name\":\"Tienda\",\"item\":\"https:\/\/astcartech.com\/tienda\/\"},{\"@type\":\"ListItem\",\"position\":3,\"name\":\"REFRIGERACION LIQUIDA DEEPCOOL LD360, PANTALLA, ARGB\"}]},{\"@type\":\"WebSite\",\"@id\":\"https:\/\/astcartech.com\/#website\",\"url\":\"https:\/\/astcartech.com\/\",\"name\":\"Astcar Tech\",\"description\":\"Suministros y Tecnologia\",\"publisher\":{\"@id\":\"https:\/\/astcartech.com\/#organization\"},\"alternateName\":\"astcar technology\",\"potentialAction\":[{\"@type\":\"SearchAction\",\"target\":{\"@type\":\"EntryPoint\",\"urlTemplate\":\"https:\/\/astcartech.com\/?s={search_term_string}\"},\"query-input\":{\"@type\":\"PropertyValueSpecification\",\"valueRequired\":true,\"valueName\":\"search_term_string\"}}],\"inLanguage\":\"en-US\"},{\"@type\":\"Organization\",\"@id\":\"https:\/\/astcartech.com\/#organization\",\"name\":\"Astcar Tech\",\"alternateName\":\"Astcar Tech\",\"url\":\"https:\/\/astcartech.com\/\",\"logo\":{\"@type\":\"ImageObject\",\"inLanguage\":\"en-US\",\"@id\":\"https:\/\/astcartech.com\/#\/schema\/logo\/image\/\",\"url\":\"https:\/\/astcartech.com\/wp-content\/uploads\/2024\/11\/logo-Astcar-Tech-new_Mesa-de-trabajo-1.png\",\"contentUrl\":\"https:\/\/astcartech.com\/wp-content\/uploads\/2024\/11\/logo-Astcar-Tech-new_Mesa-de-trabajo-1.png\",\"width\":5162,\"height\":2920,\"caption\":\"Astcar Tech\"},\"image\":{\"@id\":\"https:\/\/astcartech.com\/#\/schema\/logo\/image\/\"},\"sameAs\":[\"https:\/\/www.facebook.com\/AstCarTech\",\"https:\/\/www.instagram.com\/astcartech\",\"https:\/\/www.tiktok.com\/@astcartech\"],\"publishingPrinciples\":\"https:\/\/astcartech.com\/tienda\/\",\"ownershipFundingInfo\":\"https:\/\/astcartech.com\/nosotros\/\",\"actionableFeedbackPolicy\":\"https:\/\/astcartech.com\/politica-de-privacidad\/\",\"correctionsPolicy\":\"https:\/\/astcartech.com\/politica-de-privacidad\/\",\"ethicsPolicy\":\"https:\/\/astcartech.com\/politica-de-privacidad\/\",\"diversityPolicy\":\"https:\/\/astcartech.com\/politica-de-privacidad\/\",\"diversityStaffingReport\":\"https:\/\/astcartech.com\/politica-de-privacidad\/\"}]}<\/script>\n<!-- \/ Yoast SEO Premium plugin. -->","yoast_head_json":{"title":"REFRIGERACION LIQUIDA DEEPCOOL LD360 PANTALLA ARGB","description":"REFRIGERACION LIQUIDA DEEPCOOL LD360, PANTALLA, ARGB - PARA PROCESADOR INTEL LGA1700\/1200\/1151\/1150\/1155 - PARA PROCESADOR AMD AM5\/AM4","robots":{"index":"index","follow":"follow","max-snippet":"max-snippet:-1","max-image-preview":"max-image-preview:large","max-video-preview":"max-video-preview:-1"},"canonical":"https:\/\/astcartech.com\/en\/product\/refrigeracion-liquida-deepcool-ld360-pantalla-argb\/","og_locale":"en_US","og_type":"article","og_title":"REFRIGERACION LIQUIDA DEEPCOOL LD360, PANTALLA, ARGB","og_description":"REFRIGERACION LIQUIDA DEEPCOOL LD360, PANTALLA, ARGB - PARA PROCESADOR INTEL LGA1700\/1200\/1151\/1150\/1155 - PARA PROCESADOR AMD AM5\/AM4","og_url":"https:\/\/astcartech.com\/en\/product\/refrigeracion-liquida-deepcool-ld360-pantalla-argb\/","og_site_name":"ASTCAR TECH","article_publisher":"https:\/\/www.facebook.com\/AstCarTech","article_modified_time":"2025-02-06T00:41:37+00:00","og_image":[{"width":608,"height":760,"url":"https:\/\/astcartech.com\/wp-content\/uploads\/2025\/02\/013.webp","type":"image\/webp"}],"twitter_card":"summary_large_image","twitter_misc":{"Est. reading time":"1 minute"},"schema":{"@context":"https:\/\/schema.org","@graph":[{"@type":"WebPage","@id":"https:\/\/astcartech.com\/product\/refrigeracion-liquida-deepcool-ld360-pantalla-argb\/","url":"https:\/\/astcartech.com\/product\/refrigeracion-liquida-deepcool-ld360-pantalla-argb\/","name":"REFRIGERACION LIQUIDA DEEPCOOL LD360 PANTALLA ARGB","isPartOf":{"@id":"https:\/\/astcartech.com\/#website"},"primaryImageOfPage":{"@id":"https:\/\/astcartech.com\/product\/refrigeracion-liquida-deepcool-ld360-pantalla-argb\/#primaryimage"},"image":{"@id":"https:\/\/astcartech.com\/product\/refrigeracion-liquida-deepcool-ld360-pantalla-argb\/#primaryimage"},"thumbnailUrl":"https:\/\/astcartech.com\/wp-content\/uploads\/2025\/02\/013.webp","datePublished":"2025-02-06T00:41:36+00:00","dateModified":"2025-02-06T00:41:37+00:00","description":"REFRIGERACION LIQUIDA DEEPCOOL LD360, PANTALLA, ARGB - PARA PROCESADOR INTEL LGA1700\/1200\/1151\/1150\/1155 - PARA PROCESADOR AMD AM5\/AM4","breadcrumb":{"@id":"https:\/\/astcartech.com\/product\/refrigeracion-liquida-deepcool-ld360-pantalla-argb\/#breadcrumb"},"inLanguage":"en-US","potentialAction":[{"@type":"ReadAction","target":["https:\/\/astcartech.com\/product\/refrigeracion-liquida-deepcool-ld360-pantalla-argb\/"]}]},{"@type":"ImageObject","inLanguage":"en-US","@id":"https:\/\/astcartech.com\/product\/refrigeracion-liquida-deepcool-ld360-pantalla-argb\/#primaryimage","url":"https:\/\/astcartech.com\/wp-content\/uploads\/2025\/02\/013.webp","contentUrl":"https:\/\/astcartech.com\/wp-content\/uploads\/2025\/02\/013.webp","width":608,"height":760},{"@type":"BreadcrumbList","@id":"https:\/\/astcartech.com\/product\/refrigeracion-liquida-deepcool-ld360-pantalla-argb\/#breadcrumb","itemListElement":[{"@type":"ListItem","position":1,"name":"Portada","item":"https:\/\/astcartech.com\/"},{"@type":"ListItem","position":2,"name":"Tienda","item":"https:\/\/astcartech.com\/tienda\/"},{"@type":"ListItem","position":3,"name":"REFRIGERACION LIQUIDA DEEPCOOL LD360, PANTALLA, ARGB"}]},{"@type":"WebSite","@id":"https:\/\/astcartech.com\/#website","url":"https:\/\/astcartech.com\/","name":"Astcar Tech","description":"Suministros y Tecnologia","publisher":{"@id":"https:\/\/astcartech.com\/#organization"},"alternateName":"astcar technology","potentialAction":[{"@type":"SearchAction","target":{"@type":"EntryPoint","urlTemplate":"https:\/\/astcartech.com\/?s={search_term_string}"},"query-input":{"@type":"PropertyValueSpecification","valueRequired":true,"valueName":"search_term_string"}}],"inLanguage":"en-US"},{"@type":"Organization","@id":"https:\/\/astcartech.com\/#organization","name":"Astcar Tech","alternateName":"Astcar Tech","url":"https:\/\/astcartech.com\/","logo":{"@type":"ImageObject","inLanguage":"en-US","@id":"https:\/\/astcartech.com\/#\/schema\/logo\/image\/","url":"https:\/\/astcartech.com\/wp-content\/uploads\/2024\/11\/logo-Astcar-Tech-new_Mesa-de-trabajo-1.png","contentUrl":"https:\/\/astcartech.com\/wp-content\/uploads\/2024\/11\/logo-Astcar-Tech-new_Mesa-de-trabajo-1.png","width":5162,"height":2920,"caption":"Astcar Tech"},"image":{"@id":"https:\/\/astcartech.com\/#\/schema\/logo\/image\/"},"sameAs":["https:\/\/www.facebook.com\/AstCarTech","https:\/\/www.instagram.com\/astcartech","https:\/\/www.tiktok.com\/@astcartech"],"publishingPrinciples":"https:\/\/astcartech.com\/tienda\/","ownershipFundingInfo":"https:\/\/astcartech.com\/nosotros\/","actionableFeedbackPolicy":"https:\/\/astcartech.com\/politica-de-privacidad\/","correctionsPolicy":"https:\/\/astcartech.com\/politica-de-privacidad\/","ethicsPolicy":"https:\/\/astcartech.com\/politica-de-privacidad\/","diversityPolicy":"https:\/\/astcartech.com\/politica-de-privacidad\/","diversityStaffingReport":"https:\/\/astcartech.com\/politica-de-privacidad\/"}]}},"_links":{"self":[{"href":"https:\/\/astcartech.com\/en\/wp-json\/wp\/v2\/product\/4831","targetHints":{"allow":["GET"]}}],"collection":[{"href":"https:\/\/astcartech.com\/en\/wp-json\/wp\/v2\/product"}],"about":[{"href":"https:\/\/astcartech.com\/en\/wp-json\/wp\/v2\/types\/product"}],"replies":[{"embeddable":true,"href":"https:\/\/astcartech.com\/en\/wp-json\/wp\/v2\/comments?post=4831"}],"wp:featuredmedia":[{"embeddable":true,"href":"https:\/\/astcartech.com\/en\/wp-json\/wp\/v2\/media\/4832"}],"wp:attachment":[{"href":"https:\/\/astcartech.com\/en\/wp-json\/wp\/v2\/media?parent=4831"}],"wp:term":[{"taxonomy":"product_cat","embeddable":true,"href":"https:\/\/astcartech.com\/en\/wp-json\/wp\/v2\/product_cat?post=4831"},{"taxonomy":"product_tag","embeddable":true,"href":"https:\/\/astcartech.com\/en\/wp-json\/wp\/v2\/product_tag?post=4831"}],"curies":[{"name":"wp","href":"https:\/\/api.w.org\/{rel}","templated":true}]}}