{"id":4979,"date":"2025-02-11T21:03:17","date_gmt":"2025-02-11T21:03:17","guid":{"rendered":"https:\/\/astcartech.com\/?post_type=product&#038;p=4979"},"modified":"2025-02-11T21:03:18","modified_gmt":"2025-02-11T21:03:18","slug":"corsair-h60x-rgb-elite-kit-de-refrigeracion-liquida-120mm-negro","status":"publish","type":"product","link":"https:\/\/astcartech.com\/en\/product\/corsair-h60x-rgb-elite-kit-de-refrigeracion-liquida-120mm-negro\/","title":{"rendered":"Corsair H60x RGB Elite Kit de Refrigeraci\u00f3n L\u00edquida 120mm Negro"},"content":{"rendered":"<ul>\n<li>Garant\u00eda de refrigeraci\u00f3n 5 a\u00f1os<\/li>\n<li>Material de placa fr\u00eda Cobre<\/li>\n<li>Material del radiador Aluminio<\/li>\n<li>PWM S\u00ed<\/li>\n<li>Compatibilidad con CORSAIR iCUE S\u00ed<\/li>\n<li>Dimensiones del ventilador 120 mm x 25 mm<\/li>\n<li>Velocidad del ventilador 1500 RPM +\/- 10%<\/li>\n<li>Peso 0,68<\/li>\n<li>N\u00famero de Ventiladores 1<\/li>\n<li>Soporte de toma de refrigeraci\u00f3n\n<ul>\n<li>Intel 115x\/1200<\/li>\n<li>Intel 1700<\/li>\n<li>Intel 2011\/2066<\/li>\n<li>AMD AM5\/AM4<\/li>\n<\/ul>\n<\/li>\n<li>Iluminaci\u00f3n RGB<\/li>\n<li>Tama\u00f1o del radiador 120 mm<\/li>\n<li>Modelo de ventilador Serie SP<\/li>\n<li>Flujo de aire del ventilador 16,91 &#8211; 47,73 pies c\u00fabicos por minuto<\/li>\n<li>Presi\u00f3n est\u00e1tica del ventilador 0,28 \u2013 1,46 mm-H2O<\/li>\n<li>Nivel de ruido 7 &#8211; 28 dBA<\/li>\n<\/ul>","protected":false},"excerpt":{"rendered":"<p>Garant\u00eda de refrigeraci\u00f3n 5 a\u00f1os Material de placa fr\u00eda Cobre Material del radiador Aluminio PWM S\u00ed Compatibilidad con CORSAIR iCUE S\u00ed Dimensiones del ventilador 120 mm x 25 mm Velocidad del ventilador 1500 RPM +\/- 10% Peso 0,68 N\u00famero de Ventiladores 1 Soporte de toma de refrigeraci\u00f3n Intel 115x\/1200 Intel 1700 Intel 2011\/2066 AMD AM5\/AM4 [&hellip;]<\/p>","protected":false},"featured_media":4980,"comment_status":"open","ping_status":"closed","template":"","meta":[],"product_cat":[88],"product_tag":[],"class_list":{"0":"post-4979","1":"product","2":"type-product","3":"status-publish","4":"has-post-thumbnail","6":"product_cat-enfriamiento-liquido","8":"first","9":"instock","10":"sale","11":"shipping-taxable","12":"purchasable","13":"product-type-simple"},"yoast_head":"<!-- This site is optimized with the Yoast SEO Premium plugin v26.3 (Yoast SEO v26.3) - https:\/\/yoast.com\/wordpress\/plugins\/seo\/ -->\n<title>Corsair H60x RGB Elite Kit de Refrigeraci\u00f3n L\u00edquida 120mm Negro - ASTCAR TECH<\/title>\n<meta name=\"description\" content=\"Corsair H60x RGB Elite Kit de Refrigeraci\u00f3n L\u00edquida 120mm Negro - PARA INTEL 115x\/1200 INTEL 1700 INTEL 2011\/2066 PARA AMD AM5\/AM4\" \/>\n<meta name=\"robots\" content=\"index, follow, max-snippet:-1, max-image-preview:large, max-video-preview:-1\" \/>\n<link rel=\"canonical\" href=\"https:\/\/astcartech.com\/en\/product\/corsair-h60x-rgb-elite-kit-de-refrigeracion-liquida-120mm-negro\/\" \/>\n<meta property=\"og:locale\" content=\"en_US\" \/>\n<meta property=\"og:type\" content=\"article\" \/>\n<meta property=\"og:title\" content=\"Corsair H60x RGB Elite Kit de Refrigeraci\u00f3n L\u00edquida 120mm Negro\" \/>\n<meta property=\"og:description\" content=\"Corsair H60x RGB Elite Kit de Refrigeraci\u00f3n L\u00edquida 120mm Negro - PARA INTEL 115x\/1200 INTEL 1700 INTEL 2011\/2066 PARA AMD AM5\/AM4\" \/>\n<meta property=\"og:url\" content=\"https:\/\/astcartech.com\/en\/product\/corsair-h60x-rgb-elite-kit-de-refrigeracion-liquida-120mm-negro\/\" \/>\n<meta property=\"og:site_name\" content=\"ASTCAR TECH\" \/>\n<meta property=\"article:publisher\" content=\"https:\/\/www.facebook.com\/AstCarTech\" \/>\n<meta property=\"article:modified_time\" content=\"2025-02-11T21:03:18+00:00\" \/>\n<meta property=\"og:image\" content=\"https:\/\/astcartech.com\/wp-content\/uploads\/2024\/11\/logo-Astcar-Tech-new_Mesa-de-trabajo-1.png\" \/>\n\t<meta property=\"og:image:width\" content=\"5162\" \/>\n\t<meta property=\"og:image:height\" content=\"2920\" \/>\n\t<meta property=\"og:image:type\" content=\"image\/png\" \/>\n<meta name=\"twitter:card\" content=\"summary_large_image\" \/>\n<meta name=\"twitter:label1\" content=\"Est. reading time\" \/>\n\t<meta name=\"twitter:data1\" content=\"1 minute\" \/>\n<script type=\"application\/ld+json\" class=\"yoast-schema-graph\">{\"@context\":\"https:\/\/schema.org\",\"@graph\":[{\"@type\":\"WebPage\",\"@id\":\"https:\/\/astcartech.com\/product\/corsair-h60x-rgb-elite-kit-de-refrigeracion-liquida-120mm-negro\/\",\"url\":\"https:\/\/astcartech.com\/product\/corsair-h60x-rgb-elite-kit-de-refrigeracion-liquida-120mm-negro\/\",\"name\":\"Corsair H60x RGB Elite Kit de Refrigeraci\u00f3n L\u00edquida 120mm Negro - ASTCAR TECH\",\"isPartOf\":{\"@id\":\"https:\/\/astcartech.com\/#website\"},\"primaryImageOfPage\":{\"@id\":\"https:\/\/astcartech.com\/product\/corsair-h60x-rgb-elite-kit-de-refrigeracion-liquida-120mm-negro\/#primaryimage\"},\"image\":{\"@id\":\"https:\/\/astcartech.com\/product\/corsair-h60x-rgb-elite-kit-de-refrigeracion-liquida-120mm-negro\/#primaryimage\"},\"thumbnailUrl\":\"https:\/\/astcartech.com\/wp-content\/uploads\/2025\/02\/16.avif\",\"datePublished\":\"2025-02-11T21:03:17+00:00\",\"dateModified\":\"2025-02-11T21:03:18+00:00\",\"description\":\"Corsair H60x RGB Elite Kit de Refrigeraci\u00f3n L\u00edquida 120mm Negro - PARA INTEL 115x\/1200 INTEL 1700 INTEL 2011\/2066 PARA AMD AM5\/AM4\",\"breadcrumb\":{\"@id\":\"https:\/\/astcartech.com\/product\/corsair-h60x-rgb-elite-kit-de-refrigeracion-liquida-120mm-negro\/#breadcrumb\"},\"inLanguage\":\"en-US\",\"potentialAction\":[{\"@type\":\"ReadAction\",\"target\":[\"https:\/\/astcartech.com\/product\/corsair-h60x-rgb-elite-kit-de-refrigeracion-liquida-120mm-negro\/\"]}]},{\"@type\":\"ImageObject\",\"inLanguage\":\"en-US\",\"@id\":\"https:\/\/astcartech.com\/product\/corsair-h60x-rgb-elite-kit-de-refrigeracion-liquida-120mm-negro\/#primaryimage\",\"url\":\"https:\/\/astcartech.com\/wp-content\/uploads\/2025\/02\/16.avif\",\"contentUrl\":\"https:\/\/astcartech.com\/wp-content\/uploads\/2025\/02\/16.avif\",\"width\":1100,\"height\":1100},{\"@type\":\"BreadcrumbList\",\"@id\":\"https:\/\/astcartech.com\/product\/corsair-h60x-rgb-elite-kit-de-refrigeracion-liquida-120mm-negro\/#breadcrumb\",\"itemListElement\":[{\"@type\":\"ListItem\",\"position\":1,\"name\":\"Portada\",\"item\":\"https:\/\/astcartech.com\/\"},{\"@type\":\"ListItem\",\"position\":2,\"name\":\"Tienda\",\"item\":\"https:\/\/astcartech.com\/tienda\/\"},{\"@type\":\"ListItem\",\"position\":3,\"name\":\"Corsair H60x RGB Elite Kit de Refrigeraci\u00f3n L\u00edquida 120mm Negro\"}]},{\"@type\":\"WebSite\",\"@id\":\"https:\/\/astcartech.com\/#website\",\"url\":\"https:\/\/astcartech.com\/\",\"name\":\"Astcar Tech\",\"description\":\"Suministros y Tecnologia\",\"publisher\":{\"@id\":\"https:\/\/astcartech.com\/#organization\"},\"alternateName\":\"astcar technology\",\"potentialAction\":[{\"@type\":\"SearchAction\",\"target\":{\"@type\":\"EntryPoint\",\"urlTemplate\":\"https:\/\/astcartech.com\/?s={search_term_string}\"},\"query-input\":{\"@type\":\"PropertyValueSpecification\",\"valueRequired\":true,\"valueName\":\"search_term_string\"}}],\"inLanguage\":\"en-US\"},{\"@type\":\"Organization\",\"@id\":\"https:\/\/astcartech.com\/#organization\",\"name\":\"Astcar Tech\",\"alternateName\":\"Astcar Tech\",\"url\":\"https:\/\/astcartech.com\/\",\"logo\":{\"@type\":\"ImageObject\",\"inLanguage\":\"en-US\",\"@id\":\"https:\/\/astcartech.com\/#\/schema\/logo\/image\/\",\"url\":\"https:\/\/astcartech.com\/wp-content\/uploads\/2024\/11\/logo-Astcar-Tech-new_Mesa-de-trabajo-1.png\",\"contentUrl\":\"https:\/\/astcartech.com\/wp-content\/uploads\/2024\/11\/logo-Astcar-Tech-new_Mesa-de-trabajo-1.png\",\"width\":5162,\"height\":2920,\"caption\":\"Astcar Tech\"},\"image\":{\"@id\":\"https:\/\/astcartech.com\/#\/schema\/logo\/image\/\"},\"sameAs\":[\"https:\/\/www.facebook.com\/AstCarTech\",\"https:\/\/www.instagram.com\/astcartech\",\"https:\/\/www.tiktok.com\/@astcartech\"],\"publishingPrinciples\":\"https:\/\/astcartech.com\/tienda\/\",\"ownershipFundingInfo\":\"https:\/\/astcartech.com\/nosotros\/\",\"actionableFeedbackPolicy\":\"https:\/\/astcartech.com\/politica-de-privacidad\/\",\"correctionsPolicy\":\"https:\/\/astcartech.com\/politica-de-privacidad\/\",\"ethicsPolicy\":\"https:\/\/astcartech.com\/politica-de-privacidad\/\",\"diversityPolicy\":\"https:\/\/astcartech.com\/politica-de-privacidad\/\",\"diversityStaffingReport\":\"https:\/\/astcartech.com\/politica-de-privacidad\/\"}]}<\/script>\n<!-- \/ Yoast SEO Premium plugin. -->","yoast_head_json":{"title":"Corsair H60x RGB Elite Kit de Refrigeraci\u00f3n L\u00edquida 120mm Negro - ASTCAR TECH","description":"Corsair H60x RGB Elite Kit de Refrigeraci\u00f3n L\u00edquida 120mm Negro - PARA INTEL 115x\/1200 INTEL 1700 INTEL 2011\/2066 PARA AMD AM5\/AM4","robots":{"index":"index","follow":"follow","max-snippet":"max-snippet:-1","max-image-preview":"max-image-preview:large","max-video-preview":"max-video-preview:-1"},"canonical":"https:\/\/astcartech.com\/en\/product\/corsair-h60x-rgb-elite-kit-de-refrigeracion-liquida-120mm-negro\/","og_locale":"en_US","og_type":"article","og_title":"Corsair H60x RGB Elite Kit de Refrigeraci\u00f3n L\u00edquida 120mm Negro","og_description":"Corsair H60x RGB Elite Kit de Refrigeraci\u00f3n L\u00edquida 120mm Negro - PARA INTEL 115x\/1200 INTEL 1700 INTEL 2011\/2066 PARA AMD AM5\/AM4","og_url":"https:\/\/astcartech.com\/en\/product\/corsair-h60x-rgb-elite-kit-de-refrigeracion-liquida-120mm-negro\/","og_site_name":"ASTCAR TECH","article_publisher":"https:\/\/www.facebook.com\/AstCarTech","article_modified_time":"2025-02-11T21:03:18+00:00","og_image":[{"width":5162,"height":2920,"url":"https:\/\/astcartech.com\/wp-content\/uploads\/2024\/11\/logo-Astcar-Tech-new_Mesa-de-trabajo-1.png","type":"image\/png"}],"twitter_card":"summary_large_image","twitter_misc":{"Est. reading time":"1 minute"},"schema":{"@context":"https:\/\/schema.org","@graph":[{"@type":"WebPage","@id":"https:\/\/astcartech.com\/product\/corsair-h60x-rgb-elite-kit-de-refrigeracion-liquida-120mm-negro\/","url":"https:\/\/astcartech.com\/product\/corsair-h60x-rgb-elite-kit-de-refrigeracion-liquida-120mm-negro\/","name":"Corsair H60x RGB Elite Kit de Refrigeraci\u00f3n L\u00edquida 120mm Negro - ASTCAR TECH","isPartOf":{"@id":"https:\/\/astcartech.com\/#website"},"primaryImageOfPage":{"@id":"https:\/\/astcartech.com\/product\/corsair-h60x-rgb-elite-kit-de-refrigeracion-liquida-120mm-negro\/#primaryimage"},"image":{"@id":"https:\/\/astcartech.com\/product\/corsair-h60x-rgb-elite-kit-de-refrigeracion-liquida-120mm-negro\/#primaryimage"},"thumbnailUrl":"https:\/\/astcartech.com\/wp-content\/uploads\/2025\/02\/16.avif","datePublished":"2025-02-11T21:03:17+00:00","dateModified":"2025-02-11T21:03:18+00:00","description":"Corsair H60x RGB Elite Kit de Refrigeraci\u00f3n L\u00edquida 120mm Negro - PARA INTEL 115x\/1200 INTEL 1700 INTEL 2011\/2066 PARA AMD AM5\/AM4","breadcrumb":{"@id":"https:\/\/astcartech.com\/product\/corsair-h60x-rgb-elite-kit-de-refrigeracion-liquida-120mm-negro\/#breadcrumb"},"inLanguage":"en-US","potentialAction":[{"@type":"ReadAction","target":["https:\/\/astcartech.com\/product\/corsair-h60x-rgb-elite-kit-de-refrigeracion-liquida-120mm-negro\/"]}]},{"@type":"ImageObject","inLanguage":"en-US","@id":"https:\/\/astcartech.com\/product\/corsair-h60x-rgb-elite-kit-de-refrigeracion-liquida-120mm-negro\/#primaryimage","url":"https:\/\/astcartech.com\/wp-content\/uploads\/2025\/02\/16.avif","contentUrl":"https:\/\/astcartech.com\/wp-content\/uploads\/2025\/02\/16.avif","width":1100,"height":1100},{"@type":"BreadcrumbList","@id":"https:\/\/astcartech.com\/product\/corsair-h60x-rgb-elite-kit-de-refrigeracion-liquida-120mm-negro\/#breadcrumb","itemListElement":[{"@type":"ListItem","position":1,"name":"Portada","item":"https:\/\/astcartech.com\/"},{"@type":"ListItem","position":2,"name":"Tienda","item":"https:\/\/astcartech.com\/tienda\/"},{"@type":"ListItem","position":3,"name":"Corsair H60x RGB Elite Kit de Refrigeraci\u00f3n L\u00edquida 120mm Negro"}]},{"@type":"WebSite","@id":"https:\/\/astcartech.com\/#website","url":"https:\/\/astcartech.com\/","name":"Astcar Tech","description":"Suministros y Tecnologia","publisher":{"@id":"https:\/\/astcartech.com\/#organization"},"alternateName":"astcar technology","potentialAction":[{"@type":"SearchAction","target":{"@type":"EntryPoint","urlTemplate":"https:\/\/astcartech.com\/?s={search_term_string}"},"query-input":{"@type":"PropertyValueSpecification","valueRequired":true,"valueName":"search_term_string"}}],"inLanguage":"en-US"},{"@type":"Organization","@id":"https:\/\/astcartech.com\/#organization","name":"Astcar Tech","alternateName":"Astcar Tech","url":"https:\/\/astcartech.com\/","logo":{"@type":"ImageObject","inLanguage":"en-US","@id":"https:\/\/astcartech.com\/#\/schema\/logo\/image\/","url":"https:\/\/astcartech.com\/wp-content\/uploads\/2024\/11\/logo-Astcar-Tech-new_Mesa-de-trabajo-1.png","contentUrl":"https:\/\/astcartech.com\/wp-content\/uploads\/2024\/11\/logo-Astcar-Tech-new_Mesa-de-trabajo-1.png","width":5162,"height":2920,"caption":"Astcar Tech"},"image":{"@id":"https:\/\/astcartech.com\/#\/schema\/logo\/image\/"},"sameAs":["https:\/\/www.facebook.com\/AstCarTech","https:\/\/www.instagram.com\/astcartech","https:\/\/www.tiktok.com\/@astcartech"],"publishingPrinciples":"https:\/\/astcartech.com\/tienda\/","ownershipFundingInfo":"https:\/\/astcartech.com\/nosotros\/","actionableFeedbackPolicy":"https:\/\/astcartech.com\/politica-de-privacidad\/","correctionsPolicy":"https:\/\/astcartech.com\/politica-de-privacidad\/","ethicsPolicy":"https:\/\/astcartech.com\/politica-de-privacidad\/","diversityPolicy":"https:\/\/astcartech.com\/politica-de-privacidad\/","diversityStaffingReport":"https:\/\/astcartech.com\/politica-de-privacidad\/"}]}},"_links":{"self":[{"href":"https:\/\/astcartech.com\/en\/wp-json\/wp\/v2\/product\/4979","targetHints":{"allow":["GET"]}}],"collection":[{"href":"https:\/\/astcartech.com\/en\/wp-json\/wp\/v2\/product"}],"about":[{"href":"https:\/\/astcartech.com\/en\/wp-json\/wp\/v2\/types\/product"}],"replies":[{"embeddable":true,"href":"https:\/\/astcartech.com\/en\/wp-json\/wp\/v2\/comments?post=4979"}],"wp:featuredmedia":[{"embeddable":true,"href":"https:\/\/astcartech.com\/en\/wp-json\/wp\/v2\/media\/4980"}],"wp:attachment":[{"href":"https:\/\/astcartech.com\/en\/wp-json\/wp\/v2\/media?parent=4979"}],"wp:term":[{"taxonomy":"product_cat","embeddable":true,"href":"https:\/\/astcartech.com\/en\/wp-json\/wp\/v2\/product_cat?post=4979"},{"taxonomy":"product_tag","embeddable":true,"href":"https:\/\/astcartech.com\/en\/wp-json\/wp\/v2\/product_tag?post=4979"}],"curies":[{"name":"wp","href":"https:\/\/api.w.org\/{rel}","templated":true}]}}