{"id":4986,"date":"2025-02-11T22:19:24","date_gmt":"2025-02-11T22:19:24","guid":{"rendered":"https:\/\/astcartech.com\/?post_type=product&#038;p=4986"},"modified":"2025-02-11T22:19:25","modified_gmt":"2025-02-11T22:19:25","slug":"router-tl-wr840n-300mbps-wireless-tp-link","status":"publish","type":"product","link":"https:\/\/astcartech.com\/en\/product\/router-tl-wr840n-300mbps-wireless-tp-link\/","title":{"rendered":"ROUTER TL-WR840N 300Mbps WIRELESS TP LINK"},"content":{"rendered":"<ul>\n<li>Velocidad de transmisi\u00f3n inal\u00e1mbrica de 300 Mbps, ideal tanto para tareas sensibles al ancho de banda como para trabajos b\u00e1sicos.<\/li>\n<li>Admite el modo Punto de acceso para crear un nuevo punto de acceso Wi-Fi.<\/li>\n<li>Admite el modo extensor de rango para aumentar la cobertura inal\u00e1mbrica existente en su habitaci\u00f3n.<\/li>\n<li>Los controles parentales administran cu\u00e1ndo y c\u00f3mo los dispositivos conectados pueden acceder a Internet.<\/li>\n<li>IPTV admite IGMP Proxy\/Snooping, Bridge y Tag VLAN para optimizar la transmisi\u00f3n de IPTV.<\/li>\n<li>Compatible con IPv6 (Protocolo de Internet versi\u00f3n 6).<\/li>\n<li>La red de invitados proporciona acceso separado para invitados al tiempo que protege la red dom\u00e9stica.<\/li>\n<\/ul>","protected":false},"excerpt":{"rendered":"<p>Velocidad de transmisi\u00f3n inal\u00e1mbrica de 300 Mbps, ideal tanto para tareas sensibles al ancho de banda como para trabajos b\u00e1sicos. Admite el modo Punto de acceso para crear un nuevo punto de acceso Wi-Fi. Admite el modo extensor de rango para aumentar la cobertura inal\u00e1mbrica existente en su habitaci\u00f3n. Los controles parentales administran cu\u00e1ndo y [&hellip;]<\/p>","protected":false},"featured_media":4987,"comment_status":"open","ping_status":"closed","template":"","meta":[],"product_cat":[90],"product_tag":[],"class_list":{"0":"post-4986","1":"product","2":"type-product","3":"status-publish","4":"has-post-thumbnail","6":"product_cat-redes-routers-antena-wifi","8":"first","9":"instock","10":"sale","11":"shipping-taxable","12":"purchasable","13":"product-type-simple"},"yoast_head":"<!-- This site is optimized with the Yoast SEO Premium plugin v26.3 (Yoast SEO v26.3) - https:\/\/yoast.com\/wordpress\/plugins\/seo\/ -->\n<title>ROUTER TL-WR840N 300Mbps WIRELESS TP LINK - ASTCAR TECH<\/title>\n<meta name=\"description\" content=\"ROUTER TL-WR840N 300Mbps Wireless TP LINK - Velocidad de transmisi\u00f3n inal\u00e1mbrica de 300 Mbps ideal tanto para tareas sensibles y para trabajos b\u00e1sicos.\u00a0\" \/>\n<meta name=\"robots\" content=\"index, follow, max-snippet:-1, max-image-preview:large, max-video-preview:-1\" \/>\n<link rel=\"canonical\" href=\"https:\/\/astcartech.com\/en\/product\/router-tl-wr840n-300mbps-wireless-tp-link\/\" \/>\n<meta property=\"og:locale\" content=\"en_US\" \/>\n<meta property=\"og:type\" content=\"article\" \/>\n<meta property=\"og:title\" content=\"ROUTER TL-WR840N 300Mbps WIRELESS TP LINK\" \/>\n<meta property=\"og:description\" content=\"ROUTER TL-WR840N 300Mbps Wireless TP LINK - Velocidad de transmisi\u00f3n inal\u00e1mbrica de 300 Mbps ideal tanto para tareas sensibles y para trabajos b\u00e1sicos.\u00a0\" \/>\n<meta property=\"og:url\" content=\"https:\/\/astcartech.com\/en\/product\/router-tl-wr840n-300mbps-wireless-tp-link\/\" \/>\n<meta property=\"og:site_name\" content=\"ASTCAR TECH\" \/>\n<meta property=\"article:publisher\" content=\"https:\/\/www.facebook.com\/AstCarTech\" \/>\n<meta property=\"article:modified_time\" content=\"2025-02-11T22:19:25+00:00\" \/>\n<meta property=\"og:image\" content=\"https:\/\/astcartech.com\/wp-content\/uploads\/2025\/02\/20.jpg\" \/>\n\t<meta property=\"og:image:width\" content=\"590\" \/>\n\t<meta property=\"og:image:height\" content=\"590\" \/>\n\t<meta property=\"og:image:type\" content=\"image\/jpeg\" \/>\n<meta name=\"twitter:card\" content=\"summary_large_image\" \/>\n<meta name=\"twitter:label1\" content=\"Est. reading time\" \/>\n\t<meta name=\"twitter:data1\" content=\"1 minute\" \/>\n<script type=\"application\/ld+json\" class=\"yoast-schema-graph\">{\"@context\":\"https:\/\/schema.org\",\"@graph\":[{\"@type\":\"WebPage\",\"@id\":\"https:\/\/astcartech.com\/product\/router-tl-wr840n-300mbps-wireless-tp-link\/\",\"url\":\"https:\/\/astcartech.com\/product\/router-tl-wr840n-300mbps-wireless-tp-link\/\",\"name\":\"ROUTER TL-WR840N 300Mbps WIRELESS TP LINK - ASTCAR TECH\",\"isPartOf\":{\"@id\":\"https:\/\/astcartech.com\/#website\"},\"primaryImageOfPage\":{\"@id\":\"https:\/\/astcartech.com\/product\/router-tl-wr840n-300mbps-wireless-tp-link\/#primaryimage\"},\"image\":{\"@id\":\"https:\/\/astcartech.com\/product\/router-tl-wr840n-300mbps-wireless-tp-link\/#primaryimage\"},\"thumbnailUrl\":\"https:\/\/astcartech.com\/wp-content\/uploads\/2025\/02\/20.jpg\",\"datePublished\":\"2025-02-11T22:19:24+00:00\",\"dateModified\":\"2025-02-11T22:19:25+00:00\",\"description\":\"ROUTER TL-WR840N 300Mbps Wireless TP LINK - Velocidad de transmisi\u00f3n inal\u00e1mbrica de 300 Mbps ideal tanto para tareas sensibles y para trabajos b\u00e1sicos.\u00a0\",\"breadcrumb\":{\"@id\":\"https:\/\/astcartech.com\/product\/router-tl-wr840n-300mbps-wireless-tp-link\/#breadcrumb\"},\"inLanguage\":\"en-US\",\"potentialAction\":[{\"@type\":\"ReadAction\",\"target\":[\"https:\/\/astcartech.com\/product\/router-tl-wr840n-300mbps-wireless-tp-link\/\"]}]},{\"@type\":\"ImageObject\",\"inLanguage\":\"en-US\",\"@id\":\"https:\/\/astcartech.com\/product\/router-tl-wr840n-300mbps-wireless-tp-link\/#primaryimage\",\"url\":\"https:\/\/astcartech.com\/wp-content\/uploads\/2025\/02\/20.jpg\",\"contentUrl\":\"https:\/\/astcartech.com\/wp-content\/uploads\/2025\/02\/20.jpg\",\"width\":590,\"height\":590},{\"@type\":\"BreadcrumbList\",\"@id\":\"https:\/\/astcartech.com\/product\/router-tl-wr840n-300mbps-wireless-tp-link\/#breadcrumb\",\"itemListElement\":[{\"@type\":\"ListItem\",\"position\":1,\"name\":\"Portada\",\"item\":\"https:\/\/astcartech.com\/\"},{\"@type\":\"ListItem\",\"position\":2,\"name\":\"Tienda\",\"item\":\"https:\/\/astcartech.com\/tienda\/\"},{\"@type\":\"ListItem\",\"position\":3,\"name\":\"ROUTER TL-WR840N 300Mbps WIRELESS TP LINK\"}]},{\"@type\":\"WebSite\",\"@id\":\"https:\/\/astcartech.com\/#website\",\"url\":\"https:\/\/astcartech.com\/\",\"name\":\"Astcar Tech\",\"description\":\"Suministros y Tecnologia\",\"publisher\":{\"@id\":\"https:\/\/astcartech.com\/#organization\"},\"alternateName\":\"astcar technology\",\"potentialAction\":[{\"@type\":\"SearchAction\",\"target\":{\"@type\":\"EntryPoint\",\"urlTemplate\":\"https:\/\/astcartech.com\/?s={search_term_string}\"},\"query-input\":{\"@type\":\"PropertyValueSpecification\",\"valueRequired\":true,\"valueName\":\"search_term_string\"}}],\"inLanguage\":\"en-US\"},{\"@type\":\"Organization\",\"@id\":\"https:\/\/astcartech.com\/#organization\",\"name\":\"Astcar Tech\",\"alternateName\":\"Astcar Tech\",\"url\":\"https:\/\/astcartech.com\/\",\"logo\":{\"@type\":\"ImageObject\",\"inLanguage\":\"en-US\",\"@id\":\"https:\/\/astcartech.com\/#\/schema\/logo\/image\/\",\"url\":\"https:\/\/astcartech.com\/wp-content\/uploads\/2024\/11\/logo-Astcar-Tech-new_Mesa-de-trabajo-1.png\",\"contentUrl\":\"https:\/\/astcartech.com\/wp-content\/uploads\/2024\/11\/logo-Astcar-Tech-new_Mesa-de-trabajo-1.png\",\"width\":5162,\"height\":2920,\"caption\":\"Astcar Tech\"},\"image\":{\"@id\":\"https:\/\/astcartech.com\/#\/schema\/logo\/image\/\"},\"sameAs\":[\"https:\/\/www.facebook.com\/AstCarTech\",\"https:\/\/www.instagram.com\/astcartech\",\"https:\/\/www.tiktok.com\/@astcartech\"],\"publishingPrinciples\":\"https:\/\/astcartech.com\/tienda\/\",\"ownershipFundingInfo\":\"https:\/\/astcartech.com\/nosotros\/\",\"actionableFeedbackPolicy\":\"https:\/\/astcartech.com\/politica-de-privacidad\/\",\"correctionsPolicy\":\"https:\/\/astcartech.com\/politica-de-privacidad\/\",\"ethicsPolicy\":\"https:\/\/astcartech.com\/politica-de-privacidad\/\",\"diversityPolicy\":\"https:\/\/astcartech.com\/politica-de-privacidad\/\",\"diversityStaffingReport\":\"https:\/\/astcartech.com\/politica-de-privacidad\/\"}]}<\/script>\n<!-- \/ Yoast SEO Premium plugin. -->","yoast_head_json":{"title":"ROUTER TL-WR840N 300Mbps WIRELESS TP LINK - ASTCAR TECH","description":"ROUTER TL-WR840N 300Mbps Wireless TP LINK - Velocidad de transmisi\u00f3n inal\u00e1mbrica de 300 Mbps ideal tanto para tareas sensibles y para trabajos b\u00e1sicos.\u00a0","robots":{"index":"index","follow":"follow","max-snippet":"max-snippet:-1","max-image-preview":"max-image-preview:large","max-video-preview":"max-video-preview:-1"},"canonical":"https:\/\/astcartech.com\/en\/product\/router-tl-wr840n-300mbps-wireless-tp-link\/","og_locale":"en_US","og_type":"article","og_title":"ROUTER TL-WR840N 300Mbps WIRELESS TP LINK","og_description":"ROUTER TL-WR840N 300Mbps Wireless TP LINK - Velocidad de transmisi\u00f3n inal\u00e1mbrica de 300 Mbps ideal tanto para tareas sensibles y para trabajos b\u00e1sicos.\u00a0","og_url":"https:\/\/astcartech.com\/en\/product\/router-tl-wr840n-300mbps-wireless-tp-link\/","og_site_name":"ASTCAR TECH","article_publisher":"https:\/\/www.facebook.com\/AstCarTech","article_modified_time":"2025-02-11T22:19:25+00:00","og_image":[{"width":590,"height":590,"url":"https:\/\/astcartech.com\/wp-content\/uploads\/2025\/02\/20.jpg","type":"image\/jpeg"}],"twitter_card":"summary_large_image","twitter_misc":{"Est. reading time":"1 minute"},"schema":{"@context":"https:\/\/schema.org","@graph":[{"@type":"WebPage","@id":"https:\/\/astcartech.com\/product\/router-tl-wr840n-300mbps-wireless-tp-link\/","url":"https:\/\/astcartech.com\/product\/router-tl-wr840n-300mbps-wireless-tp-link\/","name":"ROUTER TL-WR840N 300Mbps WIRELESS TP LINK - ASTCAR TECH","isPartOf":{"@id":"https:\/\/astcartech.com\/#website"},"primaryImageOfPage":{"@id":"https:\/\/astcartech.com\/product\/router-tl-wr840n-300mbps-wireless-tp-link\/#primaryimage"},"image":{"@id":"https:\/\/astcartech.com\/product\/router-tl-wr840n-300mbps-wireless-tp-link\/#primaryimage"},"thumbnailUrl":"https:\/\/astcartech.com\/wp-content\/uploads\/2025\/02\/20.jpg","datePublished":"2025-02-11T22:19:24+00:00","dateModified":"2025-02-11T22:19:25+00:00","description":"ROUTER TL-WR840N 300Mbps Wireless TP LINK - Velocidad de transmisi\u00f3n inal\u00e1mbrica de 300 Mbps ideal tanto para tareas sensibles y para trabajos b\u00e1sicos.\u00a0","breadcrumb":{"@id":"https:\/\/astcartech.com\/product\/router-tl-wr840n-300mbps-wireless-tp-link\/#breadcrumb"},"inLanguage":"en-US","potentialAction":[{"@type":"ReadAction","target":["https:\/\/astcartech.com\/product\/router-tl-wr840n-300mbps-wireless-tp-link\/"]}]},{"@type":"ImageObject","inLanguage":"en-US","@id":"https:\/\/astcartech.com\/product\/router-tl-wr840n-300mbps-wireless-tp-link\/#primaryimage","url":"https:\/\/astcartech.com\/wp-content\/uploads\/2025\/02\/20.jpg","contentUrl":"https:\/\/astcartech.com\/wp-content\/uploads\/2025\/02\/20.jpg","width":590,"height":590},{"@type":"BreadcrumbList","@id":"https:\/\/astcartech.com\/product\/router-tl-wr840n-300mbps-wireless-tp-link\/#breadcrumb","itemListElement":[{"@type":"ListItem","position":1,"name":"Portada","item":"https:\/\/astcartech.com\/"},{"@type":"ListItem","position":2,"name":"Tienda","item":"https:\/\/astcartech.com\/tienda\/"},{"@type":"ListItem","position":3,"name":"ROUTER TL-WR840N 300Mbps WIRELESS TP LINK"}]},{"@type":"WebSite","@id":"https:\/\/astcartech.com\/#website","url":"https:\/\/astcartech.com\/","name":"Astcar Tech","description":"Suministros y Tecnologia","publisher":{"@id":"https:\/\/astcartech.com\/#organization"},"alternateName":"astcar technology","potentialAction":[{"@type":"SearchAction","target":{"@type":"EntryPoint","urlTemplate":"https:\/\/astcartech.com\/?s={search_term_string}"},"query-input":{"@type":"PropertyValueSpecification","valueRequired":true,"valueName":"search_term_string"}}],"inLanguage":"en-US"},{"@type":"Organization","@id":"https:\/\/astcartech.com\/#organization","name":"Astcar Tech","alternateName":"Astcar Tech","url":"https:\/\/astcartech.com\/","logo":{"@type":"ImageObject","inLanguage":"en-US","@id":"https:\/\/astcartech.com\/#\/schema\/logo\/image\/","url":"https:\/\/astcartech.com\/wp-content\/uploads\/2024\/11\/logo-Astcar-Tech-new_Mesa-de-trabajo-1.png","contentUrl":"https:\/\/astcartech.com\/wp-content\/uploads\/2024\/11\/logo-Astcar-Tech-new_Mesa-de-trabajo-1.png","width":5162,"height":2920,"caption":"Astcar Tech"},"image":{"@id":"https:\/\/astcartech.com\/#\/schema\/logo\/image\/"},"sameAs":["https:\/\/www.facebook.com\/AstCarTech","https:\/\/www.instagram.com\/astcartech","https:\/\/www.tiktok.com\/@astcartech"],"publishingPrinciples":"https:\/\/astcartech.com\/tienda\/","ownershipFundingInfo":"https:\/\/astcartech.com\/nosotros\/","actionableFeedbackPolicy":"https:\/\/astcartech.com\/politica-de-privacidad\/","correctionsPolicy":"https:\/\/astcartech.com\/politica-de-privacidad\/","ethicsPolicy":"https:\/\/astcartech.com\/politica-de-privacidad\/","diversityPolicy":"https:\/\/astcartech.com\/politica-de-privacidad\/","diversityStaffingReport":"https:\/\/astcartech.com\/politica-de-privacidad\/"}]}},"_links":{"self":[{"href":"https:\/\/astcartech.com\/en\/wp-json\/wp\/v2\/product\/4986","targetHints":{"allow":["GET"]}}],"collection":[{"href":"https:\/\/astcartech.com\/en\/wp-json\/wp\/v2\/product"}],"about":[{"href":"https:\/\/astcartech.com\/en\/wp-json\/wp\/v2\/types\/product"}],"replies":[{"embeddable":true,"href":"https:\/\/astcartech.com\/en\/wp-json\/wp\/v2\/comments?post=4986"}],"wp:featuredmedia":[{"embeddable":true,"href":"https:\/\/astcartech.com\/en\/wp-json\/wp\/v2\/media\/4987"}],"wp:attachment":[{"href":"https:\/\/astcartech.com\/en\/wp-json\/wp\/v2\/media?parent=4986"}],"wp:term":[{"taxonomy":"product_cat","embeddable":true,"href":"https:\/\/astcartech.com\/en\/wp-json\/wp\/v2\/product_cat?post=4986"},{"taxonomy":"product_tag","embeddable":true,"href":"https:\/\/astcartech.com\/en\/wp-json\/wp\/v2\/product_tag?post=4986"}],"curies":[{"name":"wp","href":"https:\/\/api.w.org\/{rel}","templated":true}]}}