{"id":4991,"date":"2025-02-11T22:28:20","date_gmt":"2025-02-11T22:28:20","guid":{"rendered":"https:\/\/astcartech.com\/?post_type=product&#038;p=4991"},"modified":"2025-02-11T22:28:21","modified_gmt":"2025-02-11T22:28:21","slug":"tp-link-ac750-wireless-dual-band-router","status":"publish","type":"product","link":"https:\/\/astcartech.com\/en\/product\/tp-link-ac750-wireless-dual-band-router\/","title":{"rendered":"TP LINK AC750 Wireless Dual Band Router"},"content":{"rendered":"<div class=\"a\">\n<div class=\"w970\">\n<div class=\"text\">\n<h3>Enrutador inal\u00e1mbrico de banda dual<\/h3>\n<\/div>\n<\/div>\n<\/div>\n<div class=\"b\">\n<div class=\"w970\">\n<div class=\"text\">\n<p>El Archer C20 de TP-Link incorpora el est\u00e1ndar Wi-Fi de \u00faltima generaci\u00f3n, 802.11ac, compatible con versiones anteriores de 802.11n y con velocidades tres veces m\u00e1s r\u00e1pidas que la tecnolog\u00eda inal\u00e1mbrica N. Con una mayor eficiencia energ\u00e9tica y una seguridad s\u00f3lida, 802.11ac es la forma perfecta de acelerar una red multimedia dom\u00e9stica y resolver la congesti\u00f3n que pueden causar varios dispositivos.<\/p>\n<\/div>\n<ul class=\"list l1\">\n<li>802.11ac<\/li>\n<li>5 GHz<\/li>\n<li>433 Mbps<\/li>\n<li>802.11n<\/li>\n<li>2,4 GHz<\/li>\n<li>300 Mbps<\/li>\n<\/ul>\n<\/div>\n<\/div>\n<div class=\"c\">\n<div class=\"w970\">\n<div class=\"text\">\n<h2>Conexiones de banda dual de 733 Mbps<br \/>\npara trabajar sin demoras<\/h2>\n<p>Con velocidades inal\u00e1mbricas de 433 Mbps en la n\u00edtida banda de 5 GHz y 300 Mbps en la banda de 2,4 GHz, Archer C20 le ofrece la flexibilidad de dos redes dedicadas y garantiza un rendimiento inal\u00e1mbrico asombroso. Las tareas sencillas, como enviar correos electr\u00f3nicos o navegar por Internet, se pueden gestionar en la banda de 2,4 GHz, mientras que las tareas que requieren un uso intensivo del ancho de banda, como los juegos en l\u00ednea o la transmisi\u00f3n de v\u00eddeo en alta definici\u00f3n, se pueden procesar en la banda de 5 GHz, todo al mismo tiempo.<\/p>\n<ul>\n<li><em>5\u00a0<\/em>GHz<\/li>\n<li><em>2,4\u00a0<\/em>GHz<\/li>\n<\/ul>\n<\/div>\n<\/div>\n<\/div>\n<div class=\"d\">\n<div class=\"w970\">\n<div class=\"text\">\n<h2>Se\u00f1al omnidireccional estable y cobertura superior<\/h2>\n<p>Con 3 antenas externas fijas combinadas con tecnolog\u00eda de antena de mayor calidad, puede experimentar un excelente rendimiento inal\u00e1mbrico con se\u00f1al estable en todas las direcciones y alta velocidad en distancias mayores. Esto le brinda una cobertura inal\u00e1mbrica incre\u00edble y confiabilidad desde cualquier lugar de su hogar u oficina grande.<\/p>\n<\/div>\n<\/div>\n<\/div>","protected":false},"excerpt":{"rendered":"<p>Enrutador inal\u00e1mbrico de banda dual El Archer C20 de TP-Link incorpora el est\u00e1ndar Wi-Fi de \u00faltima generaci\u00f3n, 802.11ac, compatible con versiones anteriores de 802.11n y con velocidades tres veces m\u00e1s r\u00e1pidas que la tecnolog\u00eda inal\u00e1mbrica N. Con una mayor eficiencia energ\u00e9tica y una seguridad s\u00f3lida, 802.11ac es la forma perfecta de acelerar una red multimedia [&hellip;]<\/p>","protected":false},"featured_media":4992,"comment_status":"open","ping_status":"closed","template":"","meta":[],"product_cat":[90],"product_tag":[],"class_list":{"0":"post-4991","1":"product","2":"type-product","3":"status-publish","4":"has-post-thumbnail","6":"product_cat-redes-routers-antena-wifi","8":"first","9":"instock","10":"sale","11":"shipping-taxable","12":"purchasable","13":"product-type-simple"},"yoast_head":"<!-- This site is optimized with the Yoast SEO Premium plugin v26.3 (Yoast SEO v26.3) - https:\/\/yoast.com\/wordpress\/plugins\/seo\/ -->\n<title>TP LINK AC750 Wireless Dual Band Router - ASTCAR TECH<\/title>\n<meta name=\"description\" content=\"TP LINK AC750 Wireless Dual Band Router, El Archer C20 de TP-Link incorpora el est\u00e1ndar Wi-Fi de \u00faltima generaci\u00f3n, 802.11ac\" \/>\n<meta name=\"robots\" content=\"index, follow, max-snippet:-1, max-image-preview:large, max-video-preview:-1\" \/>\n<link rel=\"canonical\" href=\"https:\/\/astcartech.com\/en\/product\/tp-link-ac750-wireless-dual-band-router\/\" \/>\n<meta property=\"og:locale\" content=\"en_US\" \/>\n<meta property=\"og:type\" content=\"article\" \/>\n<meta property=\"og:title\" content=\"TP LINK AC750 Wireless Dual Band Router\" \/>\n<meta property=\"og:description\" content=\"TP LINK AC750 Wireless Dual Band Router, El Archer C20 de TP-Link incorpora el est\u00e1ndar Wi-Fi de \u00faltima generaci\u00f3n, 802.11ac\" \/>\n<meta property=\"og:url\" content=\"https:\/\/astcartech.com\/en\/product\/tp-link-ac750-wireless-dual-band-router\/\" \/>\n<meta property=\"og:site_name\" content=\"ASTCAR TECH\" \/>\n<meta property=\"article:publisher\" content=\"https:\/\/www.facebook.com\/AstCarTech\" \/>\n<meta property=\"article:modified_time\" content=\"2025-02-11T22:28:21+00:00\" \/>\n<meta property=\"og:image\" content=\"https:\/\/astcartech.com\/wp-content\/uploads\/2025\/02\/25.jpg\" \/>\n\t<meta property=\"og:image:width\" content=\"590\" \/>\n\t<meta property=\"og:image:height\" content=\"393\" \/>\n\t<meta property=\"og:image:type\" content=\"image\/jpeg\" \/>\n<meta name=\"twitter:card\" content=\"summary_large_image\" \/>\n<meta name=\"twitter:label1\" content=\"Est. reading time\" \/>\n\t<meta name=\"twitter:data1\" content=\"2 minutes\" \/>\n<script type=\"application\/ld+json\" class=\"yoast-schema-graph\">{\"@context\":\"https:\/\/schema.org\",\"@graph\":[{\"@type\":\"WebPage\",\"@id\":\"https:\/\/astcartech.com\/product\/tp-link-ac750-wireless-dual-band-router\/\",\"url\":\"https:\/\/astcartech.com\/product\/tp-link-ac750-wireless-dual-band-router\/\",\"name\":\"TP LINK AC750 Wireless Dual Band Router - ASTCAR TECH\",\"isPartOf\":{\"@id\":\"https:\/\/astcartech.com\/#website\"},\"primaryImageOfPage\":{\"@id\":\"https:\/\/astcartech.com\/product\/tp-link-ac750-wireless-dual-band-router\/#primaryimage\"},\"image\":{\"@id\":\"https:\/\/astcartech.com\/product\/tp-link-ac750-wireless-dual-band-router\/#primaryimage\"},\"thumbnailUrl\":\"https:\/\/astcartech.com\/wp-content\/uploads\/2025\/02\/25.jpg\",\"datePublished\":\"2025-02-11T22:28:20+00:00\",\"dateModified\":\"2025-02-11T22:28:21+00:00\",\"description\":\"TP LINK AC750 Wireless Dual Band Router, El Archer C20 de TP-Link incorpora el est\u00e1ndar Wi-Fi de \u00faltima generaci\u00f3n, 802.11ac\",\"breadcrumb\":{\"@id\":\"https:\/\/astcartech.com\/product\/tp-link-ac750-wireless-dual-band-router\/#breadcrumb\"},\"inLanguage\":\"en-US\",\"potentialAction\":[{\"@type\":\"ReadAction\",\"target\":[\"https:\/\/astcartech.com\/product\/tp-link-ac750-wireless-dual-band-router\/\"]}]},{\"@type\":\"ImageObject\",\"inLanguage\":\"en-US\",\"@id\":\"https:\/\/astcartech.com\/product\/tp-link-ac750-wireless-dual-band-router\/#primaryimage\",\"url\":\"https:\/\/astcartech.com\/wp-content\/uploads\/2025\/02\/25.jpg\",\"contentUrl\":\"https:\/\/astcartech.com\/wp-content\/uploads\/2025\/02\/25.jpg\",\"width\":590,\"height\":393},{\"@type\":\"BreadcrumbList\",\"@id\":\"https:\/\/astcartech.com\/product\/tp-link-ac750-wireless-dual-band-router\/#breadcrumb\",\"itemListElement\":[{\"@type\":\"ListItem\",\"position\":1,\"name\":\"Portada\",\"item\":\"https:\/\/astcartech.com\/\"},{\"@type\":\"ListItem\",\"position\":2,\"name\":\"Tienda\",\"item\":\"https:\/\/astcartech.com\/tienda\/\"},{\"@type\":\"ListItem\",\"position\":3,\"name\":\"TP LINK AC750 Wireless Dual Band Router\"}]},{\"@type\":\"WebSite\",\"@id\":\"https:\/\/astcartech.com\/#website\",\"url\":\"https:\/\/astcartech.com\/\",\"name\":\"Astcar Tech\",\"description\":\"Suministros y Tecnologia\",\"publisher\":{\"@id\":\"https:\/\/astcartech.com\/#organization\"},\"alternateName\":\"astcar technology\",\"potentialAction\":[{\"@type\":\"SearchAction\",\"target\":{\"@type\":\"EntryPoint\",\"urlTemplate\":\"https:\/\/astcartech.com\/?s={search_term_string}\"},\"query-input\":{\"@type\":\"PropertyValueSpecification\",\"valueRequired\":true,\"valueName\":\"search_term_string\"}}],\"inLanguage\":\"en-US\"},{\"@type\":\"Organization\",\"@id\":\"https:\/\/astcartech.com\/#organization\",\"name\":\"Astcar Tech\",\"alternateName\":\"Astcar Tech\",\"url\":\"https:\/\/astcartech.com\/\",\"logo\":{\"@type\":\"ImageObject\",\"inLanguage\":\"en-US\",\"@id\":\"https:\/\/astcartech.com\/#\/schema\/logo\/image\/\",\"url\":\"https:\/\/astcartech.com\/wp-content\/uploads\/2024\/11\/logo-Astcar-Tech-new_Mesa-de-trabajo-1.png\",\"contentUrl\":\"https:\/\/astcartech.com\/wp-content\/uploads\/2024\/11\/logo-Astcar-Tech-new_Mesa-de-trabajo-1.png\",\"width\":5162,\"height\":2920,\"caption\":\"Astcar Tech\"},\"image\":{\"@id\":\"https:\/\/astcartech.com\/#\/schema\/logo\/image\/\"},\"sameAs\":[\"https:\/\/www.facebook.com\/AstCarTech\",\"https:\/\/www.instagram.com\/astcartech\",\"https:\/\/www.tiktok.com\/@astcartech\"],\"publishingPrinciples\":\"https:\/\/astcartech.com\/tienda\/\",\"ownershipFundingInfo\":\"https:\/\/astcartech.com\/nosotros\/\",\"actionableFeedbackPolicy\":\"https:\/\/astcartech.com\/politica-de-privacidad\/\",\"correctionsPolicy\":\"https:\/\/astcartech.com\/politica-de-privacidad\/\",\"ethicsPolicy\":\"https:\/\/astcartech.com\/politica-de-privacidad\/\",\"diversityPolicy\":\"https:\/\/astcartech.com\/politica-de-privacidad\/\",\"diversityStaffingReport\":\"https:\/\/astcartech.com\/politica-de-privacidad\/\"}]}<\/script>\n<!-- \/ Yoast SEO Premium plugin. -->","yoast_head_json":{"title":"TP LINK AC750 Wireless Dual Band Router - ASTCAR TECH","description":"TP LINK AC750 Wireless Dual Band Router, El Archer C20 de TP-Link incorpora el est\u00e1ndar Wi-Fi de \u00faltima generaci\u00f3n, 802.11ac","robots":{"index":"index","follow":"follow","max-snippet":"max-snippet:-1","max-image-preview":"max-image-preview:large","max-video-preview":"max-video-preview:-1"},"canonical":"https:\/\/astcartech.com\/en\/product\/tp-link-ac750-wireless-dual-band-router\/","og_locale":"en_US","og_type":"article","og_title":"TP LINK AC750 Wireless Dual Band Router","og_description":"TP LINK AC750 Wireless Dual Band Router, El Archer C20 de TP-Link incorpora el est\u00e1ndar Wi-Fi de \u00faltima generaci\u00f3n, 802.11ac","og_url":"https:\/\/astcartech.com\/en\/product\/tp-link-ac750-wireless-dual-band-router\/","og_site_name":"ASTCAR TECH","article_publisher":"https:\/\/www.facebook.com\/AstCarTech","article_modified_time":"2025-02-11T22:28:21+00:00","og_image":[{"width":590,"height":393,"url":"https:\/\/astcartech.com\/wp-content\/uploads\/2025\/02\/25.jpg","type":"image\/jpeg"}],"twitter_card":"summary_large_image","twitter_misc":{"Est. reading time":"2 minutes"},"schema":{"@context":"https:\/\/schema.org","@graph":[{"@type":"WebPage","@id":"https:\/\/astcartech.com\/product\/tp-link-ac750-wireless-dual-band-router\/","url":"https:\/\/astcartech.com\/product\/tp-link-ac750-wireless-dual-band-router\/","name":"TP LINK AC750 Wireless Dual Band Router - ASTCAR TECH","isPartOf":{"@id":"https:\/\/astcartech.com\/#website"},"primaryImageOfPage":{"@id":"https:\/\/astcartech.com\/product\/tp-link-ac750-wireless-dual-band-router\/#primaryimage"},"image":{"@id":"https:\/\/astcartech.com\/product\/tp-link-ac750-wireless-dual-band-router\/#primaryimage"},"thumbnailUrl":"https:\/\/astcartech.com\/wp-content\/uploads\/2025\/02\/25.jpg","datePublished":"2025-02-11T22:28:20+00:00","dateModified":"2025-02-11T22:28:21+00:00","description":"TP LINK AC750 Wireless Dual Band Router, El Archer C20 de TP-Link incorpora el est\u00e1ndar Wi-Fi de \u00faltima generaci\u00f3n, 802.11ac","breadcrumb":{"@id":"https:\/\/astcartech.com\/product\/tp-link-ac750-wireless-dual-band-router\/#breadcrumb"},"inLanguage":"en-US","potentialAction":[{"@type":"ReadAction","target":["https:\/\/astcartech.com\/product\/tp-link-ac750-wireless-dual-band-router\/"]}]},{"@type":"ImageObject","inLanguage":"en-US","@id":"https:\/\/astcartech.com\/product\/tp-link-ac750-wireless-dual-band-router\/#primaryimage","url":"https:\/\/astcartech.com\/wp-content\/uploads\/2025\/02\/25.jpg","contentUrl":"https:\/\/astcartech.com\/wp-content\/uploads\/2025\/02\/25.jpg","width":590,"height":393},{"@type":"BreadcrumbList","@id":"https:\/\/astcartech.com\/product\/tp-link-ac750-wireless-dual-band-router\/#breadcrumb","itemListElement":[{"@type":"ListItem","position":1,"name":"Portada","item":"https:\/\/astcartech.com\/"},{"@type":"ListItem","position":2,"name":"Tienda","item":"https:\/\/astcartech.com\/tienda\/"},{"@type":"ListItem","position":3,"name":"TP LINK AC750 Wireless Dual Band Router"}]},{"@type":"WebSite","@id":"https:\/\/astcartech.com\/#website","url":"https:\/\/astcartech.com\/","name":"Astcar Tech","description":"Suministros y Tecnologia","publisher":{"@id":"https:\/\/astcartech.com\/#organization"},"alternateName":"astcar technology","potentialAction":[{"@type":"SearchAction","target":{"@type":"EntryPoint","urlTemplate":"https:\/\/astcartech.com\/?s={search_term_string}"},"query-input":{"@type":"PropertyValueSpecification","valueRequired":true,"valueName":"search_term_string"}}],"inLanguage":"en-US"},{"@type":"Organization","@id":"https:\/\/astcartech.com\/#organization","name":"Astcar Tech","alternateName":"Astcar Tech","url":"https:\/\/astcartech.com\/","logo":{"@type":"ImageObject","inLanguage":"en-US","@id":"https:\/\/astcartech.com\/#\/schema\/logo\/image\/","url":"https:\/\/astcartech.com\/wp-content\/uploads\/2024\/11\/logo-Astcar-Tech-new_Mesa-de-trabajo-1.png","contentUrl":"https:\/\/astcartech.com\/wp-content\/uploads\/2024\/11\/logo-Astcar-Tech-new_Mesa-de-trabajo-1.png","width":5162,"height":2920,"caption":"Astcar Tech"},"image":{"@id":"https:\/\/astcartech.com\/#\/schema\/logo\/image\/"},"sameAs":["https:\/\/www.facebook.com\/AstCarTech","https:\/\/www.instagram.com\/astcartech","https:\/\/www.tiktok.com\/@astcartech"],"publishingPrinciples":"https:\/\/astcartech.com\/tienda\/","ownershipFundingInfo":"https:\/\/astcartech.com\/nosotros\/","actionableFeedbackPolicy":"https:\/\/astcartech.com\/politica-de-privacidad\/","correctionsPolicy":"https:\/\/astcartech.com\/politica-de-privacidad\/","ethicsPolicy":"https:\/\/astcartech.com\/politica-de-privacidad\/","diversityPolicy":"https:\/\/astcartech.com\/politica-de-privacidad\/","diversityStaffingReport":"https:\/\/astcartech.com\/politica-de-privacidad\/"}]}},"_links":{"self":[{"href":"https:\/\/astcartech.com\/en\/wp-json\/wp\/v2\/product\/4991","targetHints":{"allow":["GET"]}}],"collection":[{"href":"https:\/\/astcartech.com\/en\/wp-json\/wp\/v2\/product"}],"about":[{"href":"https:\/\/astcartech.com\/en\/wp-json\/wp\/v2\/types\/product"}],"replies":[{"embeddable":true,"href":"https:\/\/astcartech.com\/en\/wp-json\/wp\/v2\/comments?post=4991"}],"wp:featuredmedia":[{"embeddable":true,"href":"https:\/\/astcartech.com\/en\/wp-json\/wp\/v2\/media\/4992"}],"wp:attachment":[{"href":"https:\/\/astcartech.com\/en\/wp-json\/wp\/v2\/media?parent=4991"}],"wp:term":[{"taxonomy":"product_cat","embeddable":true,"href":"https:\/\/astcartech.com\/en\/wp-json\/wp\/v2\/product_cat?post=4991"},{"taxonomy":"product_tag","embeddable":true,"href":"https:\/\/astcartech.com\/en\/wp-json\/wp\/v2\/product_tag?post=4991"}],"curies":[{"name":"wp","href":"https:\/\/api.w.org\/{rel}","templated":true}]}}