{"id":5010,"date":"2025-02-11T23:58:40","date_gmt":"2025-02-11T23:58:40","guid":{"rendered":"https:\/\/astcartech.com\/?post_type=product&#038;p=5010"},"modified":"2025-02-11T23:58:41","modified_gmt":"2025-02-11T23:58:41","slug":"router-ax3000-archer-ax-53-dual-band-gigabit-wi-fi-6","status":"publish","type":"product","link":"https:\/\/astcartech.com\/en\/product\/router-ax3000-archer-ax-53-dual-band-gigabit-wi-fi-6\/","title":{"rendered":"ROUTER AX3000 ARCHER AX 53 Dual Band Gigabit Wi-Fi 6"},"content":{"rendered":"<ul>\n<li>\u00a0Velocidad Wi-Fi 6 Gigabit de pr\u00f3xima generaci\u00f3n: 2402 Mbps en la banda de 5 GHz y 574 Mbps en la banda de 2,4 GHz\u00a0 \u00a0 \u00a0 \u00a0 \u00a0 \u00a0 \u00a0garantizan una transmisi\u00f3n m\u00e1s fluida y descargas m\u00e1s r\u00e1pidas.<\/li>\n<li>\u00a0Conecte m\u00e1s dispositivos: la tecnolog\u00eda OFDMA aumenta la capacidad 4 veces para permitir la transmisi\u00f3n simult\u00e1nea a m\u00e1s dispositivos.<\/li>\n<li>\u00a0Latencia ultrabaja: permite juegos y chats de video con mayor capacidad de respuesta.<\/li>\n<li>\u00a0Cobertura Wi-Fi ampliada: cuatro antenas externas de alta ganancia y tecnolog\u00eda Beamforming se combinan para extender una conexi\u00f3n Wi-Fi potente y confiable a toda su casa.<\/li>\n<li>\u00a0TP-Link HomeShield: <sup>\u00a0<\/sup>seguridad mejorada que defiende contra las \u00faltimas amenazas cibern\u00e9ticas.<\/li>\n<li>\u00a0Mayor duraci\u00f3n de la bater\u00eda: Target Wake Time ayuda a que sus dispositivos se comuniquen m\u00e1s y consuman menos energ\u00eda.<\/li>\n<li>\u00a0Compatible con Alexa: controla tu enrutador mediante comandos de voz y haz tu vida m\u00e1s inteligente y sencilla con Amazon Alexa.<\/li>\n<li>\u00a0Compatible con EasyMesh: crea de forma flexible una red en malla al conectarse a un enrutador compatible con EasyMesh para\u00a0 \u00a0lograr una cobertura perfecta en toda la casa.<\/li>\n<\/ul>","protected":false},"excerpt":{"rendered":"<p>\u00a0Velocidad Wi-Fi 6 Gigabit de pr\u00f3xima generaci\u00f3n: 2402 Mbps en la banda de 5 GHz y 574 Mbps en la banda de 2,4 GHz\u00a0 \u00a0 \u00a0 \u00a0 \u00a0 \u00a0 \u00a0garantizan una transmisi\u00f3n m\u00e1s fluida y descargas m\u00e1s r\u00e1pidas. \u00a0Conecte m\u00e1s dispositivos: la tecnolog\u00eda OFDMA aumenta la capacidad 4 veces para permitir la transmisi\u00f3n simult\u00e1nea a [&hellip;]<\/p>","protected":false},"featured_media":5013,"comment_status":"open","ping_status":"closed","template":"","meta":[],"product_cat":[90],"product_tag":[],"class_list":{"0":"post-5010","1":"product","2":"type-product","3":"status-publish","4":"has-post-thumbnail","6":"product_cat-redes-routers-antena-wifi","8":"first","9":"instock","10":"sale","11":"shipping-taxable","12":"purchasable","13":"product-type-simple"},"yoast_head":"<!-- This site is optimized with the Yoast SEO Premium plugin v26.3 (Yoast SEO v26.3) - https:\/\/yoast.com\/wordpress\/plugins\/seo\/ -->\n<title>ROUTER AX3000 ARCHER AX 53 Dual Band Gigabit Wi-Fi 6 - ASTCAR TECH<\/title>\n<meta name=\"description\" content=\"ROUTER AX3000 ARCHER AX 53 Dual Band Gigabit Wi-Fi 6, 2402 Mbps banda de 5 GHz y 574 Mbps en la banda de 2,4 GHz, transmisi\u00f3n m\u00e1s fluida y descargas r\u00e1pidas\" \/>\n<meta name=\"robots\" content=\"index, follow, max-snippet:-1, max-image-preview:large, max-video-preview:-1\" \/>\n<link rel=\"canonical\" href=\"https:\/\/astcartech.com\/en\/product\/router-ax3000-archer-ax-53-dual-band-gigabit-wi-fi-6\/\" \/>\n<meta property=\"og:locale\" content=\"en_US\" \/>\n<meta property=\"og:type\" content=\"article\" \/>\n<meta property=\"og:title\" content=\"ROUTER AX3000 ARCHER AX 53 Dual Band Gigabit Wi-Fi 6\" \/>\n<meta property=\"og:description\" content=\"ROUTER AX3000 ARCHER AX 53 Dual Band Gigabit Wi-Fi 6, 2402 Mbps banda de 5 GHz y 574 Mbps en la banda de 2,4 GHz, transmisi\u00f3n m\u00e1s fluida y descargas r\u00e1pidas\" \/>\n<meta property=\"og:url\" content=\"https:\/\/astcartech.com\/en\/product\/router-ax3000-archer-ax-53-dual-band-gigabit-wi-fi-6\/\" \/>\n<meta property=\"og:site_name\" content=\"ASTCAR TECH\" \/>\n<meta property=\"article:publisher\" content=\"https:\/\/www.facebook.com\/AstCarTech\" \/>\n<meta property=\"article:modified_time\" content=\"2025-02-11T23:58:41+00:00\" \/>\n<meta property=\"og:image\" content=\"https:\/\/astcartech.com\/wp-content\/uploads\/2025\/02\/37.jpg\" \/>\n\t<meta property=\"og:image:width\" content=\"590\" \/>\n\t<meta property=\"og:image:height\" content=\"590\" \/>\n\t<meta property=\"og:image:type\" content=\"image\/jpeg\" \/>\n<meta name=\"twitter:card\" content=\"summary_large_image\" \/>\n<meta name=\"twitter:label1\" content=\"Est. reading time\" \/>\n\t<meta name=\"twitter:data1\" content=\"1 minute\" \/>\n<script type=\"application\/ld+json\" class=\"yoast-schema-graph\">{\"@context\":\"https:\/\/schema.org\",\"@graph\":[{\"@type\":\"WebPage\",\"@id\":\"https:\/\/astcartech.com\/product\/router-ax3000-archer-ax-53-dual-band-gigabit-wi-fi-6\/\",\"url\":\"https:\/\/astcartech.com\/product\/router-ax3000-archer-ax-53-dual-band-gigabit-wi-fi-6\/\",\"name\":\"ROUTER AX3000 ARCHER AX 53 Dual Band Gigabit Wi-Fi 6 - ASTCAR TECH\",\"isPartOf\":{\"@id\":\"https:\/\/astcartech.com\/#website\"},\"primaryImageOfPage\":{\"@id\":\"https:\/\/astcartech.com\/product\/router-ax3000-archer-ax-53-dual-band-gigabit-wi-fi-6\/#primaryimage\"},\"image\":{\"@id\":\"https:\/\/astcartech.com\/product\/router-ax3000-archer-ax-53-dual-band-gigabit-wi-fi-6\/#primaryimage\"},\"thumbnailUrl\":\"https:\/\/astcartech.com\/wp-content\/uploads\/2025\/02\/37.jpg\",\"datePublished\":\"2025-02-11T23:58:40+00:00\",\"dateModified\":\"2025-02-11T23:58:41+00:00\",\"description\":\"ROUTER AX3000 ARCHER AX 53 Dual Band Gigabit Wi-Fi 6, 2402 Mbps banda de 5 GHz y 574 Mbps en la banda de 2,4 GHz, transmisi\u00f3n m\u00e1s fluida y descargas r\u00e1pidas\",\"breadcrumb\":{\"@id\":\"https:\/\/astcartech.com\/product\/router-ax3000-archer-ax-53-dual-band-gigabit-wi-fi-6\/#breadcrumb\"},\"inLanguage\":\"en-US\",\"potentialAction\":[{\"@type\":\"ReadAction\",\"target\":[\"https:\/\/astcartech.com\/product\/router-ax3000-archer-ax-53-dual-band-gigabit-wi-fi-6\/\"]}]},{\"@type\":\"ImageObject\",\"inLanguage\":\"en-US\",\"@id\":\"https:\/\/astcartech.com\/product\/router-ax3000-archer-ax-53-dual-band-gigabit-wi-fi-6\/#primaryimage\",\"url\":\"https:\/\/astcartech.com\/wp-content\/uploads\/2025\/02\/37.jpg\",\"contentUrl\":\"https:\/\/astcartech.com\/wp-content\/uploads\/2025\/02\/37.jpg\",\"width\":590,\"height\":590},{\"@type\":\"BreadcrumbList\",\"@id\":\"https:\/\/astcartech.com\/product\/router-ax3000-archer-ax-53-dual-band-gigabit-wi-fi-6\/#breadcrumb\",\"itemListElement\":[{\"@type\":\"ListItem\",\"position\":1,\"name\":\"Portada\",\"item\":\"https:\/\/astcartech.com\/\"},{\"@type\":\"ListItem\",\"position\":2,\"name\":\"Tienda\",\"item\":\"https:\/\/astcartech.com\/tienda\/\"},{\"@type\":\"ListItem\",\"position\":3,\"name\":\"ROUTER AX3000 ARCHER AX 53 Dual Band Gigabit Wi-Fi 6\"}]},{\"@type\":\"WebSite\",\"@id\":\"https:\/\/astcartech.com\/#website\",\"url\":\"https:\/\/astcartech.com\/\",\"name\":\"Astcar Tech\",\"description\":\"Suministros y Tecnologia\",\"publisher\":{\"@id\":\"https:\/\/astcartech.com\/#organization\"},\"alternateName\":\"astcar technology\",\"potentialAction\":[{\"@type\":\"SearchAction\",\"target\":{\"@type\":\"EntryPoint\",\"urlTemplate\":\"https:\/\/astcartech.com\/?s={search_term_string}\"},\"query-input\":{\"@type\":\"PropertyValueSpecification\",\"valueRequired\":true,\"valueName\":\"search_term_string\"}}],\"inLanguage\":\"en-US\"},{\"@type\":\"Organization\",\"@id\":\"https:\/\/astcartech.com\/#organization\",\"name\":\"Astcar Tech\",\"alternateName\":\"Astcar Tech\",\"url\":\"https:\/\/astcartech.com\/\",\"logo\":{\"@type\":\"ImageObject\",\"inLanguage\":\"en-US\",\"@id\":\"https:\/\/astcartech.com\/#\/schema\/logo\/image\/\",\"url\":\"https:\/\/astcartech.com\/wp-content\/uploads\/2024\/11\/logo-Astcar-Tech-new_Mesa-de-trabajo-1.png\",\"contentUrl\":\"https:\/\/astcartech.com\/wp-content\/uploads\/2024\/11\/logo-Astcar-Tech-new_Mesa-de-trabajo-1.png\",\"width\":5162,\"height\":2920,\"caption\":\"Astcar Tech\"},\"image\":{\"@id\":\"https:\/\/astcartech.com\/#\/schema\/logo\/image\/\"},\"sameAs\":[\"https:\/\/www.facebook.com\/AstCarTech\",\"https:\/\/www.instagram.com\/astcartech\",\"https:\/\/www.tiktok.com\/@astcartech\"],\"publishingPrinciples\":\"https:\/\/astcartech.com\/tienda\/\",\"ownershipFundingInfo\":\"https:\/\/astcartech.com\/nosotros\/\",\"actionableFeedbackPolicy\":\"https:\/\/astcartech.com\/politica-de-privacidad\/\",\"correctionsPolicy\":\"https:\/\/astcartech.com\/politica-de-privacidad\/\",\"ethicsPolicy\":\"https:\/\/astcartech.com\/politica-de-privacidad\/\",\"diversityPolicy\":\"https:\/\/astcartech.com\/politica-de-privacidad\/\",\"diversityStaffingReport\":\"https:\/\/astcartech.com\/politica-de-privacidad\/\"}]}<\/script>\n<!-- \/ Yoast SEO Premium plugin. -->","yoast_head_json":{"title":"ROUTER AX3000 ARCHER AX 53 Dual Band Gigabit Wi-Fi 6 - ASTCAR TECH","description":"ROUTER AX3000 ARCHER AX 53 Dual Band Gigabit Wi-Fi 6, 2402 Mbps banda de 5 GHz y 574 Mbps en la banda de 2,4 GHz, transmisi\u00f3n m\u00e1s fluida y descargas r\u00e1pidas","robots":{"index":"index","follow":"follow","max-snippet":"max-snippet:-1","max-image-preview":"max-image-preview:large","max-video-preview":"max-video-preview:-1"},"canonical":"https:\/\/astcartech.com\/en\/product\/router-ax3000-archer-ax-53-dual-band-gigabit-wi-fi-6\/","og_locale":"en_US","og_type":"article","og_title":"ROUTER AX3000 ARCHER AX 53 Dual Band Gigabit Wi-Fi 6","og_description":"ROUTER AX3000 ARCHER AX 53 Dual Band Gigabit Wi-Fi 6, 2402 Mbps banda de 5 GHz y 574 Mbps en la banda de 2,4 GHz, transmisi\u00f3n m\u00e1s fluida y descargas r\u00e1pidas","og_url":"https:\/\/astcartech.com\/en\/product\/router-ax3000-archer-ax-53-dual-band-gigabit-wi-fi-6\/","og_site_name":"ASTCAR TECH","article_publisher":"https:\/\/www.facebook.com\/AstCarTech","article_modified_time":"2025-02-11T23:58:41+00:00","og_image":[{"width":590,"height":590,"url":"https:\/\/astcartech.com\/wp-content\/uploads\/2025\/02\/37.jpg","type":"image\/jpeg"}],"twitter_card":"summary_large_image","twitter_misc":{"Est. reading time":"1 minute"},"schema":{"@context":"https:\/\/schema.org","@graph":[{"@type":"WebPage","@id":"https:\/\/astcartech.com\/product\/router-ax3000-archer-ax-53-dual-band-gigabit-wi-fi-6\/","url":"https:\/\/astcartech.com\/product\/router-ax3000-archer-ax-53-dual-band-gigabit-wi-fi-6\/","name":"ROUTER AX3000 ARCHER AX 53 Dual Band Gigabit Wi-Fi 6 - ASTCAR TECH","isPartOf":{"@id":"https:\/\/astcartech.com\/#website"},"primaryImageOfPage":{"@id":"https:\/\/astcartech.com\/product\/router-ax3000-archer-ax-53-dual-band-gigabit-wi-fi-6\/#primaryimage"},"image":{"@id":"https:\/\/astcartech.com\/product\/router-ax3000-archer-ax-53-dual-band-gigabit-wi-fi-6\/#primaryimage"},"thumbnailUrl":"https:\/\/astcartech.com\/wp-content\/uploads\/2025\/02\/37.jpg","datePublished":"2025-02-11T23:58:40+00:00","dateModified":"2025-02-11T23:58:41+00:00","description":"ROUTER AX3000 ARCHER AX 53 Dual Band Gigabit Wi-Fi 6, 2402 Mbps banda de 5 GHz y 574 Mbps en la banda de 2,4 GHz, transmisi\u00f3n m\u00e1s fluida y descargas r\u00e1pidas","breadcrumb":{"@id":"https:\/\/astcartech.com\/product\/router-ax3000-archer-ax-53-dual-band-gigabit-wi-fi-6\/#breadcrumb"},"inLanguage":"en-US","potentialAction":[{"@type":"ReadAction","target":["https:\/\/astcartech.com\/product\/router-ax3000-archer-ax-53-dual-band-gigabit-wi-fi-6\/"]}]},{"@type":"ImageObject","inLanguage":"en-US","@id":"https:\/\/astcartech.com\/product\/router-ax3000-archer-ax-53-dual-band-gigabit-wi-fi-6\/#primaryimage","url":"https:\/\/astcartech.com\/wp-content\/uploads\/2025\/02\/37.jpg","contentUrl":"https:\/\/astcartech.com\/wp-content\/uploads\/2025\/02\/37.jpg","width":590,"height":590},{"@type":"BreadcrumbList","@id":"https:\/\/astcartech.com\/product\/router-ax3000-archer-ax-53-dual-band-gigabit-wi-fi-6\/#breadcrumb","itemListElement":[{"@type":"ListItem","position":1,"name":"Portada","item":"https:\/\/astcartech.com\/"},{"@type":"ListItem","position":2,"name":"Tienda","item":"https:\/\/astcartech.com\/tienda\/"},{"@type":"ListItem","position":3,"name":"ROUTER AX3000 ARCHER AX 53 Dual Band Gigabit Wi-Fi 6"}]},{"@type":"WebSite","@id":"https:\/\/astcartech.com\/#website","url":"https:\/\/astcartech.com\/","name":"Astcar Tech","description":"Suministros y Tecnologia","publisher":{"@id":"https:\/\/astcartech.com\/#organization"},"alternateName":"astcar technology","potentialAction":[{"@type":"SearchAction","target":{"@type":"EntryPoint","urlTemplate":"https:\/\/astcartech.com\/?s={search_term_string}"},"query-input":{"@type":"PropertyValueSpecification","valueRequired":true,"valueName":"search_term_string"}}],"inLanguage":"en-US"},{"@type":"Organization","@id":"https:\/\/astcartech.com\/#organization","name":"Astcar Tech","alternateName":"Astcar Tech","url":"https:\/\/astcartech.com\/","logo":{"@type":"ImageObject","inLanguage":"en-US","@id":"https:\/\/astcartech.com\/#\/schema\/logo\/image\/","url":"https:\/\/astcartech.com\/wp-content\/uploads\/2024\/11\/logo-Astcar-Tech-new_Mesa-de-trabajo-1.png","contentUrl":"https:\/\/astcartech.com\/wp-content\/uploads\/2024\/11\/logo-Astcar-Tech-new_Mesa-de-trabajo-1.png","width":5162,"height":2920,"caption":"Astcar Tech"},"image":{"@id":"https:\/\/astcartech.com\/#\/schema\/logo\/image\/"},"sameAs":["https:\/\/www.facebook.com\/AstCarTech","https:\/\/www.instagram.com\/astcartech","https:\/\/www.tiktok.com\/@astcartech"],"publishingPrinciples":"https:\/\/astcartech.com\/tienda\/","ownershipFundingInfo":"https:\/\/astcartech.com\/nosotros\/","actionableFeedbackPolicy":"https:\/\/astcartech.com\/politica-de-privacidad\/","correctionsPolicy":"https:\/\/astcartech.com\/politica-de-privacidad\/","ethicsPolicy":"https:\/\/astcartech.com\/politica-de-privacidad\/","diversityPolicy":"https:\/\/astcartech.com\/politica-de-privacidad\/","diversityStaffingReport":"https:\/\/astcartech.com\/politica-de-privacidad\/"}]}},"_links":{"self":[{"href":"https:\/\/astcartech.com\/en\/wp-json\/wp\/v2\/product\/5010","targetHints":{"allow":["GET"]}}],"collection":[{"href":"https:\/\/astcartech.com\/en\/wp-json\/wp\/v2\/product"}],"about":[{"href":"https:\/\/astcartech.com\/en\/wp-json\/wp\/v2\/types\/product"}],"replies":[{"embeddable":true,"href":"https:\/\/astcartech.com\/en\/wp-json\/wp\/v2\/comments?post=5010"}],"wp:featuredmedia":[{"embeddable":true,"href":"https:\/\/astcartech.com\/en\/wp-json\/wp\/v2\/media\/5013"}],"wp:attachment":[{"href":"https:\/\/astcartech.com\/en\/wp-json\/wp\/v2\/media?parent=5010"}],"wp:term":[{"taxonomy":"product_cat","embeddable":true,"href":"https:\/\/astcartech.com\/en\/wp-json\/wp\/v2\/product_cat?post=5010"},{"taxonomy":"product_tag","embeddable":true,"href":"https:\/\/astcartech.com\/en\/wp-json\/wp\/v2\/product_tag?post=5010"}],"curies":[{"name":"wp","href":"https:\/\/api.w.org\/{rel}","templated":true}]}}