{"id":5044,"date":"2025-02-12T15:02:40","date_gmt":"2025-02-12T15:02:40","guid":{"rendered":"https:\/\/astcartech.com\/?post_type=product&#038;p=5044"},"modified":"2025-02-12T15:02:41","modified_gmt":"2025-02-12T15:02:41","slug":"router-archer-ax73-ax5400-gigabit-wi-fi-6-tp-link","status":"publish","type":"product","link":"https:\/\/astcartech.com\/en\/product\/router-archer-ax73-ax5400-gigabit-wi-fi-6-tp-link\/","title":{"rendered":"ROUTER ARCHER AX73 &#8211; AX5400 Gigabit Wi-Fi 6 TP LINK"},"content":{"rendered":"<div class=\"box title\">\n<div>\n<h2 class=\"product-name\">\u00a0 \u00a0 \u00a0 Archer AX73<\/h2>\n<\/div>\n<h1>\u00a0 \u00a0 Router AX5400 Gigabit Wi-Fi 6 de doble banda<\/h1>\n<\/div>\n<div class=\"box highlights\">\n<ul>\n<li>Gigabit WiFi para transmisi\u00f3n de 8K: WiFi de 5400 Mbps para una navegaci\u00f3n, transmisi\u00f3n y descarga m\u00e1s r\u00e1pidas, todo al mismo tiempo. \u2020<\/li>\n<li>Wi-Fi 6 con todas las funciones: se equipa con la estructura superior de 4T4R y HE160 en la banda de 5 GHz para permitir una conexi\u00f3n ultrarr\u00e1pida de 4,8 Gbps.<\/li>\n<li>Conecte m\u00e1s de 200 dispositivos\u00a7: admite MU-MIMO y OFDMA para reducir la congesti\u00f3n y cuadriplicar el rendimiento promedio.<\/li>\n<li>Amplia cobertura: 6 antenas y Beamforming garantizan una amplia cobertura.<\/li>\n<li>HomeShield: los servicios de seguridad premium de TP-Link mantienen segura la red de su hogar con funciones de vanguardia para la protecci\u00f3n de la red y la IoT. *<\/li>\n<li>M\u00e1s respiraderos, menos calor: el \u00e1rea de respiraderos mejorada libera toda la potencia de toda la m\u00e1quina.<\/li>\n<li>Uso compartido de USB: 1 puerto USB 3.0 permite compartir medios f\u00e1cilmente y crear una nube privada.<\/li>\n<\/ul>\n<\/div>","protected":false},"excerpt":{"rendered":"<p>\u00a0 \u00a0 \u00a0 Archer AX73 \u00a0 \u00a0 Router AX5400 Gigabit Wi-Fi 6 de doble banda Gigabit WiFi para transmisi\u00f3n de 8K: WiFi de 5400 Mbps para una navegaci\u00f3n, transmisi\u00f3n y descarga m\u00e1s r\u00e1pidas, todo al mismo tiempo. \u2020 Wi-Fi 6 con todas las funciones: se equipa con la estructura superior de 4T4R y HE160 en [&hellip;]<\/p>","protected":false},"featured_media":5045,"comment_status":"open","ping_status":"closed","template":"","meta":[],"product_cat":[90],"product_tag":[],"class_list":{"0":"post-5044","1":"product","2":"type-product","3":"status-publish","4":"has-post-thumbnail","6":"product_cat-redes-routers-antena-wifi","8":"first","9":"instock","10":"sale","11":"shipping-taxable","12":"purchasable","13":"product-type-simple"},"yoast_head":"<!-- This site is optimized with the Yoast SEO Premium plugin v26.3 (Yoast SEO v26.3) - https:\/\/yoast.com\/wordpress\/plugins\/seo\/ -->\n<title>ROUTER ARCHER AX73 - AX5400 Gigabit Wi-Fi 6 TP LINK - ASTCAR TECH<\/title>\n<meta name=\"description\" content=\"ROUTER ARCHER AX73 - AX5400 Gigabit Wi-Fi 6 TP LINK, TRI - BAND WIFI 6, WiFi 5400 Mbps mejor navegaci\u00f3n, transmisi\u00f3n y descarga m\u00e1s r\u00e1pida, al mismo tiempo\" \/>\n<meta name=\"robots\" content=\"index, follow, max-snippet:-1, max-image-preview:large, max-video-preview:-1\" \/>\n<link rel=\"canonical\" href=\"https:\/\/astcartech.com\/en\/product\/router-archer-ax73-ax5400-gigabit-wi-fi-6-tp-link\/\" \/>\n<meta property=\"og:locale\" content=\"en_US\" \/>\n<meta property=\"og:type\" content=\"article\" \/>\n<meta property=\"og:title\" content=\"ROUTER ARCHER AX73 - AX5400 Gigabit Wi-Fi 6 TP LINK\" \/>\n<meta property=\"og:description\" content=\"ROUTER ARCHER AX73 - AX5400 Gigabit Wi-Fi 6 TP LINK, TRI - BAND WIFI 6, WiFi 5400 Mbps mejor navegaci\u00f3n, transmisi\u00f3n y descarga m\u00e1s r\u00e1pida, al mismo tiempo\" \/>\n<meta property=\"og:url\" content=\"https:\/\/astcartech.com\/en\/product\/router-archer-ax73-ax5400-gigabit-wi-fi-6-tp-link\/\" \/>\n<meta property=\"og:site_name\" content=\"ASTCAR TECH\" \/>\n<meta property=\"article:publisher\" content=\"https:\/\/www.facebook.com\/AstCarTech\" \/>\n<meta property=\"article:modified_time\" content=\"2025-02-12T15:02:41+00:00\" \/>\n<meta property=\"og:image\" content=\"https:\/\/astcartech.com\/wp-content\/uploads\/2025\/02\/55.jpg\" \/>\n\t<meta property=\"og:image:width\" content=\"590\" \/>\n\t<meta property=\"og:image:height\" content=\"393\" \/>\n\t<meta property=\"og:image:type\" content=\"image\/jpeg\" \/>\n<meta name=\"twitter:card\" content=\"summary_large_image\" \/>\n<meta name=\"twitter:label1\" content=\"Est. reading time\" \/>\n\t<meta name=\"twitter:data1\" content=\"1 minute\" \/>\n<script type=\"application\/ld+json\" class=\"yoast-schema-graph\">{\"@context\":\"https:\/\/schema.org\",\"@graph\":[{\"@type\":\"WebPage\",\"@id\":\"https:\/\/astcartech.com\/product\/router-archer-ax73-ax5400-gigabit-wi-fi-6-tp-link\/\",\"url\":\"https:\/\/astcartech.com\/product\/router-archer-ax73-ax5400-gigabit-wi-fi-6-tp-link\/\",\"name\":\"ROUTER ARCHER AX73 - AX5400 Gigabit Wi-Fi 6 TP LINK - ASTCAR TECH\",\"isPartOf\":{\"@id\":\"https:\/\/astcartech.com\/#website\"},\"primaryImageOfPage\":{\"@id\":\"https:\/\/astcartech.com\/product\/router-archer-ax73-ax5400-gigabit-wi-fi-6-tp-link\/#primaryimage\"},\"image\":{\"@id\":\"https:\/\/astcartech.com\/product\/router-archer-ax73-ax5400-gigabit-wi-fi-6-tp-link\/#primaryimage\"},\"thumbnailUrl\":\"https:\/\/astcartech.com\/wp-content\/uploads\/2025\/02\/55.jpg\",\"datePublished\":\"2025-02-12T15:02:40+00:00\",\"dateModified\":\"2025-02-12T15:02:41+00:00\",\"description\":\"ROUTER ARCHER AX73 - AX5400 Gigabit Wi-Fi 6 TP LINK, TRI - BAND WIFI 6, WiFi 5400 Mbps mejor navegaci\u00f3n, transmisi\u00f3n y descarga m\u00e1s r\u00e1pida, al mismo tiempo\",\"breadcrumb\":{\"@id\":\"https:\/\/astcartech.com\/product\/router-archer-ax73-ax5400-gigabit-wi-fi-6-tp-link\/#breadcrumb\"},\"inLanguage\":\"en-US\",\"potentialAction\":[{\"@type\":\"ReadAction\",\"target\":[\"https:\/\/astcartech.com\/product\/router-archer-ax73-ax5400-gigabit-wi-fi-6-tp-link\/\"]}]},{\"@type\":\"ImageObject\",\"inLanguage\":\"en-US\",\"@id\":\"https:\/\/astcartech.com\/product\/router-archer-ax73-ax5400-gigabit-wi-fi-6-tp-link\/#primaryimage\",\"url\":\"https:\/\/astcartech.com\/wp-content\/uploads\/2025\/02\/55.jpg\",\"contentUrl\":\"https:\/\/astcartech.com\/wp-content\/uploads\/2025\/02\/55.jpg\",\"width\":590,\"height\":393},{\"@type\":\"BreadcrumbList\",\"@id\":\"https:\/\/astcartech.com\/product\/router-archer-ax73-ax5400-gigabit-wi-fi-6-tp-link\/#breadcrumb\",\"itemListElement\":[{\"@type\":\"ListItem\",\"position\":1,\"name\":\"Portada\",\"item\":\"https:\/\/astcartech.com\/\"},{\"@type\":\"ListItem\",\"position\":2,\"name\":\"Tienda\",\"item\":\"https:\/\/astcartech.com\/tienda\/\"},{\"@type\":\"ListItem\",\"position\":3,\"name\":\"ROUTER ARCHER AX73 &#8211; AX5400 Gigabit Wi-Fi 6 TP LINK\"}]},{\"@type\":\"WebSite\",\"@id\":\"https:\/\/astcartech.com\/#website\",\"url\":\"https:\/\/astcartech.com\/\",\"name\":\"Astcar Tech\",\"description\":\"Suministros y Tecnologia\",\"publisher\":{\"@id\":\"https:\/\/astcartech.com\/#organization\"},\"alternateName\":\"astcar technology\",\"potentialAction\":[{\"@type\":\"SearchAction\",\"target\":{\"@type\":\"EntryPoint\",\"urlTemplate\":\"https:\/\/astcartech.com\/?s={search_term_string}\"},\"query-input\":{\"@type\":\"PropertyValueSpecification\",\"valueRequired\":true,\"valueName\":\"search_term_string\"}}],\"inLanguage\":\"en-US\"},{\"@type\":\"Organization\",\"@id\":\"https:\/\/astcartech.com\/#organization\",\"name\":\"Astcar Tech\",\"alternateName\":\"Astcar Tech\",\"url\":\"https:\/\/astcartech.com\/\",\"logo\":{\"@type\":\"ImageObject\",\"inLanguage\":\"en-US\",\"@id\":\"https:\/\/astcartech.com\/#\/schema\/logo\/image\/\",\"url\":\"https:\/\/astcartech.com\/wp-content\/uploads\/2024\/11\/logo-Astcar-Tech-new_Mesa-de-trabajo-1.png\",\"contentUrl\":\"https:\/\/astcartech.com\/wp-content\/uploads\/2024\/11\/logo-Astcar-Tech-new_Mesa-de-trabajo-1.png\",\"width\":5162,\"height\":2920,\"caption\":\"Astcar Tech\"},\"image\":{\"@id\":\"https:\/\/astcartech.com\/#\/schema\/logo\/image\/\"},\"sameAs\":[\"https:\/\/www.facebook.com\/AstCarTech\",\"https:\/\/www.instagram.com\/astcartech\",\"https:\/\/www.tiktok.com\/@astcartech\"],\"publishingPrinciples\":\"https:\/\/astcartech.com\/tienda\/\",\"ownershipFundingInfo\":\"https:\/\/astcartech.com\/nosotros\/\",\"actionableFeedbackPolicy\":\"https:\/\/astcartech.com\/politica-de-privacidad\/\",\"correctionsPolicy\":\"https:\/\/astcartech.com\/politica-de-privacidad\/\",\"ethicsPolicy\":\"https:\/\/astcartech.com\/politica-de-privacidad\/\",\"diversityPolicy\":\"https:\/\/astcartech.com\/politica-de-privacidad\/\",\"diversityStaffingReport\":\"https:\/\/astcartech.com\/politica-de-privacidad\/\"}]}<\/script>\n<!-- \/ Yoast SEO Premium plugin. -->","yoast_head_json":{"title":"ROUTER ARCHER AX73 - AX5400 Gigabit Wi-Fi 6 TP LINK - ASTCAR TECH","description":"ROUTER ARCHER AX73 - AX5400 Gigabit Wi-Fi 6 TP LINK, TRI - BAND WIFI 6, WiFi 5400 Mbps mejor navegaci\u00f3n, transmisi\u00f3n y descarga m\u00e1s r\u00e1pida, al mismo tiempo","robots":{"index":"index","follow":"follow","max-snippet":"max-snippet:-1","max-image-preview":"max-image-preview:large","max-video-preview":"max-video-preview:-1"},"canonical":"https:\/\/astcartech.com\/en\/product\/router-archer-ax73-ax5400-gigabit-wi-fi-6-tp-link\/","og_locale":"en_US","og_type":"article","og_title":"ROUTER ARCHER AX73 - AX5400 Gigabit Wi-Fi 6 TP LINK","og_description":"ROUTER ARCHER AX73 - AX5400 Gigabit Wi-Fi 6 TP LINK, TRI - BAND WIFI 6, WiFi 5400 Mbps mejor navegaci\u00f3n, transmisi\u00f3n y descarga m\u00e1s r\u00e1pida, al mismo tiempo","og_url":"https:\/\/astcartech.com\/en\/product\/router-archer-ax73-ax5400-gigabit-wi-fi-6-tp-link\/","og_site_name":"ASTCAR TECH","article_publisher":"https:\/\/www.facebook.com\/AstCarTech","article_modified_time":"2025-02-12T15:02:41+00:00","og_image":[{"width":590,"height":393,"url":"https:\/\/astcartech.com\/wp-content\/uploads\/2025\/02\/55.jpg","type":"image\/jpeg"}],"twitter_card":"summary_large_image","twitter_misc":{"Est. reading time":"1 minute"},"schema":{"@context":"https:\/\/schema.org","@graph":[{"@type":"WebPage","@id":"https:\/\/astcartech.com\/product\/router-archer-ax73-ax5400-gigabit-wi-fi-6-tp-link\/","url":"https:\/\/astcartech.com\/product\/router-archer-ax73-ax5400-gigabit-wi-fi-6-tp-link\/","name":"ROUTER ARCHER AX73 - AX5400 Gigabit Wi-Fi 6 TP LINK - ASTCAR TECH","isPartOf":{"@id":"https:\/\/astcartech.com\/#website"},"primaryImageOfPage":{"@id":"https:\/\/astcartech.com\/product\/router-archer-ax73-ax5400-gigabit-wi-fi-6-tp-link\/#primaryimage"},"image":{"@id":"https:\/\/astcartech.com\/product\/router-archer-ax73-ax5400-gigabit-wi-fi-6-tp-link\/#primaryimage"},"thumbnailUrl":"https:\/\/astcartech.com\/wp-content\/uploads\/2025\/02\/55.jpg","datePublished":"2025-02-12T15:02:40+00:00","dateModified":"2025-02-12T15:02:41+00:00","description":"ROUTER ARCHER AX73 - AX5400 Gigabit Wi-Fi 6 TP LINK, TRI - BAND WIFI 6, WiFi 5400 Mbps mejor navegaci\u00f3n, transmisi\u00f3n y descarga m\u00e1s r\u00e1pida, al mismo tiempo","breadcrumb":{"@id":"https:\/\/astcartech.com\/product\/router-archer-ax73-ax5400-gigabit-wi-fi-6-tp-link\/#breadcrumb"},"inLanguage":"en-US","potentialAction":[{"@type":"ReadAction","target":["https:\/\/astcartech.com\/product\/router-archer-ax73-ax5400-gigabit-wi-fi-6-tp-link\/"]}]},{"@type":"ImageObject","inLanguage":"en-US","@id":"https:\/\/astcartech.com\/product\/router-archer-ax73-ax5400-gigabit-wi-fi-6-tp-link\/#primaryimage","url":"https:\/\/astcartech.com\/wp-content\/uploads\/2025\/02\/55.jpg","contentUrl":"https:\/\/astcartech.com\/wp-content\/uploads\/2025\/02\/55.jpg","width":590,"height":393},{"@type":"BreadcrumbList","@id":"https:\/\/astcartech.com\/product\/router-archer-ax73-ax5400-gigabit-wi-fi-6-tp-link\/#breadcrumb","itemListElement":[{"@type":"ListItem","position":1,"name":"Portada","item":"https:\/\/astcartech.com\/"},{"@type":"ListItem","position":2,"name":"Tienda","item":"https:\/\/astcartech.com\/tienda\/"},{"@type":"ListItem","position":3,"name":"ROUTER ARCHER AX73 &#8211; AX5400 Gigabit Wi-Fi 6 TP LINK"}]},{"@type":"WebSite","@id":"https:\/\/astcartech.com\/#website","url":"https:\/\/astcartech.com\/","name":"Astcar Tech","description":"Suministros y Tecnologia","publisher":{"@id":"https:\/\/astcartech.com\/#organization"},"alternateName":"astcar technology","potentialAction":[{"@type":"SearchAction","target":{"@type":"EntryPoint","urlTemplate":"https:\/\/astcartech.com\/?s={search_term_string}"},"query-input":{"@type":"PropertyValueSpecification","valueRequired":true,"valueName":"search_term_string"}}],"inLanguage":"en-US"},{"@type":"Organization","@id":"https:\/\/astcartech.com\/#organization","name":"Astcar Tech","alternateName":"Astcar Tech","url":"https:\/\/astcartech.com\/","logo":{"@type":"ImageObject","inLanguage":"en-US","@id":"https:\/\/astcartech.com\/#\/schema\/logo\/image\/","url":"https:\/\/astcartech.com\/wp-content\/uploads\/2024\/11\/logo-Astcar-Tech-new_Mesa-de-trabajo-1.png","contentUrl":"https:\/\/astcartech.com\/wp-content\/uploads\/2024\/11\/logo-Astcar-Tech-new_Mesa-de-trabajo-1.png","width":5162,"height":2920,"caption":"Astcar Tech"},"image":{"@id":"https:\/\/astcartech.com\/#\/schema\/logo\/image\/"},"sameAs":["https:\/\/www.facebook.com\/AstCarTech","https:\/\/www.instagram.com\/astcartech","https:\/\/www.tiktok.com\/@astcartech"],"publishingPrinciples":"https:\/\/astcartech.com\/tienda\/","ownershipFundingInfo":"https:\/\/astcartech.com\/nosotros\/","actionableFeedbackPolicy":"https:\/\/astcartech.com\/politica-de-privacidad\/","correctionsPolicy":"https:\/\/astcartech.com\/politica-de-privacidad\/","ethicsPolicy":"https:\/\/astcartech.com\/politica-de-privacidad\/","diversityPolicy":"https:\/\/astcartech.com\/politica-de-privacidad\/","diversityStaffingReport":"https:\/\/astcartech.com\/politica-de-privacidad\/"}]}},"_links":{"self":[{"href":"https:\/\/astcartech.com\/en\/wp-json\/wp\/v2\/product\/5044","targetHints":{"allow":["GET"]}}],"collection":[{"href":"https:\/\/astcartech.com\/en\/wp-json\/wp\/v2\/product"}],"about":[{"href":"https:\/\/astcartech.com\/en\/wp-json\/wp\/v2\/types\/product"}],"replies":[{"embeddable":true,"href":"https:\/\/astcartech.com\/en\/wp-json\/wp\/v2\/comments?post=5044"}],"wp:featuredmedia":[{"embeddable":true,"href":"https:\/\/astcartech.com\/en\/wp-json\/wp\/v2\/media\/5045"}],"wp:attachment":[{"href":"https:\/\/astcartech.com\/en\/wp-json\/wp\/v2\/media?parent=5044"}],"wp:term":[{"taxonomy":"product_cat","embeddable":true,"href":"https:\/\/astcartech.com\/en\/wp-json\/wp\/v2\/product_cat?post=5044"},{"taxonomy":"product_tag","embeddable":true,"href":"https:\/\/astcartech.com\/en\/wp-json\/wp\/v2\/product_tag?post=5044"}],"curies":[{"name":"wp","href":"https:\/\/api.w.org\/{rel}","templated":true}]}}