{"id":5102,"date":"2025-02-18T23:14:32","date_gmt":"2025-02-18T23:14:32","guid":{"rendered":"https:\/\/astcartech.com\/?post_type=product&#038;p=5102"},"modified":"2025-02-18T23:14:33","modified_gmt":"2025-02-18T23:14:33","slug":"extensor-de-red-wi-fi-ax1500-tp-link-re500x","status":"publish","type":"product","link":"https:\/\/astcartech.com\/en\/product\/extensor-de-red-wi-fi-ax1500-tp-link-re500x\/","title":{"rendered":"Extensor de Red Wi-Fi AX1500 Tp Link RE500X"},"content":{"rendered":"<div class=\"box title\">\n<h1>\u00a0 \u00a0Extensor de Red Wi-Fi AX1500<\/h1>\n<\/div>\n<div class=\"box highlights\">\n<ul>\n<li><strong>Alta velocidad Wi- Fi 6 de Doble Banda<\/strong>. Navega a m\u00e1s velocidad hasta 1500Mbps y\u00a0llega a m\u00e1s dispositivos con una menor congesti\u00f3n de la red.<\/li>\n<li><strong>Conexi\u00f3n estable sin cortes<\/strong>. Crea una red Mesh inal\u00e1mbrica en segundos con la tecnolog\u00eda TP-Link OneMesh \u2122 para aumentar la \u00a0cobertura Wi-Fi en casa.<\/li>\n<li><strong>Puerto Gigabit Ethernet<\/strong>.\u00a0 proporciona conexiones por cable m\u00e1s r\u00e1pidas a televisores inteligentes, ordenadores y consolas de juegos.<\/li>\n<li><strong>LED de se\u00f1al inteligente<\/strong>. Ayuda a encontrar la mejor ubicaci\u00f3n para tener una cobertura Wi-Fi \u00f3ptima.<\/li>\n<li><strong>Modo Punto de acceso Ethernet Gigabit<\/strong>. \u00a0Mejora la conexi\u00f3n en dispositivos por cable a trav\u00e9s del puerto Ethernet Gigabit y por conexi\u00f3n inal\u00e1mbrica.<\/li>\n<li><strong>F\u00e1cil control por App<\/strong>. Configura tu extensi\u00f3n de red c\u00f3modamente desde el m\u00f3vil con la App TP-Link Tether<\/li>\n<li><strong>M\u00e1xima compatibilidad<\/strong>. Funciona con cualquier router o punto de acceso inal\u00e1mbrico actualizado<\/li>\n<\/ul>\n<\/div>","protected":false},"excerpt":{"rendered":"<p>\u00a0 \u00a0Extensor de Red Wi-Fi AX1500 Alta velocidad Wi- Fi 6 de Doble Banda. Navega a m\u00e1s velocidad hasta 1500Mbps y\u00a0llega a m\u00e1s dispositivos con una menor congesti\u00f3n de la red. Conexi\u00f3n estable sin cortes. Crea una red Mesh inal\u00e1mbrica en segundos con la tecnolog\u00eda TP-Link OneMesh \u2122 para aumentar la \u00a0cobertura Wi-Fi en casa. [&hellip;]<\/p>","protected":false},"featured_media":5103,"comment_status":"open","ping_status":"closed","template":"","meta":[],"product_cat":[90],"product_tag":[],"class_list":{"0":"post-5102","1":"product","2":"type-product","3":"status-publish","4":"has-post-thumbnail","6":"product_cat-redes-routers-antena-wifi","8":"first","9":"instock","10":"sale","11":"shipping-taxable","12":"purchasable","13":"product-type-simple"},"yoast_head":"<!-- This site is optimized with the Yoast SEO Premium plugin v26.3 (Yoast SEO v26.3) - https:\/\/yoast.com\/wordpress\/plugins\/seo\/ -->\n<title>Extensor de Red Wi-Fi AX1500 Tp Link RE500X - ASTCAR TECH<\/title>\n<meta name=\"description\" content=\"Extensor de Red Wi-Fi AX1500 Tp Link RE500X, Navega a m\u00e1s velocidad hasta 1500Mbps y\u00a0llega a m\u00e1s dispositivos con una menor congesti\u00f3n de la red.\" \/>\n<meta name=\"robots\" content=\"index, follow, max-snippet:-1, max-image-preview:large, max-video-preview:-1\" \/>\n<link rel=\"canonical\" href=\"https:\/\/astcartech.com\/en\/product\/extensor-de-red-wi-fi-ax1500-tp-link-re500x\/\" \/>\n<meta property=\"og:locale\" content=\"en_US\" \/>\n<meta property=\"og:type\" content=\"article\" \/>\n<meta property=\"og:title\" content=\"Extensor de Red Wi-Fi AX1500 Tp Link RE500X\" \/>\n<meta property=\"og:description\" content=\"Extensor de Red Wi-Fi AX1500 Tp Link RE500X, Navega a m\u00e1s velocidad hasta 1500Mbps y\u00a0llega a m\u00e1s dispositivos con una menor congesti\u00f3n de la red.\" \/>\n<meta property=\"og:url\" content=\"https:\/\/astcartech.com\/en\/product\/extensor-de-red-wi-fi-ax1500-tp-link-re500x\/\" \/>\n<meta property=\"og:site_name\" content=\"ASTCAR TECH\" \/>\n<meta property=\"article:publisher\" content=\"https:\/\/www.facebook.com\/AstCarTech\" \/>\n<meta property=\"article:modified_time\" content=\"2025-02-18T23:14:33+00:00\" \/>\n<meta property=\"og:image\" content=\"https:\/\/astcartech.com\/wp-content\/uploads\/2025\/02\/80.png\" \/>\n\t<meta property=\"og:image:width\" content=\"590\" \/>\n\t<meta property=\"og:image:height\" content=\"590\" \/>\n\t<meta property=\"og:image:type\" content=\"image\/png\" \/>\n<meta name=\"twitter:card\" content=\"summary_large_image\" \/>\n<meta name=\"twitter:label1\" content=\"Est. reading time\" \/>\n\t<meta name=\"twitter:data1\" content=\"1 minute\" \/>\n<script type=\"application\/ld+json\" class=\"yoast-schema-graph\">{\"@context\":\"https:\/\/schema.org\",\"@graph\":[{\"@type\":\"WebPage\",\"@id\":\"https:\/\/astcartech.com\/product\/extensor-de-red-wi-fi-ax1500-tp-link-re500x\/\",\"url\":\"https:\/\/astcartech.com\/product\/extensor-de-red-wi-fi-ax1500-tp-link-re500x\/\",\"name\":\"Extensor de Red Wi-Fi AX1500 Tp Link RE500X - ASTCAR TECH\",\"isPartOf\":{\"@id\":\"https:\/\/astcartech.com\/#website\"},\"primaryImageOfPage\":{\"@id\":\"https:\/\/astcartech.com\/product\/extensor-de-red-wi-fi-ax1500-tp-link-re500x\/#primaryimage\"},\"image\":{\"@id\":\"https:\/\/astcartech.com\/product\/extensor-de-red-wi-fi-ax1500-tp-link-re500x\/#primaryimage\"},\"thumbnailUrl\":\"https:\/\/astcartech.com\/wp-content\/uploads\/2025\/02\/80.png\",\"datePublished\":\"2025-02-18T23:14:32+00:00\",\"dateModified\":\"2025-02-18T23:14:33+00:00\",\"description\":\"Extensor de Red Wi-Fi AX1500 Tp Link RE500X, Navega a m\u00e1s velocidad hasta 1500Mbps y\u00a0llega a m\u00e1s dispositivos con una menor congesti\u00f3n de la red.\",\"breadcrumb\":{\"@id\":\"https:\/\/astcartech.com\/product\/extensor-de-red-wi-fi-ax1500-tp-link-re500x\/#breadcrumb\"},\"inLanguage\":\"en-US\",\"potentialAction\":[{\"@type\":\"ReadAction\",\"target\":[\"https:\/\/astcartech.com\/product\/extensor-de-red-wi-fi-ax1500-tp-link-re500x\/\"]}]},{\"@type\":\"ImageObject\",\"inLanguage\":\"en-US\",\"@id\":\"https:\/\/astcartech.com\/product\/extensor-de-red-wi-fi-ax1500-tp-link-re500x\/#primaryimage\",\"url\":\"https:\/\/astcartech.com\/wp-content\/uploads\/2025\/02\/80.png\",\"contentUrl\":\"https:\/\/astcartech.com\/wp-content\/uploads\/2025\/02\/80.png\",\"width\":590,\"height\":590},{\"@type\":\"BreadcrumbList\",\"@id\":\"https:\/\/astcartech.com\/product\/extensor-de-red-wi-fi-ax1500-tp-link-re500x\/#breadcrumb\",\"itemListElement\":[{\"@type\":\"ListItem\",\"position\":1,\"name\":\"Portada\",\"item\":\"https:\/\/astcartech.com\/\"},{\"@type\":\"ListItem\",\"position\":2,\"name\":\"Tienda\",\"item\":\"https:\/\/astcartech.com\/tienda\/\"},{\"@type\":\"ListItem\",\"position\":3,\"name\":\"Extensor de Red Wi-Fi AX1500 Tp Link RE500X\"}]},{\"@type\":\"WebSite\",\"@id\":\"https:\/\/astcartech.com\/#website\",\"url\":\"https:\/\/astcartech.com\/\",\"name\":\"Astcar Tech\",\"description\":\"Suministros y Tecnologia\",\"publisher\":{\"@id\":\"https:\/\/astcartech.com\/#organization\"},\"alternateName\":\"astcar technology\",\"potentialAction\":[{\"@type\":\"SearchAction\",\"target\":{\"@type\":\"EntryPoint\",\"urlTemplate\":\"https:\/\/astcartech.com\/?s={search_term_string}\"},\"query-input\":{\"@type\":\"PropertyValueSpecification\",\"valueRequired\":true,\"valueName\":\"search_term_string\"}}],\"inLanguage\":\"en-US\"},{\"@type\":\"Organization\",\"@id\":\"https:\/\/astcartech.com\/#organization\",\"name\":\"Astcar Tech\",\"alternateName\":\"Astcar Tech\",\"url\":\"https:\/\/astcartech.com\/\",\"logo\":{\"@type\":\"ImageObject\",\"inLanguage\":\"en-US\",\"@id\":\"https:\/\/astcartech.com\/#\/schema\/logo\/image\/\",\"url\":\"https:\/\/astcartech.com\/wp-content\/uploads\/2024\/11\/logo-Astcar-Tech-new_Mesa-de-trabajo-1.png\",\"contentUrl\":\"https:\/\/astcartech.com\/wp-content\/uploads\/2024\/11\/logo-Astcar-Tech-new_Mesa-de-trabajo-1.png\",\"width\":5162,\"height\":2920,\"caption\":\"Astcar Tech\"},\"image\":{\"@id\":\"https:\/\/astcartech.com\/#\/schema\/logo\/image\/\"},\"sameAs\":[\"https:\/\/www.facebook.com\/AstCarTech\",\"https:\/\/www.instagram.com\/astcartech\",\"https:\/\/www.tiktok.com\/@astcartech\"],\"publishingPrinciples\":\"https:\/\/astcartech.com\/tienda\/\",\"ownershipFundingInfo\":\"https:\/\/astcartech.com\/nosotros\/\",\"actionableFeedbackPolicy\":\"https:\/\/astcartech.com\/politica-de-privacidad\/\",\"correctionsPolicy\":\"https:\/\/astcartech.com\/politica-de-privacidad\/\",\"ethicsPolicy\":\"https:\/\/astcartech.com\/politica-de-privacidad\/\",\"diversityPolicy\":\"https:\/\/astcartech.com\/politica-de-privacidad\/\",\"diversityStaffingReport\":\"https:\/\/astcartech.com\/politica-de-privacidad\/\"}]}<\/script>\n<!-- \/ Yoast SEO Premium plugin. -->","yoast_head_json":{"title":"Extensor de Red Wi-Fi AX1500 Tp Link RE500X - ASTCAR TECH","description":"Extensor de Red Wi-Fi AX1500 Tp Link RE500X, Navega a m\u00e1s velocidad hasta 1500Mbps y\u00a0llega a m\u00e1s dispositivos con una menor congesti\u00f3n de la red.","robots":{"index":"index","follow":"follow","max-snippet":"max-snippet:-1","max-image-preview":"max-image-preview:large","max-video-preview":"max-video-preview:-1"},"canonical":"https:\/\/astcartech.com\/en\/product\/extensor-de-red-wi-fi-ax1500-tp-link-re500x\/","og_locale":"en_US","og_type":"article","og_title":"Extensor de Red Wi-Fi AX1500 Tp Link RE500X","og_description":"Extensor de Red Wi-Fi AX1500 Tp Link RE500X, Navega a m\u00e1s velocidad hasta 1500Mbps y\u00a0llega a m\u00e1s dispositivos con una menor congesti\u00f3n de la red.","og_url":"https:\/\/astcartech.com\/en\/product\/extensor-de-red-wi-fi-ax1500-tp-link-re500x\/","og_site_name":"ASTCAR TECH","article_publisher":"https:\/\/www.facebook.com\/AstCarTech","article_modified_time":"2025-02-18T23:14:33+00:00","og_image":[{"width":590,"height":590,"url":"https:\/\/astcartech.com\/wp-content\/uploads\/2025\/02\/80.png","type":"image\/png"}],"twitter_card":"summary_large_image","twitter_misc":{"Est. reading time":"1 minute"},"schema":{"@context":"https:\/\/schema.org","@graph":[{"@type":"WebPage","@id":"https:\/\/astcartech.com\/product\/extensor-de-red-wi-fi-ax1500-tp-link-re500x\/","url":"https:\/\/astcartech.com\/product\/extensor-de-red-wi-fi-ax1500-tp-link-re500x\/","name":"Extensor de Red Wi-Fi AX1500 Tp Link RE500X - ASTCAR TECH","isPartOf":{"@id":"https:\/\/astcartech.com\/#website"},"primaryImageOfPage":{"@id":"https:\/\/astcartech.com\/product\/extensor-de-red-wi-fi-ax1500-tp-link-re500x\/#primaryimage"},"image":{"@id":"https:\/\/astcartech.com\/product\/extensor-de-red-wi-fi-ax1500-tp-link-re500x\/#primaryimage"},"thumbnailUrl":"https:\/\/astcartech.com\/wp-content\/uploads\/2025\/02\/80.png","datePublished":"2025-02-18T23:14:32+00:00","dateModified":"2025-02-18T23:14:33+00:00","description":"Extensor de Red Wi-Fi AX1500 Tp Link RE500X, Navega a m\u00e1s velocidad hasta 1500Mbps y\u00a0llega a m\u00e1s dispositivos con una menor congesti\u00f3n de la red.","breadcrumb":{"@id":"https:\/\/astcartech.com\/product\/extensor-de-red-wi-fi-ax1500-tp-link-re500x\/#breadcrumb"},"inLanguage":"en-US","potentialAction":[{"@type":"ReadAction","target":["https:\/\/astcartech.com\/product\/extensor-de-red-wi-fi-ax1500-tp-link-re500x\/"]}]},{"@type":"ImageObject","inLanguage":"en-US","@id":"https:\/\/astcartech.com\/product\/extensor-de-red-wi-fi-ax1500-tp-link-re500x\/#primaryimage","url":"https:\/\/astcartech.com\/wp-content\/uploads\/2025\/02\/80.png","contentUrl":"https:\/\/astcartech.com\/wp-content\/uploads\/2025\/02\/80.png","width":590,"height":590},{"@type":"BreadcrumbList","@id":"https:\/\/astcartech.com\/product\/extensor-de-red-wi-fi-ax1500-tp-link-re500x\/#breadcrumb","itemListElement":[{"@type":"ListItem","position":1,"name":"Portada","item":"https:\/\/astcartech.com\/"},{"@type":"ListItem","position":2,"name":"Tienda","item":"https:\/\/astcartech.com\/tienda\/"},{"@type":"ListItem","position":3,"name":"Extensor de Red Wi-Fi AX1500 Tp Link RE500X"}]},{"@type":"WebSite","@id":"https:\/\/astcartech.com\/#website","url":"https:\/\/astcartech.com\/","name":"Astcar Tech","description":"Suministros y Tecnologia","publisher":{"@id":"https:\/\/astcartech.com\/#organization"},"alternateName":"astcar technology","potentialAction":[{"@type":"SearchAction","target":{"@type":"EntryPoint","urlTemplate":"https:\/\/astcartech.com\/?s={search_term_string}"},"query-input":{"@type":"PropertyValueSpecification","valueRequired":true,"valueName":"search_term_string"}}],"inLanguage":"en-US"},{"@type":"Organization","@id":"https:\/\/astcartech.com\/#organization","name":"Astcar Tech","alternateName":"Astcar Tech","url":"https:\/\/astcartech.com\/","logo":{"@type":"ImageObject","inLanguage":"en-US","@id":"https:\/\/astcartech.com\/#\/schema\/logo\/image\/","url":"https:\/\/astcartech.com\/wp-content\/uploads\/2024\/11\/logo-Astcar-Tech-new_Mesa-de-trabajo-1.png","contentUrl":"https:\/\/astcartech.com\/wp-content\/uploads\/2024\/11\/logo-Astcar-Tech-new_Mesa-de-trabajo-1.png","width":5162,"height":2920,"caption":"Astcar Tech"},"image":{"@id":"https:\/\/astcartech.com\/#\/schema\/logo\/image\/"},"sameAs":["https:\/\/www.facebook.com\/AstCarTech","https:\/\/www.instagram.com\/astcartech","https:\/\/www.tiktok.com\/@astcartech"],"publishingPrinciples":"https:\/\/astcartech.com\/tienda\/","ownershipFundingInfo":"https:\/\/astcartech.com\/nosotros\/","actionableFeedbackPolicy":"https:\/\/astcartech.com\/politica-de-privacidad\/","correctionsPolicy":"https:\/\/astcartech.com\/politica-de-privacidad\/","ethicsPolicy":"https:\/\/astcartech.com\/politica-de-privacidad\/","diversityPolicy":"https:\/\/astcartech.com\/politica-de-privacidad\/","diversityStaffingReport":"https:\/\/astcartech.com\/politica-de-privacidad\/"}]}},"_links":{"self":[{"href":"https:\/\/astcartech.com\/en\/wp-json\/wp\/v2\/product\/5102","targetHints":{"allow":["GET"]}}],"collection":[{"href":"https:\/\/astcartech.com\/en\/wp-json\/wp\/v2\/product"}],"about":[{"href":"https:\/\/astcartech.com\/en\/wp-json\/wp\/v2\/types\/product"}],"replies":[{"embeddable":true,"href":"https:\/\/astcartech.com\/en\/wp-json\/wp\/v2\/comments?post=5102"}],"wp:featuredmedia":[{"embeddable":true,"href":"https:\/\/astcartech.com\/en\/wp-json\/wp\/v2\/media\/5103"}],"wp:attachment":[{"href":"https:\/\/astcartech.com\/en\/wp-json\/wp\/v2\/media?parent=5102"}],"wp:term":[{"taxonomy":"product_cat","embeddable":true,"href":"https:\/\/astcartech.com\/en\/wp-json\/wp\/v2\/product_cat?post=5102"},{"taxonomy":"product_tag","embeddable":true,"href":"https:\/\/astcartech.com\/en\/wp-json\/wp\/v2\/product_tag?post=5102"}],"curies":[{"name":"wp","href":"https:\/\/api.w.org\/{rel}","templated":true}]}}