{"id":5109,"date":"2025-02-20T22:40:31","date_gmt":"2025-02-20T22:40:31","guid":{"rendered":"https:\/\/astcartech.com\/?post_type=product&#038;p=5109"},"modified":"2025-02-20T22:40:32","modified_gmt":"2025-02-20T22:40:32","slug":"tl-wpa4220-extensor-powerline-wi-fi-av600","status":"publish","type":"product","link":"https:\/\/astcartech.com\/en\/product\/tl-wpa4220-extensor-powerline-wi-fi-av600\/","title":{"rendered":"TL-WPA4220 Extensor Powerline Wi-Fi AV600"},"content":{"rendered":"<div class=\"box title\">\n<div>\n<p class=\"product-name\"><strong>\u00a0 \u00a0 \u00a0 \u00a0TL-WPA4220<\/strong><\/p>\n<\/div>\n<h1>\u00a0 \u00a0Extensor Powerline Wi-Fi AV600<\/h1>\n<\/div>\n<div class=\"box highlights\">\n<ul>\n<li>Ampl\u00ede la red cableada e inal\u00e1mbrica a cualquier habitaci\u00f3n utilizando el sistema el\u00e9ctrico existente de su hogar<\/li>\n<li>El bot\u00f3n de clonaci\u00f3n de Wi-Fi One Touch Super Range Extension simplifica la configuraci\u00f3n de Wi-Fi y ayuda a crear una red dom\u00e9stica unificada y perfecta<\/li>\n<li>Est\u00e1ndar HomePlug AV que proporciona transmisi\u00f3n de datos de alta velocidad de hasta 600 Mbps\u00a0<sup>1<\/sup>\u00a0a trav\u00e9s del cableado el\u00e9ctrico existente de una casa, ideal para transmisi\u00f3n de video HD o 3D sin demoras y juegos en l\u00ednea<\/li>\n<li>Ampl\u00ede las conexiones inal\u00e1mbricas de 300 Mbps a \u00e1reas de su hogar y oficina que antes eran dif\u00edciles de alcanzar<\/li>\n<\/ul>\n<\/div>","protected":false},"excerpt":{"rendered":"<p>\u00a0 \u00a0 \u00a0 \u00a0TL-WPA4220 \u00a0 \u00a0Extensor Powerline Wi-Fi AV600 Ampl\u00ede la red cableada e inal\u00e1mbrica a cualquier habitaci\u00f3n utilizando el sistema el\u00e9ctrico existente de su hogar El bot\u00f3n de clonaci\u00f3n de Wi-Fi One Touch Super Range Extension simplifica la configuraci\u00f3n de Wi-Fi y ayuda a crear una red dom\u00e9stica unificada y perfecta Est\u00e1ndar HomePlug AV [&hellip;]<\/p>","protected":false},"featured_media":5110,"comment_status":"open","ping_status":"closed","template":"","meta":[],"product_cat":[90],"product_tag":[],"class_list":{"0":"post-5109","1":"product","2":"type-product","3":"status-publish","4":"has-post-thumbnail","6":"product_cat-redes-routers-antena-wifi","8":"first","9":"instock","10":"sale","11":"shipping-taxable","12":"purchasable","13":"product-type-simple"},"yoast_head":"<!-- This site is optimized with the Yoast SEO Premium plugin v26.3 (Yoast SEO v26.3) - https:\/\/yoast.com\/wordpress\/plugins\/seo\/ -->\n<title>TL-WPA4220 Extensor Powerline Wi-Fi AV600 - ASTCAR TECH<\/title>\n<meta name=\"description\" content=\"TL-WPA4220 Extensor Powerline Wi-Fi AV600, Ampl\u00ede la red cableada e inal\u00e1mbrica a cualquier habitaci\u00f3n utilizando el sistema el\u00e9ctrico existente de su hogar\" \/>\n<meta name=\"robots\" content=\"index, follow, max-snippet:-1, max-image-preview:large, max-video-preview:-1\" \/>\n<link rel=\"canonical\" href=\"https:\/\/astcartech.com\/en\/product\/tl-wpa4220-extensor-powerline-wi-fi-av600\/\" \/>\n<meta property=\"og:locale\" content=\"en_US\" \/>\n<meta property=\"og:type\" content=\"article\" \/>\n<meta property=\"og:title\" content=\"TL-WPA4220 Extensor Powerline Wi-Fi AV600\" \/>\n<meta property=\"og:description\" content=\"TL-WPA4220 Extensor Powerline Wi-Fi AV600, Ampl\u00ede la red cableada e inal\u00e1mbrica a cualquier habitaci\u00f3n utilizando el sistema el\u00e9ctrico existente de su hogar\" \/>\n<meta property=\"og:url\" content=\"https:\/\/astcartech.com\/en\/product\/tl-wpa4220-extensor-powerline-wi-fi-av600\/\" \/>\n<meta property=\"og:site_name\" content=\"ASTCAR TECH\" \/>\n<meta property=\"article:publisher\" content=\"https:\/\/www.facebook.com\/AstCarTech\" \/>\n<meta property=\"article:modified_time\" content=\"2025-02-20T22:40:32+00:00\" \/>\n<meta property=\"og:image\" content=\"https:\/\/astcartech.com\/wp-content\/uploads\/2025\/02\/82.jpg\" \/>\n\t<meta property=\"og:image:width\" content=\"590\" \/>\n\t<meta property=\"og:image:height\" content=\"590\" \/>\n\t<meta property=\"og:image:type\" content=\"image\/jpeg\" \/>\n<meta name=\"twitter:card\" content=\"summary_large_image\" \/>\n<meta name=\"twitter:label1\" content=\"Est. reading time\" \/>\n\t<meta name=\"twitter:data1\" content=\"1 minute\" \/>\n<script type=\"application\/ld+json\" class=\"yoast-schema-graph\">{\"@context\":\"https:\/\/schema.org\",\"@graph\":[{\"@type\":\"WebPage\",\"@id\":\"https:\/\/astcartech.com\/product\/tl-wpa4220-extensor-powerline-wi-fi-av600\/\",\"url\":\"https:\/\/astcartech.com\/product\/tl-wpa4220-extensor-powerline-wi-fi-av600\/\",\"name\":\"TL-WPA4220 Extensor Powerline Wi-Fi AV600 - ASTCAR TECH\",\"isPartOf\":{\"@id\":\"https:\/\/astcartech.com\/#website\"},\"primaryImageOfPage\":{\"@id\":\"https:\/\/astcartech.com\/product\/tl-wpa4220-extensor-powerline-wi-fi-av600\/#primaryimage\"},\"image\":{\"@id\":\"https:\/\/astcartech.com\/product\/tl-wpa4220-extensor-powerline-wi-fi-av600\/#primaryimage\"},\"thumbnailUrl\":\"https:\/\/astcartech.com\/wp-content\/uploads\/2025\/02\/82.jpg\",\"datePublished\":\"2025-02-20T22:40:31+00:00\",\"dateModified\":\"2025-02-20T22:40:32+00:00\",\"description\":\"TL-WPA4220 Extensor Powerline Wi-Fi AV600, Ampl\u00ede la red cableada e inal\u00e1mbrica a cualquier habitaci\u00f3n utilizando el sistema el\u00e9ctrico existente de su hogar\",\"breadcrumb\":{\"@id\":\"https:\/\/astcartech.com\/product\/tl-wpa4220-extensor-powerline-wi-fi-av600\/#breadcrumb\"},\"inLanguage\":\"en-US\",\"potentialAction\":[{\"@type\":\"ReadAction\",\"target\":[\"https:\/\/astcartech.com\/product\/tl-wpa4220-extensor-powerline-wi-fi-av600\/\"]}]},{\"@type\":\"ImageObject\",\"inLanguage\":\"en-US\",\"@id\":\"https:\/\/astcartech.com\/product\/tl-wpa4220-extensor-powerline-wi-fi-av600\/#primaryimage\",\"url\":\"https:\/\/astcartech.com\/wp-content\/uploads\/2025\/02\/82.jpg\",\"contentUrl\":\"https:\/\/astcartech.com\/wp-content\/uploads\/2025\/02\/82.jpg\",\"width\":590,\"height\":590},{\"@type\":\"BreadcrumbList\",\"@id\":\"https:\/\/astcartech.com\/product\/tl-wpa4220-extensor-powerline-wi-fi-av600\/#breadcrumb\",\"itemListElement\":[{\"@type\":\"ListItem\",\"position\":1,\"name\":\"Portada\",\"item\":\"https:\/\/astcartech.com\/\"},{\"@type\":\"ListItem\",\"position\":2,\"name\":\"Tienda\",\"item\":\"https:\/\/astcartech.com\/tienda\/\"},{\"@type\":\"ListItem\",\"position\":3,\"name\":\"TL-WPA4220 Extensor Powerline Wi-Fi AV600\"}]},{\"@type\":\"WebSite\",\"@id\":\"https:\/\/astcartech.com\/#website\",\"url\":\"https:\/\/astcartech.com\/\",\"name\":\"Astcar Tech\",\"description\":\"Suministros y Tecnologia\",\"publisher\":{\"@id\":\"https:\/\/astcartech.com\/#organization\"},\"alternateName\":\"astcar technology\",\"potentialAction\":[{\"@type\":\"SearchAction\",\"target\":{\"@type\":\"EntryPoint\",\"urlTemplate\":\"https:\/\/astcartech.com\/?s={search_term_string}\"},\"query-input\":{\"@type\":\"PropertyValueSpecification\",\"valueRequired\":true,\"valueName\":\"search_term_string\"}}],\"inLanguage\":\"en-US\"},{\"@type\":\"Organization\",\"@id\":\"https:\/\/astcartech.com\/#organization\",\"name\":\"Astcar Tech\",\"alternateName\":\"Astcar Tech\",\"url\":\"https:\/\/astcartech.com\/\",\"logo\":{\"@type\":\"ImageObject\",\"inLanguage\":\"en-US\",\"@id\":\"https:\/\/astcartech.com\/#\/schema\/logo\/image\/\",\"url\":\"https:\/\/astcartech.com\/wp-content\/uploads\/2024\/11\/logo-Astcar-Tech-new_Mesa-de-trabajo-1.png\",\"contentUrl\":\"https:\/\/astcartech.com\/wp-content\/uploads\/2024\/11\/logo-Astcar-Tech-new_Mesa-de-trabajo-1.png\",\"width\":5162,\"height\":2920,\"caption\":\"Astcar Tech\"},\"image\":{\"@id\":\"https:\/\/astcartech.com\/#\/schema\/logo\/image\/\"},\"sameAs\":[\"https:\/\/www.facebook.com\/AstCarTech\",\"https:\/\/www.instagram.com\/astcartech\",\"https:\/\/www.tiktok.com\/@astcartech\"],\"publishingPrinciples\":\"https:\/\/astcartech.com\/tienda\/\",\"ownershipFundingInfo\":\"https:\/\/astcartech.com\/nosotros\/\",\"actionableFeedbackPolicy\":\"https:\/\/astcartech.com\/politica-de-privacidad\/\",\"correctionsPolicy\":\"https:\/\/astcartech.com\/politica-de-privacidad\/\",\"ethicsPolicy\":\"https:\/\/astcartech.com\/politica-de-privacidad\/\",\"diversityPolicy\":\"https:\/\/astcartech.com\/politica-de-privacidad\/\",\"diversityStaffingReport\":\"https:\/\/astcartech.com\/politica-de-privacidad\/\"}]}<\/script>\n<!-- \/ Yoast SEO Premium plugin. -->","yoast_head_json":{"title":"TL-WPA4220 Extensor Powerline Wi-Fi AV600 - ASTCAR TECH","description":"TL-WPA4220 Extensor Powerline Wi-Fi AV600, Ampl\u00ede la red cableada e inal\u00e1mbrica a cualquier habitaci\u00f3n utilizando el sistema el\u00e9ctrico existente de su hogar","robots":{"index":"index","follow":"follow","max-snippet":"max-snippet:-1","max-image-preview":"max-image-preview:large","max-video-preview":"max-video-preview:-1"},"canonical":"https:\/\/astcartech.com\/en\/product\/tl-wpa4220-extensor-powerline-wi-fi-av600\/","og_locale":"en_US","og_type":"article","og_title":"TL-WPA4220 Extensor Powerline Wi-Fi AV600","og_description":"TL-WPA4220 Extensor Powerline Wi-Fi AV600, Ampl\u00ede la red cableada e inal\u00e1mbrica a cualquier habitaci\u00f3n utilizando el sistema el\u00e9ctrico existente de su hogar","og_url":"https:\/\/astcartech.com\/en\/product\/tl-wpa4220-extensor-powerline-wi-fi-av600\/","og_site_name":"ASTCAR TECH","article_publisher":"https:\/\/www.facebook.com\/AstCarTech","article_modified_time":"2025-02-20T22:40:32+00:00","og_image":[{"width":590,"height":590,"url":"https:\/\/astcartech.com\/wp-content\/uploads\/2025\/02\/82.jpg","type":"image\/jpeg"}],"twitter_card":"summary_large_image","twitter_misc":{"Est. reading time":"1 minute"},"schema":{"@context":"https:\/\/schema.org","@graph":[{"@type":"WebPage","@id":"https:\/\/astcartech.com\/product\/tl-wpa4220-extensor-powerline-wi-fi-av600\/","url":"https:\/\/astcartech.com\/product\/tl-wpa4220-extensor-powerline-wi-fi-av600\/","name":"TL-WPA4220 Extensor Powerline Wi-Fi AV600 - ASTCAR TECH","isPartOf":{"@id":"https:\/\/astcartech.com\/#website"},"primaryImageOfPage":{"@id":"https:\/\/astcartech.com\/product\/tl-wpa4220-extensor-powerline-wi-fi-av600\/#primaryimage"},"image":{"@id":"https:\/\/astcartech.com\/product\/tl-wpa4220-extensor-powerline-wi-fi-av600\/#primaryimage"},"thumbnailUrl":"https:\/\/astcartech.com\/wp-content\/uploads\/2025\/02\/82.jpg","datePublished":"2025-02-20T22:40:31+00:00","dateModified":"2025-02-20T22:40:32+00:00","description":"TL-WPA4220 Extensor Powerline Wi-Fi AV600, Ampl\u00ede la red cableada e inal\u00e1mbrica a cualquier habitaci\u00f3n utilizando el sistema el\u00e9ctrico existente de su hogar","breadcrumb":{"@id":"https:\/\/astcartech.com\/product\/tl-wpa4220-extensor-powerline-wi-fi-av600\/#breadcrumb"},"inLanguage":"en-US","potentialAction":[{"@type":"ReadAction","target":["https:\/\/astcartech.com\/product\/tl-wpa4220-extensor-powerline-wi-fi-av600\/"]}]},{"@type":"ImageObject","inLanguage":"en-US","@id":"https:\/\/astcartech.com\/product\/tl-wpa4220-extensor-powerline-wi-fi-av600\/#primaryimage","url":"https:\/\/astcartech.com\/wp-content\/uploads\/2025\/02\/82.jpg","contentUrl":"https:\/\/astcartech.com\/wp-content\/uploads\/2025\/02\/82.jpg","width":590,"height":590},{"@type":"BreadcrumbList","@id":"https:\/\/astcartech.com\/product\/tl-wpa4220-extensor-powerline-wi-fi-av600\/#breadcrumb","itemListElement":[{"@type":"ListItem","position":1,"name":"Portada","item":"https:\/\/astcartech.com\/"},{"@type":"ListItem","position":2,"name":"Tienda","item":"https:\/\/astcartech.com\/tienda\/"},{"@type":"ListItem","position":3,"name":"TL-WPA4220 Extensor Powerline Wi-Fi AV600"}]},{"@type":"WebSite","@id":"https:\/\/astcartech.com\/#website","url":"https:\/\/astcartech.com\/","name":"Astcar Tech","description":"Suministros y Tecnologia","publisher":{"@id":"https:\/\/astcartech.com\/#organization"},"alternateName":"astcar technology","potentialAction":[{"@type":"SearchAction","target":{"@type":"EntryPoint","urlTemplate":"https:\/\/astcartech.com\/?s={search_term_string}"},"query-input":{"@type":"PropertyValueSpecification","valueRequired":true,"valueName":"search_term_string"}}],"inLanguage":"en-US"},{"@type":"Organization","@id":"https:\/\/astcartech.com\/#organization","name":"Astcar Tech","alternateName":"Astcar Tech","url":"https:\/\/astcartech.com\/","logo":{"@type":"ImageObject","inLanguage":"en-US","@id":"https:\/\/astcartech.com\/#\/schema\/logo\/image\/","url":"https:\/\/astcartech.com\/wp-content\/uploads\/2024\/11\/logo-Astcar-Tech-new_Mesa-de-trabajo-1.png","contentUrl":"https:\/\/astcartech.com\/wp-content\/uploads\/2024\/11\/logo-Astcar-Tech-new_Mesa-de-trabajo-1.png","width":5162,"height":2920,"caption":"Astcar Tech"},"image":{"@id":"https:\/\/astcartech.com\/#\/schema\/logo\/image\/"},"sameAs":["https:\/\/www.facebook.com\/AstCarTech","https:\/\/www.instagram.com\/astcartech","https:\/\/www.tiktok.com\/@astcartech"],"publishingPrinciples":"https:\/\/astcartech.com\/tienda\/","ownershipFundingInfo":"https:\/\/astcartech.com\/nosotros\/","actionableFeedbackPolicy":"https:\/\/astcartech.com\/politica-de-privacidad\/","correctionsPolicy":"https:\/\/astcartech.com\/politica-de-privacidad\/","ethicsPolicy":"https:\/\/astcartech.com\/politica-de-privacidad\/","diversityPolicy":"https:\/\/astcartech.com\/politica-de-privacidad\/","diversityStaffingReport":"https:\/\/astcartech.com\/politica-de-privacidad\/"}]}},"_links":{"self":[{"href":"https:\/\/astcartech.com\/en\/wp-json\/wp\/v2\/product\/5109","targetHints":{"allow":["GET"]}}],"collection":[{"href":"https:\/\/astcartech.com\/en\/wp-json\/wp\/v2\/product"}],"about":[{"href":"https:\/\/astcartech.com\/en\/wp-json\/wp\/v2\/types\/product"}],"replies":[{"embeddable":true,"href":"https:\/\/astcartech.com\/en\/wp-json\/wp\/v2\/comments?post=5109"}],"wp:featuredmedia":[{"embeddable":true,"href":"https:\/\/astcartech.com\/en\/wp-json\/wp\/v2\/media\/5110"}],"wp:attachment":[{"href":"https:\/\/astcartech.com\/en\/wp-json\/wp\/v2\/media?parent=5109"}],"wp:term":[{"taxonomy":"product_cat","embeddable":true,"href":"https:\/\/astcartech.com\/en\/wp-json\/wp\/v2\/product_cat?post=5109"},{"taxonomy":"product_tag","embeddable":true,"href":"https:\/\/astcartech.com\/en\/wp-json\/wp\/v2\/product_tag?post=5109"}],"curies":[{"name":"wp","href":"https:\/\/api.w.org\/{rel}","templated":true}]}}