{"id":5126,"date":"2025-02-20T22:58:22","date_gmt":"2025-02-20T22:58:22","guid":{"rendered":"https:\/\/astcartech.com\/?post_type=product&#038;p=5126"},"modified":"2025-02-20T22:58:23","modified_gmt":"2025-02-20T22:58:23","slug":"deco-wi-fi-ac1300-mesh-para-toda-la-casa","status":"publish","type":"product","link":"https:\/\/astcartech.com\/en\/product\/deco-wi-fi-ac1300-mesh-para-toda-la-casa\/","title":{"rendered":"Deco Wi-Fi AC1300 Mesh para toda la Casa"},"content":{"rendered":"<ul>\n<li>ESPECIFICACIONES:<\/li>\n<li>Deco utiliza un sistema de unidades para lograr una cobertura de Wi-Fi sin problemas en todo el hogar: \u00a1elimine las \u00e1reas de se\u00f1al d\u00e9bil de una vez por todas!<\/li>\n<li>Con la avanzada tecnolog\u00eda Deco Mesh, las unidades trabajan juntas para formar una red unificada para todo el hogar con el mismo nombre de red. Los dispositivos cambian autom\u00e1ticamente entre Decos a medida que te mueves por tu casa para obtener las velocidades m\u00e1s r\u00e1pidas posibles.<\/li>\n<li>Un paquete de tres Deco M5 ofrece Wi-Fi en un \u00e1rea de hasta 510\u00a0metros\u00a0cuadrados, mientras que un paquete de dos Deco M5 ofrece hasta 353 metros cuadrados. Y si eso no es suficiente, simplemente agregue m\u00e1s Decos a la red en cualquier momento para aumentar la cobertura.<\/li>\n<li>Deco M5 proporciona conexiones r\u00e1pidas y estables con velocidades de hasta 1267Mbps y funciona con cualquier proveedor de servicios de Internet (ISP) y m\u00f3dem.<\/li>\n<li>Deco puede manejar el tr\u00e1fico incluso de las redes m\u00e1s activas, proporcionando conexiones sin demoras para m\u00e1s de 100 dispositivos.<\/li>\n<li>TP-Link HomeCareTM ofrece un conjunto de caracter\u00edsticas personalizadas y seguras, que incluyen controles parentales, antivirus incorporado y calidad de servicio (QoS).<\/li>\n<li>La configuraci\u00f3n es m\u00e1s f\u00e1cil que nunca con la aplicaci\u00f3n Deco para guiarte en cada paso<\/li>\n<\/ul>","protected":false},"excerpt":{"rendered":"<p>ESPECIFICACIONES: Deco utiliza un sistema de unidades para lograr una cobertura de Wi-Fi sin problemas en todo el hogar: \u00a1elimine las \u00e1reas de se\u00f1al d\u00e9bil de una vez por todas! Con la avanzada tecnolog\u00eda Deco Mesh, las unidades trabajan juntas para formar una red unificada para todo el hogar con el mismo nombre de red. [&hellip;]<\/p>","protected":false},"featured_media":5127,"comment_status":"open","ping_status":"closed","template":"","meta":[],"product_cat":[90],"product_tag":[],"class_list":{"0":"post-5126","1":"product","2":"type-product","3":"status-publish","4":"has-post-thumbnail","6":"product_brand-tp-link","7":"product_cat-redes-routers-antena-wifi","9":"first","10":"instock","11":"sale","12":"shipping-taxable","13":"purchasable","14":"product-type-simple"},"yoast_head":"<!-- This site is optimized with the Yoast SEO Premium plugin v26.3 (Yoast SEO v26.3) - https:\/\/yoast.com\/wordpress\/plugins\/seo\/ -->\n<title>Deco Wi-Fi AC1300 Mesh para toda la Casa - ASTCAR TECH<\/title>\n<meta name=\"description\" content=\"Deco Wi-Fi AC1300 Mesh para la Casa, sistema de unidades para lograr cobertura de Wi-Fi sin problemas en todo el hogar: \u00a1elimine las \u00e1reas de se\u00f1al d\u00e9bil\" \/>\n<meta name=\"robots\" content=\"index, follow, max-snippet:-1, max-image-preview:large, max-video-preview:-1\" \/>\n<link rel=\"canonical\" href=\"https:\/\/astcartech.com\/en\/product\/deco-wi-fi-ac1300-mesh-para-toda-la-casa\/\" \/>\n<meta property=\"og:locale\" content=\"en_US\" \/>\n<meta property=\"og:type\" content=\"article\" \/>\n<meta property=\"og:title\" content=\"Deco Wi-Fi AC1300 Mesh para toda la Casa\" \/>\n<meta property=\"og:description\" content=\"Deco Wi-Fi AC1300 Mesh para la Casa, sistema de unidades para lograr cobertura de Wi-Fi sin problemas en todo el hogar: \u00a1elimine las \u00e1reas de se\u00f1al d\u00e9bil\" \/>\n<meta property=\"og:url\" content=\"https:\/\/astcartech.com\/en\/product\/deco-wi-fi-ac1300-mesh-para-toda-la-casa\/\" \/>\n<meta property=\"og:site_name\" content=\"ASTCAR TECH\" \/>\n<meta property=\"article:publisher\" content=\"https:\/\/www.facebook.com\/AstCarTech\" \/>\n<meta property=\"article:modified_time\" content=\"2025-02-20T22:58:23+00:00\" \/>\n<meta property=\"og:image\" content=\"https:\/\/astcartech.com\/wp-content\/uploads\/2025\/02\/92.jpg\" \/>\n\t<meta property=\"og:image:width\" content=\"590\" \/>\n\t<meta property=\"og:image:height\" content=\"590\" \/>\n\t<meta property=\"og:image:type\" content=\"image\/jpeg\" \/>\n<meta name=\"twitter:card\" content=\"summary_large_image\" \/>\n<meta name=\"twitter:label1\" content=\"Est. reading time\" \/>\n\t<meta name=\"twitter:data1\" content=\"2 minutes\" \/>\n<script type=\"application\/ld+json\" class=\"yoast-schema-graph\">{\"@context\":\"https:\/\/schema.org\",\"@graph\":[{\"@type\":\"WebPage\",\"@id\":\"https:\/\/astcartech.com\/product\/deco-wi-fi-ac1300-mesh-para-toda-la-casa\/\",\"url\":\"https:\/\/astcartech.com\/product\/deco-wi-fi-ac1300-mesh-para-toda-la-casa\/\",\"name\":\"Deco Wi-Fi AC1300 Mesh para toda la Casa - ASTCAR TECH\",\"isPartOf\":{\"@id\":\"https:\/\/astcartech.com\/#website\"},\"primaryImageOfPage\":{\"@id\":\"https:\/\/astcartech.com\/product\/deco-wi-fi-ac1300-mesh-para-toda-la-casa\/#primaryimage\"},\"image\":{\"@id\":\"https:\/\/astcartech.com\/product\/deco-wi-fi-ac1300-mesh-para-toda-la-casa\/#primaryimage\"},\"thumbnailUrl\":\"https:\/\/astcartech.com\/wp-content\/uploads\/2025\/02\/92.jpg\",\"datePublished\":\"2025-02-20T22:58:22+00:00\",\"dateModified\":\"2025-02-20T22:58:23+00:00\",\"description\":\"Deco Wi-Fi AC1300 Mesh para la Casa, sistema de unidades para lograr cobertura de Wi-Fi sin problemas en todo el hogar: \u00a1elimine las \u00e1reas de se\u00f1al d\u00e9bil\",\"breadcrumb\":{\"@id\":\"https:\/\/astcartech.com\/product\/deco-wi-fi-ac1300-mesh-para-toda-la-casa\/#breadcrumb\"},\"inLanguage\":\"en-US\",\"potentialAction\":[{\"@type\":\"ReadAction\",\"target\":[\"https:\/\/astcartech.com\/product\/deco-wi-fi-ac1300-mesh-para-toda-la-casa\/\"]}]},{\"@type\":\"ImageObject\",\"inLanguage\":\"en-US\",\"@id\":\"https:\/\/astcartech.com\/product\/deco-wi-fi-ac1300-mesh-para-toda-la-casa\/#primaryimage\",\"url\":\"https:\/\/astcartech.com\/wp-content\/uploads\/2025\/02\/92.jpg\",\"contentUrl\":\"https:\/\/astcartech.com\/wp-content\/uploads\/2025\/02\/92.jpg\",\"width\":590,\"height\":590},{\"@type\":\"BreadcrumbList\",\"@id\":\"https:\/\/astcartech.com\/product\/deco-wi-fi-ac1300-mesh-para-toda-la-casa\/#breadcrumb\",\"itemListElement\":[{\"@type\":\"ListItem\",\"position\":1,\"name\":\"Portada\",\"item\":\"https:\/\/astcartech.com\/\"},{\"@type\":\"ListItem\",\"position\":2,\"name\":\"Tienda\",\"item\":\"https:\/\/astcartech.com\/tienda\/\"},{\"@type\":\"ListItem\",\"position\":3,\"name\":\"Deco Wi-Fi AC1300 Mesh para toda la Casa\"}]},{\"@type\":\"WebSite\",\"@id\":\"https:\/\/astcartech.com\/#website\",\"url\":\"https:\/\/astcartech.com\/\",\"name\":\"Astcar Tech\",\"description\":\"Suministros y Tecnologia\",\"publisher\":{\"@id\":\"https:\/\/astcartech.com\/#organization\"},\"alternateName\":\"astcar technology\",\"potentialAction\":[{\"@type\":\"SearchAction\",\"target\":{\"@type\":\"EntryPoint\",\"urlTemplate\":\"https:\/\/astcartech.com\/?s={search_term_string}\"},\"query-input\":{\"@type\":\"PropertyValueSpecification\",\"valueRequired\":true,\"valueName\":\"search_term_string\"}}],\"inLanguage\":\"en-US\"},{\"@type\":\"Organization\",\"@id\":\"https:\/\/astcartech.com\/#organization\",\"name\":\"Astcar Tech\",\"alternateName\":\"Astcar Tech\",\"url\":\"https:\/\/astcartech.com\/\",\"logo\":{\"@type\":\"ImageObject\",\"inLanguage\":\"en-US\",\"@id\":\"https:\/\/astcartech.com\/#\/schema\/logo\/image\/\",\"url\":\"https:\/\/astcartech.com\/wp-content\/uploads\/2024\/11\/logo-Astcar-Tech-new_Mesa-de-trabajo-1.png\",\"contentUrl\":\"https:\/\/astcartech.com\/wp-content\/uploads\/2024\/11\/logo-Astcar-Tech-new_Mesa-de-trabajo-1.png\",\"width\":5162,\"height\":2920,\"caption\":\"Astcar Tech\"},\"image\":{\"@id\":\"https:\/\/astcartech.com\/#\/schema\/logo\/image\/\"},\"sameAs\":[\"https:\/\/www.facebook.com\/AstCarTech\",\"https:\/\/www.instagram.com\/astcartech\",\"https:\/\/www.tiktok.com\/@astcartech\"],\"publishingPrinciples\":\"https:\/\/astcartech.com\/tienda\/\",\"ownershipFundingInfo\":\"https:\/\/astcartech.com\/nosotros\/\",\"actionableFeedbackPolicy\":\"https:\/\/astcartech.com\/politica-de-privacidad\/\",\"correctionsPolicy\":\"https:\/\/astcartech.com\/politica-de-privacidad\/\",\"ethicsPolicy\":\"https:\/\/astcartech.com\/politica-de-privacidad\/\",\"diversityPolicy\":\"https:\/\/astcartech.com\/politica-de-privacidad\/\",\"diversityStaffingReport\":\"https:\/\/astcartech.com\/politica-de-privacidad\/\"}]}<\/script>\n<!-- \/ Yoast SEO Premium plugin. -->","yoast_head_json":{"title":"Deco Wi-Fi AC1300 Mesh para toda la Casa - ASTCAR TECH","description":"Deco Wi-Fi AC1300 Mesh para la Casa, sistema de unidades para lograr cobertura de Wi-Fi sin problemas en todo el hogar: \u00a1elimine las \u00e1reas de se\u00f1al d\u00e9bil","robots":{"index":"index","follow":"follow","max-snippet":"max-snippet:-1","max-image-preview":"max-image-preview:large","max-video-preview":"max-video-preview:-1"},"canonical":"https:\/\/astcartech.com\/en\/product\/deco-wi-fi-ac1300-mesh-para-toda-la-casa\/","og_locale":"en_US","og_type":"article","og_title":"Deco Wi-Fi AC1300 Mesh para toda la Casa","og_description":"Deco Wi-Fi AC1300 Mesh para la Casa, sistema de unidades para lograr cobertura de Wi-Fi sin problemas en todo el hogar: \u00a1elimine las \u00e1reas de se\u00f1al d\u00e9bil","og_url":"https:\/\/astcartech.com\/en\/product\/deco-wi-fi-ac1300-mesh-para-toda-la-casa\/","og_site_name":"ASTCAR TECH","article_publisher":"https:\/\/www.facebook.com\/AstCarTech","article_modified_time":"2025-02-20T22:58:23+00:00","og_image":[{"width":590,"height":590,"url":"https:\/\/astcartech.com\/wp-content\/uploads\/2025\/02\/92.jpg","type":"image\/jpeg"}],"twitter_card":"summary_large_image","twitter_misc":{"Est. reading time":"2 minutes"},"schema":{"@context":"https:\/\/schema.org","@graph":[{"@type":"WebPage","@id":"https:\/\/astcartech.com\/product\/deco-wi-fi-ac1300-mesh-para-toda-la-casa\/","url":"https:\/\/astcartech.com\/product\/deco-wi-fi-ac1300-mesh-para-toda-la-casa\/","name":"Deco Wi-Fi AC1300 Mesh para toda la Casa - ASTCAR TECH","isPartOf":{"@id":"https:\/\/astcartech.com\/#website"},"primaryImageOfPage":{"@id":"https:\/\/astcartech.com\/product\/deco-wi-fi-ac1300-mesh-para-toda-la-casa\/#primaryimage"},"image":{"@id":"https:\/\/astcartech.com\/product\/deco-wi-fi-ac1300-mesh-para-toda-la-casa\/#primaryimage"},"thumbnailUrl":"https:\/\/astcartech.com\/wp-content\/uploads\/2025\/02\/92.jpg","datePublished":"2025-02-20T22:58:22+00:00","dateModified":"2025-02-20T22:58:23+00:00","description":"Deco Wi-Fi AC1300 Mesh para la Casa, sistema de unidades para lograr cobertura de Wi-Fi sin problemas en todo el hogar: \u00a1elimine las \u00e1reas de se\u00f1al d\u00e9bil","breadcrumb":{"@id":"https:\/\/astcartech.com\/product\/deco-wi-fi-ac1300-mesh-para-toda-la-casa\/#breadcrumb"},"inLanguage":"en-US","potentialAction":[{"@type":"ReadAction","target":["https:\/\/astcartech.com\/product\/deco-wi-fi-ac1300-mesh-para-toda-la-casa\/"]}]},{"@type":"ImageObject","inLanguage":"en-US","@id":"https:\/\/astcartech.com\/product\/deco-wi-fi-ac1300-mesh-para-toda-la-casa\/#primaryimage","url":"https:\/\/astcartech.com\/wp-content\/uploads\/2025\/02\/92.jpg","contentUrl":"https:\/\/astcartech.com\/wp-content\/uploads\/2025\/02\/92.jpg","width":590,"height":590},{"@type":"BreadcrumbList","@id":"https:\/\/astcartech.com\/product\/deco-wi-fi-ac1300-mesh-para-toda-la-casa\/#breadcrumb","itemListElement":[{"@type":"ListItem","position":1,"name":"Portada","item":"https:\/\/astcartech.com\/"},{"@type":"ListItem","position":2,"name":"Tienda","item":"https:\/\/astcartech.com\/tienda\/"},{"@type":"ListItem","position":3,"name":"Deco Wi-Fi AC1300 Mesh para toda la Casa"}]},{"@type":"WebSite","@id":"https:\/\/astcartech.com\/#website","url":"https:\/\/astcartech.com\/","name":"Astcar Tech","description":"Suministros y Tecnologia","publisher":{"@id":"https:\/\/astcartech.com\/#organization"},"alternateName":"astcar technology","potentialAction":[{"@type":"SearchAction","target":{"@type":"EntryPoint","urlTemplate":"https:\/\/astcartech.com\/?s={search_term_string}"},"query-input":{"@type":"PropertyValueSpecification","valueRequired":true,"valueName":"search_term_string"}}],"inLanguage":"en-US"},{"@type":"Organization","@id":"https:\/\/astcartech.com\/#organization","name":"Astcar Tech","alternateName":"Astcar Tech","url":"https:\/\/astcartech.com\/","logo":{"@type":"ImageObject","inLanguage":"en-US","@id":"https:\/\/astcartech.com\/#\/schema\/logo\/image\/","url":"https:\/\/astcartech.com\/wp-content\/uploads\/2024\/11\/logo-Astcar-Tech-new_Mesa-de-trabajo-1.png","contentUrl":"https:\/\/astcartech.com\/wp-content\/uploads\/2024\/11\/logo-Astcar-Tech-new_Mesa-de-trabajo-1.png","width":5162,"height":2920,"caption":"Astcar Tech"},"image":{"@id":"https:\/\/astcartech.com\/#\/schema\/logo\/image\/"},"sameAs":["https:\/\/www.facebook.com\/AstCarTech","https:\/\/www.instagram.com\/astcartech","https:\/\/www.tiktok.com\/@astcartech"],"publishingPrinciples":"https:\/\/astcartech.com\/tienda\/","ownershipFundingInfo":"https:\/\/astcartech.com\/nosotros\/","actionableFeedbackPolicy":"https:\/\/astcartech.com\/politica-de-privacidad\/","correctionsPolicy":"https:\/\/astcartech.com\/politica-de-privacidad\/","ethicsPolicy":"https:\/\/astcartech.com\/politica-de-privacidad\/","diversityPolicy":"https:\/\/astcartech.com\/politica-de-privacidad\/","diversityStaffingReport":"https:\/\/astcartech.com\/politica-de-privacidad\/"}]}},"_links":{"self":[{"href":"https:\/\/astcartech.com\/en\/wp-json\/wp\/v2\/product\/5126","targetHints":{"allow":["GET"]}}],"collection":[{"href":"https:\/\/astcartech.com\/en\/wp-json\/wp\/v2\/product"}],"about":[{"href":"https:\/\/astcartech.com\/en\/wp-json\/wp\/v2\/types\/product"}],"replies":[{"embeddable":true,"href":"https:\/\/astcartech.com\/en\/wp-json\/wp\/v2\/comments?post=5126"}],"wp:featuredmedia":[{"embeddable":true,"href":"https:\/\/astcartech.com\/en\/wp-json\/wp\/v2\/media\/5127"}],"wp:attachment":[{"href":"https:\/\/astcartech.com\/en\/wp-json\/wp\/v2\/media?parent=5126"}],"wp:term":[{"taxonomy":"product_cat","embeddable":true,"href":"https:\/\/astcartech.com\/en\/wp-json\/wp\/v2\/product_cat?post=5126"},{"taxonomy":"product_tag","embeddable":true,"href":"https:\/\/astcartech.com\/en\/wp-json\/wp\/v2\/product_tag?post=5126"}],"curies":[{"name":"wp","href":"https:\/\/api.w.org\/{rel}","templated":true}]}}