{"id":5133,"date":"2025-02-20T23:07:34","date_gmt":"2025-02-20T23:07:34","guid":{"rendered":"https:\/\/astcartech.com\/?post_type=product&#038;p=5133"},"modified":"2025-02-20T23:07:35","modified_gmt":"2025-02-20T23:07:35","slug":"deco-m9-plus-sistema-wi-fi-mesh-para-toda-la-casa-ac2200","status":"publish","type":"product","link":"https:\/\/astcartech.com\/en\/product\/deco-m9-plus-sistema-wi-fi-mesh-para-toda-la-casa-ac2200\/","title":{"rendered":"Deco M9 Plus Sistema Wi-Fi Mesh para toda la Casa AC2200"},"content":{"rendered":"<ul>\n<li>ESPECIFICACIONES<\/li>\n<li>Deco usa un sistema de unidades para lograr una cobertura Wi-Fi perfecta para el hogar \u2014 \u00a1Elimina las zonas de baja se\u00f1al de una vez por todas!<\/li>\n<li>Con la avanzada tecnolog\u00eda Deco Mesh, los dispositivos Deco trabajan juntos para formar una red unificada en tu hogar, con el mismo nombre de red. Los dispositivos cambian autom\u00e1ticamente entre Decos a medida que te desplazas por tu hogar para obtener las velocidades m\u00e1s r\u00e1pidas posibles.<\/li>\n<li>Un pack de 3 Deco M9 Plus proporciona Wi-Fi en un \u00e1rea de hasta 600 metros cuadrados. Si necesita cubrir un \u00e1rea mayor, simplemente a\u00f1ade en cualquier momento m\u00e1s Decos a tu red para aumentar la cobertura.<\/li>\n<li>Deco M9 Plus act\u00faa como un hub para todos sus dispositivos Smart Home. Ajusta la configuraci\u00f3n y crea interacciones desde una plataforma\u00a0<em>\u2014\u00a0<\/em>no es necesario comprar un hub inteligente especializado.<\/li>\n<li>Deco puede gestionar el tr\u00e1fico incluso en redes muy saturadas, proporcionando conexiones sin retardo a m\u00e1s de 100 dispositivos.<\/li>\n<li>TP-Link HomeCare<sup>TM<\/sup>\u00a0ofrece un conjunto de funciones personalizadas y seguras, que incluyen Controles Parentales, Antivirus incorporado y Calidad de Servicio (QoS).<\/li>\n<li>La configuraci\u00f3n es muy sencilla. La app Deco te gu\u00eda paso a paso.<\/li>\n<\/ul>","protected":false},"excerpt":{"rendered":"<p>ESPECIFICACIONES Deco usa un sistema de unidades para lograr una cobertura Wi-Fi perfecta para el hogar \u2014 \u00a1Elimina las zonas de baja se\u00f1al de una vez por todas! Con la avanzada tecnolog\u00eda Deco Mesh, los dispositivos Deco trabajan juntos para formar una red unificada en tu hogar, con el mismo nombre de red. Los dispositivos [&hellip;]<\/p>","protected":false},"featured_media":5136,"comment_status":"open","ping_status":"closed","template":"","meta":[],"product_cat":[90],"product_tag":[],"class_list":{"0":"post-5133","1":"product","2":"type-product","3":"status-publish","4":"has-post-thumbnail","6":"product_brand-tp-link","7":"product_cat-redes-routers-antena-wifi","9":"first","10":"instock","11":"sale","12":"shipping-taxable","13":"purchasable","14":"product-type-simple"},"yoast_head":"<!-- This site is optimized with the Yoast SEO Premium plugin v26.3 (Yoast SEO v26.3) - https:\/\/yoast.com\/wordpress\/plugins\/seo\/ -->\n<title>Deco M9 Plus Sistema Wi-Fi Mesh para toda la Casa AC2200 - ASTCAR TECH<\/title>\n<meta name=\"description\" content=\"Deco M9 Plus Sistema Wi-Fi Mesh para toda la Casa AC2200, Deco usa un sistema de unidades para lograr una cobertura Wi-Fi perfecta para el hogar\" \/>\n<meta name=\"robots\" content=\"index, follow, max-snippet:-1, max-image-preview:large, max-video-preview:-1\" \/>\n<link rel=\"canonical\" href=\"https:\/\/astcartech.com\/en\/product\/deco-m9-plus-sistema-wi-fi-mesh-para-toda-la-casa-ac2200\/\" \/>\n<meta property=\"og:locale\" content=\"en_US\" \/>\n<meta property=\"og:type\" content=\"article\" \/>\n<meta property=\"og:title\" content=\"Deco M9 Plus Sistema Wi-Fi Mesh para toda la Casa AC2200\" \/>\n<meta property=\"og:description\" content=\"Deco M9 Plus Sistema Wi-Fi Mesh para toda la Casa AC2200, Deco usa un sistema de unidades para lograr una cobertura Wi-Fi perfecta para el hogar\" \/>\n<meta property=\"og:url\" content=\"https:\/\/astcartech.com\/en\/product\/deco-m9-plus-sistema-wi-fi-mesh-para-toda-la-casa-ac2200\/\" \/>\n<meta property=\"og:site_name\" content=\"ASTCAR TECH\" \/>\n<meta property=\"article:publisher\" content=\"https:\/\/www.facebook.com\/AstCarTech\" \/>\n<meta property=\"article:modified_time\" content=\"2025-02-20T23:07:35+00:00\" \/>\n<meta property=\"og:image\" content=\"https:\/\/astcartech.com\/wp-content\/uploads\/2025\/02\/97.jpg\" \/>\n\t<meta property=\"og:image:width\" content=\"590\" \/>\n\t<meta property=\"og:image:height\" content=\"590\" \/>\n\t<meta property=\"og:image:type\" content=\"image\/jpeg\" \/>\n<meta name=\"twitter:card\" content=\"summary_large_image\" \/>\n<meta name=\"twitter:label1\" content=\"Est. reading time\" \/>\n\t<meta name=\"twitter:data1\" content=\"2 minutes\" \/>\n<script type=\"application\/ld+json\" class=\"yoast-schema-graph\">{\"@context\":\"https:\/\/schema.org\",\"@graph\":[{\"@type\":\"WebPage\",\"@id\":\"https:\/\/astcartech.com\/product\/deco-m9-plus-sistema-wi-fi-mesh-para-toda-la-casa-ac2200\/\",\"url\":\"https:\/\/astcartech.com\/product\/deco-m9-plus-sistema-wi-fi-mesh-para-toda-la-casa-ac2200\/\",\"name\":\"Deco M9 Plus Sistema Wi-Fi Mesh para toda la Casa AC2200 - ASTCAR TECH\",\"isPartOf\":{\"@id\":\"https:\/\/astcartech.com\/#website\"},\"primaryImageOfPage\":{\"@id\":\"https:\/\/astcartech.com\/product\/deco-m9-plus-sistema-wi-fi-mesh-para-toda-la-casa-ac2200\/#primaryimage\"},\"image\":{\"@id\":\"https:\/\/astcartech.com\/product\/deco-m9-plus-sistema-wi-fi-mesh-para-toda-la-casa-ac2200\/#primaryimage\"},\"thumbnailUrl\":\"https:\/\/astcartech.com\/wp-content\/uploads\/2025\/02\/97.jpg\",\"datePublished\":\"2025-02-20T23:07:34+00:00\",\"dateModified\":\"2025-02-20T23:07:35+00:00\",\"description\":\"Deco M9 Plus Sistema Wi-Fi Mesh para toda la Casa AC2200, Deco usa un sistema de unidades para lograr una cobertura Wi-Fi perfecta para el hogar\",\"breadcrumb\":{\"@id\":\"https:\/\/astcartech.com\/product\/deco-m9-plus-sistema-wi-fi-mesh-para-toda-la-casa-ac2200\/#breadcrumb\"},\"inLanguage\":\"en-US\",\"potentialAction\":[{\"@type\":\"ReadAction\",\"target\":[\"https:\/\/astcartech.com\/product\/deco-m9-plus-sistema-wi-fi-mesh-para-toda-la-casa-ac2200\/\"]}]},{\"@type\":\"ImageObject\",\"inLanguage\":\"en-US\",\"@id\":\"https:\/\/astcartech.com\/product\/deco-m9-plus-sistema-wi-fi-mesh-para-toda-la-casa-ac2200\/#primaryimage\",\"url\":\"https:\/\/astcartech.com\/wp-content\/uploads\/2025\/02\/97.jpg\",\"contentUrl\":\"https:\/\/astcartech.com\/wp-content\/uploads\/2025\/02\/97.jpg\",\"width\":590,\"height\":590},{\"@type\":\"BreadcrumbList\",\"@id\":\"https:\/\/astcartech.com\/product\/deco-m9-plus-sistema-wi-fi-mesh-para-toda-la-casa-ac2200\/#breadcrumb\",\"itemListElement\":[{\"@type\":\"ListItem\",\"position\":1,\"name\":\"Portada\",\"item\":\"https:\/\/astcartech.com\/\"},{\"@type\":\"ListItem\",\"position\":2,\"name\":\"Tienda\",\"item\":\"https:\/\/astcartech.com\/tienda\/\"},{\"@type\":\"ListItem\",\"position\":3,\"name\":\"Deco M9 Plus Sistema Wi-Fi Mesh para toda la Casa AC2200\"}]},{\"@type\":\"WebSite\",\"@id\":\"https:\/\/astcartech.com\/#website\",\"url\":\"https:\/\/astcartech.com\/\",\"name\":\"Astcar Tech\",\"description\":\"Suministros y Tecnologia\",\"publisher\":{\"@id\":\"https:\/\/astcartech.com\/#organization\"},\"alternateName\":\"astcar technology\",\"potentialAction\":[{\"@type\":\"SearchAction\",\"target\":{\"@type\":\"EntryPoint\",\"urlTemplate\":\"https:\/\/astcartech.com\/?s={search_term_string}\"},\"query-input\":{\"@type\":\"PropertyValueSpecification\",\"valueRequired\":true,\"valueName\":\"search_term_string\"}}],\"inLanguage\":\"en-US\"},{\"@type\":\"Organization\",\"@id\":\"https:\/\/astcartech.com\/#organization\",\"name\":\"Astcar Tech\",\"alternateName\":\"Astcar Tech\",\"url\":\"https:\/\/astcartech.com\/\",\"logo\":{\"@type\":\"ImageObject\",\"inLanguage\":\"en-US\",\"@id\":\"https:\/\/astcartech.com\/#\/schema\/logo\/image\/\",\"url\":\"https:\/\/astcartech.com\/wp-content\/uploads\/2024\/11\/logo-Astcar-Tech-new_Mesa-de-trabajo-1.png\",\"contentUrl\":\"https:\/\/astcartech.com\/wp-content\/uploads\/2024\/11\/logo-Astcar-Tech-new_Mesa-de-trabajo-1.png\",\"width\":5162,\"height\":2920,\"caption\":\"Astcar Tech\"},\"image\":{\"@id\":\"https:\/\/astcartech.com\/#\/schema\/logo\/image\/\"},\"sameAs\":[\"https:\/\/www.facebook.com\/AstCarTech\",\"https:\/\/www.instagram.com\/astcartech\",\"https:\/\/www.tiktok.com\/@astcartech\"],\"publishingPrinciples\":\"https:\/\/astcartech.com\/tienda\/\",\"ownershipFundingInfo\":\"https:\/\/astcartech.com\/nosotros\/\",\"actionableFeedbackPolicy\":\"https:\/\/astcartech.com\/politica-de-privacidad\/\",\"correctionsPolicy\":\"https:\/\/astcartech.com\/politica-de-privacidad\/\",\"ethicsPolicy\":\"https:\/\/astcartech.com\/politica-de-privacidad\/\",\"diversityPolicy\":\"https:\/\/astcartech.com\/politica-de-privacidad\/\",\"diversityStaffingReport\":\"https:\/\/astcartech.com\/politica-de-privacidad\/\"}]}<\/script>\n<!-- \/ Yoast SEO Premium plugin. -->","yoast_head_json":{"title":"Deco M9 Plus Sistema Wi-Fi Mesh para toda la Casa AC2200 - ASTCAR TECH","description":"Deco M9 Plus Sistema Wi-Fi Mesh para toda la Casa AC2200, Deco usa un sistema de unidades para lograr una cobertura Wi-Fi perfecta para el hogar","robots":{"index":"index","follow":"follow","max-snippet":"max-snippet:-1","max-image-preview":"max-image-preview:large","max-video-preview":"max-video-preview:-1"},"canonical":"https:\/\/astcartech.com\/en\/product\/deco-m9-plus-sistema-wi-fi-mesh-para-toda-la-casa-ac2200\/","og_locale":"en_US","og_type":"article","og_title":"Deco M9 Plus Sistema Wi-Fi Mesh para toda la Casa AC2200","og_description":"Deco M9 Plus Sistema Wi-Fi Mesh para toda la Casa AC2200, Deco usa un sistema de unidades para lograr una cobertura Wi-Fi perfecta para el hogar","og_url":"https:\/\/astcartech.com\/en\/product\/deco-m9-plus-sistema-wi-fi-mesh-para-toda-la-casa-ac2200\/","og_site_name":"ASTCAR TECH","article_publisher":"https:\/\/www.facebook.com\/AstCarTech","article_modified_time":"2025-02-20T23:07:35+00:00","og_image":[{"width":590,"height":590,"url":"https:\/\/astcartech.com\/wp-content\/uploads\/2025\/02\/97.jpg","type":"image\/jpeg"}],"twitter_card":"summary_large_image","twitter_misc":{"Est. reading time":"2 minutes"},"schema":{"@context":"https:\/\/schema.org","@graph":[{"@type":"WebPage","@id":"https:\/\/astcartech.com\/product\/deco-m9-plus-sistema-wi-fi-mesh-para-toda-la-casa-ac2200\/","url":"https:\/\/astcartech.com\/product\/deco-m9-plus-sistema-wi-fi-mesh-para-toda-la-casa-ac2200\/","name":"Deco M9 Plus Sistema Wi-Fi Mesh para toda la Casa AC2200 - ASTCAR TECH","isPartOf":{"@id":"https:\/\/astcartech.com\/#website"},"primaryImageOfPage":{"@id":"https:\/\/astcartech.com\/product\/deco-m9-plus-sistema-wi-fi-mesh-para-toda-la-casa-ac2200\/#primaryimage"},"image":{"@id":"https:\/\/astcartech.com\/product\/deco-m9-plus-sistema-wi-fi-mesh-para-toda-la-casa-ac2200\/#primaryimage"},"thumbnailUrl":"https:\/\/astcartech.com\/wp-content\/uploads\/2025\/02\/97.jpg","datePublished":"2025-02-20T23:07:34+00:00","dateModified":"2025-02-20T23:07:35+00:00","description":"Deco M9 Plus Sistema Wi-Fi Mesh para toda la Casa AC2200, Deco usa un sistema de unidades para lograr una cobertura Wi-Fi perfecta para el hogar","breadcrumb":{"@id":"https:\/\/astcartech.com\/product\/deco-m9-plus-sistema-wi-fi-mesh-para-toda-la-casa-ac2200\/#breadcrumb"},"inLanguage":"en-US","potentialAction":[{"@type":"ReadAction","target":["https:\/\/astcartech.com\/product\/deco-m9-plus-sistema-wi-fi-mesh-para-toda-la-casa-ac2200\/"]}]},{"@type":"ImageObject","inLanguage":"en-US","@id":"https:\/\/astcartech.com\/product\/deco-m9-plus-sistema-wi-fi-mesh-para-toda-la-casa-ac2200\/#primaryimage","url":"https:\/\/astcartech.com\/wp-content\/uploads\/2025\/02\/97.jpg","contentUrl":"https:\/\/astcartech.com\/wp-content\/uploads\/2025\/02\/97.jpg","width":590,"height":590},{"@type":"BreadcrumbList","@id":"https:\/\/astcartech.com\/product\/deco-m9-plus-sistema-wi-fi-mesh-para-toda-la-casa-ac2200\/#breadcrumb","itemListElement":[{"@type":"ListItem","position":1,"name":"Portada","item":"https:\/\/astcartech.com\/"},{"@type":"ListItem","position":2,"name":"Tienda","item":"https:\/\/astcartech.com\/tienda\/"},{"@type":"ListItem","position":3,"name":"Deco M9 Plus Sistema Wi-Fi Mesh para toda la Casa AC2200"}]},{"@type":"WebSite","@id":"https:\/\/astcartech.com\/#website","url":"https:\/\/astcartech.com\/","name":"Astcar Tech","description":"Suministros y Tecnologia","publisher":{"@id":"https:\/\/astcartech.com\/#organization"},"alternateName":"astcar technology","potentialAction":[{"@type":"SearchAction","target":{"@type":"EntryPoint","urlTemplate":"https:\/\/astcartech.com\/?s={search_term_string}"},"query-input":{"@type":"PropertyValueSpecification","valueRequired":true,"valueName":"search_term_string"}}],"inLanguage":"en-US"},{"@type":"Organization","@id":"https:\/\/astcartech.com\/#organization","name":"Astcar Tech","alternateName":"Astcar Tech","url":"https:\/\/astcartech.com\/","logo":{"@type":"ImageObject","inLanguage":"en-US","@id":"https:\/\/astcartech.com\/#\/schema\/logo\/image\/","url":"https:\/\/astcartech.com\/wp-content\/uploads\/2024\/11\/logo-Astcar-Tech-new_Mesa-de-trabajo-1.png","contentUrl":"https:\/\/astcartech.com\/wp-content\/uploads\/2024\/11\/logo-Astcar-Tech-new_Mesa-de-trabajo-1.png","width":5162,"height":2920,"caption":"Astcar Tech"},"image":{"@id":"https:\/\/astcartech.com\/#\/schema\/logo\/image\/"},"sameAs":["https:\/\/www.facebook.com\/AstCarTech","https:\/\/www.instagram.com\/astcartech","https:\/\/www.tiktok.com\/@astcartech"],"publishingPrinciples":"https:\/\/astcartech.com\/tienda\/","ownershipFundingInfo":"https:\/\/astcartech.com\/nosotros\/","actionableFeedbackPolicy":"https:\/\/astcartech.com\/politica-de-privacidad\/","correctionsPolicy":"https:\/\/astcartech.com\/politica-de-privacidad\/","ethicsPolicy":"https:\/\/astcartech.com\/politica-de-privacidad\/","diversityPolicy":"https:\/\/astcartech.com\/politica-de-privacidad\/","diversityStaffingReport":"https:\/\/astcartech.com\/politica-de-privacidad\/"}]}},"_links":{"self":[{"href":"https:\/\/astcartech.com\/en\/wp-json\/wp\/v2\/product\/5133","targetHints":{"allow":["GET"]}}],"collection":[{"href":"https:\/\/astcartech.com\/en\/wp-json\/wp\/v2\/product"}],"about":[{"href":"https:\/\/astcartech.com\/en\/wp-json\/wp\/v2\/types\/product"}],"replies":[{"embeddable":true,"href":"https:\/\/astcartech.com\/en\/wp-json\/wp\/v2\/comments?post=5133"}],"wp:featuredmedia":[{"embeddable":true,"href":"https:\/\/astcartech.com\/en\/wp-json\/wp\/v2\/media\/5136"}],"wp:attachment":[{"href":"https:\/\/astcartech.com\/en\/wp-json\/wp\/v2\/media?parent=5133"}],"wp:term":[{"taxonomy":"product_cat","embeddable":true,"href":"https:\/\/astcartech.com\/en\/wp-json\/wp\/v2\/product_cat?post=5133"},{"taxonomy":"product_tag","embeddable":true,"href":"https:\/\/astcartech.com\/en\/wp-json\/wp\/v2\/product_tag?post=5133"}],"curies":[{"name":"wp","href":"https:\/\/api.w.org\/{rel}","templated":true}]}}