{"id":5149,"date":"2025-02-20T23:32:40","date_gmt":"2025-02-20T23:32:40","guid":{"rendered":"https:\/\/astcartech.com\/?post_type=product&#038;p=5149"},"modified":"2025-02-20T23:32:41","modified_gmt":"2025-02-20T23:32:41","slug":"deco-ax1800-whole-home-mesh-wi-fi-6-system","status":"publish","type":"product","link":"https:\/\/astcartech.com\/en\/product\/deco-ax1800-whole-home-mesh-wi-fi-6-system\/","title":{"rendered":"DECO AX1800 Whole Home Mesh Wi-Fi 6 System"},"content":{"rendered":"<ul>\n<li>ESPECIFICACIONES<\/li>\n<li><strong>Conexiones m\u00e1s r\u00e1pidas:<\/strong>\u00a0Wi-Fi 6 alcanza velocidades de hasta 1800 Mbps: 1201 Mbps en 5 GHz y 574 Mbps en 2,4 GHz.\u00a0<sup>\u2020<\/sup><\/li>\n<li><strong>Conecte m\u00e1s dispositivos:<\/strong>\u00a0la tecnolog\u00eda OFDMA y MU-MIMO cuadriplica la capacidad para permitir la transmisi\u00f3n simult\u00e1nea a m\u00e1s dispositivos.\u00a0<sup>\u25b3<\/sup><\/li>\n<li><strong>Cobertura perfecta mejorada:<\/strong>\u00a0logre una cobertura perfecta en toda la casa con una se\u00f1al Wi-Fi m\u00e1s clara y fuerte generada por Wi-Fi 6.\u00a0<sup>\u2021<\/sup><\/li>\n<li><strong>Latencia ultrabaja:<\/strong>\u00a0una mayor reducci\u00f3n de la latencia permite juegos y chats de video con mayor capacidad de respuesta.<\/li>\n<li><strong>Una red unificada:<\/strong>\u00a0varias unidades forman una red dom\u00e9stica que selecciona autom\u00e1ticamente la mejor conexi\u00f3n a medida que usted se desplaza por su casa.<\/li>\n<li><strong>Seguridad total:<\/strong>\u00a0el cifrado WPA3 y TP-Link HomeShield brindan funciones personalizadas, incluidos controles parentales, antivirus y calidad de servicio (QoS) para garantizar una experiencia en l\u00ednea m\u00e1s segura.\u00a0<sup>*<\/sup><\/li>\n<li><strong>La configuraci\u00f3n es m\u00e1s f\u00e1cil que nunca:<\/strong>\u00a0la aplicaci\u00f3n Deco lo gu\u00eda a trav\u00e9s de la configuraci\u00f3n paso a paso.<\/li>\n<\/ul>","protected":false},"excerpt":{"rendered":"<p>ESPECIFICACIONES Conexiones m\u00e1s r\u00e1pidas:\u00a0Wi-Fi 6 alcanza velocidades de hasta 1800 Mbps: 1201 Mbps en 5 GHz y 574 Mbps en 2,4 GHz.\u00a0\u2020 Conecte m\u00e1s dispositivos:\u00a0la tecnolog\u00eda OFDMA y MU-MIMO cuadriplica la capacidad para permitir la transmisi\u00f3n simult\u00e1nea a m\u00e1s dispositivos.\u00a0\u25b3 Cobertura perfecta mejorada:\u00a0logre una cobertura perfecta en toda la casa con una se\u00f1al Wi-Fi m\u00e1s [&hellip;]<\/p>","protected":false},"featured_media":5151,"comment_status":"open","ping_status":"closed","template":"","meta":[],"product_cat":[90],"product_tag":[],"class_list":{"0":"post-5149","1":"product","2":"type-product","3":"status-publish","4":"has-post-thumbnail","6":"product_brand-tp-link","7":"product_cat-redes-routers-antena-wifi","9":"first","10":"instock","11":"sale","12":"shipping-taxable","13":"purchasable","14":"product-type-simple"},"yoast_head":"<!-- This site is optimized with the Yoast SEO Premium plugin v26.3 (Yoast SEO v26.3) - https:\/\/yoast.com\/wordpress\/plugins\/seo\/ -->\n<title>DECO AX1800 Whole Home Mesh Wi-Fi 6 System - ASTCAR TECH<\/title>\n<meta name=\"description\" content=\"DECO AX1800 Whole Home Mesh Wi-Fi 6 System, Wi-Fi 6 alcanza velocidades de hasta 1800 Mbps: 1201 Mbps en 5 GHz y 574 Mbps en 2,4 GHz\" \/>\n<meta name=\"robots\" content=\"index, follow, max-snippet:-1, max-image-preview:large, max-video-preview:-1\" \/>\n<link rel=\"canonical\" href=\"https:\/\/astcartech.com\/en\/product\/deco-ax1800-whole-home-mesh-wi-fi-6-system\/\" \/>\n<meta property=\"og:locale\" content=\"en_US\" \/>\n<meta property=\"og:type\" content=\"article\" \/>\n<meta property=\"og:title\" content=\"DECO AX1800 Whole Home Mesh Wi-Fi 6 System\" \/>\n<meta property=\"og:description\" content=\"DECO AX1800 Whole Home Mesh Wi-Fi 6 System, Wi-Fi 6 alcanza velocidades de hasta 1800 Mbps: 1201 Mbps en 5 GHz y 574 Mbps en 2,4 GHz\" \/>\n<meta property=\"og:url\" content=\"https:\/\/astcartech.com\/en\/product\/deco-ax1800-whole-home-mesh-wi-fi-6-system\/\" \/>\n<meta property=\"og:site_name\" content=\"ASTCAR TECH\" \/>\n<meta property=\"article:publisher\" content=\"https:\/\/www.facebook.com\/AstCarTech\" \/>\n<meta property=\"article:modified_time\" content=\"2025-02-20T23:32:41+00:00\" \/>\n<meta property=\"og:image\" content=\"https:\/\/astcartech.com\/wp-content\/uploads\/2025\/02\/107.jpg\" \/>\n\t<meta property=\"og:image:width\" content=\"590\" \/>\n\t<meta property=\"og:image:height\" content=\"590\" \/>\n\t<meta property=\"og:image:type\" content=\"image\/jpeg\" \/>\n<meta name=\"twitter:card\" content=\"summary_large_image\" \/>\n<meta name=\"twitter:label1\" content=\"Est. reading time\" \/>\n\t<meta name=\"twitter:data1\" content=\"1 minute\" \/>\n<script type=\"application\/ld+json\" class=\"yoast-schema-graph\">{\"@context\":\"https:\/\/schema.org\",\"@graph\":[{\"@type\":\"WebPage\",\"@id\":\"https:\/\/astcartech.com\/product\/deco-ax1800-whole-home-mesh-wi-fi-6-system\/\",\"url\":\"https:\/\/astcartech.com\/product\/deco-ax1800-whole-home-mesh-wi-fi-6-system\/\",\"name\":\"DECO AX1800 Whole Home Mesh Wi-Fi 6 System - ASTCAR TECH\",\"isPartOf\":{\"@id\":\"https:\/\/astcartech.com\/#website\"},\"primaryImageOfPage\":{\"@id\":\"https:\/\/astcartech.com\/product\/deco-ax1800-whole-home-mesh-wi-fi-6-system\/#primaryimage\"},\"image\":{\"@id\":\"https:\/\/astcartech.com\/product\/deco-ax1800-whole-home-mesh-wi-fi-6-system\/#primaryimage\"},\"thumbnailUrl\":\"https:\/\/astcartech.com\/wp-content\/uploads\/2025\/02\/107.jpg\",\"datePublished\":\"2025-02-20T23:32:40+00:00\",\"dateModified\":\"2025-02-20T23:32:41+00:00\",\"description\":\"DECO AX1800 Whole Home Mesh Wi-Fi 6 System, Wi-Fi 6 alcanza velocidades de hasta 1800 Mbps: 1201 Mbps en 5 GHz y 574 Mbps en 2,4 GHz\",\"breadcrumb\":{\"@id\":\"https:\/\/astcartech.com\/product\/deco-ax1800-whole-home-mesh-wi-fi-6-system\/#breadcrumb\"},\"inLanguage\":\"en-US\",\"potentialAction\":[{\"@type\":\"ReadAction\",\"target\":[\"https:\/\/astcartech.com\/product\/deco-ax1800-whole-home-mesh-wi-fi-6-system\/\"]}]},{\"@type\":\"ImageObject\",\"inLanguage\":\"en-US\",\"@id\":\"https:\/\/astcartech.com\/product\/deco-ax1800-whole-home-mesh-wi-fi-6-system\/#primaryimage\",\"url\":\"https:\/\/astcartech.com\/wp-content\/uploads\/2025\/02\/107.jpg\",\"contentUrl\":\"https:\/\/astcartech.com\/wp-content\/uploads\/2025\/02\/107.jpg\",\"width\":590,\"height\":590},{\"@type\":\"BreadcrumbList\",\"@id\":\"https:\/\/astcartech.com\/product\/deco-ax1800-whole-home-mesh-wi-fi-6-system\/#breadcrumb\",\"itemListElement\":[{\"@type\":\"ListItem\",\"position\":1,\"name\":\"Portada\",\"item\":\"https:\/\/astcartech.com\/\"},{\"@type\":\"ListItem\",\"position\":2,\"name\":\"Tienda\",\"item\":\"https:\/\/astcartech.com\/tienda\/\"},{\"@type\":\"ListItem\",\"position\":3,\"name\":\"DECO AX1800 Whole Home Mesh Wi-Fi 6 System\"}]},{\"@type\":\"WebSite\",\"@id\":\"https:\/\/astcartech.com\/#website\",\"url\":\"https:\/\/astcartech.com\/\",\"name\":\"Astcar Tech\",\"description\":\"Suministros y Tecnologia\",\"publisher\":{\"@id\":\"https:\/\/astcartech.com\/#organization\"},\"alternateName\":\"astcar technology\",\"potentialAction\":[{\"@type\":\"SearchAction\",\"target\":{\"@type\":\"EntryPoint\",\"urlTemplate\":\"https:\/\/astcartech.com\/?s={search_term_string}\"},\"query-input\":{\"@type\":\"PropertyValueSpecification\",\"valueRequired\":true,\"valueName\":\"search_term_string\"}}],\"inLanguage\":\"en-US\"},{\"@type\":\"Organization\",\"@id\":\"https:\/\/astcartech.com\/#organization\",\"name\":\"Astcar Tech\",\"alternateName\":\"Astcar Tech\",\"url\":\"https:\/\/astcartech.com\/\",\"logo\":{\"@type\":\"ImageObject\",\"inLanguage\":\"en-US\",\"@id\":\"https:\/\/astcartech.com\/#\/schema\/logo\/image\/\",\"url\":\"https:\/\/astcartech.com\/wp-content\/uploads\/2024\/11\/logo-Astcar-Tech-new_Mesa-de-trabajo-1.png\",\"contentUrl\":\"https:\/\/astcartech.com\/wp-content\/uploads\/2024\/11\/logo-Astcar-Tech-new_Mesa-de-trabajo-1.png\",\"width\":5162,\"height\":2920,\"caption\":\"Astcar Tech\"},\"image\":{\"@id\":\"https:\/\/astcartech.com\/#\/schema\/logo\/image\/\"},\"sameAs\":[\"https:\/\/www.facebook.com\/AstCarTech\",\"https:\/\/www.instagram.com\/astcartech\",\"https:\/\/www.tiktok.com\/@astcartech\"],\"publishingPrinciples\":\"https:\/\/astcartech.com\/tienda\/\",\"ownershipFundingInfo\":\"https:\/\/astcartech.com\/nosotros\/\",\"actionableFeedbackPolicy\":\"https:\/\/astcartech.com\/politica-de-privacidad\/\",\"correctionsPolicy\":\"https:\/\/astcartech.com\/politica-de-privacidad\/\",\"ethicsPolicy\":\"https:\/\/astcartech.com\/politica-de-privacidad\/\",\"diversityPolicy\":\"https:\/\/astcartech.com\/politica-de-privacidad\/\",\"diversityStaffingReport\":\"https:\/\/astcartech.com\/politica-de-privacidad\/\"}]}<\/script>\n<!-- \/ Yoast SEO Premium plugin. -->","yoast_head_json":{"title":"DECO AX1800 Whole Home Mesh Wi-Fi 6 System - ASTCAR TECH","description":"DECO AX1800 Whole Home Mesh Wi-Fi 6 System, Wi-Fi 6 alcanza velocidades de hasta 1800 Mbps: 1201 Mbps en 5 GHz y 574 Mbps en 2,4 GHz","robots":{"index":"index","follow":"follow","max-snippet":"max-snippet:-1","max-image-preview":"max-image-preview:large","max-video-preview":"max-video-preview:-1"},"canonical":"https:\/\/astcartech.com\/en\/product\/deco-ax1800-whole-home-mesh-wi-fi-6-system\/","og_locale":"en_US","og_type":"article","og_title":"DECO AX1800 Whole Home Mesh Wi-Fi 6 System","og_description":"DECO AX1800 Whole Home Mesh Wi-Fi 6 System, Wi-Fi 6 alcanza velocidades de hasta 1800 Mbps: 1201 Mbps en 5 GHz y 574 Mbps en 2,4 GHz","og_url":"https:\/\/astcartech.com\/en\/product\/deco-ax1800-whole-home-mesh-wi-fi-6-system\/","og_site_name":"ASTCAR TECH","article_publisher":"https:\/\/www.facebook.com\/AstCarTech","article_modified_time":"2025-02-20T23:32:41+00:00","og_image":[{"width":590,"height":590,"url":"https:\/\/astcartech.com\/wp-content\/uploads\/2025\/02\/107.jpg","type":"image\/jpeg"}],"twitter_card":"summary_large_image","twitter_misc":{"Est. reading time":"1 minute"},"schema":{"@context":"https:\/\/schema.org","@graph":[{"@type":"WebPage","@id":"https:\/\/astcartech.com\/product\/deco-ax1800-whole-home-mesh-wi-fi-6-system\/","url":"https:\/\/astcartech.com\/product\/deco-ax1800-whole-home-mesh-wi-fi-6-system\/","name":"DECO AX1800 Whole Home Mesh Wi-Fi 6 System - ASTCAR TECH","isPartOf":{"@id":"https:\/\/astcartech.com\/#website"},"primaryImageOfPage":{"@id":"https:\/\/astcartech.com\/product\/deco-ax1800-whole-home-mesh-wi-fi-6-system\/#primaryimage"},"image":{"@id":"https:\/\/astcartech.com\/product\/deco-ax1800-whole-home-mesh-wi-fi-6-system\/#primaryimage"},"thumbnailUrl":"https:\/\/astcartech.com\/wp-content\/uploads\/2025\/02\/107.jpg","datePublished":"2025-02-20T23:32:40+00:00","dateModified":"2025-02-20T23:32:41+00:00","description":"DECO AX1800 Whole Home Mesh Wi-Fi 6 System, Wi-Fi 6 alcanza velocidades de hasta 1800 Mbps: 1201 Mbps en 5 GHz y 574 Mbps en 2,4 GHz","breadcrumb":{"@id":"https:\/\/astcartech.com\/product\/deco-ax1800-whole-home-mesh-wi-fi-6-system\/#breadcrumb"},"inLanguage":"en-US","potentialAction":[{"@type":"ReadAction","target":["https:\/\/astcartech.com\/product\/deco-ax1800-whole-home-mesh-wi-fi-6-system\/"]}]},{"@type":"ImageObject","inLanguage":"en-US","@id":"https:\/\/astcartech.com\/product\/deco-ax1800-whole-home-mesh-wi-fi-6-system\/#primaryimage","url":"https:\/\/astcartech.com\/wp-content\/uploads\/2025\/02\/107.jpg","contentUrl":"https:\/\/astcartech.com\/wp-content\/uploads\/2025\/02\/107.jpg","width":590,"height":590},{"@type":"BreadcrumbList","@id":"https:\/\/astcartech.com\/product\/deco-ax1800-whole-home-mesh-wi-fi-6-system\/#breadcrumb","itemListElement":[{"@type":"ListItem","position":1,"name":"Portada","item":"https:\/\/astcartech.com\/"},{"@type":"ListItem","position":2,"name":"Tienda","item":"https:\/\/astcartech.com\/tienda\/"},{"@type":"ListItem","position":3,"name":"DECO AX1800 Whole Home Mesh Wi-Fi 6 System"}]},{"@type":"WebSite","@id":"https:\/\/astcartech.com\/#website","url":"https:\/\/astcartech.com\/","name":"Astcar Tech","description":"Suministros y Tecnologia","publisher":{"@id":"https:\/\/astcartech.com\/#organization"},"alternateName":"astcar technology","potentialAction":[{"@type":"SearchAction","target":{"@type":"EntryPoint","urlTemplate":"https:\/\/astcartech.com\/?s={search_term_string}"},"query-input":{"@type":"PropertyValueSpecification","valueRequired":true,"valueName":"search_term_string"}}],"inLanguage":"en-US"},{"@type":"Organization","@id":"https:\/\/astcartech.com\/#organization","name":"Astcar Tech","alternateName":"Astcar Tech","url":"https:\/\/astcartech.com\/","logo":{"@type":"ImageObject","inLanguage":"en-US","@id":"https:\/\/astcartech.com\/#\/schema\/logo\/image\/","url":"https:\/\/astcartech.com\/wp-content\/uploads\/2024\/11\/logo-Astcar-Tech-new_Mesa-de-trabajo-1.png","contentUrl":"https:\/\/astcartech.com\/wp-content\/uploads\/2024\/11\/logo-Astcar-Tech-new_Mesa-de-trabajo-1.png","width":5162,"height":2920,"caption":"Astcar Tech"},"image":{"@id":"https:\/\/astcartech.com\/#\/schema\/logo\/image\/"},"sameAs":["https:\/\/www.facebook.com\/AstCarTech","https:\/\/www.instagram.com\/astcartech","https:\/\/www.tiktok.com\/@astcartech"],"publishingPrinciples":"https:\/\/astcartech.com\/tienda\/","ownershipFundingInfo":"https:\/\/astcartech.com\/nosotros\/","actionableFeedbackPolicy":"https:\/\/astcartech.com\/politica-de-privacidad\/","correctionsPolicy":"https:\/\/astcartech.com\/politica-de-privacidad\/","ethicsPolicy":"https:\/\/astcartech.com\/politica-de-privacidad\/","diversityPolicy":"https:\/\/astcartech.com\/politica-de-privacidad\/","diversityStaffingReport":"https:\/\/astcartech.com\/politica-de-privacidad\/"}]}},"_links":{"self":[{"href":"https:\/\/astcartech.com\/en\/wp-json\/wp\/v2\/product\/5149","targetHints":{"allow":["GET"]}}],"collection":[{"href":"https:\/\/astcartech.com\/en\/wp-json\/wp\/v2\/product"}],"about":[{"href":"https:\/\/astcartech.com\/en\/wp-json\/wp\/v2\/types\/product"}],"replies":[{"embeddable":true,"href":"https:\/\/astcartech.com\/en\/wp-json\/wp\/v2\/comments?post=5149"}],"wp:featuredmedia":[{"embeddable":true,"href":"https:\/\/astcartech.com\/en\/wp-json\/wp\/v2\/media\/5151"}],"wp:attachment":[{"href":"https:\/\/astcartech.com\/en\/wp-json\/wp\/v2\/media?parent=5149"}],"wp:term":[{"taxonomy":"product_cat","embeddable":true,"href":"https:\/\/astcartech.com\/en\/wp-json\/wp\/v2\/product_cat?post=5149"},{"taxonomy":"product_tag","embeddable":true,"href":"https:\/\/astcartech.com\/en\/wp-json\/wp\/v2\/product_tag?post=5149"}],"curies":[{"name":"wp","href":"https:\/\/api.w.org\/{rel}","templated":true}]}}