{"id":5164,"date":"2025-02-20T23:56:03","date_gmt":"2025-02-20T23:56:03","guid":{"rendered":"https:\/\/astcartech.com\/?post_type=product&#038;p=5164"},"modified":"2025-06-01T09:27:15","modified_gmt":"2025-06-01T09:27:15","slug":"deco-x60-3-pack-wifi-6-tp-link-sistema-mesh-ax5400","status":"publish","type":"product","link":"https:\/\/astcartech.com\/en\/product\/deco-x60-3-pack-wifi-6-tp-link-sistema-mesh-ax5400\/","title":{"rendered":"Deco X60 3 Pack Wifi 6 Tp Link Sistema Mesh Ax5400"},"content":{"rendered":"<ul>\n<li>ESPECIFICACIONES<\/li>\n<li>Deco X60 3 Pack Tp-Link Mesh Sistema Wifi 6 AX5400<\/li>\n<li>Conexiones m\u00e1s r\u00e1pidas: Wi-Fi 6 alcanza velocidades de hasta 5400 Mbps (4804 Mbps en 5 GHz y 574 Mbps en 2,4 GHz)<\/li>\n<li>Conexiones cableadas gigabit :2 puertos Gigabit.<\/li>\n<li>TP-Link HomeShield: ofrece protecci\u00f3n integral de la red, controles parentales s\u00f3lidos y seguridad de IoT en tiempo real<\/li>\n<li>Protocolos: IPv4 e IPv6<\/li>\n<li>Admite detecci\u00f3n autom\u00e1tica de WAN\/LAN<\/li>\n<li>4 antenas de alto rendimiento (internas)<\/li>\n<li>Con\u00e9ctalo con Alexa para controlar Deco X60 con simples comandos de voz.<\/li>\n<li>La configuraci\u00f3n es m\u00e1s f\u00e1cil que nunca: la aplicaci\u00f3n Deco lo gu\u00eda a trav\u00e9s de la configuraci\u00f3n paso a paso<\/li>\n<li>Se emite Factura y Boleta de venta<\/li>\n<\/ul>","protected":false},"excerpt":{"rendered":"<p>ESPECIFICACIONES Deco X60 3 Pack Tp-Link Mesh Sistema Wifi 6 AX5400 Conexiones m\u00e1s r\u00e1pidas: Wi-Fi 6 alcanza velocidades de hasta 5400 Mbps (4804 Mbps en 5 GHz y 574 Mbps en 2,4 GHz) Conexiones cableadas gigabit :2 puertos Gigabit. TP-Link HomeShield: ofrece protecci\u00f3n integral de la red, controles parentales s\u00f3lidos y seguridad de IoT en [&hellip;]<\/p>","protected":false},"featured_media":5165,"comment_status":"open","ping_status":"closed","template":"","meta":[],"product_cat":[90],"product_tag":[],"class_list":{"0":"post-5164","1":"product","2":"type-product","3":"status-publish","4":"has-post-thumbnail","6":"product_brand-tp-link","7":"product_cat-redes-routers-antena-wifi","9":"first","10":"instock","11":"sale","12":"shipping-taxable","13":"purchasable","14":"product-type-simple"},"yoast_head":"<!-- This site is optimized with the Yoast SEO Premium plugin v26.3 (Yoast SEO v26.3) - https:\/\/yoast.com\/wordpress\/plugins\/seo\/ -->\n<title>Deco X60 3 Pack Wifi 6 Tp Link Sistema Mesh Ax5400 - ASTCAR TECH<\/title>\n<meta name=\"description\" content=\"Deco X60 3 Pack Wifi 6 Tp Link Sistema Mesh Ax5400, Conexiones r\u00e1pidas: Wi-Fi 6 alcanza velocidades de 5400 Mbps (4804 Mbps en 5 GHz y 574 Mbps en 2,4 GHz)\" \/>\n<meta name=\"robots\" content=\"index, follow, max-snippet:-1, max-image-preview:large, max-video-preview:-1\" \/>\n<link rel=\"canonical\" href=\"https:\/\/astcartech.com\/en\/product\/deco-x60-3-pack-wifi-6-tp-link-sistema-mesh-ax5400\/\" \/>\n<meta property=\"og:locale\" content=\"en_US\" \/>\n<meta property=\"og:type\" content=\"article\" \/>\n<meta property=\"og:title\" content=\"Deco X60 3 Pack Wifi 6 Tp Link Sistema Mesh Ax5400\" \/>\n<meta property=\"og:description\" content=\"Deco X60 3 Pack Wifi 6 Tp Link Sistema Mesh Ax5400, Conexiones r\u00e1pidas: Wi-Fi 6 alcanza velocidades de 5400 Mbps (4804 Mbps en 5 GHz y 574 Mbps en 2,4 GHz)\" \/>\n<meta property=\"og:url\" content=\"https:\/\/astcartech.com\/en\/product\/deco-x60-3-pack-wifi-6-tp-link-sistema-mesh-ax5400\/\" \/>\n<meta property=\"og:site_name\" content=\"ASTCAR TECH\" \/>\n<meta property=\"article:publisher\" content=\"https:\/\/www.facebook.com\/AstCarTech\" \/>\n<meta property=\"article:modified_time\" content=\"2025-06-01T09:27:15+00:00\" \/>\n<meta property=\"og:image\" content=\"https:\/\/astcartech.com\/wp-content\/uploads\/2025\/02\/114.webp\" \/>\n\t<meta property=\"og:image:width\" content=\"1128\" \/>\n\t<meta property=\"og:image:height\" content=\"1016\" \/>\n\t<meta property=\"og:image:type\" content=\"image\/webp\" \/>\n<meta name=\"twitter:card\" content=\"summary_large_image\" \/>\n<meta name=\"twitter:label1\" content=\"Est. reading time\" \/>\n\t<meta name=\"twitter:data1\" content=\"1 minute\" \/>\n<script type=\"application\/ld+json\" class=\"yoast-schema-graph\">{\"@context\":\"https:\/\/schema.org\",\"@graph\":[{\"@type\":\"WebPage\",\"@id\":\"https:\/\/astcartech.com\/product\/deco-x60-3-pack-wifi-6-tp-link-sistema-mesh-ax5400\/\",\"url\":\"https:\/\/astcartech.com\/product\/deco-x60-3-pack-wifi-6-tp-link-sistema-mesh-ax5400\/\",\"name\":\"Deco X60 3 Pack Wifi 6 Tp Link Sistema Mesh Ax5400 - ASTCAR TECH\",\"isPartOf\":{\"@id\":\"https:\/\/astcartech.com\/#website\"},\"primaryImageOfPage\":{\"@id\":\"https:\/\/astcartech.com\/product\/deco-x60-3-pack-wifi-6-tp-link-sistema-mesh-ax5400\/#primaryimage\"},\"image\":{\"@id\":\"https:\/\/astcartech.com\/product\/deco-x60-3-pack-wifi-6-tp-link-sistema-mesh-ax5400\/#primaryimage\"},\"thumbnailUrl\":\"https:\/\/astcartech.com\/wp-content\/uploads\/2025\/02\/114.webp\",\"datePublished\":\"2025-02-20T23:56:03+00:00\",\"dateModified\":\"2025-06-01T09:27:15+00:00\",\"description\":\"Deco X60 3 Pack Wifi 6 Tp Link Sistema Mesh Ax5400, Conexiones r\u00e1pidas: Wi-Fi 6 alcanza velocidades de 5400 Mbps (4804 Mbps en 5 GHz y 574 Mbps en 2,4 GHz)\",\"breadcrumb\":{\"@id\":\"https:\/\/astcartech.com\/product\/deco-x60-3-pack-wifi-6-tp-link-sistema-mesh-ax5400\/#breadcrumb\"},\"inLanguage\":\"en-US\",\"potentialAction\":[{\"@type\":\"ReadAction\",\"target\":[\"https:\/\/astcartech.com\/product\/deco-x60-3-pack-wifi-6-tp-link-sistema-mesh-ax5400\/\"]}]},{\"@type\":\"ImageObject\",\"inLanguage\":\"en-US\",\"@id\":\"https:\/\/astcartech.com\/product\/deco-x60-3-pack-wifi-6-tp-link-sistema-mesh-ax5400\/#primaryimage\",\"url\":\"https:\/\/astcartech.com\/wp-content\/uploads\/2025\/02\/114.webp\",\"contentUrl\":\"https:\/\/astcartech.com\/wp-content\/uploads\/2025\/02\/114.webp\",\"width\":1128,\"height\":1016},{\"@type\":\"BreadcrumbList\",\"@id\":\"https:\/\/astcartech.com\/product\/deco-x60-3-pack-wifi-6-tp-link-sistema-mesh-ax5400\/#breadcrumb\",\"itemListElement\":[{\"@type\":\"ListItem\",\"position\":1,\"name\":\"Portada\",\"item\":\"https:\/\/astcartech.com\/\"},{\"@type\":\"ListItem\",\"position\":2,\"name\":\"Tienda\",\"item\":\"https:\/\/astcartech.com\/tienda\/\"},{\"@type\":\"ListItem\",\"position\":3,\"name\":\"Deco X60 3 Pack Wifi 6 Tp Link Sistema Mesh Ax5400\"}]},{\"@type\":\"WebSite\",\"@id\":\"https:\/\/astcartech.com\/#website\",\"url\":\"https:\/\/astcartech.com\/\",\"name\":\"Astcar Tech\",\"description\":\"Suministros y Tecnologia\",\"publisher\":{\"@id\":\"https:\/\/astcartech.com\/#organization\"},\"alternateName\":\"astcar technology\",\"potentialAction\":[{\"@type\":\"SearchAction\",\"target\":{\"@type\":\"EntryPoint\",\"urlTemplate\":\"https:\/\/astcartech.com\/?s={search_term_string}\"},\"query-input\":{\"@type\":\"PropertyValueSpecification\",\"valueRequired\":true,\"valueName\":\"search_term_string\"}}],\"inLanguage\":\"en-US\"},{\"@type\":\"Organization\",\"@id\":\"https:\/\/astcartech.com\/#organization\",\"name\":\"Astcar Tech\",\"alternateName\":\"Astcar Tech\",\"url\":\"https:\/\/astcartech.com\/\",\"logo\":{\"@type\":\"ImageObject\",\"inLanguage\":\"en-US\",\"@id\":\"https:\/\/astcartech.com\/#\/schema\/logo\/image\/\",\"url\":\"https:\/\/astcartech.com\/wp-content\/uploads\/2024\/11\/logo-Astcar-Tech-new_Mesa-de-trabajo-1.png\",\"contentUrl\":\"https:\/\/astcartech.com\/wp-content\/uploads\/2024\/11\/logo-Astcar-Tech-new_Mesa-de-trabajo-1.png\",\"width\":5162,\"height\":2920,\"caption\":\"Astcar Tech\"},\"image\":{\"@id\":\"https:\/\/astcartech.com\/#\/schema\/logo\/image\/\"},\"sameAs\":[\"https:\/\/www.facebook.com\/AstCarTech\",\"https:\/\/www.instagram.com\/astcartech\",\"https:\/\/www.tiktok.com\/@astcartech\"],\"publishingPrinciples\":\"https:\/\/astcartech.com\/tienda\/\",\"ownershipFundingInfo\":\"https:\/\/astcartech.com\/nosotros\/\",\"actionableFeedbackPolicy\":\"https:\/\/astcartech.com\/politica-de-privacidad\/\",\"correctionsPolicy\":\"https:\/\/astcartech.com\/politica-de-privacidad\/\",\"ethicsPolicy\":\"https:\/\/astcartech.com\/politica-de-privacidad\/\",\"diversityPolicy\":\"https:\/\/astcartech.com\/politica-de-privacidad\/\",\"diversityStaffingReport\":\"https:\/\/astcartech.com\/politica-de-privacidad\/\"}]}<\/script>\n<!-- \/ Yoast SEO Premium plugin. -->","yoast_head_json":{"title":"Deco X60 3 Pack Wifi 6 Tp Link Sistema Mesh Ax5400 - ASTCAR TECH","description":"Deco X60 3 Pack Wifi 6 Tp Link Sistema Mesh Ax5400, Conexiones r\u00e1pidas: Wi-Fi 6 alcanza velocidades de 5400 Mbps (4804 Mbps en 5 GHz y 574 Mbps en 2,4 GHz)","robots":{"index":"index","follow":"follow","max-snippet":"max-snippet:-1","max-image-preview":"max-image-preview:large","max-video-preview":"max-video-preview:-1"},"canonical":"https:\/\/astcartech.com\/en\/product\/deco-x60-3-pack-wifi-6-tp-link-sistema-mesh-ax5400\/","og_locale":"en_US","og_type":"article","og_title":"Deco X60 3 Pack Wifi 6 Tp Link Sistema Mesh Ax5400","og_description":"Deco X60 3 Pack Wifi 6 Tp Link Sistema Mesh Ax5400, Conexiones r\u00e1pidas: Wi-Fi 6 alcanza velocidades de 5400 Mbps (4804 Mbps en 5 GHz y 574 Mbps en 2,4 GHz)","og_url":"https:\/\/astcartech.com\/en\/product\/deco-x60-3-pack-wifi-6-tp-link-sistema-mesh-ax5400\/","og_site_name":"ASTCAR TECH","article_publisher":"https:\/\/www.facebook.com\/AstCarTech","article_modified_time":"2025-06-01T09:27:15+00:00","og_image":[{"width":1128,"height":1016,"url":"https:\/\/astcartech.com\/wp-content\/uploads\/2025\/02\/114.webp","type":"image\/webp"}],"twitter_card":"summary_large_image","twitter_misc":{"Est. reading time":"1 minute"},"schema":{"@context":"https:\/\/schema.org","@graph":[{"@type":"WebPage","@id":"https:\/\/astcartech.com\/product\/deco-x60-3-pack-wifi-6-tp-link-sistema-mesh-ax5400\/","url":"https:\/\/astcartech.com\/product\/deco-x60-3-pack-wifi-6-tp-link-sistema-mesh-ax5400\/","name":"Deco X60 3 Pack Wifi 6 Tp Link Sistema Mesh Ax5400 - ASTCAR TECH","isPartOf":{"@id":"https:\/\/astcartech.com\/#website"},"primaryImageOfPage":{"@id":"https:\/\/astcartech.com\/product\/deco-x60-3-pack-wifi-6-tp-link-sistema-mesh-ax5400\/#primaryimage"},"image":{"@id":"https:\/\/astcartech.com\/product\/deco-x60-3-pack-wifi-6-tp-link-sistema-mesh-ax5400\/#primaryimage"},"thumbnailUrl":"https:\/\/astcartech.com\/wp-content\/uploads\/2025\/02\/114.webp","datePublished":"2025-02-20T23:56:03+00:00","dateModified":"2025-06-01T09:27:15+00:00","description":"Deco X60 3 Pack Wifi 6 Tp Link Sistema Mesh Ax5400, Conexiones r\u00e1pidas: Wi-Fi 6 alcanza velocidades de 5400 Mbps (4804 Mbps en 5 GHz y 574 Mbps en 2,4 GHz)","breadcrumb":{"@id":"https:\/\/astcartech.com\/product\/deco-x60-3-pack-wifi-6-tp-link-sistema-mesh-ax5400\/#breadcrumb"},"inLanguage":"en-US","potentialAction":[{"@type":"ReadAction","target":["https:\/\/astcartech.com\/product\/deco-x60-3-pack-wifi-6-tp-link-sistema-mesh-ax5400\/"]}]},{"@type":"ImageObject","inLanguage":"en-US","@id":"https:\/\/astcartech.com\/product\/deco-x60-3-pack-wifi-6-tp-link-sistema-mesh-ax5400\/#primaryimage","url":"https:\/\/astcartech.com\/wp-content\/uploads\/2025\/02\/114.webp","contentUrl":"https:\/\/astcartech.com\/wp-content\/uploads\/2025\/02\/114.webp","width":1128,"height":1016},{"@type":"BreadcrumbList","@id":"https:\/\/astcartech.com\/product\/deco-x60-3-pack-wifi-6-tp-link-sistema-mesh-ax5400\/#breadcrumb","itemListElement":[{"@type":"ListItem","position":1,"name":"Portada","item":"https:\/\/astcartech.com\/"},{"@type":"ListItem","position":2,"name":"Tienda","item":"https:\/\/astcartech.com\/tienda\/"},{"@type":"ListItem","position":3,"name":"Deco X60 3 Pack Wifi 6 Tp Link Sistema Mesh Ax5400"}]},{"@type":"WebSite","@id":"https:\/\/astcartech.com\/#website","url":"https:\/\/astcartech.com\/","name":"Astcar Tech","description":"Suministros y Tecnologia","publisher":{"@id":"https:\/\/astcartech.com\/#organization"},"alternateName":"astcar technology","potentialAction":[{"@type":"SearchAction","target":{"@type":"EntryPoint","urlTemplate":"https:\/\/astcartech.com\/?s={search_term_string}"},"query-input":{"@type":"PropertyValueSpecification","valueRequired":true,"valueName":"search_term_string"}}],"inLanguage":"en-US"},{"@type":"Organization","@id":"https:\/\/astcartech.com\/#organization","name":"Astcar Tech","alternateName":"Astcar Tech","url":"https:\/\/astcartech.com\/","logo":{"@type":"ImageObject","inLanguage":"en-US","@id":"https:\/\/astcartech.com\/#\/schema\/logo\/image\/","url":"https:\/\/astcartech.com\/wp-content\/uploads\/2024\/11\/logo-Astcar-Tech-new_Mesa-de-trabajo-1.png","contentUrl":"https:\/\/astcartech.com\/wp-content\/uploads\/2024\/11\/logo-Astcar-Tech-new_Mesa-de-trabajo-1.png","width":5162,"height":2920,"caption":"Astcar Tech"},"image":{"@id":"https:\/\/astcartech.com\/#\/schema\/logo\/image\/"},"sameAs":["https:\/\/www.facebook.com\/AstCarTech","https:\/\/www.instagram.com\/astcartech","https:\/\/www.tiktok.com\/@astcartech"],"publishingPrinciples":"https:\/\/astcartech.com\/tienda\/","ownershipFundingInfo":"https:\/\/astcartech.com\/nosotros\/","actionableFeedbackPolicy":"https:\/\/astcartech.com\/politica-de-privacidad\/","correctionsPolicy":"https:\/\/astcartech.com\/politica-de-privacidad\/","ethicsPolicy":"https:\/\/astcartech.com\/politica-de-privacidad\/","diversityPolicy":"https:\/\/astcartech.com\/politica-de-privacidad\/","diversityStaffingReport":"https:\/\/astcartech.com\/politica-de-privacidad\/"}]}},"_links":{"self":[{"href":"https:\/\/astcartech.com\/en\/wp-json\/wp\/v2\/product\/5164","targetHints":{"allow":["GET"]}}],"collection":[{"href":"https:\/\/astcartech.com\/en\/wp-json\/wp\/v2\/product"}],"about":[{"href":"https:\/\/astcartech.com\/en\/wp-json\/wp\/v2\/types\/product"}],"replies":[{"embeddable":true,"href":"https:\/\/astcartech.com\/en\/wp-json\/wp\/v2\/comments?post=5164"}],"wp:featuredmedia":[{"embeddable":true,"href":"https:\/\/astcartech.com\/en\/wp-json\/wp\/v2\/media\/5165"}],"wp:attachment":[{"href":"https:\/\/astcartech.com\/en\/wp-json\/wp\/v2\/media?parent=5164"}],"wp:term":[{"taxonomy":"product_cat","embeddable":true,"href":"https:\/\/astcartech.com\/en\/wp-json\/wp\/v2\/product_cat?post=5164"},{"taxonomy":"product_tag","embeddable":true,"href":"https:\/\/astcartech.com\/en\/wp-json\/wp\/v2\/product_tag?post=5164"}],"curies":[{"name":"wp","href":"https:\/\/api.w.org\/{rel}","templated":true}]}}